{"id":5971,"date":"1970-01-01T00:00:00","date_gmt":"1970-01-01T00:00:00","guid":{"rendered":"https:\/\/elfsight.com\/it\/?page_id=5971"},"modified":"2024-11-12T13:24:40","modified_gmt":"2024-11-12T13:24:40","slug":"wordpress","status":"publish","type":"page","link":"https:\/\/elfsight.com\/it\/social-media-share-buttons\/wordpress\/","title":{"rendered":"Social Share Buttons &#8211; WordPress"},"content":{"rendered":"\n<div class=\"application-platform-content-item-description application-platform-content-item\" id=\"description\" data-nav-section=\"description\"><h2>Incorpora pulsanti di condivisione social su WordPress con il widget Elfsight<\/h2><p>Un plugin intuitivo adatto a qualsiasi sito web, che aiuter\u00e0 il tuo gli utenti condividono i contenuti del tuo sito web nei social network. Aumenta la popolarit\u00e0 del tuo brand su Google+, Facebook, LinkedIn e altre risorse, conquista pi\u00f9 follower e attira l&#8217;attenzione sul tuo sito.<\/p><p><b>Attira pi\u00f9 visualizzazioni e lettori dai social network!<\/b><\/p><ul><li><b>Ampia diffusione di pubblicazioni e prodotti nei social media<\/b>.<br>Utilizzando un&#8217;interfaccia chiara e potenti funzioni, con un solo clic i tuoi contenuti saranno attivamente diffusi in tutti social media senza troppi sforzi.<\/li><li><b>Promuovi contenuti interessanti e fai crescere il tuo pubblico<\/b>.<br>Offri ai tuoi lettori l&#8217;opportunit\u00e0 di diffondere i contenuti che preferiscono in modo facile e veloce. Raggiungi un nuovo pubblico.<\/li><li><b>Aumenta il numero di visite al tuo sito web<\/b>.<br>Porta nuovi lettori al tuo sito web tramite la posizione attiva nei social network e sperimenta un aumento del tasso di clic .<\/li><li><b>Uno strumento veloce per portare nuovi iscritti nei social network<\/b>.<br>Crea contenuti popolari e offri ai tuoi lettori l&#8217;opportunit\u00e0 di promuoverli sulle loro pagine dei social network.<\/li><\/ul><\/div><div class=\"faq\" data-component=\"FAQ\"><div class=\"faq-item\">\r\n\t\t\t\t\t<div class=\"faq-item-question\">\r\n\t\t\t\t\t\t<h3 class=\"faq-item-question-text\">In che modo incorporo i pulsanti di condivisione nel sito Web WordPress?<\/h3>\r\n\r\n\t\t\t\t\t\t<div class=\"faq-item-question-icon\"><\/div>\r\n\t\t\t\t\t<\/div>\r\n\r\n\t\t\t\t\t<div class=\"faq-item-answer\">\r\n\t\t\t\t\t\t<div class=\"faq-item-answer-text\"><p>La realizzazione del widget viene eseguito sulle pagine Elfsight e non \u00e8 necessario scrivere codice. Applica la nostra demo online per personalizzare il tuo strumento, acquisire il codice e incorporarlo nel tuo sito. <\/p><\/div>\r\n\t\t\t\t\t<\/div>\r\n\t\t\t\t<\/div><div class=\"faq-item\">\r\n\t\t\t\t\t<div class=\"faq-item-question\">\r\n\t\t\t\t\t\t<h3 class=\"faq-item-question-text\">Come posso ottenere la Social Grid o l'elenco di condivisione con l'aiuto dei plugin Elfsight?<\/h3>\r\n\r\n\t\t\t\t\t\t<div class=\"faq-item-question-icon\"><\/div>\r\n\t\t\t\t\t<\/div>\r\n\r\n\t\t\t\t\t<div class=\"faq-item-answer\">\r\n\t\t\t\t\t\t<div class=\"faq-item-answer-text\"><p>\u00c8 disponibile una variet\u00e0 di modelli: galleria, elenco, griglia, muratura, alimentazione e molti altri, oltre a regolazioni malleabili del layout per armonizzarsi con le tue precondizioni. Sei libero di formare quasi tutto ci\u00f2 che ti manca. <\/p><\/div>\r\n\t\t\t\t\t<\/div>\r\n\t\t\t\t<\/div><div class=\"faq-item\">\r\n\t\t\t\t\t<div class=\"faq-item-question\">\r\n\t\t\t\t\t\t<h3 class=\"faq-item-question-text\">Il widget dei pulsanti di condivisione non funziona\/non si aggiorna<\/h3>\r\n\r\n\t\t\t\t\t\t<div class=\"faq-item-question-icon\"><\/div>\r\n\t\t\t\t\t<\/div>\r\n\r\n\t\t\t\t\t<div class=\"faq-item-answer\">\r\n\t\t\t\t\t\t<div class=\"faq-item-answer-text\"><p>In caso di difficolt\u00e0 con i widget di condivisione social, contattare il personale di supporto al cliente. Il supporto \u00e8 assolutamente gratuito per tutta la clientela Elfsight. <\/p><\/div>\r\n\t\t\t\t\t<\/div>\r\n\t\t\t\t<\/div><\/div><div class=\"application-platform-content-item-features application-platform-content-item\" id=\"features\" data-nav-section=\"features\"><h2>Caratteristiche principali del widget Pulsanti di condivisione social<\/h2><p>Cosa rende i pulsanti di social media Elfsight i migliori tra tutti i pulsanti di condivisione WordPress plugin? Controlla i nostri vantaggi di base:<\/p><ul><li>Duplica e riordina i pulsanti nel modo che preferisci;<\/li><li>2 layout: In linea e Mobile;<\/li><li>Imposta la larghezza del pulsante; <\/li><li>Trasparenza regolabile dei pulsanti;<\/li><li>Servizio di installazione gratuito.<\/li><\/ul><p><a href=\"#demo\">Pi\u00f9 funzionalit\u00e0 in una demo gratuita<\/a><\/p><\/div><div class=\"application-platform-content-item-installation application-platform-content-item\" id=\"installation\" data-nav-section=\"installation\"><h2>Come aggiungere pulsanti di condivisione social a WordPress<\/h2><div class=\"video-container\"><iframe width=\"720\" height=\"405\" src=\"https:\/\/www.youtube.com\/embed\/Hcu9pefX6Ao\" frameborder=\"0\" allowfullscreen=\"\"><\/iframe><\/div><p>Basta un paio di passaggi descritto di seguito per iniziare a utilizzare lo strumento su WordPress.<\/p> <ol><li><b>Lancia la nostra demo gratuita e inizia a creare il tuo widget unico. <\/b><br> Scegli il design e le caratteristiche preferite dello strumento e salva le correzioni. <\/li> <li><b>Acquisisci il tuo codice personale che appare nella finestra sulle App Elfsight. <\/b><br> Non appena la configurazione del tuo plug-in Social Share Buttons \u00e8 terminata, copia il codice individuale nella finestra visualizzata e conservalo per un uso successivo. <\/li> <li><b>Avvia l&#8217;applicazione dello strumento sul tuo sito web WordPress. <\/b><br> Inserisci il codice salvato in precedenza nel tuo sito web e applica i miglioramenti. <\/li> <li><b>L&#8217;installazione \u00e8 stata eseguita con successo. <\/b><br> Vai alla tua pagina per osservare il lavoro dello strumento. <\/li><\/ol> <p>Hai bisogno di supporto per aggiungere o impostare il tuo plug-in di condivisione social? Il team Elfsight sar\u00e0 felice di aiutare e proporre una soluzione! Puoi anche affrontare il problema da solo con le nostre istruzioni complete \u00ab<a href=\"https:\/\/elfsight.com\/tutorials\/how-to-add-social-share-buttons-to-wordpress-website\/\" target=\"_blank \" rel=\"noopener noreferrer\">Come installare i pulsanti dei social media sul sito WordPress<\/a>\u00bb.<\/p><\/div>\n","protected":false},"excerpt":{"rendered":"","protected":false},"author":9,"featured_media":0,"parent":1478,"menu_order":0,"comment_status":"closed","ping_status":"closed","template":"templates\/template-application-platform.php","meta":{"publish_to_discourse":"","publish_post_category":"","wpdc_auto_publish_overridden":"","wpdc_topic_tags":"","wpdc_pin_topic":"","wpdc_pin_until":"","discourse_post_id":"","discourse_permalink":"","wpdc_publishing_response":"","wpdc_publishing_error":"","footnotes":""},"class_list":["post-5971","page","type-page","status-publish","hentry"],"yoast_head":"<!-- This site is optimized with the Yoast SEO plugin v25.3.1 - https:\/\/yoast.com\/wordpress\/plugins\/seo\/ -->\n<title>Pulsanti social: il miglior plug-in di condivisione WordPress (2025) - Elfsight<\/title>\n<meta name=\"description\" content=\"Configura il plug-in dei pulsanti di condivisione dei social media sul tuo sito Web WordPress. Creazione rapida e semplice di qualsiasi plug-in di siti Web da parte di Elfsight.\" \/>\n<meta name=\"robots\" content=\"index, follow, max-snippet:-1, max-image-preview:large, max-video-preview:-1\" \/>\n<link rel=\"canonical\" href=\"https:\/\/elfsight.com\/it\/social-media-share-buttons\/wordpress\/\" \/>\n<meta property=\"og:locale\" content=\"it_IT\" \/>\n<meta property=\"og:type\" content=\"article\" \/>\n<meta property=\"og:title\" content=\"Pulsanti social: il miglior plug-in di condivisione WordPress (2025) - Elfsight\" \/>\n<meta property=\"og:description\" content=\"Configura il plug-in dei pulsanti di condivisione dei social media sul tuo sito Web WordPress. Creazione rapida e semplice di qualsiasi plug-in di siti Web da parte di Elfsight.\" \/>\n<meta property=\"og:url\" content=\"https:\/\/elfsight.com\/it\/social-media-share-buttons\/wordpress\/\" \/>\n<meta property=\"og:site_name\" content=\"Elfsight IT\" \/>\n<meta property=\"article:modified_time\" content=\"2024-11-12T13:24:40+00:00\" \/>\n<meta name=\"twitter:card\" content=\"summary_large_image\" \/>\n<meta name=\"twitter:label1\" content=\"Tempo di lettura stimato\" \/>\n\t<meta name=\"twitter:data1\" content=\"4 minuti\" \/>\n<!-- \/ Yoast SEO plugin. -->","yoast_head_json":{"title":"Pulsanti social: il miglior plug-in di condivisione WordPress (2025) - Elfsight","description":"Configura il plug-in dei pulsanti di condivisione dei social media sul tuo sito Web WordPress. Creazione rapida e semplice di qualsiasi plug-in di siti Web da parte di Elfsight.","robots":{"index":"index","follow":"follow","max-snippet":"max-snippet:-1","max-image-preview":"max-image-preview:large","max-video-preview":"max-video-preview:-1"},"canonical":"https:\/\/elfsight.com\/it\/social-media-share-buttons\/wordpress\/","og_locale":"it_IT","og_type":"article","og_title":"Pulsanti social: il miglior plug-in di condivisione WordPress (2025) - Elfsight","og_description":"Configura il plug-in dei pulsanti di condivisione dei social media sul tuo sito Web WordPress. Creazione rapida e semplice di qualsiasi plug-in di siti Web da parte di Elfsight.","og_url":"https:\/\/elfsight.com\/it\/social-media-share-buttons\/wordpress\/","og_site_name":"Elfsight IT","article_modified_time":"2024-11-12T13:24:40+00:00","twitter_card":"summary_large_image","twitter_misc":{"Tempo di lettura stimato":"4 minuti"},"schema":{"@context":"https:\/\/schema.org","@graph":[{"@type":"WebPage","@id":"https:\/\/elfsight.com\/it\/social-media-share-buttons\/wordpress\/","url":"https:\/\/elfsight.com\/it\/social-media-share-buttons\/wordpress\/","name":"Pulsanti social: il miglior plug-in di condivisione WordPress (2025) - Elfsight","isPartOf":{"@id":"https:\/\/elfsight.com\/it\/#website"},"datePublished":"1970-01-01T00:00:00+00:00","dateModified":"2024-11-12T13:24:40+00:00","description":"Configura il plug-in dei pulsanti di condivisione dei social media sul tuo sito Web WordPress. Creazione rapida e semplice di qualsiasi plug-in di siti Web da parte di Elfsight.","breadcrumb":{"@id":"https:\/\/elfsight.com\/it\/social-media-share-buttons\/wordpress\/#breadcrumb"},"inLanguage":"it-IT","potentialAction":[{"@type":"ReadAction","target":["https:\/\/elfsight.com\/it\/social-media-share-buttons\/wordpress\/"]}]},{"@type":"BreadcrumbList","@id":"https:\/\/elfsight.com\/it\/social-media-share-buttons\/wordpress\/#breadcrumb","itemListElement":[{"@type":"ListItem","position":1,"name":"Home","item":"https:\/\/elfsight.com\/it\/"},{"@type":"ListItem","position":2,"name":"Social Share Buttons","item":"https:\/\/elfsight.com\/it\/social-media-share-buttons\/"},{"@type":"ListItem","position":3,"name":"Social Share Buttons &#8211; WordPress"}]},{"@type":"WebSite","@id":"https:\/\/elfsight.com\/it\/#website","url":"https:\/\/elfsight.com\/it\/","name":"Elfsight IT","description":"Just another Elfsight Sites site","potentialAction":[{"@type":"SearchAction","target":{"@type":"EntryPoint","urlTemplate":"https:\/\/elfsight.com\/it\/?s={search_term_string}"},"query-input":{"@type":"PropertyValueSpecification","valueRequired":true,"valueName":"search_term_string"}}],"inLanguage":"it-IT"}]}},"meta_box":{"industry":"","seo_heading":"","heading":"","description":"","cta_heading":"","cta_description":"","application":"2488","h1":"Plug-in per i pulsanti di condivisione di WordPress","h1_caption":"Aggiungi pulsanti di condivisione sui social media al tuo sito web, consentendo ai visitatori di condividere facilmente i tuoi contenuti su pi\u00f9 piattaforme nel tuo sito web WooCommerce.","application_category":[],"applications_title":"","applications_request_title":"","applications_request_button_text":"","hero_text":"","hero_video":"","hero_video_schema_markup":"","selling_points_title":"","selling_points_caption":"","selling_points":[],"selling_points_cta_text":"","features_title":"","features":"","ed_cta_examples_text":"","ed_cta_examples_hidden":"","ed_cta_demo_text":"","ed_cta_demo_hidden":"","why_caption":"","why_editor_title":"","why_editor_text":"","why_team_title":"","why_team_text":"","why_service_title":"","why_service_text":"","template_catalog_visible":"0","template_catalog_title":"","template_catalog_text":"","template_catalog_categories_visible":"","demo_title":"Crea il tuo plugin per i pulsanti di condivisione social","demo_caption":"Configura i tuoi pulsanti di condivisione social e aggiungili gratuitamente al tuo sito WordPress!","default_faq_hidden":"","app_template_category":[],"platform":"28","template_public_id":"","codecanyon_url":"","codecanyon_item_id":"","codecanyon_price":"","pricing_caption":"","pricing_elfsight_apps_hide_column":"","pricing_elfsight_apps_url":"","pricing_codecanyon_price_caption":"","integration_category":[],"integration_request_title":"","integration_request_cta":"","integration_platform":"","integrations":[],"platform_category":[],"video_schema_markup":"","price":"da $ 0 \/ mese","trial":"","benefits":[{"text":"Aiuto per l'installazione gratuito"},{"text":"Assistenza clienti con esperienza"},{"text":"Garanzia di rimborso di 14 giorni"},{"text":"Aggiornamenti continui"}],"button_url":"#demo","button_target_blank":"0","button_nofollow":"0","attributes":[{"name":"Installazioni"},{"name":"Reattivo","content":"S\u00cc"},{"name":"Browser compatibili","content":"Firefox, Safari, Opera, Chrome, Edge"}],"tags":[],"tags_disable_links":"0","hide_more_platforms":"","video_object":"","demo_hide_cta":"0","demo_hide_cloud_options":"0","pricing_title":"","pricing":[{"pricing_icon":"cloud","pricing_title":"Elfsight Apps","pricing_title_caption":"Versione multipiattaforma che funziona su qualsiasi sito","pricing_price":"da $ 0 \/ mese","pricing_price_caption":"inizia con un piano gratuito","pricing_benefits":[{"text":"Siti web illimitati"},{"text":"Supporto gratuito, puntuale e ben documentato"},{"text":"Servizio di installazione gratuito"},{"text":"Offerta speciale per pi\u00f9 app"}],"pricing_button_text":"Aggiungi al sito web","pricing_button_url":"#demo"}],"related_apps_title":"","related_apps_hidden":"0","author":"","image":[],"title":"","job":"","social_networks":[]},"_links":{"self":[{"href":"https:\/\/elfsight.com\/it\/wp-json\/wp\/v2\/pages\/5971","targetHints":{"allow":["GET"]}}],"collection":[{"href":"https:\/\/elfsight.com\/it\/wp-json\/wp\/v2\/pages"}],"about":[{"href":"https:\/\/elfsight.com\/it\/wp-json\/wp\/v2\/types\/page"}],"author":[{"embeddable":true,"href":"https:\/\/elfsight.com\/it\/wp-json\/wp\/v2\/users\/9"}],"replies":[{"embeddable":true,"href":"https:\/\/elfsight.com\/it\/wp-json\/wp\/v2\/comments?post=5971"}],"version-history":[{"count":3,"href":"https:\/\/elfsight.com\/it\/wp-json\/wp\/v2\/pages\/5971\/revisions"}],"predecessor-version":[{"id":7866,"href":"https:\/\/elfsight.com\/it\/wp-json\/wp\/v2\/pages\/5971\/revisions\/7866"}],"up":[{"embeddable":true,"href":"https:\/\/elfsight.com\/it\/wp-json\/wp\/v2\/pages\/1478"}],"wp:attachment":[{"href":"https:\/\/elfsight.com\/it\/wp-json\/wp\/v2\/media?parent=5971"}],"curies":[{"name":"wp","href":"https:\/\/api.w.org\/{rel}","templated":true}]}}