{"id":5957,"date":"1970-01-01T00:00:00","date_gmt":"1970-01-01T00:00:00","guid":{"rendered":"https:\/\/elfsight.com\/it\/?page_id=5957"},"modified":"2025-03-18T08:22:12","modified_gmt":"2025-03-18T08:22:12","slug":"drupal","status":"publish","type":"page","link":"https:\/\/elfsight.com\/it\/social-media-share-buttons\/drupal\/","title":{"rendered":"Social Share Buttons &#8211; Drupal"},"content":{"rendered":"\n<div class=\"application-platform-content-item-description application-platform-content-item\" id=\"description\" data-nav-section=\"description\"><h2>Descrizione<\/h2><p>Un modulo di condivisione semplice per qualsiasi sito, che consente ai tuoi utenti di diffondere contenuti, articoli in vari social network. Sviluppa la presenza della tua azienda sui social network e ottieni ancora pi\u00f9 abbonati e lettori con l&#8217;aiuto di contenuti personalizzati sul sito personale.<\/p><p><b>Conquista pi\u00f9 traffico e follower dai social network!<\/b><\/p><ul><li><b>Massima diffusione di pubblicazioni e articoli nei social media<\/b>.<br>Grazie al design chiaro e alle numerose funzioni, con un solo clic i tuoi contenuti otterranno una condivisione attiva su tutti i social media senza troppi sforzi.<\/li><li><b>Promuovi i tuoi post per un pubblico pi\u00f9 vasto<\/b>.<br>Offri ai tuoi lettori la possibilit\u00e0 di distribuire contenuti di alta qualit\u00e0 con facilit\u00e0 e di raggiungere immediatamente un pubblico pi\u00f9 vasto. pubblico.<\/li><li><b>Migliora il numero di visualizzazioni sul tuo sito<\/b>.<br>Attira nuovi lettori sul tuo sito web con una presenza attiva nei social network e vedrai un aumento del numero di visite.<\/li><li><b>Aumentare il numero di iscritti ai social media<\/b>.<br>Pubblicare post allettanti? Lascia che i tuoi visitatori li diffondano tra loro, inserendo in pochissimo tempo post per i loro iscritti.<\/li><\/ul><\/div><div class=\"faq\" data-component=\"FAQ\"><div class=\"faq-item\">\r\n\t\t\t\t\t<div class=\"faq-item-question\">\r\n\t\t\t\t\t\t<h3 class=\"faq-item-question-text\">Come posso incorporare pulsanti di condivisione social nel sito Web Drupal?<\/h3>\r\n\r\n\t\t\t\t\t\t<div class=\"faq-item-question-icon\"><\/div>\r\n\t\t\t\t\t<\/div>\r\n\r\n\t\t\t\t\t<div class=\"faq-item-answer\">\r\n\t\t\t\t\t\t<div class=\"faq-item-answer-text\"><p>La costruzione del widget avviene all&#8217;interno del sito Web Elfsight e non \u00e8 necessaria la codifica. Applica la demo online per dare forma al tuo widget personale, ottieni il codice e incollalo nel tuo sito. <\/p><\/div>\r\n\t\t\t\t\t<\/div>\r\n\t\t\t\t<\/div><div class=\"faq-item\">\r\n\t\t\t\t\t<div class=\"faq-item-question\">\r\n\t\t\t\t\t\t<h3 class=\"faq-item-question-text\">Posso ottenere pulsanti di condivisione mobili o piccoli con l'aiuto dei moduli Elfsight?<\/h3>\r\n\r\n\t\t\t\t\t\t<div class=\"faq-item-question-icon\"><\/div>\r\n\t\t\t\t\t<\/div>\r\n\r\n\t\t\t\t\t<div class=\"faq-item-answer\">\r\n\t\t\t\t\t\t<div class=\"faq-item-answer-text\"><p>Sono applicabili numerosi modelli: galleria, elenco, feed , griglia, muratura e molti altri, per non parlare delle opzioni di layout flessibili per adattarsi alle tue condizioni. Sei libero di creare quasi tutti i widget di cui hai bisogno. <\/p><\/div>\r\n\t\t\t\t\t<\/div>\r\n\t\t\t\t<\/div><div class=\"faq-item\">\r\n\t\t\t\t\t<div class=\"faq-item-question\">\r\n\t\t\t\t\t\t<h3 class=\"faq-item-question-text\">Il modulo dei pulsanti di condivisione social non funziona\/non si aggiorna<\/h3>\r\n\r\n\t\t\t\t\t\t<div class=\"faq-item-question-icon\"><\/div>\r\n\t\t\t\t\t<\/div>\r\n\r\n\t\t\t\t\t<div class=\"faq-item-answer\">\r\n\t\t\t\t\t\t<div class=\"faq-item-answer-text\"><p>Se riscontri problemi con i widget di condivisione social, rivolgiti al team di supporto al cliente. Il supporto \u00e8 assolutamente gratuito per tutta la clientela Elfsight. <\/p><\/div>\r\n\t\t\t\t\t<\/div>\r\n\t\t\t\t<\/div><\/div><div class=\"application-platform-content-item-features application-platform-content-item\" id=\"features\" data-nav-section=\"features\"><h2>Funzionalit\u00e0<\/h2><p>Perch\u00e9 i nostri pulsanti sono i migliori tra i moduli di condivisione Drupal? Esplora i nostri punti chiave:<\/p><ul><li>oltre 40 social network incorporati;<\/li><li>imposta un numero qualsiasi di colonne per organizzare i pulsanti;<\/li><li>imposta gli elementi dei pulsanti in modo che siano mostrato;<\/li><li>5 tipi di animazione disponibili;<\/li><li>Ottimizzata per dispositivi mobili con icona espandibile.<\/li><\/ul><p><a href=\"#demo\">L&#8217;elenco completo di funzionalit\u00e0 in un editor gratuito<\/a><\/p><\/div><div class=\"application-platform-content-item-installation application-platform-content-item\" id=\"installation\" data-nav-section=\"installation\"><h2>Come aggiungere pulsanti di condivisione a Drupal<\/h2><div class=\"video-container\"><iframe width=\"560\" height=\"315\" src=\"https:\/\/www.youtube.com\/embed\/owa8JT183yE?si=7decmBy2NS7Yhazu\" frameborder=\"0\" allow=\"accelerometer; autoplay; clipboard-write; encrypted-media; gyroscope; picture-in-picture; web-share\" allowfullscreen><\/iframe><\/div><p> Segui semplicemente le istruzioni seguenti per attivare il widget su Drupal.<\/p> <ol><li><b>Lancia il nostro configuratore gratuito e inizia a creare il tuo esclusivo modulo Pulsanti di condivisione social. <\/b><br> Scegli il design e gli aspetti adatti dello strumento e applica le modifiche. <\/li> <li><b>Ottieni il tuo codice individuale che appare nella finestra delle app Elfsight. <\/b><br> Non appena terminata la generazione del tuo modulo, copia il codice individuale nella casella visualizzata e conservalo per occasioni future. <\/li> <li><b>Avviare l&#8217;utilizzo dello strumento sul sito Web Drupal. <\/b><br> Integra il codice salvato di recente nel tuo sito web e applica le modifiche. <\/li> <li><b>La configurazione \u00e8 completamente completata. <\/b><br> Visita il tuo sito per dare un&#8217;occhiata a come funziona il plug-in. <\/li><\/ol><p>Hai bisogno di consigli sulla configurazione o sulla creazione del modulo? Il team di supporto Elfsight sar\u00e0 qui per aiutare e proporre una soluzione! Puoi anche gestire la richiesta da solo con il nostro piano dettagliato \u00ab<a href=\"https:\/\/elfsight.com\/tutorials\/how-to-add-social-share-buttons-to-drupal\/\">Come fare posiziona i pulsanti di condivisione sul sito Drupal<\/a>\u00bb.<\/p><\/div>\n","protected":false},"excerpt":{"rendered":"","protected":false},"author":9,"featured_media":0,"parent":1478,"menu_order":0,"comment_status":"closed","ping_status":"closed","template":"templates\/template-application-platform.php","meta":{"publish_to_discourse":"","publish_post_category":"","wpdc_auto_publish_overridden":"","wpdc_topic_tags":"","wpdc_pin_topic":"","wpdc_pin_until":"","discourse_post_id":"","discourse_permalink":"","wpdc_publishing_response":"","wpdc_publishing_error":"","footnotes":""},"class_list":["post-5957","page","type-page","status-publish","hentry"],"yoast_head":"<!-- This site is optimized with the Yoast SEO plugin v25.3.1 - https:\/\/yoast.com\/wordpress\/plugins\/seo\/ -->\n<title>Pulsanti di condivisione social: aggiungi pulsanti di condivisione al sito Web Drupal<\/title>\n<meta name=\"description\" content=\"Configura i pulsanti di condivisione social sul tuo sito Drupal in pochi minuti. Goditi l&#039;impostazione immediata e semplice dei diversi moduli del sito Web da parte di Elfsight.\" \/>\n<meta name=\"robots\" content=\"index, follow, max-snippet:-1, max-image-preview:large, max-video-preview:-1\" \/>\n<link rel=\"canonical\" href=\"https:\/\/elfsight.com\/it\/social-media-share-buttons\/drupal\/\" \/>\n<meta property=\"og:locale\" content=\"it_IT\" \/>\n<meta property=\"og:type\" content=\"article\" \/>\n<meta property=\"og:title\" content=\"Pulsanti di condivisione social: aggiungi pulsanti di condivisione al sito Web Drupal\" \/>\n<meta property=\"og:description\" content=\"Configura i pulsanti di condivisione social sul tuo sito Drupal in pochi minuti. Goditi l&#039;impostazione immediata e semplice dei diversi moduli del sito Web da parte di Elfsight.\" \/>\n<meta property=\"og:url\" content=\"https:\/\/elfsight.com\/it\/social-media-share-buttons\/drupal\/\" \/>\n<meta property=\"og:site_name\" content=\"Elfsight IT\" \/>\n<meta property=\"article:modified_time\" content=\"2025-03-18T08:22:12+00:00\" \/>\n<meta name=\"twitter:card\" content=\"summary_large_image\" \/>\n<meta name=\"twitter:label1\" content=\"Tempo di lettura stimato\" \/>\n\t<meta name=\"twitter:data1\" content=\"3 minuti\" \/>\n<!-- \/ Yoast SEO plugin. -->","yoast_head_json":{"title":"Pulsanti di condivisione social: aggiungi pulsanti di condivisione al sito Web Drupal","description":"Configura i pulsanti di condivisione social sul tuo sito Drupal in pochi minuti. Goditi l'impostazione immediata e semplice dei diversi moduli del sito Web da parte di Elfsight.","robots":{"index":"index","follow":"follow","max-snippet":"max-snippet:-1","max-image-preview":"max-image-preview:large","max-video-preview":"max-video-preview:-1"},"canonical":"https:\/\/elfsight.com\/it\/social-media-share-buttons\/drupal\/","og_locale":"it_IT","og_type":"article","og_title":"Pulsanti di condivisione social: aggiungi pulsanti di condivisione al sito Web Drupal","og_description":"Configura i pulsanti di condivisione social sul tuo sito Drupal in pochi minuti. Goditi l'impostazione immediata e semplice dei diversi moduli del sito Web da parte di Elfsight.","og_url":"https:\/\/elfsight.com\/it\/social-media-share-buttons\/drupal\/","og_site_name":"Elfsight IT","article_modified_time":"2025-03-18T08:22:12+00:00","twitter_card":"summary_large_image","twitter_misc":{"Tempo di lettura stimato":"3 minuti"},"schema":{"@context":"https:\/\/schema.org","@graph":[{"@type":"WebPage","@id":"https:\/\/elfsight.com\/it\/social-media-share-buttons\/drupal\/","url":"https:\/\/elfsight.com\/it\/social-media-share-buttons\/drupal\/","name":"Pulsanti di condivisione social: aggiungi pulsanti di condivisione al sito Web Drupal","isPartOf":{"@id":"https:\/\/elfsight.com\/it\/#website"},"datePublished":"1970-01-01T00:00:00+00:00","dateModified":"2025-03-18T08:22:12+00:00","description":"Configura i pulsanti di condivisione social sul tuo sito Drupal in pochi minuti. Goditi l'impostazione immediata e semplice dei diversi moduli del sito Web da parte di Elfsight.","breadcrumb":{"@id":"https:\/\/elfsight.com\/it\/social-media-share-buttons\/drupal\/#breadcrumb"},"inLanguage":"it-IT","potentialAction":[{"@type":"ReadAction","target":["https:\/\/elfsight.com\/it\/social-media-share-buttons\/drupal\/"]}]},{"@type":"BreadcrumbList","@id":"https:\/\/elfsight.com\/it\/social-media-share-buttons\/drupal\/#breadcrumb","itemListElement":[{"@type":"ListItem","position":1,"name":"Home","item":"https:\/\/elfsight.com\/it\/"},{"@type":"ListItem","position":2,"name":"Social Share Buttons","item":"https:\/\/elfsight.com\/it\/social-media-share-buttons\/"},{"@type":"ListItem","position":3,"name":"Social Share Buttons &#8211; Drupal"}]},{"@type":"WebSite","@id":"https:\/\/elfsight.com\/it\/#website","url":"https:\/\/elfsight.com\/it\/","name":"Elfsight IT","description":"Just another Elfsight Sites site","potentialAction":[{"@type":"SearchAction","target":{"@type":"EntryPoint","urlTemplate":"https:\/\/elfsight.com\/it\/?s={search_term_string}"},"query-input":{"@type":"PropertyValueSpecification","valueRequired":true,"valueName":"search_term_string"}}],"inLanguage":"it-IT"}]}},"meta_box":{"industry":"","seo_heading":"","heading":"","description":"","cta_heading":"","cta_description":"","application":"2488","h1":"Pulsanti di condivisione sociale per Drupal","h1_caption":"Aggiungi pulsanti di condivisione sui social media al tuo sito web, consentendo ai visitatori di condividere facilmente i tuoi contenuti su pi\u00f9 piattaforme nel tuo sito web Blogger.","application_category":[],"applications_title":"","applications_request_title":"","applications_request_button_text":"","hero_text":"","hero_video":"","hero_video_schema_markup":"","selling_points_title":"","selling_points_caption":"","selling_points":[],"selling_points_cta_text":"","features_title":"","features":"","ed_cta_examples_text":"","ed_cta_examples_hidden":"","ed_cta_demo_text":"","ed_cta_demo_hidden":"","why_caption":"","why_editor_title":"","why_editor_text":"","why_team_title":"","why_team_text":"","why_service_title":"","why_service_text":"","template_catalog_visible":"0","template_catalog_title":"","template_catalog_text":"","template_catalog_categories_visible":"","demo_title":"Crea il tuo modulo Pulsanti di condivisione social","demo_caption":"Configura i tuoi pulsanti di condivisione social e aggiungili gratuitamente al tuo sito Drupal!","default_faq_hidden":"","app_template_category":[],"platform":"34","template_public_id":"","codecanyon_url":"","codecanyon_item_id":"","codecanyon_price":"","pricing_caption":"","pricing_elfsight_apps_hide_column":"","pricing_elfsight_apps_url":"","pricing_codecanyon_price_caption":"","integration_category":[],"integration_request_title":"","integration_request_cta":"","integration_platform":"","integrations":[],"platform_category":[],"video_schema_markup":"","price":"da $ 0 al mese","trial":"","benefits":[{"text":"Servizio di installazione gratuito"},{"text":"Servizio clienti efficace"},{"text":"Garanzia di rimborso di 14 giorni"},{"text":"Sviluppo continuo"}],"button_url":"#demo","button_target_blank":"0","button_nofollow":"0","attributes":[{"name":"Installazioni"},{"name":"Reattivo","content":"S\u00cc"},{"name":"Browser compatibili","content":"Firefox, Safari, Opera, Chrome, Edge"}],"tags":[],"tags_disable_links":"0","hide_more_platforms":"0","video_object":"","demo_hide_cta":"0","demo_hide_cloud_options":"0","pricing_title":"","pricing":[{"pricing_icon":"cloud","pricing_title":"Elfsight Apps","pricing_title_caption":"Soluzione indipendente dalla piattaforma adatta a qualsiasi sito","pricing_price":"da $ 0 \/ mese","pricing_price_caption":"inizia con il piano gratuito","pricing_benefits":[{"text":"Siti web illimitati"},{"text":"Supporto veloce"},{"text":"Assistenza gratuita per l'installazione"},{"text":"Prezzo speciale per pi\u00f9 app"}],"pricing_button_text":"Aggiungi al sito web","pricing_button_url":"#demo"}],"related_apps_title":"","related_apps_hidden":"0","author":"","image":[],"title":"","job":"","social_networks":[]},"_links":{"self":[{"href":"https:\/\/elfsight.com\/it\/wp-json\/wp\/v2\/pages\/5957","targetHints":{"allow":["GET"]}}],"collection":[{"href":"https:\/\/elfsight.com\/it\/wp-json\/wp\/v2\/pages"}],"about":[{"href":"https:\/\/elfsight.com\/it\/wp-json\/wp\/v2\/types\/page"}],"author":[{"embeddable":true,"href":"https:\/\/elfsight.com\/it\/wp-json\/wp\/v2\/users\/9"}],"replies":[{"embeddable":true,"href":"https:\/\/elfsight.com\/it\/wp-json\/wp\/v2\/comments?post=5957"}],"version-history":[{"count":3,"href":"https:\/\/elfsight.com\/it\/wp-json\/wp\/v2\/pages\/5957\/revisions"}],"predecessor-version":[{"id":9071,"href":"https:\/\/elfsight.com\/it\/wp-json\/wp\/v2\/pages\/5957\/revisions\/9071"}],"up":[{"embeddable":true,"href":"https:\/\/elfsight.com\/it\/wp-json\/wp\/v2\/pages\/1478"}],"wp:attachment":[{"href":"https:\/\/elfsight.com\/it\/wp-json\/wp\/v2\/media?parent=5957"}],"curies":[{"name":"wp","href":"https:\/\/api.w.org\/{rel}","templated":true}]}}