{"id":5947,"date":"1970-01-01T00:00:00","date_gmt":"1970-01-01T00:00:00","guid":{"rendered":"https:\/\/elfsight.com\/it\/?page_id=5947"},"modified":"2025-03-18T08:45:31","modified_gmt":"2025-03-18T08:45:31","slug":"squarespace","status":"publish","type":"page","link":"https:\/\/elfsight.com\/it\/social-media-share-buttons\/squarespace\/","title":{"rendered":"Social Share Buttons &#8211; Squarespace"},"content":{"rendered":"\n<div class=\"application-platform-content-item-description application-platform-content-item\" id=\"description\" data-nav-section=\"description\"><h2>Incorpora i pulsanti di condivisione social su Squarespace con il widget Elfsight<\/h2><p>Un semplice widget di condivisione per tutti i siti, che consente ai tuoi clienti per diffondere i contenuti del tuo sito web su diversi social network. Promuovi il tuo marchio su Google+, Facebook, LinkedIn e altro ancora e aumenta il numero di follower e fan con post efficaci sul tuo sito web personale.<\/p><p><b>Trova pi\u00f9 abbonati nei social network!<\/b><\/p><ul><li><b>Massima copertura di contenuti e prodotti nei social network<\/b>.<br>Grazie a un design e funzioni chiari, con un solo clic i tuoi contenuti avranno una visibilit\u00e0 diffusa in tutti social media senza troppi sforzi.<\/li><li><b>Distribuire contenuti interessanti per un pubblico pi\u00f9 ampio<\/b>.<br>Fornisci ai tuoi visitatori un modo per distribuire i contenuti pi\u00f9 popolari con facilit\u00e0 e a un pubblico pi\u00f9 vasto. <\/li><li><b>Migliora i parametri SEO del sito web<\/b>.<br>Aumenta il traffico sul tuo sito con l&#8217;aiuto dei social media per aumentare la tua valutazione sociale e quindi migliorare la tua valutazione nei motori di ricerca.<\/li><li><b>Migliora i parametri SEO del sito web<\/b>.<br>Aumenta il traffico sul tuo sito con l&#8217;aiuto dei social media.<\/li><li><b>Aumenta il numero di lettori nei social media<\/b>.<br>I contenuti del tuo sito web sono della massima qualit\u00e0? Fai in modo che i lettori lo distribuiscano facilmente condividendo i post per i loro iscritti.<\/li><\/ul><\/div><div class=\"application-platform-content-item-features application-platform-content-item\" id=\"features\" data-nav-section=\"features\"><h2>Caratteristiche principali del widget Pulsanti di condivisione social<\/h2><p>Perch\u00e9 i nostri pulsanti sono i migliori tra i widget di condivisione di Squarespace? Scopri i vantaggi pi\u00f9 importanti del widget:<\/p><ul><li>oltre 40 social network incorporati;<\/li><li>2 layout: in linea e mobile;<\/li><li>testo del pulsante modificabile; <\/li><li>4 stili di pulsanti predefiniti;<\/li><li>Supporto premium da parte di un team di professionisti.<\/li><\/ul><p><a href=\"#demo\">Vedi pi\u00f9 caratteristiche in un demo gratuita<\/a><\/p><\/div><div class=\"application-platform-content-item-installazione application-platform-content-item\" id=\"installazione\" data-nav-section=\"installazione\"><h2>Come aggiungere pulsanti di condivisione a Squarespace<\/h2><div class=\"video-container\"><iframe width=\"560\" height=\"315\" src=\"https:\/\/www.youtube.com\/embed\/yXSwQBvan-4?si=kjbVW71jDsw7rs11\" frameborder=\"0\" allow=\"accelerometer; autoplay; clipboard-write; encrypted-media; gyroscope; picture-in-picture; web-share\" allowfullscreen><\/iframe><\/div><p>Un piccolo manuali di posizionamento dei pulsanti, gestibili anche da chi non ha competenze di programmazione. Tutto ci\u00f2 di cui hai bisogno sono pochi minuti.<\/p><ol><li><b>Crea i tuoi pulsanti social personalizzati<\/b>.<br>Con l&#8217;aiuto del nostro editor gratuito, assembla un plugin con aspetto e capacit\u00e0 preferibili. <\/li><li><b>Copia un codice per mostrare il plugin<\/b>.<br>Dopo l&#8217;ottimizzazione del widget, ottieni un codice per il plugin dei pulsanti di condivisione dalla notifica apparsa sulle app Elfsight.<\/li><li><b>Incorpora il plug-in nel sito SquareSpace<\/b>.<br>Aggiungi il plug-in nella posizione desiderata del sito Web e salva i risultati.<\/li><li><b>L&#8217;installazione \u00e8 terminata<\/b>.<br>Entra nel tuo sito, per verificare il tuo nuovo plugin.<\/li><\/ol><p>Hai bisogno di supporto per l&#8217;inserimento o la generazione del widget? Saremo felici di fornire aiuto e offrire una soluzione! Puoi anche provare ad affrontare il problema da solo applicando il nostro tutorial completo \u00ab<a href=\"https:\/\/elfsight.com\/tutorials\/how-to-add-social-share-buttons-to-squarespace-website\/\" target=\"_blank\" rel=\"noopener noreferrer\">Come visualizzare i pulsanti di condivisione sul sito Squarespace<\/a>\u00bb.<\/p><\/div><div class=\"faq\" data-component=\"FAQ\"><div class=\"faq-item\">\r\n\t\t\t\t\t<div class=\"faq-item-question\">\r\n\t\t\t\t\t\t<h3 class=\"faq-item-question-text\">Esiste un modo per aggiungere pulsanti di condivisione social al mio sito web Squarespace senza codifica?<\/h3>\r\n\r\n\t\t\t\t\t\t<div class=\"faq-item-question-icon\"><\/div>\r\n\t\t\t\t\t<\/div>\r\n\r\n\t\t\t\t\t<div class=\"faq-item-answer\">\r\n\t\t\t\t\t\t<div class=\"faq-item-answer-text\"><p>La societ\u00e0 Elfsight offre una soluzione che ti consente di creare tu stesso una sezione di pulsanti di condivisione social, segui i passaggi semplici: <\/p><ul><li>Inizia a lavorare direttamente nella demo online per creare un plug-in per i pulsanti di condivisione social che desideri venga visualizzato sulla tua home page di Squarespace.<\/li><li>Decidi uno dei nostri modelli predefiniti e modifica la condivisione social Impostazioni dei pulsanti, includi i tuoi contenuti, trasforma il layout e la combinazione di colori senza codifica.<\/li><li>Salva i pulsanti di condivisione social e ottieni il codice di installazione, che puoi incollare nel tuo sito Squarespace senza acquistare un abbonamento a pagamento.<\/li><\/ul><p>Lavorando nell&#8217;editor intuitivo, ogni utente di Internet pu\u00f2 creare l&#8217;app Pulsanti di condivisione social e includerla in qualsiasi home page di Squarespace. Non dovresti pagare o inviare i dati della tua carta per entrare nel nostro Editor. Se riscontri problemi in qualsiasi momento, vai avanti e contatta il nostro supporto tecnico clienti.<\/p><\/div>\r\n\t\t\t\t\t<\/div>\r\n\t\t\t\t<\/div><\/div>\n","protected":false},"excerpt":{"rendered":"","protected":false},"author":9,"featured_media":0,"parent":1478,"menu_order":0,"comment_status":"closed","ping_status":"closed","template":"templates\/template-application-platform.php","meta":{"publish_to_discourse":"","publish_post_category":"","wpdc_auto_publish_overridden":"","wpdc_topic_tags":"","wpdc_pin_topic":"","wpdc_pin_until":"","discourse_post_id":"","discourse_permalink":"","wpdc_publishing_response":"","wpdc_publishing_error":"","footnotes":""},"class_list":["post-5947","page","type-page","status-publish","hentry"],"yoast_head":"<!-- This site is optimized with the Yoast SEO plugin v25.3.1 - https:\/\/yoast.com\/wordpress\/plugins\/seo\/ -->\n<title>Pulsanti di condivisione social: aggiungi pulsanti di condivisione al sito Web SquareSpace<\/title>\n<meta name=\"description\" content=\"Installa i pulsanti di condivisione social sul tuo sito web Squarespace solo in un paio di minuti. Configurazione immediata e semplice di vari widget del sito Web tramite Elfsight.\" \/>\n<meta name=\"robots\" content=\"index, follow, max-snippet:-1, max-image-preview:large, max-video-preview:-1\" \/>\n<link rel=\"canonical\" href=\"https:\/\/elfsight.com\/it\/social-media-share-buttons\/squarespace\/\" \/>\n<meta property=\"og:locale\" content=\"it_IT\" \/>\n<meta property=\"og:type\" content=\"article\" \/>\n<meta property=\"og:title\" content=\"Pulsanti di condivisione social: aggiungi pulsanti di condivisione al sito Web SquareSpace\" \/>\n<meta property=\"og:description\" content=\"Installa i pulsanti di condivisione social sul tuo sito web Squarespace solo in un paio di minuti. Configurazione immediata e semplice di vari widget del sito Web tramite Elfsight.\" \/>\n<meta property=\"og:url\" content=\"https:\/\/elfsight.com\/it\/social-media-share-buttons\/squarespace\/\" \/>\n<meta property=\"og:site_name\" content=\"Elfsight IT\" \/>\n<meta property=\"article:modified_time\" content=\"2025-03-18T08:45:31+00:00\" \/>\n<meta name=\"twitter:card\" content=\"summary_large_image\" \/>\n<meta name=\"twitter:label1\" content=\"Tempo di lettura stimato\" \/>\n\t<meta name=\"twitter:data1\" content=\"4 minuti\" \/>\n<!-- \/ Yoast SEO plugin. -->","yoast_head_json":{"title":"Pulsanti di condivisione social: aggiungi pulsanti di condivisione al sito Web SquareSpace","description":"Installa i pulsanti di condivisione social sul tuo sito web Squarespace solo in un paio di minuti. Configurazione immediata e semplice di vari widget del sito Web tramite Elfsight.","robots":{"index":"index","follow":"follow","max-snippet":"max-snippet:-1","max-image-preview":"max-image-preview:large","max-video-preview":"max-video-preview:-1"},"canonical":"https:\/\/elfsight.com\/it\/social-media-share-buttons\/squarespace\/","og_locale":"it_IT","og_type":"article","og_title":"Pulsanti di condivisione social: aggiungi pulsanti di condivisione al sito Web SquareSpace","og_description":"Installa i pulsanti di condivisione social sul tuo sito web Squarespace solo in un paio di minuti. Configurazione immediata e semplice di vari widget del sito Web tramite Elfsight.","og_url":"https:\/\/elfsight.com\/it\/social-media-share-buttons\/squarespace\/","og_site_name":"Elfsight IT","article_modified_time":"2025-03-18T08:45:31+00:00","twitter_card":"summary_large_image","twitter_misc":{"Tempo di lettura stimato":"4 minuti"},"schema":{"@context":"https:\/\/schema.org","@graph":[{"@type":"WebPage","@id":"https:\/\/elfsight.com\/it\/social-media-share-buttons\/squarespace\/","url":"https:\/\/elfsight.com\/it\/social-media-share-buttons\/squarespace\/","name":"Pulsanti di condivisione social: aggiungi pulsanti di condivisione al sito Web SquareSpace","isPartOf":{"@id":"https:\/\/elfsight.com\/it\/#website"},"datePublished":"1970-01-01T00:00:00+00:00","dateModified":"2025-03-18T08:45:31+00:00","description":"Installa i pulsanti di condivisione social sul tuo sito web Squarespace solo in un paio di minuti. Configurazione immediata e semplice di vari widget del sito Web tramite Elfsight.","breadcrumb":{"@id":"https:\/\/elfsight.com\/it\/social-media-share-buttons\/squarespace\/#breadcrumb"},"inLanguage":"it-IT","potentialAction":[{"@type":"ReadAction","target":["https:\/\/elfsight.com\/it\/social-media-share-buttons\/squarespace\/"]}]},{"@type":"BreadcrumbList","@id":"https:\/\/elfsight.com\/it\/social-media-share-buttons\/squarespace\/#breadcrumb","itemListElement":[{"@type":"ListItem","position":1,"name":"Home","item":"https:\/\/elfsight.com\/it\/"},{"@type":"ListItem","position":2,"name":"Social Share Buttons","item":"https:\/\/elfsight.com\/it\/social-media-share-buttons\/"},{"@type":"ListItem","position":3,"name":"Social Share Buttons &#8211; Squarespace"}]},{"@type":"WebSite","@id":"https:\/\/elfsight.com\/it\/#website","url":"https:\/\/elfsight.com\/it\/","name":"Elfsight IT","description":"Just another Elfsight Sites site","potentialAction":[{"@type":"SearchAction","target":{"@type":"EntryPoint","urlTemplate":"https:\/\/elfsight.com\/it\/?s={search_term_string}"},"query-input":{"@type":"PropertyValueSpecification","valueRequired":true,"valueName":"search_term_string"}}],"inLanguage":"it-IT"}]}},"meta_box":{"industry":"","seo_heading":"","heading":"","description":"","cta_heading":"","cta_description":"","application":"2488","h1":"Pulsanti di condivisione social per Squarespace","h1_caption":"Aggiungi pulsanti di condivisione sui social media al tuo sito web, consentendo ai visitatori di condividere facilmente i tuoi contenuti su pi\u00f9 piattaforme nel tuo sito web Shopify.","application_category":[],"applications_title":"","applications_request_title":"","applications_request_button_text":"","hero_text":"","hero_video":"","hero_video_schema_markup":"","selling_points_title":"","selling_points_caption":"","selling_points":[],"selling_points_cta_text":"","features_title":"","features":"","ed_cta_examples_text":"","ed_cta_examples_hidden":"","ed_cta_demo_text":"","ed_cta_demo_hidden":"","why_caption":"","why_editor_title":"","why_editor_text":"","why_team_title":"","why_team_text":"","why_service_title":"","why_service_text":"","template_catalog_visible":"0","template_catalog_title":"","template_catalog_text":"","template_catalog_categories_visible":"","demo_title":"Crea il tuo plugin per i pulsanti di condivisione social","demo_caption":"Configura i tuoi pulsanti di condivisione social e aggiungili gratuitamente al tuo sito web Squarespace!","default_faq_hidden":"","app_template_category":[],"platform":"43","template_public_id":"","codecanyon_url":"","codecanyon_item_id":"","codecanyon_price":"","pricing_caption":"","pricing_elfsight_apps_hide_column":"","pricing_elfsight_apps_url":"","pricing_codecanyon_price_caption":"","integration_category":[],"integration_request_title":"","integration_request_cta":"","integration_platform":"","integrations":[],"platform_category":[],"video_schema_markup":"","price":"da $ 0 al mese","trial":"","benefits":[{"text":"Servizio di installazione gratuito"},{"text":"Servizio clienti efficace"},{"text":"Garanzia di rimborso di 14 giorni"},{"text":"Aggiornamenti gratuiti continui"}],"button_url":"#demo","button_target_blank":"0","button_nofollow":"0","attributes":[{"name":"Installazioni"},{"name":"Reattivo","content":"S\u00cc"},{"name":"Browser compatibili","content":"Firefox, Safari, Opera, Chrome, Edge"}],"tags":[],"tags_disable_links":"0","hide_more_platforms":"0","video_object":"","demo_hide_cta":"0","demo_hide_cloud_options":"0","pricing_title":"","pricing":[{"pricing_icon":"platform","pricing_title":"Elfsight Apps","pricing_title_caption":"Soluzione digitale multipiattaforma adatta a qualsiasi sito web","pricing_price":"da $ 0 \/ mese","pricing_price_caption":"inizia con un piano gratuito","pricing_benefits":[{"text":"Domini illimitati"},{"text":"Supporto aziendale dedicato e ben documentato"},{"text":"Servizio di installazione gratuito"},{"text":"100% personalizzabile"}],"pricing_button_text":"Aggiungi al sito web","pricing_button_url":"#demo"}],"related_apps_title":"","related_apps_hidden":"0","author":"","image":[],"title":"","job":"","social_networks":[]},"_links":{"self":[{"href":"https:\/\/elfsight.com\/it\/wp-json\/wp\/v2\/pages\/5947","targetHints":{"allow":["GET"]}}],"collection":[{"href":"https:\/\/elfsight.com\/it\/wp-json\/wp\/v2\/pages"}],"about":[{"href":"https:\/\/elfsight.com\/it\/wp-json\/wp\/v2\/types\/page"}],"author":[{"embeddable":true,"href":"https:\/\/elfsight.com\/it\/wp-json\/wp\/v2\/users\/9"}],"replies":[{"embeddable":true,"href":"https:\/\/elfsight.com\/it\/wp-json\/wp\/v2\/comments?post=5947"}],"version-history":[{"count":4,"href":"https:\/\/elfsight.com\/it\/wp-json\/wp\/v2\/pages\/5947\/revisions"}],"predecessor-version":[{"id":9087,"href":"https:\/\/elfsight.com\/it\/wp-json\/wp\/v2\/pages\/5947\/revisions\/9087"}],"up":[{"embeddable":true,"href":"https:\/\/elfsight.com\/it\/wp-json\/wp\/v2\/pages\/1478"}],"wp:attachment":[{"href":"https:\/\/elfsight.com\/it\/wp-json\/wp\/v2\/media?parent=5947"}],"curies":[{"name":"wp","href":"https:\/\/api.w.org\/{rel}","templated":true}]}}