{"id":5938,"date":"1970-01-01T00:00:00","date_gmt":"1970-01-01T00:00:00","guid":{"rendered":"https:\/\/elfsight.com\/it\/?page_id=5938"},"modified":"2025-03-18T08:34:18","modified_gmt":"2025-03-18T08:34:18","slug":"elementor","status":"publish","type":"page","link":"https:\/\/elfsight.com\/it\/social-media-share-buttons\/elementor\/","title":{"rendered":"Social Share Buttons &#8211; Elementor"},"content":{"rendered":"\n<div class=\"application-platform-content-item-description application-platform-content-item\" id=\"description\" data-nav-section=\"description\"><h2>Incorpora i pulsanti di condivisione social su Elementor con il widget Elfsight<\/h2><p>Un plugin di condivisione efficace per tutti i siti, che aiuter\u00e0 il tuo i lettori diffondono i contenuti che preferiscono su qualsiasi social media. Aiuta a far crescere la tua azienda su Facebook, Twitter, Medium e altri. E raggiungi pi\u00f9 iscritti e fan con l&#8217;aiuto di pubblicazioni personalizzate sul sito web personale.<\/p><p><b>Ottieni pi\u00f9 visualizzazioni e follower dai social media!<\/b><\/p><p><b>Diffondi contenuti accattivanti per un pubblico pi\u00f9 ampio<\/b><br> Offri ai tuoi visitatori la possibilit\u00e0 di diffondere contenuti allettanti senza sforzi e di raggiungere immediatamente un nuovo pubblico.<\/p><p><b>Aumenta le visite sul tuo sito web<\/b><br> Ottieni nuovi utenti sul tuo sito web grazie all&#8217;aiuto di una posizione attiva nei social network e aumenta il numero di visite.<\/p><p><b>Aumenta il numero di lettori nei social media<\/b> <br> Pubblicare contenuti accattivanti sul tuo sito? Consenti ora ai lettori stessi di promuoverti, inserendo pubblicazioni per i loro abbonati.<\/p><\/div><div class=\"application-platform-content-item-features application-platform-content-item\" id=\"features\" data-nav-section=\"features\"><h2>Caratteristiche principali del widget Pulsanti di condivisione social<\/h2><p>Perch\u00e9 sono I pulsanti Elfsight sono i migliori tra i plugin di condivisione di Elementor? Controlla le funzionalit\u00e0 pi\u00f9 importanti del plug-in:<\/p><ul><li>Posiziona un numero illimitato di pulsanti;<\/li><li>Allineamento dei pulsanti a sinistra, a destra o al centro;<\/li><li> Imposta la larghezza dei pulsanti;<\/li><li>Trasparenza regolabile dei pulsanti;<\/li><li>Aggiornamenti live rilasciati su base costante.<\/li><\/ul><p><a href=\"#demo\"> Prova tutti i vantaggi in un configuratore gratuito<\/a><\/p><\/div><div class=\"application-platform-content-item-installation application-platform-content-item\" id=\"installation\" data-nav-section=\"installation\"><h2>Come aggiungere pulsanti di condivisione social al sito Web di Elementor<\/h2><div class=\"video-container\"><iframe width=\"560\" height=\"315\" src=\"https:\/\/www.youtube.com\/embed\/DzEEgArEdtA?si=SR_XtaQiO7uuH1Yt\" frameborder=\"0\" allow=\"accelerometer; autoplay; clipboard-write; encrypted-media; gyroscope; picture-in-picture; web-share\" allowfullscreen><\/iframe><\/div> <p>Ecco una breve istruzione su come impostare i pulsanti senza esperienza nello sviluppo web o senza l&#8217;aiuto di uno sviluppatore professionista. Ti serviranno solo 3 minuti per seguire le istruzioni.<\/p><ol><li><b>Progetta i tuoi pulsanti Social personalizzati<\/b><br>Con il nostro editor gratuito, genera un plugin, scegli un template e altri parametri.<\/li><li><b>Ottieni il codice di installazione per aggiungere il plug-in al tuo sito<\/b><br>Dopo la creazione del widget, ottieni il tuo codice univoco per il plug-in Condividi dalla finestra visualizzata sulle app Elfsight .<\/li><li><b>Visualizza il plugin sul sito Elementor<\/b><br>Scegli la pagina e l&#8217;area in cui desideri il plugin, inserisci l\u00ec il codice di installazione e pubblica le modifiche.<\/li> <li><b>Hai finito!<\/b><br>Entra nel tuo sito, per vedere il tuo lavoro.<\/li><\/ol><p>Hai bisogno di supporto con l&#8217;installazione o la personalizzazione del plugin? Il team di Elfsight sar\u00e0 felice di aiutarti e offrire una soluzione!<\/p><div class=\"faq\" data-component=\"FAQ\"><div class=\"faq-item\">\r\n\t\t\t\t\t<div class=\"faq-item-question\">\r\n\t\t\t\t\t\t<h3 class=\"faq-item-question-text\">Come posso incorporare i pulsanti di condivisione social di Elementor sul mio sito web Squarespace senza competenze di codifica?<\/h3>\r\n\r\n\t\t\t\t\t\t<div class=\"faq-item-question-icon\"><\/div>\r\n\t\t\t\t\t<\/div>\r\n\r\n\t\t\t\t\t<div class=\"faq-item-answer\">\r\n\t\t\t\t\t\t<div class=\"faq-item-answer-text\"><p>Elfsight offre un servizio Cloud- basata su una soluzione che consente agli utenti di incorporare da soli i pulsanti di condivisione social di Elementor, scopri quanto \u00e8 semplice il processo:<\/p><ul><li>Accedi all&#8217;editor online per generare una sezione dei pulsanti di condivisione social di Elementor in cui desideri integrare il tuo sito Squarespace.<\/li><li>Scegli uno dei nostri modelli predefiniti e personalizza le impostazioni dei pulsanti di condivisione social di Elementor, modifica il layout e la combinazione di colori, includi i tuoi contenuti senza alcuna necessit\u00e0 di codifica.<\/li><li>Salva le impostazioni che hai configurato per i pulsanti di condivisione social di Elementor e ottieni il codice del widget per l&#8217;incorporamento, che pu\u00f2 essere aggiunto facilmente e gratuitamente al tuo sito Squarespace.<\/li><\/ul><p>Lavorando in Editor intuitivo, qualsiasi utente di Internet pu\u00f2 creare una sezione Pulsanti di condivisione social di Elementor e incorporarla nel proprio sito Web Squarespace. Non \u00e8 richiesto il pagamento o la divulgazione dei dati della tua carta per accedere all&#8217;editor Elfsight. Se riscontri difficolt\u00e0 in qualsiasi momento, non esitare a contattare la nostra assistenza clienti.<\/p><\/div>\r\n\t\t\t\t\t<\/div>\r\n\t\t\t\t<\/div><\/div><\/div>\n","protected":false},"excerpt":{"rendered":"","protected":false},"author":9,"featured_media":0,"parent":1478,"menu_order":0,"comment_status":"closed","ping_status":"closed","template":"templates\/template-application-platform.php","meta":{"publish_to_discourse":"","publish_post_category":"","wpdc_auto_publish_overridden":"","wpdc_topic_tags":"","wpdc_pin_topic":"","wpdc_pin_until":"","discourse_post_id":"","discourse_permalink":"","wpdc_publishing_response":"","wpdc_publishing_error":"","footnotes":""},"class_list":["post-5938","page","type-page","status-publish","hentry"],"yoast_head":"<!-- This site is optimized with the Yoast SEO plugin v25.3.1 - https:\/\/yoast.com\/wordpress\/plugins\/seo\/ -->\n<title>Pulsanti di condivisione social per il sito Web Elementor (2025)<\/title>\n<meta name=\"description\" content=\"Integra i pulsanti di condivisione social sul tuo sito Web Elementor solo in un paio di minuti. Impostazione semplice e immediata di vari plug-in del sito Web da parte di Elfsight.\" \/>\n<meta name=\"robots\" content=\"index, follow, max-snippet:-1, max-image-preview:large, max-video-preview:-1\" \/>\n<link rel=\"canonical\" href=\"https:\/\/elfsight.com\/it\/social-media-share-buttons\/elementor\/\" \/>\n<meta property=\"og:locale\" content=\"it_IT\" \/>\n<meta property=\"og:type\" content=\"article\" \/>\n<meta property=\"og:title\" content=\"Pulsanti di condivisione social per il sito Web Elementor (2025)\" \/>\n<meta property=\"og:description\" content=\"Integra i pulsanti di condivisione social sul tuo sito Web Elementor solo in un paio di minuti. Impostazione semplice e immediata di vari plug-in del sito Web da parte di Elfsight.\" \/>\n<meta property=\"og:url\" content=\"https:\/\/elfsight.com\/it\/social-media-share-buttons\/elementor\/\" \/>\n<meta property=\"og:site_name\" content=\"Elfsight IT\" \/>\n<meta property=\"article:modified_time\" content=\"2025-03-18T08:34:18+00:00\" \/>\n<meta name=\"twitter:card\" content=\"summary_large_image\" \/>\n<meta name=\"twitter:label1\" content=\"Tempo di lettura stimato\" \/>\n\t<meta name=\"twitter:data1\" content=\"4 minuti\" \/>\n<!-- \/ Yoast SEO plugin. -->","yoast_head_json":{"title":"Pulsanti di condivisione social per il sito Web Elementor (2025)","description":"Integra i pulsanti di condivisione social sul tuo sito Web Elementor solo in un paio di minuti. Impostazione semplice e immediata di vari plug-in del sito Web da parte di Elfsight.","robots":{"index":"index","follow":"follow","max-snippet":"max-snippet:-1","max-image-preview":"max-image-preview:large","max-video-preview":"max-video-preview:-1"},"canonical":"https:\/\/elfsight.com\/it\/social-media-share-buttons\/elementor\/","og_locale":"it_IT","og_type":"article","og_title":"Pulsanti di condivisione social per il sito Web Elementor (2025)","og_description":"Integra i pulsanti di condivisione social sul tuo sito Web Elementor solo in un paio di minuti. Impostazione semplice e immediata di vari plug-in del sito Web da parte di Elfsight.","og_url":"https:\/\/elfsight.com\/it\/social-media-share-buttons\/elementor\/","og_site_name":"Elfsight IT","article_modified_time":"2025-03-18T08:34:18+00:00","twitter_card":"summary_large_image","twitter_misc":{"Tempo di lettura stimato":"4 minuti"},"schema":{"@context":"https:\/\/schema.org","@graph":[{"@type":"WebPage","@id":"https:\/\/elfsight.com\/it\/social-media-share-buttons\/elementor\/","url":"https:\/\/elfsight.com\/it\/social-media-share-buttons\/elementor\/","name":"Pulsanti di condivisione social per il sito Web Elementor (2025)","isPartOf":{"@id":"https:\/\/elfsight.com\/it\/#website"},"datePublished":"1970-01-01T00:00:00+00:00","dateModified":"2025-03-18T08:34:18+00:00","description":"Integra i pulsanti di condivisione social sul tuo sito Web Elementor solo in un paio di minuti. Impostazione semplice e immediata di vari plug-in del sito Web da parte di Elfsight.","breadcrumb":{"@id":"https:\/\/elfsight.com\/it\/social-media-share-buttons\/elementor\/#breadcrumb"},"inLanguage":"it-IT","potentialAction":[{"@type":"ReadAction","target":["https:\/\/elfsight.com\/it\/social-media-share-buttons\/elementor\/"]}]},{"@type":"BreadcrumbList","@id":"https:\/\/elfsight.com\/it\/social-media-share-buttons\/elementor\/#breadcrumb","itemListElement":[{"@type":"ListItem","position":1,"name":"Home","item":"https:\/\/elfsight.com\/it\/"},{"@type":"ListItem","position":2,"name":"Social Share Buttons","item":"https:\/\/elfsight.com\/it\/social-media-share-buttons\/"},{"@type":"ListItem","position":3,"name":"Social Share Buttons &#8211; Elementor"}]},{"@type":"WebSite","@id":"https:\/\/elfsight.com\/it\/#website","url":"https:\/\/elfsight.com\/it\/","name":"Elfsight IT","description":"Just another Elfsight Sites site","potentialAction":[{"@type":"SearchAction","target":{"@type":"EntryPoint","urlTemplate":"https:\/\/elfsight.com\/it\/?s={search_term_string}"},"query-input":{"@type":"PropertyValueSpecification","valueRequired":true,"valueName":"search_term_string"}}],"inLanguage":"it-IT"}]}},"meta_box":{"industry":"","seo_heading":"","heading":"","description":"","cta_heading":"","cta_description":"","application":"2488","h1":"Pulsanti di condivisione social di Elementor","h1_caption":"Aggiungi pulsanti di condivisione sui social media al tuo sito web, consentendo ai visitatori di condividere i tuoi contenuti su pi\u00f9 piattaforme nel tuo sito web Drupal senza sforzo.","application_category":[],"applications_title":"","applications_request_title":"","applications_request_button_text":"","hero_text":"","hero_video":"","hero_video_schema_markup":"","selling_points_title":"","selling_points_caption":"","selling_points":[],"selling_points_cta_text":"","features_title":"","features":"","ed_cta_examples_text":"","ed_cta_examples_hidden":"","ed_cta_demo_text":"","ed_cta_demo_hidden":"","why_caption":"","why_editor_title":"","why_editor_text":"","why_team_title":"","why_team_text":"","why_service_title":"","why_service_text":"","template_catalog_visible":"0","template_catalog_title":"","template_catalog_text":"","template_catalog_categories_visible":"","demo_title":"Crea il tuo widget Pulsanti di condivisione social","demo_caption":"Configura i tuoi pulsanti di condivisione social e aggiungili gratuitamente al tuo sito Web Elementor!","default_faq_hidden":"","app_template_category":[],"platform":"68","template_public_id":"","codecanyon_url":"","codecanyon_item_id":"","codecanyon_price":"","pricing_caption":"","pricing_elfsight_apps_hide_column":"","pricing_elfsight_apps_url":"","pricing_codecanyon_price_caption":"","integration_category":[],"integration_request_title":"","integration_request_cta":"","integration_platform":"","integrations":[],"platform_category":[],"video_schema_markup":"","price":"da $ 0 al mese","trial":"","benefits":[{"text":"Aiuto gratuito per l'installazione"},{"text":"Supporto eccezionale"},{"text":"Garanzia di rimborso di 14 giorni"},{"text":"Aggiornamenti a vita"}],"button_url":"#demo","button_target_blank":"0","button_nofollow":"0","attributes":[{"name":"Installazioni"},{"name":"Reattivo","content":"S\u00cc"},{"name":"Browser compatibili","content":"Firefox, Safari, Opera, Chrome, Edge"}],"tags":[],"tags_disable_links":"0","hide_more_platforms":"0","video_object":"","demo_hide_cta":"0","demo_hide_cloud_options":"0","pricing_title":"","pricing":[{"pricing_icon":"platform","pricing_title":"Elfsight Apps","pricing_title_caption":"Soluzione multipiattaforma adatta a qualsiasi sito","pricing_price":"da $ 0 \/ mese","pricing_price_caption":"inizia con il piano gratuito","pricing_benefits":[{"text":"Domini illimitati"},{"text":"Supporto aziendale veloce"},{"text":"Supporto per l'installazione senza costi"},{"text":"Prezzo speciale per pi\u00f9 app"}],"pricing_button_text":"Aggiungi al sito web","pricing_button_url":"#demo"}],"related_apps_title":"","related_apps_hidden":"0","author":"","image":[],"title":"","job":"","social_networks":[]},"_links":{"self":[{"href":"https:\/\/elfsight.com\/it\/wp-json\/wp\/v2\/pages\/5938","targetHints":{"allow":["GET"]}}],"collection":[{"href":"https:\/\/elfsight.com\/it\/wp-json\/wp\/v2\/pages"}],"about":[{"href":"https:\/\/elfsight.com\/it\/wp-json\/wp\/v2\/types\/page"}],"author":[{"embeddable":true,"href":"https:\/\/elfsight.com\/it\/wp-json\/wp\/v2\/users\/9"}],"replies":[{"embeddable":true,"href":"https:\/\/elfsight.com\/it\/wp-json\/wp\/v2\/comments?post=5938"}],"version-history":[{"count":3,"href":"https:\/\/elfsight.com\/it\/wp-json\/wp\/v2\/pages\/5938\/revisions"}],"predecessor-version":[{"id":9075,"href":"https:\/\/elfsight.com\/it\/wp-json\/wp\/v2\/pages\/5938\/revisions\/9075"}],"up":[{"embeddable":true,"href":"https:\/\/elfsight.com\/it\/wp-json\/wp\/v2\/pages\/1478"}],"wp:attachment":[{"href":"https:\/\/elfsight.com\/it\/wp-json\/wp\/v2\/media?parent=5938"}],"curies":[{"name":"wp","href":"https:\/\/api.w.org\/{rel}","templated":true}]}}