{"id":5874,"date":"2024-05-03T06:48:10","date_gmt":"2024-05-03T06:48:10","guid":{"rendered":"https:\/\/elfsight.com\/it\/?page_id=5874"},"modified":"2025-03-18T08:13:26","modified_gmt":"2025-03-18T08:13:26","slug":"godaddy","status":"publish","type":"page","link":"https:\/\/elfsight.com\/it\/social-media-icons-widget\/godaddy\/","title":{"rendered":"Social Media Icons &#8211; GoDaddy"},"content":{"rendered":"\n<div class=\"application-platform-content-item-description application-platform-content-item\" id=\"description\" data-nav-section=\"description\"> <h2>Incorpora le icone dei social media su GoDaddy con il widget Elfsight<\/h2> <p>Elfsight Social Media Icons \u00e8 un semplice plugin per GoDaddy che ti consente per posizionare su un sito web le icone dei social media, dove la tua attivit\u00e0 \u00e8 pi\u00f9 attiva. Installa questo plugin con icone illimitate e il tuo pubblico avr\u00e0 un nuovo modo per rimanere in contatto e diventare tuo follower. Il plug-in Elfsight Social Media Icons offre un&#8217;ampia personalizzazione che ti aiuter\u00e0 a creare un plug-in perfetto adatto al tuo caso d&#8217;uso.<\/p> <p><b>Maggiore comunicazione con i clienti grazie alla visualizzazione di modi pi\u00f9 rapidi per contattare!<\/b><\/p> <\/div> <div class=\"application-platform-content-item-features application-platform-content-item\" id=\"features\" data-nav-section=\"features\"> <h2>Il plugin include funzionalit\u00e0 pratiche e facili, eccone alcune: <\/h2> <ul><li>3 combinazioni di colori per icone, sfondo e effetto passaggio del mouse<\/li><li>Opacit\u00e0 regolabile delle icone<\/li><li>Aggiornamenti live regolari disponibili<\/li><li>Pratico editor senza codifica richiesta<\/li><li>Supporto premium da parte di un team di professionisti<\/li><\/ul><p><a href=\"#demo\">Prova tutte le impostazioni nella demo completa<\/a><\/p> <\/div> <div class=\"application-platform-content-item-installation application-platform-content-item\" id=\"installation\" data-nav-section=\"installation\"> <h2>Come faccio ad aggiungere le icone dei social media al mio sito GoDaddy? <\/h2> <p>Segui semplicemente le istruzioni seguenti per integrare il plugin. <\/p> <ol><li><b>Utilizza il nostro editor gratuito e inizia a creare il tuo plugin personalizzato. <\/b><br> Specifica l&#8217;interfaccia e le opzioni adatte del plugin e applica le modifiche. <\/li> <li><b>Copia il tuo codice individuale rivelato nella casella su Elfsight Apps. <\/b><br> Una volta completata la creazione del plug-in, copia il codice individuale dalla casella emersa e conservalo per un uso successivo. <\/li> <li><b>Avviare l&#8217;utilizzo del plugin sul sito web di GoDaddy. <\/b><br> Integra il codice copiato di recente nel tuo sito web e salva le correzioni. <\/li> <li><b>Fatto! L&#8217;integrazione \u00e8 completamente terminata. <\/b><br> Visita il tuo sito web per verificare il funzionamento del plug-in. <\/li><\/ol> <div class=\"tip-yellow tip\"><b>A causa delle peculiarit\u00e0 della visualizzazione degli inserti personalizzati con codice, i modelli mobili potrebbero avere un aspetto diverso dalla demo online. Prenditi il \u200b\u200btuo tempo per testare i tuoi widget.<\/b><\/div><p>Se hai domande o riscontri problemi, contatta il nostro team di assistenza clienti. I nostri specialisti desiderano risolvere tutte le difficolt\u00e0 che potresti riscontrare con il plugin. <\/p> <\/div><div class=\"faq\" data-component=\"FAQ\"><div class=\"faq-item\">\r\n\t\t\t\t\t<div class=\"faq-item-question\">\r\n\t\t\t\t\t\t<h3 class=\"faq-item-question-text\">In che modo posso aggiungere icone di social media alla mia pagina web GoDaddy senza scrivere codice?<\/h3>\r\n\r\n\t\t\t\t\t\t<div class=\"faq-item-question-icon\"><\/div>\r\n\t\t\t\t\t<\/div>\r\n\r\n\t\t\t\t\t<div class=\"faq-item-answer\">\r\n\t\t\t\t\t\t<div class=\"faq-item-answer-text\"><p>Azienda Elfsight fornisce una soluzione cloud che consente agli utenti di creare autonomamente un plug-in per le icone dei social media, guarda la guida semplice: <\/p><ul><li>Lavora direttamente nell&#8217;editor online per creare un plug-in per le icone dei social media che desideri aggiungere su GoDaddy sito.<\/li><li>Fai clic su uno dei modelli predefiniti e modifica le impostazioni delle icone dei social media, aggiorna i tuoi contenuti, cambia il layout e la combinazione di colori senza competenze di codifica.<\/li><li>Fai clic per salvare le icone dei social media e copiarne il codice di installazione, che pu\u00f2 essere facilmente incollato gratuitamente nel sito Web di GoDaddy.<\/li><\/ul><p>Utilizzando il nostro editor facile da usare, qualsiasi utente web pu\u00f2 creare icone dei social media e incollalo facilmente nella home page di GoDaddy. Non dovresti pagare o inviare le credenziali della tua carta per accedere al servizio Elfsight. Se riscontri problemi in qualsiasi momento, non esitare a parlare con il nostro supporto tecnico clienti.<\/p><\/div>\r\n\t\t\t\t\t<\/div>\r\n\t\t\t\t<\/div><\/div>\n","protected":false},"excerpt":{"rendered":"","protected":false},"author":9,"featured_media":0,"parent":1908,"menu_order":0,"comment_status":"closed","ping_status":"closed","template":"templates\/template-application-platform.php","meta":{"publish_to_discourse":"","publish_post_category":"","wpdc_auto_publish_overridden":"","wpdc_topic_tags":"","wpdc_pin_topic":"","wpdc_pin_until":"","discourse_post_id":"","discourse_permalink":"","wpdc_publishing_response":"","wpdc_publishing_error":"","footnotes":""},"class_list":["post-5874","page","type-page","status-publish","hentry"],"yoast_head":"<!-- This site is optimized with the Yoast SEO plugin v25.3.1 - https:\/\/yoast.com\/wordpress\/plugins\/seo\/ -->\n<title>Icone dei social media: aggiungi il plug-in delle icone dei social al sito Web di GoDaddy!<\/title>\n<meta name=\"description\" content=\"Migliora la funzionalit\u00e0 del tuo sito web GoDaddy con il plug-in reattivo Social Media Icons di Elfsight. Potenzia il tuo business in 1-2-3!\" \/>\n<meta name=\"robots\" content=\"index, follow, max-snippet:-1, max-image-preview:large, max-video-preview:-1\" \/>\n<link rel=\"canonical\" href=\"https:\/\/elfsight.com\/it\/social-media-icons-widget\/godaddy\/\" \/>\n<meta property=\"og:locale\" content=\"it_IT\" \/>\n<meta property=\"og:type\" content=\"article\" \/>\n<meta property=\"og:title\" content=\"Icone dei social media: aggiungi il plug-in delle icone dei social al sito Web di GoDaddy!\" \/>\n<meta property=\"og:description\" content=\"Migliora la funzionalit\u00e0 del tuo sito web GoDaddy con il plug-in reattivo Social Media Icons di Elfsight. Potenzia il tuo business in 1-2-3!\" \/>\n<meta property=\"og:url\" content=\"https:\/\/elfsight.com\/it\/social-media-icons-widget\/godaddy\/\" \/>\n<meta property=\"og:site_name\" content=\"Elfsight IT\" \/>\n<meta property=\"article:modified_time\" content=\"2025-03-18T08:13:26+00:00\" \/>\n<meta name=\"twitter:card\" content=\"summary_large_image\" \/>\n<meta name=\"twitter:label1\" content=\"Tempo di lettura stimato\" \/>\n\t<meta name=\"twitter:data1\" content=\"3 minuti\" \/>\n<!-- \/ Yoast SEO plugin. -->","yoast_head_json":{"title":"Icone dei social media: aggiungi il plug-in delle icone dei social al sito Web di GoDaddy!","description":"Migliora la funzionalit\u00e0 del tuo sito web GoDaddy con il plug-in reattivo Social Media Icons di Elfsight. Potenzia il tuo business in 1-2-3!","robots":{"index":"index","follow":"follow","max-snippet":"max-snippet:-1","max-image-preview":"max-image-preview:large","max-video-preview":"max-video-preview:-1"},"canonical":"https:\/\/elfsight.com\/it\/social-media-icons-widget\/godaddy\/","og_locale":"it_IT","og_type":"article","og_title":"Icone dei social media: aggiungi il plug-in delle icone dei social al sito Web di GoDaddy!","og_description":"Migliora la funzionalit\u00e0 del tuo sito web GoDaddy con il plug-in reattivo Social Media Icons di Elfsight. Potenzia il tuo business in 1-2-3!","og_url":"https:\/\/elfsight.com\/it\/social-media-icons-widget\/godaddy\/","og_site_name":"Elfsight IT","article_modified_time":"2025-03-18T08:13:26+00:00","twitter_card":"summary_large_image","twitter_misc":{"Tempo di lettura stimato":"3 minuti"},"schema":{"@context":"https:\/\/schema.org","@graph":[{"@type":"WebPage","@id":"https:\/\/elfsight.com\/it\/social-media-icons-widget\/godaddy\/","url":"https:\/\/elfsight.com\/it\/social-media-icons-widget\/godaddy\/","name":"Icone dei social media: aggiungi il plug-in delle icone dei social al sito Web di GoDaddy!","isPartOf":{"@id":"https:\/\/elfsight.com\/it\/#website"},"datePublished":"2024-05-03T06:48:10+00:00","dateModified":"2025-03-18T08:13:26+00:00","description":"Migliora la funzionalit\u00e0 del tuo sito web GoDaddy con il plug-in reattivo Social Media Icons di Elfsight. Potenzia il tuo business in 1-2-3!","breadcrumb":{"@id":"https:\/\/elfsight.com\/it\/social-media-icons-widget\/godaddy\/#breadcrumb"},"inLanguage":"it-IT","potentialAction":[{"@type":"ReadAction","target":["https:\/\/elfsight.com\/it\/social-media-icons-widget\/godaddy\/"]}]},{"@type":"BreadcrumbList","@id":"https:\/\/elfsight.com\/it\/social-media-icons-widget\/godaddy\/#breadcrumb","itemListElement":[{"@type":"ListItem","position":1,"name":"Home","item":"https:\/\/elfsight.com\/it\/"},{"@type":"ListItem","position":2,"name":"Social Media Icons","item":"https:\/\/elfsight.com\/it\/social-media-icons-widget\/"},{"@type":"ListItem","position":3,"name":"Social Media Icons &#8211; GoDaddy"}]},{"@type":"WebSite","@id":"https:\/\/elfsight.com\/it\/#website","url":"https:\/\/elfsight.com\/it\/","name":"Elfsight IT","description":"Just another Elfsight Sites site","potentialAction":[{"@type":"SearchAction","target":{"@type":"EntryPoint","urlTemplate":"https:\/\/elfsight.com\/it\/?s={search_term_string}"},"query-input":{"@type":"PropertyValueSpecification","valueRequired":true,"valueName":"search_term_string"}}],"inLanguage":"it-IT"}]}},"meta_box":{"industry":"","seo_heading":"","heading":"","description":"","cta_heading":"","cta_description":"","application":"1907","h1":"Plug-in per le icone dei social media di GoDaddy","h1_caption":"Aggiungi icone che si collegano ai tuoi profili di social media, consentendo ai visitatori di connettersi facilmente con te attraverso le piattaforme nel sito web della tua pagina Facebook.","application_category":[],"applications_title":"","applications_request_title":"","applications_request_button_text":"","hero_text":"","hero_video":"","hero_video_schema_markup":"","selling_points_title":"","selling_points_caption":"","selling_points":[],"selling_points_cta_text":"","features_title":"","features":"","ed_cta_examples_text":"","ed_cta_examples_hidden":"","ed_cta_demo_text":"","ed_cta_demo_hidden":"","why_caption":"","why_editor_title":"","why_editor_text":"","why_team_title":"","why_team_text":"","why_service_title":"","why_service_text":"","template_catalog_visible":"0","template_catalog_title":"","template_catalog_text":"","template_catalog_categories_visible":"","demo_title":"Crea il tuo plugin per le icone dei social media","demo_caption":"Configura le tue icone dei social media e aggiungile gratuitamente al tuo sito web GoDaddy!","default_faq_hidden":"","app_template_category":[],"platform":"53","template_public_id":"","codecanyon_url":"","codecanyon_item_id":"","codecanyon_price":"","pricing_caption":"","pricing_elfsight_apps_hide_column":"","pricing_elfsight_apps_url":"","pricing_codecanyon_price_caption":"","integration_category":[],"integration_request_title":"","integration_request_cta":"","integration_platform":"","integrations":[],"platform_category":[],"video_schema_markup":"","price":"da $ 0 al mese","trial":"","benefits":[{"text":"Servizio di installazione gratuito"},{"text":"Servizio clienti efficace"},{"text":"Garanzia di rimborso di 14 giorni"},{"text":"Aggiornamento costante"}],"button_url":"#demo","button_target_blank":"0","button_nofollow":"0","attributes":[{"name":"Installazioni"},{"name":"Reattivo","content":"S\u00cc"},{"name":"Browser compatibili","content":"Firefox, Safari, Opera, Chrome, Edge"}],"tags":[],"tags_disable_links":"0","hide_more_platforms":"0","video_object":"","demo_hide_cta":"0","demo_hide_cloud_options":"0","pricing_title":"","pricing":[{"pricing_icon":"platform","pricing_title":"Elfsight Apps","pricing_title_caption":"Software indipendente dalla piattaforma","pricing_price":"da $ 0 \/ mese","pricing_price_caption":"inizia con il piano gratuito","pricing_benefits":[{"text":"Siti web illimitati"},{"text":"Supporto professionale e puntuale e ben documentato"},{"text":"Assistenza gratuita per l'installazione"},{"text":"Completamente personalizzabile"}],"pricing_button_text":"Aggiungi al sito web","pricing_button_url":"#demo"}],"related_apps_title":"","related_apps_hidden":"0","author":"","image":[],"title":"","job":"","social_networks":[]},"_links":{"self":[{"href":"https:\/\/elfsight.com\/it\/wp-json\/wp\/v2\/pages\/5874","targetHints":{"allow":["GET"]}}],"collection":[{"href":"https:\/\/elfsight.com\/it\/wp-json\/wp\/v2\/pages"}],"about":[{"href":"https:\/\/elfsight.com\/it\/wp-json\/wp\/v2\/types\/page"}],"author":[{"embeddable":true,"href":"https:\/\/elfsight.com\/it\/wp-json\/wp\/v2\/users\/9"}],"replies":[{"embeddable":true,"href":"https:\/\/elfsight.com\/it\/wp-json\/wp\/v2\/comments?post=5874"}],"version-history":[{"count":2,"href":"https:\/\/elfsight.com\/it\/wp-json\/wp\/v2\/pages\/5874\/revisions"}],"predecessor-version":[{"id":9064,"href":"https:\/\/elfsight.com\/it\/wp-json\/wp\/v2\/pages\/5874\/revisions\/9064"}],"up":[{"embeddable":true,"href":"https:\/\/elfsight.com\/it\/wp-json\/wp\/v2\/pages\/1908"}],"wp:attachment":[{"href":"https:\/\/elfsight.com\/it\/wp-json\/wp\/v2\/media?parent=5874"}],"curies":[{"name":"wp","href":"https:\/\/api.w.org\/{rel}","templated":true}]}}