{"id":5869,"date":"1970-01-01T00:00:00","date_gmt":"1970-01-01T00:00:00","guid":{"rendered":"https:\/\/elfsight.com\/it\/?page_id=5869"},"modified":"2024-11-11T11:22:55","modified_gmt":"2024-11-11T11:22:55","slug":"prestashop","status":"publish","type":"page","link":"https:\/\/elfsight.com\/it\/social-media-icons-widget\/prestashop\/","title":{"rendered":"Social Media Icons &#8211; PrestaShop"},"content":{"rendered":"<div class=\"application-platform-content-item-description application-platform-content-item\" id=\"description\" data-nav-section=\"description\"> <h2>Descrizione<\/h2> <p>Elfsight Social Media Icons \u00e8 uno strumento semplice per posizionare su un sito web le icone dei social media, dove la tua attivit\u00e0 \u00e8 pi\u00f9 attivo. Installa questo widget con icone illimitate e il tuo pubblico avr\u00e0 un nuovo modo per rimanere in contatto e diventare tuo follower. Il widget Elfsight Social Media Icons offre un&#8217;ampia personalizzazione che ti aiuter\u00e0 a creare un widget perfetto adatto al tuo caso d&#8217;uso. <\/p><p><b>Rendi il tuo sito web pi\u00f9 efficace per gli obiettivi di e-commerce con le icone dei social media<\/b><\/p> <\/div> <div class=\"application-platform-content-item-features application-platform-content-item\" id=\"features\" data-nav-section=\"features\"> <h2>Ecco le chiavi caratteristiche del widget: <\/h2> <ul><li>50+ piattaforme social predefinite<\/li><li>5 opzioni di dimensione delle icone<\/li><li>2 layout: in linea e mobile<\/li><li>riordina le icone, duplica, elimina e aggiungi<\/li><li>3 varianti di allineamento delle icone<\/li><li>5 animazioni sui tipi di passaggio del mouse<\/li><li>3 tipi di raggio del bordo<\/li> <li>Opacit\u00e0 regolabile delle icone<\/li><li>6 stili di icone incorporati <\/li><\/ul><p><a href=\"#demo\">Prova semplicemente questa demo per comprendere la funzionalit\u00e0 delle widget<\/a><\/p> <\/div> <div class=\"application-platform-content-item-installation application-platform-content-item\" id=\"installation\" data-nav-section=\"installation\"> <h2>Come aggiungere le icone dei social media alla mia pagina web PrestaShop? <\/h2> <p>Segui semplicemente le linee guida seguenti per aggiungere lo strumento. <\/p> <ol><li><b>Gestisci il nostro editor gratuito e inizia a creare il tuo strumento unico. <\/b><br> Scegli il layout e le specifiche desiderate del widget e applica le modifiche. <\/li> <li><b>Copia il tuo codice univoco esposto nella finestra su Elfsight Apps. <\/b><br> Non appena la creazione del tuo addon sar\u00e0 completata, copia il codice individuale nella finestra che appare e conservalo per ulteriori necessit\u00e0. <\/li> <li><b>Inizia a utilizzare il widget sul tuo sito PrestaShop. <\/b><br> Implementa il codice che hai salvato di recente nella tua pagina e applica le modifiche. <\/li> <li><b>L&#8217;installazione \u00e8 completamente eseguita. <\/b><br> Vai alla tua pagina web per verificare le prestazioni del componente aggiuntivo. <\/li><\/ol> <p>A condizione di affrontare richieste o scontrarsi con eventuali ostacoli, rivolgersi al nostro team di assistenza clienti. I nostri consulenti saranno entusiasti di aiutarti con tutte le difficolt\u00e0 che potresti avere con il prodotto. <\/p> <\/div><div class=\"faq\" data-component=\"FAQ\"><div class=\"faq-item\">\r\n\t\t\t\t\t<div class=\"faq-item-question\">\r\n\t\t\t\t\t\t<h3 class=\"faq-item-question-text\">Esiste un metodo per aggiungere icone di social media al mio sito web PrestaShop senza competenze di programmazione?<\/h3>\r\n\r\n\t\t\t\t\t\t<div class=\"faq-item-question-icon\"><\/div>\r\n\t\t\t\t\t<\/div>\r\n\r\n\t\t\t\t\t<div class=\"faq-item-answer\">\r\n\t\t\t\t\t\t<div class=\"faq-item-answer-text\"><p>Azienda Elfsight introduce una soluzione Cloud che consente ai proprietari di siti di creare da soli un&#8217;app Social Media Icons, guarda la semplice guida: <\/p><ul><li>Vai alla demo online per creare un plug-in Social Media Icons che desideri integrare su PrestaShop home page.<\/li><li>Scegli uno dei modelli predefiniti e regola le impostazioni delle icone dei social media, modifica il layout e i colori, includi i tuoi contenuti senza competenze di codifica.<\/li><li>Salva le icone dei social media e ottieni i plug-in codice per l&#8217;installazione, che puoi includere facilmente nel sito PrestaShop senza acquistare un piano a pagamento.<\/li><\/ul><p>Utilizzando il nostro editor intuitivo ogni utente di Internet pu\u00f2 creare icone di social media online e incollarle nel proprio sito PrestaShop . Non \u00e8 necessario sottoscrivere un piano a pagamento o inviare i dati della carta per accedere al servizio. Se riscontri problemi in qualsiasi momento, non esitare a contattare il nostro personale di supporto tecnico.<\/p><\/div>\r\n\t\t\t\t\t<\/div>\r\n\t\t\t\t<\/div><\/div>","protected":false},"excerpt":{"rendered":"","protected":false},"author":9,"featured_media":0,"parent":1908,"menu_order":0,"comment_status":"closed","ping_status":"closed","template":"templates\/template-application-platform.php","meta":{"publish_to_discourse":"","publish_post_category":"","wpdc_auto_publish_overridden":"","wpdc_topic_tags":"","wpdc_pin_topic":"","wpdc_pin_until":"","discourse_post_id":"","discourse_permalink":"","wpdc_publishing_response":"","wpdc_publishing_error":"","footnotes":""},"class_list":["post-5869","page","type-page","status-publish","hentry"],"yoast_head":"<!-- This site is optimized with the Yoast SEO plugin v25.3.1 - https:\/\/yoast.com\/wordpress\/plugins\/seo\/ -->\n<title>Icone social media: aggiungi il widget Icone social a PrestaShop<\/title>\n<meta name=\"description\" content=\"Prova gratuitamente Elfsight Social Media Icons per PrestaShop. Genera icone personalizzate per il tuo sito in pochi minuti!\" \/>\n<meta name=\"robots\" content=\"index, follow, max-snippet:-1, max-image-preview:large, max-video-preview:-1\" \/>\n<link rel=\"canonical\" href=\"https:\/\/elfsight.com\/it\/social-media-icons-widget\/prestashop\/\" \/>\n<meta property=\"og:locale\" content=\"it_IT\" \/>\n<meta property=\"og:type\" content=\"article\" \/>\n<meta property=\"og:title\" content=\"Icone social media: aggiungi il widget Icone social a PrestaShop\" \/>\n<meta property=\"og:description\" content=\"Prova gratuitamente Elfsight Social Media Icons per PrestaShop. Genera icone personalizzate per il tuo sito in pochi minuti!\" \/>\n<meta property=\"og:url\" content=\"https:\/\/elfsight.com\/it\/social-media-icons-widget\/prestashop\/\" \/>\n<meta property=\"og:site_name\" content=\"Elfsight IT\" \/>\n<meta property=\"article:modified_time\" content=\"2024-11-11T11:22:55+00:00\" \/>\n<meta name=\"twitter:card\" content=\"summary_large_image\" \/>\n<meta name=\"twitter:label1\" content=\"Tempo di lettura stimato\" \/>\n\t<meta name=\"twitter:data1\" content=\"3 minuti\" \/>\n<!-- \/ Yoast SEO plugin. -->","yoast_head_json":{"title":"Icone social media: aggiungi il widget Icone social a PrestaShop","description":"Prova gratuitamente Elfsight Social Media Icons per PrestaShop. Genera icone personalizzate per il tuo sito in pochi minuti!","robots":{"index":"index","follow":"follow","max-snippet":"max-snippet:-1","max-image-preview":"max-image-preview:large","max-video-preview":"max-video-preview:-1"},"canonical":"https:\/\/elfsight.com\/it\/social-media-icons-widget\/prestashop\/","og_locale":"it_IT","og_type":"article","og_title":"Icone social media: aggiungi il widget Icone social a PrestaShop","og_description":"Prova gratuitamente Elfsight Social Media Icons per PrestaShop. Genera icone personalizzate per il tuo sito in pochi minuti!","og_url":"https:\/\/elfsight.com\/it\/social-media-icons-widget\/prestashop\/","og_site_name":"Elfsight IT","article_modified_time":"2024-11-11T11:22:55+00:00","twitter_card":"summary_large_image","twitter_misc":{"Tempo di lettura stimato":"3 minuti"},"schema":{"@context":"https:\/\/schema.org","@graph":[{"@type":"WebPage","@id":"https:\/\/elfsight.com\/it\/social-media-icons-widget\/prestashop\/","url":"https:\/\/elfsight.com\/it\/social-media-icons-widget\/prestashop\/","name":"Icone social media: aggiungi il widget Icone social a PrestaShop","isPartOf":{"@id":"https:\/\/elfsight.com\/it\/#website"},"datePublished":"1970-01-01T00:00:00+00:00","dateModified":"2024-11-11T11:22:55+00:00","description":"Prova gratuitamente Elfsight Social Media Icons per PrestaShop. Genera icone personalizzate per il tuo sito in pochi minuti!","breadcrumb":{"@id":"https:\/\/elfsight.com\/it\/social-media-icons-widget\/prestashop\/#breadcrumb"},"inLanguage":"it-IT","potentialAction":[{"@type":"ReadAction","target":["https:\/\/elfsight.com\/it\/social-media-icons-widget\/prestashop\/"]}]},{"@type":"BreadcrumbList","@id":"https:\/\/elfsight.com\/it\/social-media-icons-widget\/prestashop\/#breadcrumb","itemListElement":[{"@type":"ListItem","position":1,"name":"Home","item":"https:\/\/elfsight.com\/it\/"},{"@type":"ListItem","position":2,"name":"Social Media Icons","item":"https:\/\/elfsight.com\/it\/social-media-icons-widget\/"},{"@type":"ListItem","position":3,"name":"Social Media Icons &#8211; PrestaShop"}]},{"@type":"WebSite","@id":"https:\/\/elfsight.com\/it\/#website","url":"https:\/\/elfsight.com\/it\/","name":"Elfsight IT","description":"Just another Elfsight Sites site","potentialAction":[{"@type":"SearchAction","target":{"@type":"EntryPoint","urlTemplate":"https:\/\/elfsight.com\/it\/?s={search_term_string}"},"query-input":{"@type":"PropertyValueSpecification","valueRequired":true,"valueName":"search_term_string"}}],"inLanguage":"it-IT"}]}},"meta_box":{"industry":"","seo_heading":"","heading":"","description":"","cta_heading":"","cta_description":"","application":"1907","h1":"Icone dei social media per PrestaShop","h1_caption":"Aggiungi icone che si collegano ai tuoi profili di social media, consentendo ai visitatori di connettersi facilmente con te attraverso le piattaforme nel tuo sito Web Opencart.","application_category":[],"applications_title":"","applications_request_title":"","applications_request_button_text":"","hero_text":"","hero_video":"","hero_video_schema_markup":"","selling_points_title":"","selling_points_caption":"","selling_points":[],"selling_points_cta_text":"","features_title":"","features":"","ed_cta_examples_text":"","ed_cta_examples_hidden":"","ed_cta_demo_text":"","ed_cta_demo_hidden":"","why_caption":"","why_editor_title":"","why_editor_text":"","why_team_title":"","why_team_text":"","why_service_title":"","why_service_text":"","template_catalog_visible":"","template_catalog_title":"","template_catalog_text":"","template_catalog_categories_visible":"","demo_title":"Crea il tuo componente aggiuntivo Icone social media","demo_caption":"Configura le tue icone dei social media e aggiungile gratuitamente al tuo sito PrestaShop!","default_faq_hidden":"","app_template_category":[],"platform":"1023","template_public_id":"","codecanyon_url":"","codecanyon_item_id":"","codecanyon_price":"","pricing_caption":"","pricing_elfsight_apps_hide_column":"","pricing_elfsight_apps_url":"","pricing_codecanyon_price_caption":"","integration_category":[],"integration_request_title":"","integration_request_cta":"","integration_platform":"","integrations":[],"platform_category":[],"video_schema_markup":"","price":"da $ 0 al mese","trial":"","benefits":[{"text":"Assistenza gratuita per l'installazione"},{"text":"Supporto eccezionale"},{"text":"Garanzia di rimborso di 14 giorni"},{"text":"Sviluppo continuo"}],"button_url":"#demo","button_target_blank":"","button_nofollow":"","attributes":[{"name":"Installazioni"},{"name":"Reattivo","content":"S\u00cc"},{"name":"Browser compatibili","content":" Firefox, Safari, Opera, Chrome, Edge"}],"tags":[],"tags_disable_links":"","hide_more_platforms":"","video_object":"","demo_hide_cta":"","demo_hide_cloud_options":"","pricing_title":"","pricing":[{"pricing_icon":"platform","pricing_title":"Elfsight Apps","pricing_title_caption":"Soluzione multipiattaforma adatta a qualsiasi sito","pricing_price":"da $ 0 \/ mese","pricing_price_caption":"inizia con un piano gratuito","pricing_benefits":[{"text":"Domini illimitati"},{"text":"Assistenza clienti premium"},{"text":"Supporto per l'installazione senza costi"},{"text":"100% personalizzabile"}],"pricing_button_text":"Aggiungi al sito web","pricing_button_url":"#demo"}],"related_apps_title":"","related_apps_hidden":"","author":"","image":[],"title":"","job":"","social_networks":[]},"_links":{"self":[{"href":"https:\/\/elfsight.com\/it\/wp-json\/wp\/v2\/pages\/5869","targetHints":{"allow":["GET"]}}],"collection":[{"href":"https:\/\/elfsight.com\/it\/wp-json\/wp\/v2\/pages"}],"about":[{"href":"https:\/\/elfsight.com\/it\/wp-json\/wp\/v2\/types\/page"}],"author":[{"embeddable":true,"href":"https:\/\/elfsight.com\/it\/wp-json\/wp\/v2\/users\/9"}],"replies":[{"embeddable":true,"href":"https:\/\/elfsight.com\/it\/wp-json\/wp\/v2\/comments?post=5869"}],"version-history":[{"count":1,"href":"https:\/\/elfsight.com\/it\/wp-json\/wp\/v2\/pages\/5869\/revisions"}],"predecessor-version":[{"id":5873,"href":"https:\/\/elfsight.com\/it\/wp-json\/wp\/v2\/pages\/5869\/revisions\/5873"}],"up":[{"embeddable":true,"href":"https:\/\/elfsight.com\/it\/wp-json\/wp\/v2\/pages\/1908"}],"wp:attachment":[{"href":"https:\/\/elfsight.com\/it\/wp-json\/wp\/v2\/media?parent=5869"}],"curies":[{"name":"wp","href":"https:\/\/api.w.org\/{rel}","templated":true}]}}