{"id":5868,"date":"1970-01-01T00:00:00","date_gmt":"1970-01-01T00:00:00","guid":{"rendered":"https:\/\/elfsight.com\/it\/?page_id=5868"},"modified":"2024-11-11T11:20:48","modified_gmt":"2024-11-11T11:20:48","slug":"jimdo","status":"publish","type":"page","link":"https:\/\/elfsight.com\/it\/social-media-icons-widget\/jimdo\/","title":{"rendered":"Social Media Icons &#8211; Jimdo"},"content":{"rendered":"<div class=\"application-platform-content-item-description application-platform-content-item\" id=\"description\" data-nav-section=\"description\"><h2>Descrizione<\/h2> <p>Elfsight Social Media Icons \u00e8 uno strumento semplice per posizionare su un sito web le icone dei social media, dove la tua attivit\u00e0 \u00e8 pi\u00f9 attivo. Installa questo widget con icone illimitate e il tuo pubblico avr\u00e0 un nuovo modo per rimanere in contatto e diventare tuo follower. Il widget Elfsight Social Media Icons offre un&#8217;ampia personalizzazione che ti aiuter\u00e0 a creare un widget perfetto adatto al tuo caso d&#8217;uso. <\/p><p><b>Con le icone dei social media, avvia una solida crescita del business e un aumento delle vendite <\/b><\/p> <\/div> <div class=\"application-platform-content-item-features application-platform-content-item\" id=\"features\" data-nav-section=\"features\"> <h2>Le funzionalit\u00e0 widget pi\u00f9 importanti includono<\/h2> <ul><li>50+ piattaforme social predefinite<\/li><li>5 opzioni per le dimensioni delle icone<\/li><li>Due layout: mobile e in linea<\/li><li>elimina, riordina icone, aggiungi e duplica<\/li><li>3 varianti di allineamento delle icone<\/li><li>5 tipi di animazione al passaggio del mouse<\/li><li>3 tipi di raggio del bordo<\/li><li>Regolabile opacit\u00e0 delle icone<\/li><li>Sei stili di icone incorporati <\/li><\/ul><p><a href=\"#demo\">Prova tutte le funzionalit\u00e0 di personalizzazione nella demo completa<\/a><\/p> <\/div> <div class=\"application-platform-content-item-installazione application-platform-content-item\" id=\"installazione\" data-nav-section=\"installazione\"> <h2>Come faccio ad aggiungere le icone dei social media alla mia pagina web Jimdo? <\/h2> <p>Segui semplicemente le linee guida seguenti per iniziare a lavorare con lo strumento. <\/p> <ol><li><b>Apri il nostro configuratore gratuito e inizia a creare il tuo widget personalizzato. <\/b><br> Trova l&#8217;interfaccia e le opzioni preferite del widget e salva le modifiche. <\/li> <li><b>Acquisisci il codice individuale che appare nella casella sulle app Elfsight. <\/b><br> Subito dopo aver completato la configurazione del tuo strumento personale, copia il codice esclusivo nel popup e conservalo per un uso successivo. <\/li> <li><b>Avvia l&#8217;applicazione del widget sul tuo sito Jimdo. <\/b><br> Incorpora il codice che hai salvato in precedenza nella tua pagina web e salva le modifiche. <\/li> <li><b>Il gioco \u00e8 fatto! L&#8217;incorporamento \u00e8 stato completato con successo. <\/b><br> Visita la tua pagina per verificare le prestazioni dello strumento. <\/li><\/ol> <p>A condizione di riscontrare domande o di superare alcuni ostacoli, non esitare a fare appello al nostro team di assistenza clienti. I nostri consulenti non vedono l&#8217;ora di aiutarti con tutti i problemi che potresti avere con il widget. <\/p> <\/div><div class=\"faq\" data-component=\"FAQ\"><div class=\"faq-item\">\r\n\t\t\t\t\t<div class=\"faq-item-question\">\r\n\t\t\t\t\t\t<h3 class=\"faq-item-question-text\">In che modo \u00e8 possibile aggiungere icone di social media al mio sito Jimdo senza competenze di programmazione?<\/h3>\r\n\r\n\t\t\t\t\t\t<div class=\"faq-item-question-icon\"><\/div>\r\n\t\t\t\t\t<\/div>\r\n\r\n\t\t\t\t\t<div class=\"faq-item-answer\">\r\n\t\t\t\t\t\t<div class=\"faq-item-answer-text\"><p> L&#8217;azienda Elfsight offre una soluzione Cloud che consente alle persone di creare autonomamente un plug-in per le icone dei social media, guarda la guida semplice: <\/p><ul><li>Inizia a lavorare direttamente nell&#8217;editor live per creare il widget delle icone dei social media che desideri integra sul tuo sito web Jimdo.<\/li><li>Scegli uno dei modelli gi\u00e0 pronti e modifica le impostazioni delle icone dei social media, cambia il layout e i colori, includi i tuoi contenuti senza esperienza di codifica.<\/li><li> Salva le Social Media Icons e copia il codice di installazione del widget, che pu\u00f2 essere aggiunto nel sito Jimdo utilizzando un piano gratuito.<\/li><\/ul><p>Lavorando nel semplice Configuratore ogni utente web pu\u00f2 generare l&#8217;app Social Media Icons online e incollalo facilmente nella loro home page Jimdo. Non devi pagare o inserire i dati della tua carta per accedere a Elfsight Editor. Se incontri ostacoli di qualsiasi tipo, non esitare a contattare il nostro personale di supporto.<\/p><\/div>\r\n\t\t\t\t\t<\/div>\r\n\t\t\t\t<\/div><\/div>","protected":false},"excerpt":{"rendered":"","protected":false},"author":9,"featured_media":0,"parent":1908,"menu_order":0,"comment_status":"closed","ping_status":"closed","template":"templates\/template-application-platform.php","meta":{"publish_to_discourse":"","publish_post_category":"","wpdc_auto_publish_overridden":"","wpdc_topic_tags":"","wpdc_pin_topic":"","wpdc_pin_until":"","discourse_post_id":"","discourse_permalink":"","wpdc_publishing_response":"","wpdc_publishing_error":"","footnotes":""},"class_list":["post-5868","page","type-page","status-publish","hentry"],"yoast_head":"<!-- This site is optimized with the Yoast SEO plugin v25.3.1 - https:\/\/yoast.com\/wordpress\/plugins\/seo\/ -->\n<title>Icone dei social media: aggiungi il widget Icone dei social media a Jimdo<\/title>\n<meta name=\"description\" content=\"Prova gratuitamente Elfsight Social Media Icons per Jimdo. Genera icone personalizzate per il tuo sito in pochi minuti!\" \/>\n<meta name=\"robots\" content=\"index, follow, max-snippet:-1, max-image-preview:large, max-video-preview:-1\" \/>\n<link rel=\"canonical\" href=\"https:\/\/elfsight.com\/it\/social-media-icons-widget\/jimdo\/\" \/>\n<meta property=\"og:locale\" content=\"it_IT\" \/>\n<meta property=\"og:type\" content=\"article\" \/>\n<meta property=\"og:title\" content=\"Icone dei social media: aggiungi il widget Icone dei social media a Jimdo\" \/>\n<meta property=\"og:description\" content=\"Prova gratuitamente Elfsight Social Media Icons per Jimdo. Genera icone personalizzate per il tuo sito in pochi minuti!\" \/>\n<meta property=\"og:url\" content=\"https:\/\/elfsight.com\/it\/social-media-icons-widget\/jimdo\/\" \/>\n<meta property=\"og:site_name\" content=\"Elfsight IT\" \/>\n<meta property=\"article:modified_time\" content=\"2024-11-11T11:20:48+00:00\" \/>\n<meta name=\"twitter:card\" content=\"summary_large_image\" \/>\n<meta name=\"twitter:label1\" content=\"Tempo di lettura stimato\" \/>\n\t<meta name=\"twitter:data1\" content=\"3 minuti\" \/>\n<!-- \/ Yoast SEO plugin. -->","yoast_head_json":{"title":"Icone dei social media: aggiungi il widget Icone dei social media a Jimdo","description":"Prova gratuitamente Elfsight Social Media Icons per Jimdo. Genera icone personalizzate per il tuo sito in pochi minuti!","robots":{"index":"index","follow":"follow","max-snippet":"max-snippet:-1","max-image-preview":"max-image-preview:large","max-video-preview":"max-video-preview:-1"},"canonical":"https:\/\/elfsight.com\/it\/social-media-icons-widget\/jimdo\/","og_locale":"it_IT","og_type":"article","og_title":"Icone dei social media: aggiungi il widget Icone dei social media a Jimdo","og_description":"Prova gratuitamente Elfsight Social Media Icons per Jimdo. Genera icone personalizzate per il tuo sito in pochi minuti!","og_url":"https:\/\/elfsight.com\/it\/social-media-icons-widget\/jimdo\/","og_site_name":"Elfsight IT","article_modified_time":"2024-11-11T11:20:48+00:00","twitter_card":"summary_large_image","twitter_misc":{"Tempo di lettura stimato":"3 minuti"},"schema":{"@context":"https:\/\/schema.org","@graph":[{"@type":"WebPage","@id":"https:\/\/elfsight.com\/it\/social-media-icons-widget\/jimdo\/","url":"https:\/\/elfsight.com\/it\/social-media-icons-widget\/jimdo\/","name":"Icone dei social media: aggiungi il widget Icone dei social media a Jimdo","isPartOf":{"@id":"https:\/\/elfsight.com\/it\/#website"},"datePublished":"1970-01-01T00:00:00+00:00","dateModified":"2024-11-11T11:20:48+00:00","description":"Prova gratuitamente Elfsight Social Media Icons per Jimdo. Genera icone personalizzate per il tuo sito in pochi minuti!","breadcrumb":{"@id":"https:\/\/elfsight.com\/it\/social-media-icons-widget\/jimdo\/#breadcrumb"},"inLanguage":"it-IT","potentialAction":[{"@type":"ReadAction","target":["https:\/\/elfsight.com\/it\/social-media-icons-widget\/jimdo\/"]}]},{"@type":"BreadcrumbList","@id":"https:\/\/elfsight.com\/it\/social-media-icons-widget\/jimdo\/#breadcrumb","itemListElement":[{"@type":"ListItem","position":1,"name":"Home","item":"https:\/\/elfsight.com\/it\/"},{"@type":"ListItem","position":2,"name":"Social Media Icons","item":"https:\/\/elfsight.com\/it\/social-media-icons-widget\/"},{"@type":"ListItem","position":3,"name":"Social Media Icons &#8211; Jimdo"}]},{"@type":"WebSite","@id":"https:\/\/elfsight.com\/it\/#website","url":"https:\/\/elfsight.com\/it\/","name":"Elfsight IT","description":"Just another Elfsight Sites site","potentialAction":[{"@type":"SearchAction","target":{"@type":"EntryPoint","urlTemplate":"https:\/\/elfsight.com\/it\/?s={search_term_string}"},"query-input":{"@type":"PropertyValueSpecification","valueRequired":true,"valueName":"search_term_string"}}],"inLanguage":"it-IT"}]}},"meta_box":{"industry":"","seo_heading":"","heading":"","description":"","cta_heading":"","cta_description":"","application":"1907","h1":"Widget Icone social media per Jimdo","h1_caption":"Aggiungi icone che si collegano ai tuoi profili di social media, consentendo ai visitatori di connettersi facilmente con te attraverso le piattaforme nel tuo sito Web iFrame.","application_category":[],"applications_title":"","applications_request_title":"","applications_request_button_text":"","hero_text":"","hero_video":"","hero_video_schema_markup":"","selling_points_title":"","selling_points_caption":"","selling_points":[],"selling_points_cta_text":"","features_title":"","features":"","ed_cta_examples_text":"","ed_cta_examples_hidden":"","ed_cta_demo_text":"","ed_cta_demo_hidden":"","why_caption":"","why_editor_title":"","why_editor_text":"","why_team_title":"","why_team_text":"","why_service_title":"","why_service_text":"","template_catalog_visible":"","template_catalog_title":"","template_catalog_text":"","template_catalog_categories_visible":"","demo_title":"Crea il tuo widget Icone dei social media","demo_caption":"Configura le tue icone dei social media e aggiungile gratuitamente al tuo sito Jimdo!","default_faq_hidden":"","app_template_category":[],"platform":"55","template_public_id":"","codecanyon_url":"","codecanyon_item_id":"","codecanyon_price":"","pricing_caption":"","pricing_elfsight_apps_hide_column":"","pricing_elfsight_apps_url":"","pricing_codecanyon_price_caption":"","integration_category":[],"integration_request_title":"","integration_request_cta":"","integration_platform":"","integrations":[],"platform_category":[],"video_schema_markup":"","price":"da $ 0 al mese","trial":"","benefits":[{"text":"Aiuto per l'installazione gratuito"},{"text":"Supporto premium"},{"text":"Garanzia di rimborso di 14 giorni"},{"text":"Sviluppo continuo"}],"button_url":"#demo","button_target_blank":"","button_nofollow":"","attributes":[{"name":"Installazioni"},{"name":"Reattivo","content":"S\u00cc"},{"name":"Browser compatibili","content":"Firefox, Safari, Opera, Chrome, Edge"}],"tags":[],"tags_disable_links":"","hide_more_platforms":"","video_object":"","demo_hide_cta":"","demo_hide_cloud_options":"","pricing_title":"","pricing":[{"pricing_icon":"platform","pricing_title":"Elfsight Apps","pricing_title_caption":"Versione indipendente dalla piattaforma che funziona su qualsiasi sito","pricing_price":"da $ 0 \/ mese","pricing_price_caption":"inizia con un piano gratuito","pricing_benefits":[{"text":"Domini illimitati"},{"text":"Supporto aziendale dedicato"},{"text":"Servizio di installazione gratuito"},{"text":"Totalmente personalizzabile"}],"pricing_button_text":"Aggiungi al sito web","pricing_button_url":"#demo"}],"related_apps_title":"","related_apps_hidden":"","author":"","image":[],"title":"","job":"","social_networks":[]},"_links":{"self":[{"href":"https:\/\/elfsight.com\/it\/wp-json\/wp\/v2\/pages\/5868","targetHints":{"allow":["GET"]}}],"collection":[{"href":"https:\/\/elfsight.com\/it\/wp-json\/wp\/v2\/pages"}],"about":[{"href":"https:\/\/elfsight.com\/it\/wp-json\/wp\/v2\/types\/page"}],"author":[{"embeddable":true,"href":"https:\/\/elfsight.com\/it\/wp-json\/wp\/v2\/users\/9"}],"replies":[{"embeddable":true,"href":"https:\/\/elfsight.com\/it\/wp-json\/wp\/v2\/comments?post=5868"}],"version-history":[{"count":1,"href":"https:\/\/elfsight.com\/it\/wp-json\/wp\/v2\/pages\/5868\/revisions"}],"predecessor-version":[{"id":5872,"href":"https:\/\/elfsight.com\/it\/wp-json\/wp\/v2\/pages\/5868\/revisions\/5872"}],"up":[{"embeddable":true,"href":"https:\/\/elfsight.com\/it\/wp-json\/wp\/v2\/pages\/1908"}],"wp:attachment":[{"href":"https:\/\/elfsight.com\/it\/wp-json\/wp\/v2\/media?parent=5868"}],"curies":[{"name":"wp","href":"https:\/\/api.w.org\/{rel}","templated":true}]}}