{"id":5812,"date":"2024-05-03T06:47:40","date_gmt":"2024-05-03T06:47:40","guid":{"rendered":"https:\/\/elfsight.com\/it\/?page_id=5812"},"modified":"2025-03-24T06:22:06","modified_gmt":"2025-03-24T06:22:06","slug":"jquery","status":"publish","type":"page","link":"https:\/\/elfsight.com\/it\/slider-widget\/jquery\/","title":{"rendered":"Slider &#8211; jQuery"},"content":{"rendered":"\n<div class=\"application-platform-content-item-descrizione application-platform-content-item\" id=\"descrizione\" data-nav-section=\"descrizione\"><h2>Descrizione<\/h2> <p>Elfsight Photo &amp; Image Slider \u00e8 un widget semplice e reattivo che ti consente di attirare l&#8217;attenzione dei visitatori del sito mostrando loro varie immagini, video o le migliori offerte sul tuo sito web. Utilizza un numero qualsiasi di diapositive essenziale per mostrare il tuo marchio e contrassegnare le offerte pi\u00f9 interessanti. Aggiungi effetti visivi e ridimensiona la dimensione dell&#8217;immagine\/video nel modo desiderato. Utilizzando il nostro strumento riuscirai a creare uno slider saliente che attirer\u00e0 l&#8217;attenzione degli utenti e non permetter\u00e0 loro di lasciare la tua pagina web in fretta.<\/p><p><b>Rendi le tue proposte allettanti e realizza il tuo business raggiunge il suo picco con il plug-in Slider!<\/b><\/p><p><b>Migliore coinvolgimento degli utenti<\/b><br>Il nostro widget Image Slider suggerisce effetti di visualizzazione allettanti che trasformeranno i tuoi contenuti in un&#8217;attrazione imperdibile per gli utenti. invogliarli a lavorarci e a rispettare le azioni target.<\/p><p><b>Migliora l&#8217;esperienza dell&#8217;utente<\/b><br>Disponi di immagini pi\u00f9 coinvolgenti in un unico luogo accattivante per lavorare con il tuo sito in modo semplice e senza sforzo attirando cos\u00ec nuovo pubblico.<\/p><p><b>Aumenta il numero di vendite<\/b><br>Metti l&#8217;accento sui tuoi piani, sui lavori pi\u00f9 memorabili o sui problemi in primo piano con un plug-in Slider che indirizza gli utenti direttamente a l&#8217;acquisto.<\/p><\/div><div class=\"faq\" data-component=\"FAQ\"><div class=\"faq-item\">\r\n\t\t\t\t\t<div class=\"faq-item-question\">\r\n\t\t\t\t\t\t<h3 class=\"faq-item-question-text\">In che modo posso incorporare uno Slider nel mio sito web jQuery? <\/h3>\r\n\r\n\t\t\t\t\t\t<div class=\"faq-item-question-icon\"><\/div>\r\n\t\t\t\t\t<\/div>\r\n\r\n\t\t\t\t\t<div class=\"faq-item-answer\">\r\n\t\t\t\t\t\t<div class=\"faq-item-answer-text\"><p>Le fondamenta del strumento si verifica all&#8217;interno del servizio Elfsight e non \u00e8 necessario imparare a programmare. Vai alla nostra demo live per modellare il tuo strumento, ottieni il codice e incollalo nel tuo sito. <\/p><\/div>\r\n\t\t\t\t\t<\/div>\r\n\t\t\t\t<\/div><div class=\"faq-item\">\r\n\t\t\t\t\t<div class=\"faq-item-question\">\r\n\t\t\t\t\t\t<h3 class=\"faq-item-question-text\">I migliori esempi di utilizzo dell'integrazione di Image Slider<\/h3>\r\n\r\n\t\t\t\t\t\t<div class=\"faq-item-question-icon\"><\/div>\r\n\t\t\t\t\t<\/div>\r\n\r\n\t\t\t\t\t<div class=\"faq-item-answer\">\r\n\t\t\t\t\t\t<div class=\"faq-item-answer-text\"><p>Offriamo un&#8217;ampia gamma di opzioni di regolazione: widget su vasta scala da implementare nell&#8217;area dei contenuti , widget mobili per funzionalit\u00e0 di scorrimento, layout per il pi\u00e8 di pagina del tuo sito web, sezione principale e tutti i tipi di opportunit\u00e0 verticali per barre laterali e menu. <\/p><\/div>\r\n\t\t\t\t\t<\/div>\r\n\t\t\t\t<\/div><div class=\"faq-item\">\r\n\t\t\t\t\t<div class=\"faq-item-question\">\r\n\t\t\t\t\t\t<h3 class=\"faq-item-question-text\">Posso creare uno slider di immagini video o prodotto tramite l'editor? <\/h3>\r\n\r\n\t\t\t\t\t\t<div class=\"faq-item-question-icon\"><\/div>\r\n\t\t\t\t\t<\/div>\r\n\r\n\t\t\t\t\t<div class=\"faq-item-answer\">\r\n\t\t\t\t\t\t<div class=\"faq-item-answer-text\"><p>Sei libero di modellare qualsiasi variazione del widget. Ci sono molti layout applicabili nell&#8217;editor e tutti possono essere facilmente personalizzati in base alle tue esigenze. <\/p><\/div>\r\n\t\t\t\t\t<\/div>\r\n\t\t\t\t<\/div><\/div><div class=\"application-platform-content-item-features application-platform-content-item\" id=\"features\" data-nav-section=\"features\"><h2>Caratteristiche<\/h2><p>Qui puoi vedere tutte le funzioni del prodotto. Sono disponibili direttamente nell&#8217;editor e ti aiuteranno a modellare il widget esattamente per il tuo caso d&#8217;uso.<\/p><ul><li>Utilizza i pulsanti CTA per guidare il tuo pubblico verso la conversione.<\/li><li>Regola durata del cambio diapositiva.<\/li><li>Scegli tra pi\u00f9 opzioni.<\/li><li>Inserisci il tuo testo in qualsiasi punto della pagina con l&#8217;aiuto della posizione avanzata.<\/li><li>Adatta cinque opzioni di contenuto.<\/li><\/ul><p><a href=\"#demo\">Puoi testare tutte le caratteristiche funzionali del widget direttamente nella demo<\/a><\/p><\/div><div class=\"application-platform-content-item-installation application-platform-content-item\" id=\"installation\" data-nav-section=\"installation\"><h2>Come aggiungo Image Slider sul mio sito web jQuery ?<\/h2><p>Per integrare il prodotto, segui semplicemente le istruzioni seguenti.<\/p><ol><li><b>Crea semplicemente il tuo plug-in Image Slider personalizzato<\/b><br> Nel nostro editor gratuito , crea un plugin con layout e funzioni preferiti.<\/li> <li><b>Ricevi il codice individuale per visualizzare il plugin<\/b><br> Dopo aver creato il tuo widget, riceverai il codice individuale da la notifica apparsa su Elfsight Apps. Copia il codice per un ulteriore utilizzo.<\/li> <li><b>Incorpora il plugin nel tuo sito jQuery<\/b><br> Scegli l&#8217;area in cui devi posizionare il plugin e inserisci l\u00ec il codice copiato. Applica le modifiche.<\/li> <li><b>Hai finito!<\/b><br> Vai alla tua pagina per vedere il tuo plugin.<\/li> <\/ol><p>Prenditi un minuto per contattare l&#8217;assistenza clienti quando hai bisogno di aiuto o hai domande. I nostri specialisti saranno lieti di aiutarti con ogni richiesta.<\/p><\/div>\n","protected":false},"excerpt":{"rendered":"","protected":false},"author":9,"featured_media":0,"parent":1656,"menu_order":0,"comment_status":"closed","ping_status":"closed","template":"templates\/template-application-platform.php","meta":{"publish_to_discourse":"","publish_post_category":"","wpdc_auto_publish_overridden":"","wpdc_topic_tags":"","wpdc_pin_topic":"","wpdc_pin_until":"","discourse_post_id":"","discourse_permalink":"","wpdc_publishing_response":"","wpdc_publishing_error":"","footnotes":""},"class_list":["post-5812","page","type-page","status-publish","hentry"],"yoast_head":"<!-- This site is optimized with the Yoast SEO plugin v25.3.1 - https:\/\/yoast.com\/wordpress\/plugins\/seo\/ -->\n<title>Plug-in jQuery Image Slider per il tuo sito web (gratuito e veloce)<\/title>\n<meta name=\"description\" content=\"Crea un plug-in Slider reattivo sul tuo sito jQuery e ottieni la piena fiducia. Utilizza la demo facile da usare di Elfsight per creare il tuo prodotto unico.\" \/>\n<meta name=\"robots\" content=\"index, follow, max-snippet:-1, max-image-preview:large, max-video-preview:-1\" \/>\n<link rel=\"canonical\" href=\"https:\/\/elfsight.com\/it\/slider-widget\/jquery\/\" \/>\n<meta property=\"og:locale\" content=\"it_IT\" \/>\n<meta property=\"og:type\" content=\"article\" \/>\n<meta property=\"og:title\" content=\"Plug-in jQuery Image Slider per il tuo sito web (gratuito e veloce)\" \/>\n<meta property=\"og:description\" content=\"Crea un plug-in Slider reattivo sul tuo sito jQuery e ottieni la piena fiducia. Utilizza la demo facile da usare di Elfsight per creare il tuo prodotto unico.\" \/>\n<meta property=\"og:url\" content=\"https:\/\/elfsight.com\/it\/slider-widget\/jquery\/\" \/>\n<meta property=\"og:site_name\" content=\"Elfsight IT\" \/>\n<meta property=\"article:modified_time\" content=\"2025-03-24T06:22:06+00:00\" \/>\n<meta name=\"twitter:card\" content=\"summary_large_image\" \/>\n<meta name=\"twitter:label1\" content=\"Tempo di lettura stimato\" \/>\n\t<meta name=\"twitter:data1\" content=\"3 minuti\" \/>\n<!-- \/ Yoast SEO plugin. -->","yoast_head_json":{"title":"Plug-in jQuery Image Slider per il tuo sito web (gratuito e veloce)","description":"Crea un plug-in Slider reattivo sul tuo sito jQuery e ottieni la piena fiducia. Utilizza la demo facile da usare di Elfsight per creare il tuo prodotto unico.","robots":{"index":"index","follow":"follow","max-snippet":"max-snippet:-1","max-image-preview":"max-image-preview:large","max-video-preview":"max-video-preview:-1"},"canonical":"https:\/\/elfsight.com\/it\/slider-widget\/jquery\/","og_locale":"it_IT","og_type":"article","og_title":"Plug-in jQuery Image Slider per il tuo sito web (gratuito e veloce)","og_description":"Crea un plug-in Slider reattivo sul tuo sito jQuery e ottieni la piena fiducia. Utilizza la demo facile da usare di Elfsight per creare il tuo prodotto unico.","og_url":"https:\/\/elfsight.com\/it\/slider-widget\/jquery\/","og_site_name":"Elfsight IT","article_modified_time":"2025-03-24T06:22:06+00:00","twitter_card":"summary_large_image","twitter_misc":{"Tempo di lettura stimato":"3 minuti"},"schema":{"@context":"https:\/\/schema.org","@graph":[{"@type":"WebPage","@id":"https:\/\/elfsight.com\/it\/slider-widget\/jquery\/","url":"https:\/\/elfsight.com\/it\/slider-widget\/jquery\/","name":"Plug-in jQuery Image Slider per il tuo sito web (gratuito e veloce)","isPartOf":{"@id":"https:\/\/elfsight.com\/it\/#website"},"datePublished":"2024-05-03T06:47:40+00:00","dateModified":"2025-03-24T06:22:06+00:00","description":"Crea un plug-in Slider reattivo sul tuo sito jQuery e ottieni la piena fiducia. Utilizza la demo facile da usare di Elfsight per creare il tuo prodotto unico.","breadcrumb":{"@id":"https:\/\/elfsight.com\/it\/slider-widget\/jquery\/#breadcrumb"},"inLanguage":"it-IT","potentialAction":[{"@type":"ReadAction","target":["https:\/\/elfsight.com\/it\/slider-widget\/jquery\/"]}]},{"@type":"BreadcrumbList","@id":"https:\/\/elfsight.com\/it\/slider-widget\/jquery\/#breadcrumb","itemListElement":[{"@type":"ListItem","position":1,"name":"Home","item":"https:\/\/elfsight.com\/it\/"},{"@type":"ListItem","position":2,"name":"Slider","item":"https:\/\/elfsight.com\/it\/slider-widget\/"},{"@type":"ListItem","position":3,"name":"Slider &#8211; jQuery"}]},{"@type":"WebSite","@id":"https:\/\/elfsight.com\/it\/#website","url":"https:\/\/elfsight.com\/it\/","name":"Elfsight IT","description":"Just another Elfsight Sites site","potentialAction":[{"@type":"SearchAction","target":{"@type":"EntryPoint","urlTemplate":"https:\/\/elfsight.com\/it\/?s={search_term_string}"},"query-input":{"@type":"PropertyValueSpecification","valueRequired":true,"valueName":"search_term_string"}}],"inLanguage":"it-IT"}]}},"meta_box":{"industry":"","seo_heading":"","heading":"","description":"","cta_heading":"","cta_description":"","application":"1655","h1":"Plug-in jQuery Image Slider","h1_caption":"Aggiungi un'immagine o un dispositivo di scorrimento dei contenuti al tuo sito Web per mostrare elementi visivi, promozioni o contenuti chiave in modo dinamico nel tuo sito Web Joomla senza sforzo.","application_category":[],"applications_title":"","applications_request_title":"","applications_request_button_text":"","hero_text":"","hero_video":"","hero_video_schema_markup":"","selling_points_title":"","selling_points_caption":"","selling_points":[],"selling_points_cta_text":"","features_title":"","features":"","ed_cta_examples_text":"","ed_cta_examples_hidden":"","ed_cta_demo_text":"","ed_cta_demo_hidden":"","why_caption":"","why_editor_title":"","why_editor_text":"","why_team_title":"","why_team_text":"","why_service_title":"","why_service_text":"","template_catalog_visible":"0","template_catalog_title":"","template_catalog_text":"","template_catalog_categories_visible":"","demo_title":"Crea il tuo plugin Slider","demo_caption":"Configura il tuo Slider e aggiungilo gratuitamente al tuo sito jQuery!","default_faq_hidden":"","app_template_category":[],"platform":"37","template_public_id":"","codecanyon_url":"","codecanyon_item_id":"","codecanyon_price":"","pricing_caption":"","pricing_elfsight_apps_hide_column":"","pricing_elfsight_apps_url":"","pricing_codecanyon_price_caption":"","integration_category":[],"integration_request_title":"","integration_request_cta":"","integration_platform":"","integrations":[],"platform_category":[],"video_schema_markup":"","price":"da $ 0 al mese","trial":"","benefits":[{"text":"Servizio di installazione gratuito"},{"text":"Servizio clienti professionale"},{"text":"Garanzia di rimborso di 14 giorni"},{"text":"Aggiornamenti gratuiti continui"}],"button_url":"#demo","button_target_blank":"0","button_nofollow":"0","attributes":[{"name":"Installazioni"},{"name":"Reattivo","content":"S\u00cc"},{"name":"Browser compatibili","content":"Firefox, Safari, Opera, Chrome, Edge"}],"tags":[],"tags_disable_links":"0","hide_more_platforms":"0","video_object":"","demo_hide_cta":"0","demo_hide_cloud_options":"0","pricing_title":"","pricing":[{"pricing_icon":"platform","pricing_title":"Elfsight Apps","pricing_title_caption":"Soluzione digitale multipiattaforma","pricing_price":"da $ 0 \/ mese","pricing_price_caption":"inizia con un piano gratuito","pricing_benefits":[{"text":"Siti web illimitati"},{"text":"Assistenza puntuale e 24 ore su 24, 7 giorni su 7"},{"text":"Supporto gratuito per l'installazione"},{"text":"100% personalizzabile"}],"pricing_button_text":"Aggiungi al sito web","pricing_button_url":"#demo"}],"related_apps_title":"","related_apps_hidden":"0","author":"","image":[],"title":"","job":"","social_networks":[]},"_links":{"self":[{"href":"https:\/\/elfsight.com\/it\/wp-json\/wp\/v2\/pages\/5812","targetHints":{"allow":["GET"]}}],"collection":[{"href":"https:\/\/elfsight.com\/it\/wp-json\/wp\/v2\/pages"}],"about":[{"href":"https:\/\/elfsight.com\/it\/wp-json\/wp\/v2\/types\/page"}],"author":[{"embeddable":true,"href":"https:\/\/elfsight.com\/it\/wp-json\/wp\/v2\/users\/9"}],"replies":[{"embeddable":true,"href":"https:\/\/elfsight.com\/it\/wp-json\/wp\/v2\/comments?post=5812"}],"version-history":[{"count":2,"href":"https:\/\/elfsight.com\/it\/wp-json\/wp\/v2\/pages\/5812\/revisions"}],"predecessor-version":[{"id":9877,"href":"https:\/\/elfsight.com\/it\/wp-json\/wp\/v2\/pages\/5812\/revisions\/9877"}],"up":[{"embeddable":true,"href":"https:\/\/elfsight.com\/it\/wp-json\/wp\/v2\/pages\/1656"}],"wp:attachment":[{"href":"https:\/\/elfsight.com\/it\/wp-json\/wp\/v2\/media?parent=5812"}],"curies":[{"name":"wp","href":"https:\/\/api.w.org\/{rel}","templated":true}]}}