{"id":5805,"date":"1970-01-01T00:00:00","date_gmt":"1970-01-01T00:00:00","guid":{"rendered":"https:\/\/elfsight.com\/it\/?page_id=5805"},"modified":"2025-03-24T06:33:48","modified_gmt":"2025-03-24T06:33:48","slug":"html","status":"publish","type":"page","link":"https:\/\/elfsight.com\/it\/slider-widget\/html\/","title":{"rendered":"Slider &#8211; HTML"},"content":{"rendered":"\n<div class=\"application-platform-content-item-descrizione application-platform-content-item\" id=\"descrizione\" data-nav-section=\"descrizione\"><h2>Descrizione<\/h2> <p>Elfsight Photo &amp; Image Slider \u00e8 uno strumento semplice che ti aiuta ad attirare l&#8217;attenzione degli utenti mostrando varie foto, video o le migliori offerte sul tuo sito web. Sentiti libero di utilizzare qualsiasi quantit\u00e0 di diapositive di cui hai bisogno per vantare i tuoi prodotti e contrassegnare gli affari migliori. Aggiungi effetti speciali e ridimensiona la dimensione dell&#8217;immagine\/video nel modo desiderato. Con il nostro strumento riuscirai a creare uno slider spettacolare che catturer\u00e0 l&#8217;attenzione dei visitatori del sito e non permetter\u00e0 loro di lasciare la tua pagina web troppo presto.<\/p><p><b>Rendi le tue offerte intriganti e realizza il tuo business obiettivi dell&#8217;agenzia del widget Contact!<\/b><\/p><p><b>Migliore coinvolgimento degli utenti<\/b><br>Il nostro plugin per moduli suggerisce effetti di visualizzazione attraenti che renderanno i tuoi contenuti impossibili da perdere per il tuo il pubblico li spinge a lavorarci e a intraprendere le azioni target.<\/p><p><b>Rielabora l&#8217;esperienza utente<\/b><br>Metti le immagini pi\u00f9 accattivanti in un unico posto accattivante per rendere pi\u00f9 semplice la navigazione nel tuo sito web. stabile e semplice, ottenendo cos\u00ec nuovo pubblico.<\/p><p><b>Aumenta il numero di vendite<\/b><br>Metti l&#8217;accento sui tuoi progetti, sui lavori migliori o sulle questioni in primo piano applicando un widget Contatti che guida gli utenti direttamente all&#8217;acquisto.<\/p><\/div><div class=\"faq\" data-component=\"FAQ\"><div class=\"faq-item\">\r\n\t\t\t\t\t<div class=\"faq-item-question\">\r\n\t\t\t\t\t\t<h3 class=\"faq-item-question-text\">Come posso incorporare uno Slider nel sito HTML? <\/h3>\r\n\r\n\t\t\t\t\t\t<div class=\"faq-item-question-icon\"><\/div>\r\n\t\t\t\t\t<\/div>\r\n\r\n\t\t\t\t\t<div class=\"faq-item-answer\">\r\n\t\t\t\t\t\t<div class=\"faq-item-answer-text\"><p>La costruzione di il widget si trova all&#8217;interno del sito Web Elfsight e non \u00e8 necessario imparare a programmare. Apri la nostra demo live per personalizzare la tua app personale, acquisire il codice e inserirlo nel tuo sito. <\/p><\/div>\r\n\t\t\t\t\t<\/div>\r\n\t\t\t\t<\/div><div class=\"faq-item\">\r\n\t\t\t\t\t<div class=\"faq-item-question\">\r\n\t\t\t\t\t\t<h3 class=\"faq-item-question-text\">I modi migliori per utilizzare l'integrazione di Image Slider<\/h3>\r\n\r\n\t\t\t\t\t\t<div class=\"faq-item-question-icon\"><\/div>\r\n\t\t\t\t\t<\/div>\r\n\r\n\t\t\t\t\t<div class=\"faq-item-answer\">\r\n\t\t\t\t\t\t<div class=\"faq-item-answer-text\"><p>Ti garantiamo tantissime possibilit\u00e0 di regolazione: widget a lunghezza intera da incorporare nella sezione dei contenuti, mobili plugin con funzionalit\u00e0 di scorrimento, miniature per il pi\u00e8 di pagina, la sezione principale e tutti i tipi di possibilit\u00e0 verticali per le barre laterali e i menu del sito web. <\/p><\/div>\r\n\t\t\t\t\t<\/div>\r\n\t\t\t\t<\/div><div class=\"faq-item\">\r\n\t\t\t\t\t<div class=\"faq-item-question\">\r\n\t\t\t\t\t\t<h3 class=\"faq-item-question-text\">Posso creare una galleria di immagini o uno slider video con l'aiuto del tuo editor? <\/h3>\r\n\r\n\t\t\t\t\t\t<div class=\"faq-item-question-icon\"><\/div>\r\n\t\t\t\t\t<\/div>\r\n\r\n\t\t\t\t\t<div class=\"faq-item-answer\">\r\n\t\t\t\t\t\t<div class=\"faq-item-answer-text\"><p>Sei libero di creare eventuali varianti del widget. Ci sono tantissimi layout a tua disposizione nell&#8217;editor e tutti possono essere facilmente personalizzati nel modo desiderato. <\/p><\/div>\r\n\t\t\t\t\t<\/div>\r\n\t\t\t\t<\/div><\/div><div class=\"application-platform-content-item-features application-platform-content-item\" id=\"features\" data-nav-section=\"features\"><h2>Caratteristiche<\/h2><p>Ecco un elenco di tutte le funzioni del prodotto. Puoi impostarli direttamente nell&#8217;editor e ti aiuteranno a modellare il codice del cursore immagine html del widget appositamente per il tuo caso.<\/p><ul><li>Utilizza i pulsanti CTA per guidare gli utenti verso il tuo obiettivo.<\/li><li>Modifica la durata del cambio diapositiva.<\/li><li>Scegli tra numerose funzionalit\u00e0.<\/li><li>Posiziona il testo in qualsiasi punto della pagina con l&#8217;aiuto della posizione avanzata.<\/li><li>Regola 5 opzioni di contenuto.<\/li><\/ul><p><a href=\"#demo\">Puoi testare tutte le funzionalit\u00e0 del widget direttamente nella demo<\/a><\/p><\/div><div class=\"application-platform-content-item-installazione application-platform-content-item\" id=\"installazione\" data-nav-section=\"installazione\"><h2>Come faccio ad aggiungere il codice di Image Slider sul sito Web HTML?<\/h2><div class=\"video-container\"><iframe width=\"560\" height=\"315\" src=\"https:\/\/www.youtube.com\/embed\/HIjeifiAkLE?si=WI7haeI7uDWNXBJ4\" frameborder=\"0\" allow=\"accelerometer; autoplay; clipboard-write; encrypted-media; gyroscope; picture-in-picture; web-share\" allowfullscreen><\/iframe><\/div><p>Per attivare il prodotto, seguire le linee guida riportate di seguito.<\/p><ol><li><b>Crea il tuo Photo Slider<\/b><br> Utilizzando il nostro editor gratuito, imposta un widget con l&#8217;aspetto e le funzioni che preferisci.<\/li><li><b>Ottieni il codice individuale per incorporare il widget <\/b><br> Dopo aver creato il tuo widget, riceverai il codice di installazione dalla finestra visualizzata su Elfsight Apps. Copialo per un uso futuro.<\/li> <li><b>Visualizza il widget sul tuo sito HTML<\/b><br> Scegli l&#8217;area in cui devi posizionare il Photo Slider e aggiungi l\u00ec il codice copiato. Salva le modifiche.<\/li> <li><b>Il gioco \u00e8 fatto!<\/b><br> Accedi alla pagina web per visualizzare il tuo widget.<\/li> <\/ol><p>Prego per raggiungere il supporto dei clienti Elfsight nel caso in cui hai bisogno di consigli o hai domande. Saremo lieti di assisterti con ogni richiesta.<\/p><\/div>\n","protected":false},"excerpt":{"rendered":"","protected":false},"author":9,"featured_media":0,"parent":1656,"menu_order":0,"comment_status":"closed","ping_status":"closed","template":"templates\/template-application-platform.php","meta":{"publish_to_discourse":"","publish_post_category":"","wpdc_auto_publish_overridden":"","wpdc_topic_tags":"","wpdc_pin_topic":"","wpdc_pin_until":"","discourse_post_id":"","discourse_permalink":"","wpdc_publishing_response":"","wpdc_publishing_error":"","footnotes":""},"class_list":["post-5805","page","type-page","status-publish","hentry"],"yoast_head":"<!-- This site is optimized with the Yoast SEO plugin v25.3.1 - https:\/\/yoast.com\/wordpress\/plugins\/seo\/ -->\n<title>Dispositivo di scorrimento HTML: aggiungi il widget Dispositivo di scorrimento foto al sito Web HTML [2025]<\/title>\n<meta name=\"description\" content=\"\u00c8 semplicissimo progettare il codice del widget reattivo Photo and Image Slider e aggiungerlo al sito Web HTML. Il servizio clienti Elfsight \u00e8 gratuito.\" \/>\n<meta name=\"robots\" content=\"index, follow, max-snippet:-1, max-image-preview:large, max-video-preview:-1\" \/>\n<link rel=\"canonical\" href=\"https:\/\/elfsight.com\/it\/slider-widget\/html\/\" \/>\n<meta property=\"og:locale\" content=\"it_IT\" \/>\n<meta property=\"og:type\" content=\"article\" \/>\n<meta property=\"og:title\" content=\"Dispositivo di scorrimento HTML: aggiungi il widget Dispositivo di scorrimento foto al sito Web HTML [2025]\" \/>\n<meta property=\"og:description\" content=\"\u00c8 semplicissimo progettare il codice del widget reattivo Photo and Image Slider e aggiungerlo al sito Web HTML. Il servizio clienti Elfsight \u00e8 gratuito.\" \/>\n<meta property=\"og:url\" content=\"https:\/\/elfsight.com\/it\/slider-widget\/html\/\" \/>\n<meta property=\"og:site_name\" content=\"Elfsight IT\" \/>\n<meta property=\"article:modified_time\" content=\"2025-03-24T06:33:48+00:00\" \/>\n<meta name=\"twitter:card\" content=\"summary_large_image\" \/>\n<meta name=\"twitter:label1\" content=\"Tempo di lettura stimato\" \/>\n\t<meta name=\"twitter:data1\" content=\"4 minuti\" \/>\n<!-- \/ Yoast SEO plugin. -->","yoast_head_json":{"title":"Dispositivo di scorrimento HTML: aggiungi il widget Dispositivo di scorrimento foto al sito Web HTML [2025]","description":"\u00c8 semplicissimo progettare il codice del widget reattivo Photo and Image Slider e aggiungerlo al sito Web HTML. Il servizio clienti Elfsight \u00e8 gratuito.","robots":{"index":"index","follow":"follow","max-snippet":"max-snippet:-1","max-image-preview":"max-image-preview:large","max-video-preview":"max-video-preview:-1"},"canonical":"https:\/\/elfsight.com\/it\/slider-widget\/html\/","og_locale":"it_IT","og_type":"article","og_title":"Dispositivo di scorrimento HTML: aggiungi il widget Dispositivo di scorrimento foto al sito Web HTML [2025]","og_description":"\u00c8 semplicissimo progettare il codice del widget reattivo Photo and Image Slider e aggiungerlo al sito Web HTML. Il servizio clienti Elfsight \u00e8 gratuito.","og_url":"https:\/\/elfsight.com\/it\/slider-widget\/html\/","og_site_name":"Elfsight IT","article_modified_time":"2025-03-24T06:33:48+00:00","twitter_card":"summary_large_image","twitter_misc":{"Tempo di lettura stimato":"4 minuti"},"schema":{"@context":"https:\/\/schema.org","@graph":[{"@type":"WebPage","@id":"https:\/\/elfsight.com\/it\/slider-widget\/html\/","url":"https:\/\/elfsight.com\/it\/slider-widget\/html\/","name":"Dispositivo di scorrimento HTML: aggiungi il widget Dispositivo di scorrimento foto al sito Web HTML [2025]","isPartOf":{"@id":"https:\/\/elfsight.com\/it\/#website"},"datePublished":"1970-01-01T00:00:00+00:00","dateModified":"2025-03-24T06:33:48+00:00","description":"\u00c8 semplicissimo progettare il codice del widget reattivo Photo and Image Slider e aggiungerlo al sito Web HTML. Il servizio clienti Elfsight \u00e8 gratuito.","breadcrumb":{"@id":"https:\/\/elfsight.com\/it\/slider-widget\/html\/#breadcrumb"},"inLanguage":"it-IT","potentialAction":[{"@type":"ReadAction","target":["https:\/\/elfsight.com\/it\/slider-widget\/html\/"]}]},{"@type":"BreadcrumbList","@id":"https:\/\/elfsight.com\/it\/slider-widget\/html\/#breadcrumb","itemListElement":[{"@type":"ListItem","position":1,"name":"Home","item":"https:\/\/elfsight.com\/it\/"},{"@type":"ListItem","position":2,"name":"Slider","item":"https:\/\/elfsight.com\/it\/slider-widget\/"},{"@type":"ListItem","position":3,"name":"Slider &#8211; HTML"}]},{"@type":"WebSite","@id":"https:\/\/elfsight.com\/it\/#website","url":"https:\/\/elfsight.com\/it\/","name":"Elfsight IT","description":"Just another Elfsight Sites site","potentialAction":[{"@type":"SearchAction","target":{"@type":"EntryPoint","urlTemplate":"https:\/\/elfsight.com\/it\/?s={search_term_string}"},"query-input":{"@type":"PropertyValueSpecification","valueRequired":true,"valueName":"search_term_string"}}],"inLanguage":"it-IT"}]}},"meta_box":{"industry":"","seo_heading":"","heading":"","description":"","cta_heading":"","cta_description":"","application":"1655","h1":"Codice del widget Dispositivo di scorrimento immagini HTML","h1_caption":"Aggiungi un'immagine o un dispositivo di scorrimento dei contenuti al tuo sito web per mostrare facilmente elementi visivi, promozioni o contenuti chiave in modo dinamico nei tuoi siti Google.","application_category":[],"applications_title":"","applications_request_title":"","applications_request_button_text":"","hero_text":"","hero_video":"","hero_video_schema_markup":"","selling_points_title":"","selling_points_caption":"","selling_points":[],"selling_points_cta_text":"","features_title":"","features":"","ed_cta_examples_text":"","ed_cta_examples_hidden":"","ed_cta_demo_text":"","ed_cta_demo_hidden":"","why_caption":"","why_editor_title":"","why_editor_text":"","why_team_title":"","why_team_text":"","why_service_title":"","why_service_text":"","template_catalog_visible":"0","template_catalog_title":"","template_catalog_text":"","template_catalog_categories_visible":"","demo_title":"Crea il tuo widget Slider","demo_caption":"Configura il tuo Slider e aggiungilo gratuitamente al tuo sito web HTML!","default_faq_hidden":"","app_template_category":[],"platform":"35","template_public_id":"","codecanyon_url":"","codecanyon_item_id":"","codecanyon_price":"","pricing_caption":"","pricing_elfsight_apps_hide_column":"","pricing_elfsight_apps_url":"","pricing_codecanyon_price_caption":"","integration_category":[],"integration_request_title":"","integration_request_cta":"","integration_platform":"","integrations":[],"platform_category":[],"video_schema_markup":"","price":"da $ 0 al mese","trial":"","benefits":[{"text":"Assistenza per l'installazione gratuita"},{"text":"Supporto eccezionale"},{"text":"Garanzia di rimborso di 14 giorni"},{"text":"Miglioramenti gratuiti continui"}],"button_url":"#demo","button_target_blank":"0","button_nofollow":"0","attributes":[{"name":"Installazioni"},{"name":"Reattivo","content":"S\u00cc"},{"name":"Browser compatibili","content":"Firefox, Safari, Opera, Chrome, Edge"}],"tags":[],"tags_disable_links":"0","hide_more_platforms":"0","video_object":"","demo_hide_cta":"0","demo_hide_cloud_options":"0","pricing_title":"","pricing":[{"pricing_icon":"platform","pricing_title":"Elfsight Apps","pricing_title_caption":"Versione multipiattaforma adatta a qualsiasi sito web","pricing_price":"da $ 0 \/ mese","pricing_price_caption":"inizia con il piano gratuito","pricing_benefits":[{"text":"Siti web illimitati"},{"text":"Assistenza clienti professionale e ben documentata"},{"text":"Assistenza gratuita per l'installazione"},{"text":"Prezzo da prendere per pi\u00f9 app"}],"pricing_button_text":"Aggiungi al sito web","pricing_button_url":"#demo"}],"related_apps_title":"","related_apps_hidden":"0","author":"","image":[],"title":"","job":"","social_networks":[]},"_links":{"self":[{"href":"https:\/\/elfsight.com\/it\/wp-json\/wp\/v2\/pages\/5805","targetHints":{"allow":["GET"]}}],"collection":[{"href":"https:\/\/elfsight.com\/it\/wp-json\/wp\/v2\/pages"}],"about":[{"href":"https:\/\/elfsight.com\/it\/wp-json\/wp\/v2\/types\/page"}],"author":[{"embeddable":true,"href":"https:\/\/elfsight.com\/it\/wp-json\/wp\/v2\/users\/9"}],"replies":[{"embeddable":true,"href":"https:\/\/elfsight.com\/it\/wp-json\/wp\/v2\/comments?post=5805"}],"version-history":[{"count":3,"href":"https:\/\/elfsight.com\/it\/wp-json\/wp\/v2\/pages\/5805\/revisions"}],"predecessor-version":[{"id":9879,"href":"https:\/\/elfsight.com\/it\/wp-json\/wp\/v2\/pages\/5805\/revisions\/9879"}],"up":[{"embeddable":true,"href":"https:\/\/elfsight.com\/it\/wp-json\/wp\/v2\/pages\/1656"}],"wp:attachment":[{"href":"https:\/\/elfsight.com\/it\/wp-json\/wp\/v2\/media?parent=5805"}],"curies":[{"name":"wp","href":"https:\/\/api.w.org\/{rel}","templated":true}]}}