{"id":5802,"date":"1970-01-01T00:00:00","date_gmt":"1970-01-01T00:00:00","guid":{"rendered":"https:\/\/elfsight.com\/it\/?page_id=5802"},"modified":"2026-01-29T09:27:24","modified_gmt":"2026-01-29T09:27:24","slug":"webflow","status":"publish","type":"page","link":"https:\/\/elfsight.com\/it\/slider-widget\/webflow\/","title":{"rendered":"Slider &#8211; Webflow"},"content":{"rendered":"\n<div class=\"application-platform-content-item-description application-platform-content-item\" id=\"description\" data-nav-section=\"description\"><h2>Incorpora Slider su Webflow con il widget Elfsight<\/h2> <p>Elfsight Photo and Image Slider \u00e8 un widget semplice e reattivo che ti consente di attira l&#8217;attenzione degli utenti mostrando pi\u00f9 immagini, video o le migliori offerte sul tuo sito web. Utilizza qualsiasi quantit\u00e0 di diapositive necessarie per vantare il tuo marchio e segnalare le offerte pi\u00f9 interessanti. Aggiungi effetti speciali e modifica le dimensioni dell&#8217;immagine\/video nel modo desiderato. Usando il nostro strumento riuscirai a creare slider spettacolari che cattureranno l&#8217;attenzione degli utenti e non li lasceranno lasciare la tua pagina web troppo presto.<\/p><\/div><div class=\"application-platform-content-item-features application-platform-content-item\" id=\"features\" data-nav-section=\"features\"><h2>Principale caratteristiche del widget Slider<\/h2><p>Qui puoi vedere tutte le funzioni del prodotto. Puoi gestirli direttamente nell&#8217;editor e ti aiuteranno a costruire il widget esattamente per il tuo caso d&#8217;uso.<\/p><ul><li>Utilizza i CTA per guidare gli utenti verso la conversione.<\/li><li>Abitua il cambio di diapositiva durata.<\/li><li>Scegli tra numerose opzioni.<\/li><li>Posiziona il tuo messaggio in qualsiasi punto della pagina con l&#8217;aiuto della posizione avanzata.<\/li><li>Regola cinque elementi di contenuto.<\/li><\/ul><p><a href=\"#demo\">Scopri come funzionano tutte le funzionalit\u00e0 nella nostra demo<\/a><\/p><\/div><div class=\"application-platform-content-item-installation application-platform-content-item\" id=\"installation\" data-nav-section=\"installation\"><h2>Come posso aggiungere Image Slider al sito web Webflow?<\/h2><div class=\"video-container\"><iframe allowfullscreen=\" \" frameborder=\"0\" height=\"405\" src=\"https:\/\/www.youtube.com\/embed\/zaVVH3FokzI?si=egfe4T5L9rAuicCQ\" width=\"720\"><\/iframe><\/div><p>Per aggiungere il prodotto, segui questi rapidi passaggi<\/p><ol><li><b>Crea il tuo plug-in Photo Slider personalizzato<\/b><br> Utilizzando il nostro editor gratuito, ottieni un plugin con aspetto e funzioni selezionati.<\/li><li><b>Acquisisci il codice individuale per installare il plugin<\/b><br> Dopo aver creato il tuo widget, puoi ricever\u00e0 il codice di installazione dalla notifica visualizzata su Elfsight Apps. Copia questo codice per un uso successivo.<\/li> <li><b> Il plug-in sul tuo sito Muse<\/b><br> Trova la posizione in cui desideri posizionare il plug-in e aggiungi l\u00ec il codice salvato. Pubblica i risultati.<\/li> <li><b>Congratulazioni! Hai appena pubblicato il widget!<\/b><br> Entra nello store, per vedere i tuoi lavori. <\/li> <\/ol><p>Non pensarci due volte e rivolgiti al nostro servizio di supporto se hai bisogno di assistenza o riscontri problemi. Saremo lieti di aiutarti con ogni richiesta.<\/p><div class=\"faq\" data-component=\"FAQ\"><div class=\"faq-item\">\r\n\t\t\t\t\t<div class=\"faq-item-question\">\r\n\t\t\t\t\t\t<h3 class=\"faq-item-question-text\">Esiste un'opzione per incorporare Slider nel mio sito Web Webflow senza esperienza di codifica?<\/h3>\r\n\r\n\t\t\t\t\t\t<div class=\"faq-item-question-icon\"><\/div>\r\n\t\t\t\t\t<\/div>\r\n\r\n\t\t\t\t\t<div class=\"faq-item-answer\">\r\n\t\t\t\t\t\t<div class=\"faq-item-answer-text\"> <p>La societ\u00e0 Elfsight fornisce una soluzione SaaS che consente alle persone di creare tu stesso una sezione Slider, scopri le semplici istruzioni: inizia a lavorare direttamente nella demo live per creare un&#8217;app Slider che vorresti vedere sulla tua pagina web Webflow. Scegli uno dei nostri modelli gi\u00e0 pronti e modifica le impostazioni dello Slider, aggiorna i tuoi contenuti, cambia layout e colori senza codifica. Salva lo Slider e ottieni il codice di installazione del plugin, che potrai includere nella home page di Webflow senza acquistare un piano a pagamento. Utilizzando l&#8217;editor intuitivo, qualsiasi utente di Internet pu\u00f2 creare un&#8217;app Slider online e incorporarla facilmente nel proprio sito Web Webflow. Non \u00e8 necessario pagare o inviare le credenziali della carta per accedere al nostro servizio. Se incontri ostacoli di qualsiasi tipo, non esitare a rivolgerti al nostro personale di supporto.<\/p> <\/div>\r\n\t\t\t\t\t<\/div>\r\n\t\t\t\t<\/div> <\/div><\/div>\n","protected":false},"excerpt":{"rendered":"","protected":false},"author":9,"featured_media":0,"parent":1656,"menu_order":0,"comment_status":"closed","ping_status":"closed","template":"templates\/template-application-platform.php","meta":{"publish_to_discourse":"","publish_post_category":"","wpdc_auto_publish_overridden":"","wpdc_topic_tags":"","wpdc_pin_topic":"","wpdc_pin_until":"","discourse_post_id":"","discourse_permalink":"","wpdc_publishing_response":"","wpdc_publishing_error":"","footnotes":""},"class_list":["post-5802","page","type-page","status-publish","hentry"],"yoast_head":"<!-- This site is optimized with the Yoast SEO plugin v25.3.1 - https:\/\/yoast.com\/wordpress\/plugins\/seo\/ -->\n<title>Webflow Slider: aggiungi il widget Image Slider al sito Web Webflow [ 2025 ]<\/title>\n<meta name=\"description\" content=\"\u00c8 assolutamente semplice creare il tuo widget reattivo Photo Slider e pubblicarlo sul tuo sito web Webflow. L&#039;assistenza clienti Elfsight \u00e8 gratuita.\" \/>\n<meta name=\"robots\" content=\"index, follow, max-snippet:-1, max-image-preview:large, max-video-preview:-1\" \/>\n<link rel=\"canonical\" href=\"https:\/\/elfsight.com\/it\/slider-widget\/webflow\/\" \/>\n<meta property=\"og:locale\" content=\"it_IT\" \/>\n<meta property=\"og:type\" content=\"article\" \/>\n<meta property=\"og:title\" content=\"Webflow Slider: aggiungi il widget Image Slider al sito Web Webflow [ 2025 ]\" \/>\n<meta property=\"og:description\" content=\"\u00c8 assolutamente semplice creare il tuo widget reattivo Photo Slider e pubblicarlo sul tuo sito web Webflow. L&#039;assistenza clienti Elfsight \u00e8 gratuita.\" \/>\n<meta property=\"og:url\" content=\"https:\/\/elfsight.com\/it\/slider-widget\/webflow\/\" \/>\n<meta property=\"og:site_name\" content=\"Elfsight IT\" \/>\n<meta property=\"article:modified_time\" content=\"2026-01-29T09:27:24+00:00\" \/>\n<meta name=\"twitter:card\" content=\"summary_large_image\" \/>\n<meta name=\"twitter:label1\" content=\"Tempo di lettura stimato\" \/>\n\t<meta name=\"twitter:data1\" content=\"3 minuti\" \/>\n<!-- \/ Yoast SEO plugin. -->","yoast_head_json":{"title":"Webflow Slider: aggiungi il widget Image Slider al sito Web Webflow [ 2025 ]","description":"\u00c8 assolutamente semplice creare il tuo widget reattivo Photo Slider e pubblicarlo sul tuo sito web Webflow. L'assistenza clienti Elfsight \u00e8 gratuita.","robots":{"index":"index","follow":"follow","max-snippet":"max-snippet:-1","max-image-preview":"max-image-preview:large","max-video-preview":"max-video-preview:-1"},"canonical":"https:\/\/elfsight.com\/it\/slider-widget\/webflow\/","og_locale":"it_IT","og_type":"article","og_title":"Webflow Slider: aggiungi il widget Image Slider al sito Web Webflow [ 2025 ]","og_description":"\u00c8 assolutamente semplice creare il tuo widget reattivo Photo Slider e pubblicarlo sul tuo sito web Webflow. L'assistenza clienti Elfsight \u00e8 gratuita.","og_url":"https:\/\/elfsight.com\/it\/slider-widget\/webflow\/","og_site_name":"Elfsight IT","article_modified_time":"2026-01-29T09:27:24+00:00","twitter_card":"summary_large_image","twitter_misc":{"Tempo di lettura stimato":"3 minuti"},"schema":{"@context":"https:\/\/schema.org","@graph":[{"@type":"WebPage","@id":"https:\/\/elfsight.com\/it\/slider-widget\/webflow\/","url":"https:\/\/elfsight.com\/it\/slider-widget\/webflow\/","name":"Webflow Slider: aggiungi il widget Image Slider al sito Web Webflow [ 2025 ]","isPartOf":{"@id":"https:\/\/elfsight.com\/it\/#website"},"datePublished":"1970-01-01T00:00:00+00:00","dateModified":"2026-01-29T09:27:24+00:00","description":"\u00c8 assolutamente semplice creare il tuo widget reattivo Photo Slider e pubblicarlo sul tuo sito web Webflow. L'assistenza clienti Elfsight \u00e8 gratuita.","breadcrumb":{"@id":"https:\/\/elfsight.com\/it\/slider-widget\/webflow\/#breadcrumb"},"inLanguage":"it-IT","potentialAction":[{"@type":"ReadAction","target":["https:\/\/elfsight.com\/it\/slider-widget\/webflow\/"]}]},{"@type":"BreadcrumbList","@id":"https:\/\/elfsight.com\/it\/slider-widget\/webflow\/#breadcrumb","itemListElement":[{"@type":"ListItem","position":1,"name":"Home","item":"https:\/\/elfsight.com\/it\/"},{"@type":"ListItem","position":2,"name":"Slider","item":"https:\/\/elfsight.com\/it\/slider-widget\/"},{"@type":"ListItem","position":3,"name":"Slider &#8211; Webflow"}]},{"@type":"WebSite","@id":"https:\/\/elfsight.com\/it\/#website","url":"https:\/\/elfsight.com\/it\/","name":"Elfsight IT","description":"Just another Elfsight Sites site","potentialAction":[{"@type":"SearchAction","target":{"@type":"EntryPoint","urlTemplate":"https:\/\/elfsight.com\/it\/?s={search_term_string}"},"query-input":{"@type":"PropertyValueSpecification","valueRequired":true,"valueName":"search_term_string"}}],"inLanguage":"it-IT"}]}},"meta_box":{"industry":"","seo_heading":"","heading":"","description":"","cta_heading":"","cta_description":"","application":"1655","h1":"Widget Dispositivo di scorrimento immagini del flusso Web","h1_caption":"Aggiungi un'immagine o un dispositivo di scorrimento dei contenuti al tuo sito web per mostrare facilmente immagini, promozioni o contenuti chiave in modo dinamico nel tuo sito web Squarespace.","application_category":[],"applications_title":"","applications_request_title":"","applications_request_button_text":"","hero_text":"","hero_video":"","hero_video_schema_markup":"","selling_points_title":"","selling_points_caption":"","selling_points":[],"selling_points_cta_text":"","features_title":"","features":"","ed_cta_examples_text":"","ed_cta_examples_hidden":"","ed_cta_demo_text":"","ed_cta_demo_hidden":"","why_caption":"","why_editor_title":"","why_editor_text":"","why_team_title":"","why_team_text":"","why_service_title":"","why_service_text":"","template_catalog_visible":"0","template_catalog_title":"","template_catalog_text":"","template_catalog_categories_visible":"","demo_title":"Crea il tuo widget Slider","demo_caption":"Configura il tuo Slider e aggiungilo gratuitamente al tuo sito Webflow!","default_faq_hidden":"","app_template_category":[],"platform":"44","template_public_id":"","codecanyon_url":"","codecanyon_item_id":"","codecanyon_price":"","pricing_caption":"","pricing_elfsight_apps_hide_column":"","pricing_elfsight_apps_url":"","pricing_codecanyon_price_caption":"","integration_category":[],"integration_request_title":"","integration_request_cta":"","integration_platform":"","integrations":[],"platform_category":[],"video_schema_markup":"","price":"da $ 0 al mese","trial":"","benefits":[{"text":"Aiuto per l'installazione gratuito"},{"text":"Supporto premium"},{"text":"Garanzia di rimborso di 14 giorni"},{"text":"Aggiornamenti futuri"}],"button_url":"#demo","button_target_blank":"0","button_nofollow":"0","attributes":[{"name":"Installazioni"},{"name":"Reattivo","content":"S\u00cc"},{"name":"Browser compatibili","content":"Firefox, Safari, Opera, Chrome, Edge"}],"tags":[],"tags_disable_links":"0","hide_more_platforms":"0","video_object":"","demo_hide_cta":"0","demo_hide_cloud_options":"0","pricing_title":"","pricing":[{"pricing_icon":"platform","pricing_title":"Elfsight Apps","pricing_title_caption":"Soluzione digitale indipendente dalla piattaforma che funziona su qualsiasi sito web","pricing_price":"da $ 0 \/ mese","pricing_price_caption":"inizia con il piano gratuito","pricing_benefits":[{"text":"Domini illimitati"},{"text":"Assistenza clienti premium"},{"text":"Servizio di installazione gratuito"},{"text":"Offerta speciale per pi\u00f9 app"}],"pricing_button_text":"Aggiungi al sito web","pricing_button_url":"#demo"}],"related_apps_title":"","related_apps_hidden":"0","author":"","image":[],"title":"","job":"","social_networks":[]},"_links":{"self":[{"href":"https:\/\/elfsight.com\/it\/wp-json\/wp\/v2\/pages\/5802","targetHints":{"allow":["GET"]}}],"collection":[{"href":"https:\/\/elfsight.com\/it\/wp-json\/wp\/v2\/pages"}],"about":[{"href":"https:\/\/elfsight.com\/it\/wp-json\/wp\/v2\/types\/page"}],"author":[{"embeddable":true,"href":"https:\/\/elfsight.com\/it\/wp-json\/wp\/v2\/users\/9"}],"replies":[{"embeddable":true,"href":"https:\/\/elfsight.com\/it\/wp-json\/wp\/v2\/comments?post=5802"}],"version-history":[{"count":4,"href":"https:\/\/elfsight.com\/it\/wp-json\/wp\/v2\/pages\/5802\/revisions"}],"predecessor-version":[{"id":10602,"href":"https:\/\/elfsight.com\/it\/wp-json\/wp\/v2\/pages\/5802\/revisions\/10602"}],"up":[{"embeddable":true,"href":"https:\/\/elfsight.com\/it\/wp-json\/wp\/v2\/pages\/1656"}],"wp:attachment":[{"href":"https:\/\/elfsight.com\/it\/wp-json\/wp\/v2\/media?parent=5802"}],"curies":[{"name":"wp","href":"https:\/\/api.w.org\/{rel}","templated":true}]}}