{"id":5789,"date":"1970-01-01T00:00:00","date_gmt":"1970-01-01T00:00:00","guid":{"rendered":"https:\/\/elfsight.com\/it\/?page_id=5789"},"modified":"2025-03-24T06:56:50","modified_gmt":"2025-03-24T06:56:50","slug":"wordpress","status":"publish","type":"page","link":"https:\/\/elfsight.com\/it\/slider-widget\/wordpress\/","title":{"rendered":"Slider &#8211; WordPress"},"content":{"rendered":"\n<div class=\"application-platform-content-item-description application-platform-content-item\" id=\"description\" data-nav-section=\"description\"><h2>Incorpora Slider su WordPress con il widget Elfsight<\/h2> <p>Elfsight Photo &amp; Image Slider \u00e8 uno strumento semplice e reattivo che ti consente di attirare l&#8217;attenzione dei visitatori del sito visualizzando loro pi\u00f9 immagini, video o le migliori offerte sul tuo sito. Sentiti libero di utilizzare qualsiasi quantit\u00e0 di diapositive necessarie per mostrare i tuoi prodotti e contrassegnare le offerte pi\u00f9 interessanti. Aggiungi effetti speciali e ridimensiona le dimensioni dell&#8217;immagine\/video nel modo desiderato. Con l&#8217;aiuto del nostro strumento riuscirai a creare uno slider ben segnalato che attirer\u00e0 l&#8217;attenzione degli utenti e non permetter\u00e0 loro di lasciare il tuo sito web in fretta.<\/p><p><b>Rendi le tue proposte allettanti e raggiungi i tuoi obiettivi di business con il plug-in Slider!<\/b><\/p><p><b>Maggiore coinvolgimento degli utenti<\/b><br>Il widget Image Slider ti offre effetti visivi affascinanti che renderanno i tuoi contenuti imperdibili utenti motivandoli a interagire con esso e a intraprendere le azioni target.<\/p><p><b>Rivedi l&#8217;esperienza utente<\/b><br>Incorpora le immagini pi\u00f9 coinvolgenti in un unico luogo accattivante per rendere la visita del tuo sito fluida e agevole. semplice, attirando cos\u00ec nuovo pubblico.<\/p><p><b>Aumenta le tue vendite<\/b><br>Concentrati sui tuoi piani, sui lavori migliori o sui problemi in primo piano utilizzando un plug-in Slider che sposta gli utenti direttamente al acquisto.<\/p><\/div><div class=\"faq\" data-component=\"FAQ\"><div class=\"faq-item\">\r\n\t\t\t\t\t<div class=\"faq-item-question\">\r\n\t\t\t\t\t\t<h3 class=\"faq-item-question-text\">Come posso incorporare uno Slider nel mio sito WordPress? <\/h3>\r\n\r\n\t\t\t\t\t\t<div class=\"faq-item-question-icon\"><\/div>\r\n\t\t\t\t\t<\/div>\r\n\r\n\t\t\t\t\t<div class=\"faq-item-answer\">\r\n\t\t\t\t\t\t<div class=\"faq-item-answer-text\"><p>La creazione del widget avviene all&#8217;interno del sito Elfsight e non \u00e8 necessario scrivere codice. Utilizza la demo online per creare il tuo strumento, ottieni il codice e incollalo nel tuo sito. <\/p><\/div>\r\n\t\t\t\t\t<\/div>\r\n\t\t\t\t<\/div><div class=\"faq-item\">\r\n\t\t\t\t\t<div class=\"faq-item-question\">\r\n\t\t\t\t\t\t<h3 class=\"faq-item-question-text\">I migliori esempi di utilizzo dell'integrazione del dispositivo di scorrimento delle immagini reattivo<\/h3>\r\n\r\n\t\t\t\t\t\t<div class=\"faq-item-question-icon\"><\/div>\r\n\t\t\t\t\t<\/div>\r\n\r\n\t\t\t\t\t<div class=\"faq-item-answer\">\r\n\t\t\t\t\t\t<div class=\"faq-item-answer-text\"><p>Offriamo una serie di opportunit\u00e0 di personalizzazione: widget a lunghezza intera da incorporare nella sezione dei contenuti, widget mobili con opzioni di scorrimento, layout per pi\u00e8 di pagina, intestazione e tutti i tipi di opzioni verticali per barre laterali e menu. <\/p><\/div>\r\n\t\t\t\t\t<\/div>\r\n\t\t\t\t<\/div><div class=\"faq-item\">\r\n\t\t\t\t\t<div class=\"faq-item-question\">\r\n\t\t\t\t\t\t<h3 class=\"faq-item-question-text\">Esiste un'opzione per creare un video o uno slider video tramite l'agenzia dell'editor? <\/h3>\r\n\r\n\t\t\t\t\t\t<div class=\"faq-item-question-icon\"><\/div>\r\n\t\t\t\t\t<\/div>\r\n\r\n\t\t\t\t\t<div class=\"faq-item-answer\">\r\n\t\t\t\t\t\t<div class=\"faq-item-answer-text\"><p>Sei libero di creare qualsiasi modifica del widget. Ci sono molti layout a tua disposizione nell&#8217;editor e tutti possono essere rapidamente personalizzati in base alle tue esigenze. <\/p><\/div>\r\n\t\t\t\t\t<\/div>\r\n\t\t\t\t<\/div><\/div><div class=\"application-platform-content-item-features application-platform-content-item\" id=\"features\" data-nav-section=\"features\"><h2>Caratteristiche principali del widget Slider<\/h2><p>Visualizza tutte le funzionalit\u00e0 del prodotto. Sono disponibili direttamente nell&#8217;editor e ti aiuteranno a creare il plugin pi\u00f9 adatto al tuo caso d&#8217;uso.<\/p><ul><li>Utilizza CTA per guidare i visitatori del sito verso il tuo obiettivo.<\/li><li> Modifica la durata del cambio diapositiva.<\/li><li>Scegli tra le opzioni di impaginazione.<\/li><li>Posiziona i tuoi contenuti dove preferisci sulla pagina con l&#8217;aiuto della posizione avanzata.<\/li><li>Modifica cinque contenuti funzioni.<\/li><\/ul><p><a href=\"#demo\">Prova tutte le altre funzioni nella demo<\/a><\/p><\/div><div class=\"application-platform-content-item-installation application-platform-content-item\" id=\"installation\" data-nav-section=\"installation\"><h2>Come aggiungere il plugin Image Slider al mio sito web WordPress? <\/h2><div class=\"video-container\"><iframe width=\"560\" height=\"315\" src=\"https:\/\/www.youtube.com\/embed\/t9CJZRbFXaA?si=NHf-81gwC8ws9KKE\" frameborder=\"0\" allow=\"accelerometer; autoplay; clipboard-write; encrypted-media; gyroscope; picture-in-picture; web-share\" allowfullscreen><\/iframe><\/div>Per incorporare il prodotto, esegui semplicemente questi rapidi passaggi:<ol><li><b>Gestisci il nostro editor gratuito e inizia a creare il tuo plug-in Slider reattivo personalizzato. <\/b><br> Specifica la forma e la funzionalit\u00e0 preferibili del plugin e applica tutte le modifiche. <\/li> <li><b>Acquisisci il tuo codice personale che \u00e8 mostrato nell&#8217;apposito modulo su Elfsight Apps. <\/b><br> Non appena la configurazione del tuo plugin personale sar\u00e0 completata, copia il tuo codice nella finestra visualizzata e salvalo per occasioni future. <\/li> <li><b>Inizia a utilizzare il plugin sul tuo sito WordPress. <\/b><br> Inserisci il codice copiato di recente nella tua pagina e applica le modifiche. <\/li> <li><b>L&#8217;installazione \u00e8 terminata con successo. <\/b><br> Visita il tuo sito per vedere in azione come funziona il plug-in. <\/li><\/ol><p>Non pensarci due volte per contattare l&#8217;assistenza clienti Elfsight nel caso avessi bisogno di assistenza o avessi domande. I nostri specialisti saranno lieti di assistere con ogni richiesta.<\/p><\/div>\n","protected":false},"excerpt":{"rendered":"","protected":false},"author":9,"featured_media":0,"parent":1656,"menu_order":0,"comment_status":"closed","ping_status":"closed","template":"templates\/template-application-platform.php","meta":{"publish_to_discourse":"","publish_post_category":"","wpdc_auto_publish_overridden":"","wpdc_topic_tags":"","wpdc_pin_topic":"","wpdc_pin_until":"","discourse_post_id":"","discourse_permalink":"","wpdc_publishing_response":"","wpdc_publishing_error":"","footnotes":""},"class_list":["post-5789","page","type-page","status-publish","hentry"],"yoast_head":"<!-- This site is optimized with the Yoast SEO plugin v25.3.1 - https:\/\/yoast.com\/wordpress\/plugins\/seo\/ -->\n<title>WordPress Slider: aggiungi il plug-in Image Slider al sito Web WordPress [2025]<\/title>\n<meta name=\"description\" content=\"Con Elfsight, crea il tuo plug-in reattivo Image Slider e aggiungilo al sito Web WordPress. Offriamo un servizio clienti gratuito e pi\u00f9 bonus.\" \/>\n<meta name=\"robots\" content=\"index, follow, max-snippet:-1, max-image-preview:large, max-video-preview:-1\" \/>\n<link rel=\"canonical\" href=\"https:\/\/elfsight.com\/it\/slider-widget\/wordpress\/\" \/>\n<meta property=\"og:locale\" content=\"it_IT\" \/>\n<meta property=\"og:type\" content=\"article\" \/>\n<meta property=\"og:title\" content=\"WordPress Slider: aggiungi il plug-in Image Slider al sito Web WordPress [2025]\" \/>\n<meta property=\"og:description\" content=\"Con Elfsight, crea il tuo plug-in reattivo Image Slider e aggiungilo al sito Web WordPress. Offriamo un servizio clienti gratuito e pi\u00f9 bonus.\" \/>\n<meta property=\"og:url\" content=\"https:\/\/elfsight.com\/it\/slider-widget\/wordpress\/\" \/>\n<meta property=\"og:site_name\" content=\"Elfsight IT\" \/>\n<meta property=\"article:modified_time\" content=\"2025-03-24T06:56:50+00:00\" \/>\n<meta name=\"twitter:card\" content=\"summary_large_image\" \/>\n<meta name=\"twitter:label1\" content=\"Tempo di lettura stimato\" \/>\n\t<meta name=\"twitter:data1\" content=\"4 minuti\" \/>\n<!-- \/ Yoast SEO plugin. -->","yoast_head_json":{"title":"WordPress Slider: aggiungi il plug-in Image Slider al sito Web WordPress [2025]","description":"Con Elfsight, crea il tuo plug-in reattivo Image Slider e aggiungilo al sito Web WordPress. Offriamo un servizio clienti gratuito e pi\u00f9 bonus.","robots":{"index":"index","follow":"follow","max-snippet":"max-snippet:-1","max-image-preview":"max-image-preview:large","max-video-preview":"max-video-preview:-1"},"canonical":"https:\/\/elfsight.com\/it\/slider-widget\/wordpress\/","og_locale":"it_IT","og_type":"article","og_title":"WordPress Slider: aggiungi il plug-in Image Slider al sito Web WordPress [2025]","og_description":"Con Elfsight, crea il tuo plug-in reattivo Image Slider e aggiungilo al sito Web WordPress. Offriamo un servizio clienti gratuito e pi\u00f9 bonus.","og_url":"https:\/\/elfsight.com\/it\/slider-widget\/wordpress\/","og_site_name":"Elfsight IT","article_modified_time":"2025-03-24T06:56:50+00:00","twitter_card":"summary_large_image","twitter_misc":{"Tempo di lettura stimato":"4 minuti"},"schema":{"@context":"https:\/\/schema.org","@graph":[{"@type":"WebPage","@id":"https:\/\/elfsight.com\/it\/slider-widget\/wordpress\/","url":"https:\/\/elfsight.com\/it\/slider-widget\/wordpress\/","name":"WordPress Slider: aggiungi il plug-in Image Slider al sito Web WordPress [2025]","isPartOf":{"@id":"https:\/\/elfsight.com\/it\/#website"},"datePublished":"1970-01-01T00:00:00+00:00","dateModified":"2025-03-24T06:56:50+00:00","description":"Con Elfsight, crea il tuo plug-in reattivo Image Slider e aggiungilo al sito Web WordPress. Offriamo un servizio clienti gratuito e pi\u00f9 bonus.","breadcrumb":{"@id":"https:\/\/elfsight.com\/it\/slider-widget\/wordpress\/#breadcrumb"},"inLanguage":"it-IT","potentialAction":[{"@type":"ReadAction","target":["https:\/\/elfsight.com\/it\/slider-widget\/wordpress\/"]}]},{"@type":"BreadcrumbList","@id":"https:\/\/elfsight.com\/it\/slider-widget\/wordpress\/#breadcrumb","itemListElement":[{"@type":"ListItem","position":1,"name":"Home","item":"https:\/\/elfsight.com\/it\/"},{"@type":"ListItem","position":2,"name":"Slider","item":"https:\/\/elfsight.com\/it\/slider-widget\/"},{"@type":"ListItem","position":3,"name":"Slider &#8211; WordPress"}]},{"@type":"WebSite","@id":"https:\/\/elfsight.com\/it\/#website","url":"https:\/\/elfsight.com\/it\/","name":"Elfsight IT","description":"Just another Elfsight Sites site","potentialAction":[{"@type":"SearchAction","target":{"@type":"EntryPoint","urlTemplate":"https:\/\/elfsight.com\/it\/?s={search_term_string}"},"query-input":{"@type":"PropertyValueSpecification","valueRequired":true,"valueName":"search_term_string"}}],"inLanguage":"it-IT"}]}},"meta_box":{"industry":"","seo_heading":"","heading":"","description":"","cta_heading":"","cta_description":"","application":"1655","h1":"Plug-in Slider immagini WordPress","h1_caption":"Aggiungi un'immagine o un dispositivo di scorrimento dei contenuti al tuo sito web per mostrare elementi visivi, promozioni o contenuti chiave in modo dinamico nel tuo sito web WooCommerce senza sforzo.","application_category":[],"applications_title":"","applications_request_title":"","applications_request_button_text":"","hero_text":"","hero_video":"","hero_video_schema_markup":"","selling_points_title":"","selling_points_caption":"","selling_points":[],"selling_points_cta_text":"","features_title":"","features":"","ed_cta_examples_text":"","ed_cta_examples_hidden":"","ed_cta_demo_text":"","ed_cta_demo_hidden":"","why_caption":"","why_editor_title":"","why_editor_text":"","why_team_title":"","why_team_text":"","why_service_title":"","why_service_text":"","template_catalog_visible":"0","template_catalog_title":"","template_catalog_text":"","template_catalog_categories_visible":"","demo_title":"Crea il tuo plugin Slider","demo_caption":"Configura il tuo Slider e aggiungilo gratuitamente al tuo sito WordPress!","default_faq_hidden":"","app_template_category":[],"platform":"28","template_public_id":"","codecanyon_url":"","codecanyon_item_id":"","codecanyon_price":"","pricing_caption":"","pricing_elfsight_apps_hide_column":"","pricing_elfsight_apps_url":"","pricing_codecanyon_price_caption":"","integration_category":[],"integration_request_title":"","integration_request_cta":"","integration_platform":"","integrations":[],"platform_category":[],"video_schema_markup":"","price":"da $ 0 al mese","trial":"","benefits":[{"text":"Aiuto per l'installazione gratuito"},{"text":"Supporto eccezionale"},{"text":"Garanzia di rimborso di 14 giorni"},{"text":"Miglioramenti gratuiti continui"}],"button_url":"#demo","button_target_blank":"0","button_nofollow":"0","attributes":[{"name":"Installazioni"},{"name":"Reattivo","content":"S\u00cc"},{"name":"Browser compatibili","content":"Firefox, Safari, Opera, Chrome, Edge"}],"tags":[],"tags_disable_links":"0","hide_more_platforms":"0","video_object":"","demo_hide_cta":"0","demo_hide_cloud_options":"0","pricing_title":"","pricing":[{"pricing_icon":"platform","pricing_title":"Elfsight Apps","pricing_title_caption":"Soluzione indipendente dalla piattaforma","pricing_price":"da $ 0 \/ mese","pricing_price_caption":"inizia con il piano gratuito","pricing_benefits":[{"text":"Siti web illimitati"},{"text":"Supporto aziendale premium"},{"text":"Assistenza gratuita per l'installazione"},{"text":"Prezzo da prendere per pi\u00f9 app"}],"pricing_button_text":"Aggiungi al sito web","pricing_button_url":"#demo"}],"related_apps_title":"","related_apps_hidden":"0","author":"","image":[],"title":"","job":"","social_networks":[]},"_links":{"self":[{"href":"https:\/\/elfsight.com\/it\/wp-json\/wp\/v2\/pages\/5789","targetHints":{"allow":["GET"]}}],"collection":[{"href":"https:\/\/elfsight.com\/it\/wp-json\/wp\/v2\/pages"}],"about":[{"href":"https:\/\/elfsight.com\/it\/wp-json\/wp\/v2\/types\/page"}],"author":[{"embeddable":true,"href":"https:\/\/elfsight.com\/it\/wp-json\/wp\/v2\/users\/9"}],"replies":[{"embeddable":true,"href":"https:\/\/elfsight.com\/it\/wp-json\/wp\/v2\/comments?post=5789"}],"version-history":[{"count":3,"href":"https:\/\/elfsight.com\/it\/wp-json\/wp\/v2\/pages\/5789\/revisions"}],"predecessor-version":[{"id":9898,"href":"https:\/\/elfsight.com\/it\/wp-json\/wp\/v2\/pages\/5789\/revisions\/9898"}],"up":[{"embeddable":true,"href":"https:\/\/elfsight.com\/it\/wp-json\/wp\/v2\/pages\/1656"}],"wp:attachment":[{"href":"https:\/\/elfsight.com\/it\/wp-json\/wp\/v2\/media?parent=5789"}],"curies":[{"name":"wp","href":"https:\/\/api.w.org\/{rel}","templated":true}]}}