{"id":5781,"date":"1970-01-01T00:00:00","date_gmt":"1970-01-01T00:00:00","guid":{"rendered":"https:\/\/elfsight.com\/it\/?page_id=5781"},"modified":"2025-03-24T06:16:04","modified_gmt":"2025-03-24T06:16:04","slug":"blogger","status":"publish","type":"page","link":"https:\/\/elfsight.com\/it\/slider-widget\/blogger\/","title":{"rendered":"Slider &#8211; Blogger"},"content":{"rendered":"\n<div class=\"application-platform-content-item-descrizione application-platform-content-item\" id=\"descrizione\" data-nav-section=\"descrizione\"><h2>Descrizione<\/h2> <p>Elfsight Photo &amp; Image Slider \u00e8 uno strumento reattivo e semplice che ti consente di attirare l&#8217;attenzione degli utenti mostrando loro pi\u00f9 immagini, video o le migliori offerte sul tuo sito web. Utilizza il numero di diapositive di cui hai bisogno per mostrare i tuoi prodotti e contrassegnare gli affari pi\u00f9 interessanti. Aggiungi effetti speciali e modifica la dimensione dell&#8217;immagine\/video come preferisci. Con il nostro strumento potrai creare slider ben segnalati che cattureranno l&#8217;attenzione degli utenti e non permetteranno loro di lasciare la tua pagina web in fretta.<\/p><\/div><div class=\"application-platform-content-item-features application-platform-content-item\" id=\"features\" data-nav-section=\"features\"> <h2>Caratteristiche<\/h2><p>Controlla un elenco di tutte le funzioni del prodotto. Puoi modificarli nell&#8217;editor e ti aiuteranno a configurare il widget Slider reattivo in base alle tue esigenze.<\/p><ul><li>Utilizza i pulsanti CTA per guidare il tuo pubblico verso la conversione.<\/li><li>Regola la diapositiva durata del cambio.<\/li><li>Scegli tra numerose varianti.<\/li><li>Inserisci i tuoi contenuti dove preferisci sulla pagina con l&#8217;aiuto della posizione avanzata.<\/li><li>Adatta cinque opzioni di contenuto. <\/li><\/ul><p><a href=\"#demo\">Prova tutte le altre funzioni nella demo<\/a><\/p><\/div><div class=\"application-platform-content-item-installation application-platform-content-item\" id=\"installation\" data-nav-section=\"installation\"><h2>Come integro Image Slider con il sito web di Blogger?<\/h2><div class=\"video-container\"><iframe width=\"560\" height=\"315\" src=\"https:\/\/www.youtube.com\/embed\/foIBEPhlwwM?si=AI4sqrq5Bw1yJIi9\" frameborder=\"0\" allow=\"accelerometer; autoplay; clipboard-write; encrypted-media; gyroscope; picture-in-picture; web-share\" allowfullscreen><\/iframe><\/div><p>Per presentare il prodotto, applica semplicemente le istruzioni seguenti<\/p><ol><li><b>Costruisci il tuo plug-in Photo Slider unico<\/b><br> Gestisci la nostra demo gratuita, crea un plugin con il layout e le caratteristiche funzionali che preferisci.<\/li><li><b>Acquisisci il codice personale per visualizzare il plugin<\/b><br> Dopo aver creato il tuo widget, riceverai il codice di installazione dall&#8217;apposita finestra su Elfsight Apps. Copialo per un uso successivo. <\/li> <li><b>Pubblica il plug-in sul tuo sito web Blogger<\/b><br> Scegli il luogo in cui desideri aggiungere il plug-in e incolla l\u00ec il codice salvato. Pubblica le modifiche. <\/li> <li><b>Congratulazioni! Hai appena incorporato il widget! <\/b><br> Visita il sito web per verificare il tuo lavoro. <\/li> <\/ol><p>Sentiti libero di contattare il nostro supporto clienti se hai bisogno di consigli o hai qualcosa da chiedere. I nostri specialisti saranno lieti di assistere con ogni richiesta.<\/p><div class=\"faq\" data-component=\"FAQ\"><div class=\"faq-item\">\r\n\t\t\t\t\t<div class=\"faq-item-question\">\r\n\t\t\t\t\t\t<h3 class=\"faq-item-question-text\">Esiste un'opzione per incorporare Slider nella mia pagina Web Blogger senza codifica?<\/h3>\r\n\r\n\t\t\t\t\t\t<div class=\"faq-item-question-icon\"><\/div>\r\n\t\t\t\t\t<\/div>\r\n\r\n\t\t\t\t\t<div class=\"faq-item-answer\">\r\n\t\t\t\t\t\t<div class=\"faq-item-answer-text\"> <p>La societ\u00e0 Elfsight offre una soluzione cloud che consente agli utenti di creare da soli una sezione Slider, scopri quanto \u00e8 semplice: inizia a lavorare direttamente nella demo online per creare un widget Slider che desideri venga visualizzato sul sito di Blogger. Scegli uno dei nostri modelli predefiniti e modifica le impostazioni dello slider, cambia il layout e la combinazione di colori e aggiorna i tuoi contenuti, senza alcuna codifica. Fare clic per salvare lo Slider e copiare il codice del plugin per l&#8217;incorporamento, che pu\u00f2 essere incluso nella pagina web di Blogger senza acquistare un piano a pagamento. Con il configuratore intuitivo qualsiasi utente web pu\u00f2 creare un plug-in Slider online e incollarlo facilmente sul sito Web di Blogger. Non \u00e8 necessario pagare n\u00e9 fornire i dati della carta per accedere al servizio. Se riscontri problemi di qualsiasi tipo, non esitare a contattare il nostro team di supporto.<\/p> <\/div>\r\n\t\t\t\t\t<\/div>\r\n\t\t\t\t<\/div> <\/div><\/div>\n","protected":false},"excerpt":{"rendered":"","protected":false},"author":9,"featured_media":0,"parent":1656,"menu_order":0,"comment_status":"closed","ping_status":"closed","template":"templates\/template-application-platform.php","meta":{"publish_to_discourse":"","publish_post_category":"","wpdc_auto_publish_overridden":"","wpdc_topic_tags":"","wpdc_pin_topic":"","wpdc_pin_until":"","discourse_post_id":"","discourse_permalink":"","wpdc_publishing_response":"","wpdc_publishing_error":"","footnotes":""},"class_list":["post-5781","page","type-page","status-publish","hentry"],"yoast_head":"<!-- This site is optimized with the Yoast SEO plugin v25.3.1 - https:\/\/yoast.com\/wordpress\/plugins\/seo\/ -->\n<title>Widget Blogger Image Slider per il tuo sito web (gratuito e veloce)<\/title>\n<meta name=\"description\" content=\"\u00c8 semplicissimo progettare il tuo widget Foto e cursore immagine e visualizzarlo sul tuo sito web Blogger. Il servizio clienti Elfsight \u00e8 gratuito e veloce.\" \/>\n<meta name=\"robots\" content=\"index, follow, max-snippet:-1, max-image-preview:large, max-video-preview:-1\" \/>\n<link rel=\"canonical\" href=\"https:\/\/elfsight.com\/it\/slider-widget\/blogger\/\" \/>\n<meta property=\"og:locale\" content=\"it_IT\" \/>\n<meta property=\"og:type\" content=\"article\" \/>\n<meta property=\"og:title\" content=\"Widget Blogger Image Slider per il tuo sito web (gratuito e veloce)\" \/>\n<meta property=\"og:description\" content=\"\u00c8 semplicissimo progettare il tuo widget Foto e cursore immagine e visualizzarlo sul tuo sito web Blogger. Il servizio clienti Elfsight \u00e8 gratuito e veloce.\" \/>\n<meta property=\"og:url\" content=\"https:\/\/elfsight.com\/it\/slider-widget\/blogger\/\" \/>\n<meta property=\"og:site_name\" content=\"Elfsight IT\" \/>\n<meta property=\"article:modified_time\" content=\"2025-03-24T06:16:04+00:00\" \/>\n<meta name=\"twitter:card\" content=\"summary_large_image\" \/>\n<meta name=\"twitter:label1\" content=\"Tempo di lettura stimato\" \/>\n\t<meta name=\"twitter:data1\" content=\"3 minuti\" \/>\n<!-- \/ Yoast SEO plugin. -->","yoast_head_json":{"title":"Widget Blogger Image Slider per il tuo sito web (gratuito e veloce)","description":"\u00c8 semplicissimo progettare il tuo widget Foto e cursore immagine e visualizzarlo sul tuo sito web Blogger. Il servizio clienti Elfsight \u00e8 gratuito e veloce.","robots":{"index":"index","follow":"follow","max-snippet":"max-snippet:-1","max-image-preview":"max-image-preview:large","max-video-preview":"max-video-preview:-1"},"canonical":"https:\/\/elfsight.com\/it\/slider-widget\/blogger\/","og_locale":"it_IT","og_type":"article","og_title":"Widget Blogger Image Slider per il tuo sito web (gratuito e veloce)","og_description":"\u00c8 semplicissimo progettare il tuo widget Foto e cursore immagine e visualizzarlo sul tuo sito web Blogger. Il servizio clienti Elfsight \u00e8 gratuito e veloce.","og_url":"https:\/\/elfsight.com\/it\/slider-widget\/blogger\/","og_site_name":"Elfsight IT","article_modified_time":"2025-03-24T06:16:04+00:00","twitter_card":"summary_large_image","twitter_misc":{"Tempo di lettura stimato":"3 minuti"},"schema":{"@context":"https:\/\/schema.org","@graph":[{"@type":"WebPage","@id":"https:\/\/elfsight.com\/it\/slider-widget\/blogger\/","url":"https:\/\/elfsight.com\/it\/slider-widget\/blogger\/","name":"Widget Blogger Image Slider per il tuo sito web (gratuito e veloce)","isPartOf":{"@id":"https:\/\/elfsight.com\/it\/#website"},"datePublished":"1970-01-01T00:00:00+00:00","dateModified":"2025-03-24T06:16:04+00:00","description":"\u00c8 semplicissimo progettare il tuo widget Foto e cursore immagine e visualizzarlo sul tuo sito web Blogger. Il servizio clienti Elfsight \u00e8 gratuito e veloce.","breadcrumb":{"@id":"https:\/\/elfsight.com\/it\/slider-widget\/blogger\/#breadcrumb"},"inLanguage":"it-IT","potentialAction":[{"@type":"ReadAction","target":["https:\/\/elfsight.com\/it\/slider-widget\/blogger\/"]}]},{"@type":"BreadcrumbList","@id":"https:\/\/elfsight.com\/it\/slider-widget\/blogger\/#breadcrumb","itemListElement":[{"@type":"ListItem","position":1,"name":"Home","item":"https:\/\/elfsight.com\/it\/"},{"@type":"ListItem","position":2,"name":"Slider","item":"https:\/\/elfsight.com\/it\/slider-widget\/"},{"@type":"ListItem","position":3,"name":"Slider &#8211; Blogger"}]},{"@type":"WebSite","@id":"https:\/\/elfsight.com\/it\/#website","url":"https:\/\/elfsight.com\/it\/","name":"Elfsight IT","description":"Just another Elfsight Sites site","potentialAction":[{"@type":"SearchAction","target":{"@type":"EntryPoint","urlTemplate":"https:\/\/elfsight.com\/it\/?s={search_term_string}"},"query-input":{"@type":"PropertyValueSpecification","valueRequired":true,"valueName":"search_term_string"}}],"inLanguage":"it-IT"}]}},"meta_box":{"industry":"","seo_heading":"","heading":"","description":"","cta_heading":"","cta_description":"","application":"1655","h1":"Widget Dispositivo di scorrimento immagini di Blogger","h1_caption":"Aggiungi un'immagine o un dispositivo di scorrimento dei contenuti al tuo sito Web per mostrare elementi visivi, promozioni o contenuti chiave in modo dinamico nel tuo sito Web BigCommerce senza sforzo.","application_category":[],"applications_title":"","applications_request_title":"","applications_request_button_text":"","hero_text":"","hero_video":"","hero_video_schema_markup":"","selling_points_title":"","selling_points_caption":"","selling_points":[],"selling_points_cta_text":"","features_title":"","features":"","ed_cta_examples_text":"","ed_cta_examples_hidden":"","ed_cta_demo_text":"","ed_cta_demo_hidden":"","why_caption":"","why_editor_title":"","why_editor_text":"","why_team_title":"","why_team_text":"","why_service_title":"","why_service_text":"","template_catalog_visible":"0","template_catalog_title":"","template_catalog_text":"","template_catalog_categories_visible":"","demo_title":"Crea il tuo widget Slider","demo_caption":"Configura il tuo Slider e aggiungilo gratuitamente al tuo sito Blogger!","default_faq_hidden":"","app_template_category":[],"platform":"33","template_public_id":"","codecanyon_url":"","codecanyon_item_id":"","codecanyon_price":"","pricing_caption":"","pricing_elfsight_apps_hide_column":"","pricing_elfsight_apps_url":"","pricing_codecanyon_price_caption":"","integration_category":[],"integration_request_title":"","integration_request_cta":"","integration_platform":"","integrations":[],"platform_category":[],"video_schema_markup":"","price":"da $ 0 al mese","trial":"","benefits":[{"text":"Servizio di installazione gratuito"},{"text":"Supporto eccezionale"},{"text":"Garanzia di rimborso di 14 giorni"},{"text":"Miglioramenti gratuiti continui"}],"button_url":"#demo","button_target_blank":"0","button_nofollow":"0","attributes":[{"name":"Installazioni"},{"name":"Reattivo","content":"S\u00cc"},{"name":"Browser compatibili","content":"Firefox, Safari, Opera, Chrome, Edge"}],"tags":[],"tags_disable_links":"0","hide_more_platforms":"0","video_object":"","demo_hide_cta":"0","demo_hide_cloud_options":"0","pricing_title":"","pricing":[{"pricing_icon":"platform","pricing_title":"Elfsight Apps","pricing_title_caption":"Funziona su siti Web mobili","pricing_price":"da $ 0 \/ mese","pricing_price_caption":"inizia con un piano gratuito","pricing_benefits":[{"text":"Domini illimitati"},{"text":"Supporto rapido e puntuale"},{"text":"Assistenza per l'installazione gratuita"},{"text":"Progettazione flessibile"}],"pricing_button_text":"Aggiungi al sito web","pricing_button_url":"#demo"}],"related_apps_title":"","related_apps_hidden":"0","author":"","image":[],"title":"","job":"","social_networks":[]},"_links":{"self":[{"href":"https:\/\/elfsight.com\/it\/wp-json\/wp\/v2\/pages\/5781","targetHints":{"allow":["GET"]}}],"collection":[{"href":"https:\/\/elfsight.com\/it\/wp-json\/wp\/v2\/pages"}],"about":[{"href":"https:\/\/elfsight.com\/it\/wp-json\/wp\/v2\/types\/page"}],"author":[{"embeddable":true,"href":"https:\/\/elfsight.com\/it\/wp-json\/wp\/v2\/users\/9"}],"replies":[{"embeddable":true,"href":"https:\/\/elfsight.com\/it\/wp-json\/wp\/v2\/comments?post=5781"}],"version-history":[{"count":4,"href":"https:\/\/elfsight.com\/it\/wp-json\/wp\/v2\/pages\/5781\/revisions"}],"predecessor-version":[{"id":9872,"href":"https:\/\/elfsight.com\/it\/wp-json\/wp\/v2\/pages\/5781\/revisions\/9872"}],"up":[{"embeddable":true,"href":"https:\/\/elfsight.com\/it\/wp-json\/wp\/v2\/pages\/1656"}],"wp:attachment":[{"href":"https:\/\/elfsight.com\/it\/wp-json\/wp\/v2\/media?parent=5781"}],"curies":[{"name":"wp","href":"https:\/\/api.w.org\/{rel}","templated":true}]}}