{"id":5780,"date":"1970-01-01T00:00:00","date_gmt":"1970-01-01T00:00:00","guid":{"rendered":"https:\/\/elfsight.com\/it\/?page_id=5780"},"modified":"2025-03-24T06:17:26","modified_gmt":"2025-03-24T06:17:26","slug":"drupal","status":"publish","type":"page","link":"https:\/\/elfsight.com\/it\/slider-widget\/drupal\/","title":{"rendered":"Slider &#8211; Drupal"},"content":{"rendered":"\n<div class=\"application-platform-content-item-descrizione application-platform-content-item\" id=\"descrizione\" data-nav-section=\"descrizione\"><h2>Descrizione<\/h2> <p>Elfsight Photo &amp; Image Slider \u00e8 un modulo reattivo e semplice che ti consente di attirare l&#8217;attenzione dei visitatori del sito esponendo pi\u00f9 immagini, video o le migliori offerte sul tuo sito. Sentiti libero di utilizzare qualsiasi quantit\u00e0 di diapositive necessarie per mostrare i tuoi prodotti ed evidenziare le offerte pi\u00f9 interessanti. Aggiungi effetti visivi e ridimensiona le dimensioni dell&#8217;immagine\/video nel modo desiderato. Con il nostro strumento riuscirai a creare uno slider vivace che attirer\u00e0 l&#8217;attenzione dei visitatori del sito e non permetter\u00e0 loro di lasciare la tua pagina troppo presto.<\/p><p><b>Applica un modulo Slider accompagnato da contenuti interattivi per ottenere il tuo l&#8217;attenzione dei visitatori!<\/b><\/p><p><b>Migliore coinvolgimento degli utenti<\/b><br>Il widget Dispositivo di scorrimento immagini ti offre effetti visivi accattivanti che trasformeranno i tuoi contenuti in imperdibili per gli utenti che li indirizzano a lavora con esso e rispetta le azioni target.<\/p><p><b>Rivedi l&#8217;esperienza dell&#8217;utente<\/b><br>Ottieni le immagini pi\u00f9 accattivanti in un posto accattivante per rendere il lavoro con il tuo sito web fluido e semplice attirando cos\u00ec nuovo pubblico.<\/p><p><b>Aumenta le tue vendite<\/b><br>Sottolinea i tuoi progetti, i lavori pi\u00f9 memorabili o i numeri in primo piano tramite un modulo Slider che accompagna gli utenti direttamente all&#8217;acquisto .<\/p><\/div><div class=\"application-platform-content-item-features application-platform-content-item\" id=\"features\" data-nav-section=\"features\"><h2>Caratteristiche<\/h2><p>Visualizza tutte le caratteristiche funzionali del prodotto. Sono disponibili direttamente nell&#8217;editor e ti aiuteranno a creare il widget appositamente per il tuo caso.<\/p><ul><li>Utilizza CTA per guidare il tuo pubblico verso il tuo obiettivo.<\/li><li>Modifica il cambio diapositiva durata.<\/li><li>Scegli tra pi\u00f9 varianti.<\/li><li>Posiziona il testo in qualsiasi punto della pagina tramite la posizione avanzata.<\/li><li>Regola 5 funzioni di contenuto.<\/li><\/ul><p><a href=\"#demo\">Puoi testare tutte le caratteristiche funzionali del widget direttamente nella demo<\/a><\/p><\/div><div class=\"application-platform-content-item-installation application-platform-content-item\" id=\"installation\" data-nav-section=\"installation\"><h2>Come aggiungere il modulo Image Slider al sito Drupal?<\/h2><p>Per attivare il prodotto, segui le linee guida riportate di seguito.<\/p><ol><li><b>Apri la nostra demo gratuita e inizia a lavorare con il tuo modulo. <\/b><br> Scegli il design e la funzionalit\u00e0 preferiti del modulo e salva tutte le modifiche. <\/li> <li><b>Acquisisci il tuo codice personale mostrato nella finestra su Elfsight Apps. <\/b><br> Una volta completata la personalizzazione del tuo modulo personale, copia il codice esclusivo nella finestra visualizzata e conservalo per ulteriori necessit\u00e0. <\/li> <li><b>Accedi utilizzando il modulo sul tuo sito Drupal. <\/b><br> Incorpora il codice che hai salvato di recente nella tua pagina web e applica le modifiche. <\/li> <li><b>Il gioco \u00e8 fatto! L&#8217;integrazione \u00e8 completamente conclusa. <\/b><br> Apri la tua pagina web per osservare il lavoro del modulo. <\/li><\/ol><p>Non pensarci due volte per comunicare con la nostra assistenza clienti quando hai bisogno di aiuto o hai domande. Daremo una mano con ogni richiesta.<\/p><div class=\"faq\" data-component=\"FAQ\"><div class=\"faq-item\">\r\n\t\t\t\t\t<div class=\"faq-item-question\">\r\n\t\t\t\t\t\t<h3 class=\"faq-item-question-text\">Esiste un metodo per aggiungere uno Slider alla mia pagina web Drupal senza competenze di codifica?<\/h3>\r\n\r\n\t\t\t\t\t\t<div class=\"faq-item-question-icon\"><\/div>\r\n\t\t\t\t\t<\/div>\r\n\r\n\t\t\t\t\t<div class=\"faq-item-answer\">\r\n\t\t\t\t\t\t<div class=\"faq-item-answer-text\"> <p>La societ\u00e0 Elfsight offre un Cloud soluzione che consente a un vasto pubblico di creare tu stesso una sezione Slider, guarda quanto \u00e8 semplice il processo: inizia a lavorare direttamente nella demo live per generare un plug-in Slider che vorresti vedere sulla tua home page Drupal. Seleziona uno dei tanti modelli gi\u00e0 pronti e modifica le impostazioni dello Slider, aggiungi i tuoi contenuti, trasforma il layout e il colore degli elementi senza competenze di codifica. Fai clic per salvare le impostazioni effettuate su Slider e ottieni il codice di installazione che pu\u00f2 essere facilmente incluso nella pagina Web Drupal senza la necessit\u00e0 di acquistare una versione a pagamento. Con il nostro editor intuitivo ogni utente web pu\u00f2 creare un&#8217;app Slider e incollarla facilmente nella propria home page Drupal. Non dovresti ottenere un piano a pagamento o rivelare le credenziali della tua carta per accedere al servizio. Se incontri ostacoli di qualsiasi tipo, vai avanti e contatta il nostro personale di supporto.<\/p> <\/div>\r\n\t\t\t\t\t<\/div>\r\n\t\t\t\t<\/div> <\/div><\/div>\n","protected":false},"excerpt":{"rendered":"","protected":false},"author":9,"featured_media":0,"parent":1656,"menu_order":0,"comment_status":"closed","ping_status":"closed","template":"templates\/template-application-platform.php","meta":{"publish_to_discourse":"","publish_post_category":"","wpdc_auto_publish_overridden":"","wpdc_topic_tags":"","wpdc_pin_topic":"","wpdc_pin_until":"","discourse_post_id":"","discourse_permalink":"","wpdc_publishing_response":"","wpdc_publishing_error":"","footnotes":""},"class_list":["post-5780","page","type-page","status-publish","hentry"],"yoast_head":"<!-- This site is optimized with the Yoast SEO plugin v25.3.1 - https:\/\/yoast.com\/wordpress\/plugins\/seo\/ -->\n<title>Drupal Slider: aggiungi l&#039;app Image Slider al sito Web [2025]<\/title>\n<meta name=\"description\" content=\"Sfrutta la possibilit\u00e0 di modificare subito il modulo Slider personalizzato e aggiungerlo al tuo sito Drupal direttamente dalla demo live.\" \/>\n<meta name=\"robots\" content=\"index, follow, max-snippet:-1, max-image-preview:large, max-video-preview:-1\" \/>\n<link rel=\"canonical\" href=\"https:\/\/elfsight.com\/it\/slider-widget\/drupal\/\" \/>\n<meta property=\"og:locale\" content=\"it_IT\" \/>\n<meta property=\"og:type\" content=\"article\" \/>\n<meta property=\"og:title\" content=\"Drupal Slider: aggiungi l&#039;app Image Slider al sito Web [2025]\" \/>\n<meta property=\"og:description\" content=\"Sfrutta la possibilit\u00e0 di modificare subito il modulo Slider personalizzato e aggiungerlo al tuo sito Drupal direttamente dalla demo live.\" \/>\n<meta property=\"og:url\" content=\"https:\/\/elfsight.com\/it\/slider-widget\/drupal\/\" \/>\n<meta property=\"og:site_name\" content=\"Elfsight IT\" \/>\n<meta property=\"article:modified_time\" content=\"2025-03-24T06:17:26+00:00\" \/>\n<meta name=\"twitter:card\" content=\"summary_large_image\" \/>\n<meta name=\"twitter:label1\" content=\"Tempo di lettura stimato\" \/>\n\t<meta name=\"twitter:data1\" content=\"4 minuti\" \/>\n<!-- \/ Yoast SEO plugin. -->","yoast_head_json":{"title":"Drupal Slider: aggiungi l'app Image Slider al sito Web [2025]","description":"Sfrutta la possibilit\u00e0 di modificare subito il modulo Slider personalizzato e aggiungerlo al tuo sito Drupal direttamente dalla demo live.","robots":{"index":"index","follow":"follow","max-snippet":"max-snippet:-1","max-image-preview":"max-image-preview:large","max-video-preview":"max-video-preview:-1"},"canonical":"https:\/\/elfsight.com\/it\/slider-widget\/drupal\/","og_locale":"it_IT","og_type":"article","og_title":"Drupal Slider: aggiungi l'app Image Slider al sito Web [2025]","og_description":"Sfrutta la possibilit\u00e0 di modificare subito il modulo Slider personalizzato e aggiungerlo al tuo sito Drupal direttamente dalla demo live.","og_url":"https:\/\/elfsight.com\/it\/slider-widget\/drupal\/","og_site_name":"Elfsight IT","article_modified_time":"2025-03-24T06:17:26+00:00","twitter_card":"summary_large_image","twitter_misc":{"Tempo di lettura stimato":"4 minuti"},"schema":{"@context":"https:\/\/schema.org","@graph":[{"@type":"WebPage","@id":"https:\/\/elfsight.com\/it\/slider-widget\/drupal\/","url":"https:\/\/elfsight.com\/it\/slider-widget\/drupal\/","name":"Drupal Slider: aggiungi l'app Image Slider al sito Web [2025]","isPartOf":{"@id":"https:\/\/elfsight.com\/it\/#website"},"datePublished":"1970-01-01T00:00:00+00:00","dateModified":"2025-03-24T06:17:26+00:00","description":"Sfrutta la possibilit\u00e0 di modificare subito il modulo Slider personalizzato e aggiungerlo al tuo sito Drupal direttamente dalla demo live.","breadcrumb":{"@id":"https:\/\/elfsight.com\/it\/slider-widget\/drupal\/#breadcrumb"},"inLanguage":"it-IT","potentialAction":[{"@type":"ReadAction","target":["https:\/\/elfsight.com\/it\/slider-widget\/drupal\/"]}]},{"@type":"BreadcrumbList","@id":"https:\/\/elfsight.com\/it\/slider-widget\/drupal\/#breadcrumb","itemListElement":[{"@type":"ListItem","position":1,"name":"Home","item":"https:\/\/elfsight.com\/it\/"},{"@type":"ListItem","position":2,"name":"Slider","item":"https:\/\/elfsight.com\/it\/slider-widget\/"},{"@type":"ListItem","position":3,"name":"Slider &#8211; Drupal"}]},{"@type":"WebSite","@id":"https:\/\/elfsight.com\/it\/#website","url":"https:\/\/elfsight.com\/it\/","name":"Elfsight IT","description":"Just another Elfsight Sites site","potentialAction":[{"@type":"SearchAction","target":{"@type":"EntryPoint","urlTemplate":"https:\/\/elfsight.com\/it\/?s={search_term_string}"},"query-input":{"@type":"PropertyValueSpecification","valueRequired":true,"valueName":"search_term_string"}}],"inLanguage":"it-IT"}]}},"meta_box":{"industry":"","seo_heading":"","heading":"","description":"","cta_heading":"","cta_description":"","application":"1655","h1":"Modulo Drupal Image Slider","h1_caption":"Aggiungi un'immagine o un dispositivo di scorrimento dei contenuti al tuo sito web per mostrare immagini, promozioni o contenuti chiave in modo dinamico nel tuo sito web Blogger senza sforzo.","application_category":[],"applications_title":"","applications_request_title":"","applications_request_button_text":"","hero_text":"","hero_video":"","hero_video_schema_markup":"","selling_points_title":"","selling_points_caption":"","selling_points":[],"selling_points_cta_text":"","features_title":"","features":"","ed_cta_examples_text":"","ed_cta_examples_hidden":"","ed_cta_demo_text":"","ed_cta_demo_hidden":"","why_caption":"","why_editor_title":"","why_editor_text":"","why_team_title":"","why_team_text":"","why_service_title":"","why_service_text":"","template_catalog_visible":"0","template_catalog_title":"","template_catalog_text":"","template_catalog_categories_visible":"","demo_title":"Crea il tuo modulo Slider","demo_caption":"Configura il tuo Slider e aggiungilo gratuitamente al tuo sito Drupal!","default_faq_hidden":"","app_template_category":[],"platform":"34","template_public_id":"","codecanyon_url":"","codecanyon_item_id":"","codecanyon_price":"","pricing_caption":"","pricing_elfsight_apps_hide_column":"","pricing_elfsight_apps_url":"","pricing_codecanyon_price_caption":"","integration_category":[],"integration_request_title":"","integration_request_cta":"","integration_platform":"","integrations":[],"platform_category":[],"video_schema_markup":"","price":"da $ 0 al mese","trial":"","benefits":[{"text":"Aiuto per l'installazione gratuito"},{"text":"Assistenza clienti con esperienza"},{"text":"Garanzia di rimborso di 14 giorni"},{"text":"Sviluppo continuo"}],"button_url":"#demo","button_target_blank":"0","button_nofollow":"0","attributes":[{"name":"Installazioni"},{"name":"Reattivo","content":"S\u00cc"},{"name":"Browser compatibili","content":"IE11, Firefox, Safari, Opera, Chrome, Edge"}],"tags":[],"tags_disable_links":"0","hide_more_platforms":"0","video_object":"","demo_hide_cta":"0","demo_hide_cloud_options":"0","pricing_title":"","pricing":[{"pricing_icon":"platform","pricing_title":"Elfsight Apps","pricing_title_caption":"Soluzione digitale indipendente dalla piattaforma adatta a qualsiasi sito web","pricing_price":"da $ 0 \/ mese","pricing_price_caption":"inizia con il piano gratuito","pricing_benefits":[{"text":"Domini illimitati"},{"text":"Assistenza clienti 24 ore su 24, 7 giorni su 7"},{"text":"Assistenza gratuita per l'installazione"},{"text":"Offerta a tempo limitato per pi\u00f9 app"}],"pricing_button_text":"Aggiungi al sito web","pricing_button_url":"#demo"}],"related_apps_title":"","related_apps_hidden":"0","author":"","image":[],"title":"","job":"","social_networks":[]},"_links":{"self":[{"href":"https:\/\/elfsight.com\/it\/wp-json\/wp\/v2\/pages\/5780","targetHints":{"allow":["GET"]}}],"collection":[{"href":"https:\/\/elfsight.com\/it\/wp-json\/wp\/v2\/pages"}],"about":[{"href":"https:\/\/elfsight.com\/it\/wp-json\/wp\/v2\/types\/page"}],"author":[{"embeddable":true,"href":"https:\/\/elfsight.com\/it\/wp-json\/wp\/v2\/users\/9"}],"replies":[{"embeddable":true,"href":"https:\/\/elfsight.com\/it\/wp-json\/wp\/v2\/comments?post=5780"}],"version-history":[{"count":2,"href":"https:\/\/elfsight.com\/it\/wp-json\/wp\/v2\/pages\/5780\/revisions"}],"predecessor-version":[{"id":9873,"href":"https:\/\/elfsight.com\/it\/wp-json\/wp\/v2\/pages\/5780\/revisions\/9873"}],"up":[{"embeddable":true,"href":"https:\/\/elfsight.com\/it\/wp-json\/wp\/v2\/pages\/1656"}],"wp:attachment":[{"href":"https:\/\/elfsight.com\/it\/wp-json\/wp\/v2\/media?parent=5780"}],"curies":[{"name":"wp","href":"https:\/\/api.w.org\/{rel}","templated":true}]}}