{"id":5778,"date":"1970-01-01T00:00:00","date_gmt":"1970-01-01T00:00:00","guid":{"rendered":"https:\/\/elfsight.com\/it\/?page_id=5778"},"modified":"2025-03-24T06:18:28","modified_gmt":"2025-03-24T06:18:28","slug":"facebook","status":"publish","type":"page","link":"https:\/\/elfsight.com\/it\/slider-widget\/facebook\/","title":{"rendered":"Slider &#8211; Facebook Page"},"content":{"rendered":"\n<div class=\"application-platform-content-item-description application-platform-content-item\" id=\"description\" data-nav-section=\"description\"><h2>Descrizione<\/h2>Elfsight Image and Video Slider \u00e8 uno strumento semplice che ti consente di attirare l&#8217;attenzione degli utenti mostrando pi\u00f9 immagini, video o le migliori offerte sulla tua pagina. Utilizza il numero di diapositive necessario per mostrare i tuoi prodotti ed evidenziare le offerte pi\u00f9 interessanti. Aggiungi effetti visivi e modifica le dimensioni dell&#8217;immagine\/video nel modo desiderato. Tramite il nostro strumento riuscirai a creare uno slider ben contrassegnato che attirer\u00e0 l&#8217;attenzione dei visitatori della pagina e non permetter\u00e0 loro di lasciare la tua pagina in fretta.<p><b>Crea uno slider per qualsiasi scopo in pochi secondi!<\/b><\/p><\/div><div class=\"faq\" data-component=\"FAQ\"><div class=\"faq-item\">\r\n\t\t\t\t\t<div class=\"faq-item-question\">\r\n\t\t\t\t\t\t<h3 class=\"faq-item-question-text\">In che modo incorporo uno Slider nel sito Web di Facebook? <\/h3>\r\n\r\n\t\t\t\t\t\t<div class=\"faq-item-question-icon\"><\/div>\r\n\t\t\t\t\t<\/div>\r\n\r\n\t\t\t\t\t<div class=\"faq-item-answer\">\r\n\t\t\t\t\t\t<div class=\"faq-item-answer-text\"><p>La creazione dello strumento \u00e8 eseguito all&#8217;interno del sito Web Elfsight e non \u00e8 necessario codificare. Utilizza la demo live per costruire il tuo strumento personale, acquisire il codice e inserirlo nel tuo sito web. <\/p><\/div>\r\n\t\t\t\t\t<\/div>\r\n\t\t\t\t<\/div><div class=\"faq-item\">\r\n\t\t\t\t\t<div class=\"faq-item-question\">\r\n\t\t\t\t\t\t<h3 class=\"faq-item-question-text\">I modi migliori per utilizzare l'integrazione di immagini e video slider<\/h3>\r\n\r\n\t\t\t\t\t\t<div class=\"faq-item-question-icon\"><\/div>\r\n\t\t\t\t\t<\/div>\r\n\r\n\t\t\t\t\t<div class=\"faq-item-answer\">\r\n\t\t\t\t\t\t<div class=\"faq-item-answer-text\"><p>Abbiamo un&#8217;ampia gamma di opportunit\u00e0 di regolazione: widget su vasta scala da incorporare la zona dei contenuti, widget mobili con funzionalit\u00e0 di scorrimento, layout per pi\u00e8 di pagina, intestazione e tutti i tipi di opzioni verticali per barre laterali e menu. <\/p><\/div>\r\n\t\t\t\t\t<\/div>\r\n\t\t\t\t<\/div><div class=\"faq-item\">\r\n\t\t\t\t\t<div class=\"faq-item-question\">\r\n\t\t\t\t\t\t<h3 class=\"faq-item-question-text\">Posso creare uno Slider per la Galleria degli Articoli o della Palestra con l'aiuto dell'editor? <\/h3>\r\n\r\n\t\t\t\t\t\t<div class=\"faq-item-question-icon\"><\/div>\r\n\t\t\t\t\t<\/div>\r\n\r\n\t\t\t\t\t<div class=\"faq-item-answer\">\r\n\t\t\t\t\t\t<div class=\"faq-item-answer-text\"><p>Sei libero di creare qualsiasi modifica del widget. Ci sono moltissimi layout disponibili nell&#8217;editor e tutti possono essere facilmente modificati secondo le tue esigenze. <\/p><\/div>\r\n\t\t\t\t\t<\/div>\r\n\t\t\t\t<\/div><\/div> <div class=\"application-platform-content-item-features application-platform-content-item\" id=\"features\" data-nav-section=\"features\"><h2>Funzionalit\u00e0<\/h2><p>Ecco un elenco di tutte le funzionalit\u00e0 di Image &amp; Dispositivo di scorrimento video. Puoi modificarli direttamente nell&#8217;editor e ti aiuteranno a modellare il widget pi\u00f9 adatto alle tue esigenze.<\/p><ul><li>Utilizza i CTA per guidare il tuo pubblico verso il tuo obiettivo;<\/li><li>Cambia durata del cambio diapositiva;<\/li><li>Scegli tra le opzioni di impaginazione;<\/li><li>Inserisci i tuoi contenuti dove preferisci sulla pagina tramite la posizione avanzata;<\/li><li>Modifica cinque funzioni di contenuto.<\/li><\/ul><p><a href=\"#demo\">Controlla come funzionano tutte le funzionalit\u00e0, nella nostra demo<\/a><\/p><\/div> <div class=\"application-platform-content-item-installation application-platform-content-item\" id=\"installation\" data-nav-section=\"installation\"><h2>Come aggiungere uno slider di video e immagini alla pagina aziendale di Facebook?<\/h2><p>Per integrare il widget, segui le istruzioni di seguito<\/p><ul><li><b>Genera il tuo slider unico<\/b><br>Tramite il nostro configuratore gratuito, ottieni un plugin con composizione e funzionalit\u00e0 personalizzate. <\/li><li><b>Acquisisci il tuo codice individuale per installare il plugin<\/b><br>Dopo aver impostato il tuo widget, otterrai il codice individuale dalla finestra visualizzata su Elfsight Apps. Copia questo codice. <\/li><li><b>Aggiungi il widget Slider alla pagina Facebook<\/b><br> Crea la tua scheda Facebook personalizzata. Inserisci nella scheda il codice che hai ricevuto su elfsight apps. In caso di problemi, consulta la nostra guida su <a href=\"https:\/\/elfsight.com\/blog\/how-to-add-custom-tab-to-facebook-page\/\" target=\"_blank\" rel=\"noopener noreferrer\">creazione di una scheda Facebook personalizzata<\/a><\/li><li><b>Congratulazioni! Hai appena integrato il widget! <\/b><br>Visita la pagina per controllare il tuo widget. <\/li><\/ul><p>Prenditi un minuto per rivolgerti al nostro servizio clienti nel caso avessi bisogno di consigli o avessi qualcosa da chiedere. Saremo lieti di aiutarti con ogni richiesta.<\/p><\/div>\n","protected":false},"excerpt":{"rendered":"","protected":false},"author":9,"featured_media":0,"parent":1656,"menu_order":0,"comment_status":"closed","ping_status":"closed","template":"templates\/template-application-platform.php","meta":{"publish_to_discourse":"","publish_post_category":"","wpdc_auto_publish_overridden":"","wpdc_topic_tags":"","wpdc_pin_topic":"","wpdc_pin_until":"","discourse_post_id":"","discourse_permalink":"","wpdc_publishing_response":"","wpdc_publishing_error":"","footnotes":""},"class_list":["post-5778","page","type-page","status-publish","hentry"],"yoast_head":"<!-- This site is optimized with the Yoast SEO plugin v25.3.1 - https:\/\/yoast.com\/wordpress\/plugins\/seo\/ -->\n<title>Dispositivo di scorrimento di Facebook: aggiungi il widget Dispositivo di scorrimento delle immagini al sito Web di Facebook [2025]<\/title>\n<meta name=\"description\" content=\"Con Elfsight, crea la tua scheda Image Slider e aggiungila alla tua pagina aziendale Facebook. Abbiamo un servizio clienti gratuito e altri bonus.\" \/>\n<meta name=\"robots\" content=\"index, follow, max-snippet:-1, max-image-preview:large, max-video-preview:-1\" \/>\n<link rel=\"canonical\" href=\"https:\/\/elfsight.com\/it\/slider-widget\/facebook\/\" \/>\n<meta property=\"og:locale\" content=\"it_IT\" \/>\n<meta property=\"og:type\" content=\"article\" \/>\n<meta property=\"og:title\" content=\"Dispositivo di scorrimento di Facebook: aggiungi il widget Dispositivo di scorrimento delle immagini al sito Web di Facebook [2025]\" \/>\n<meta property=\"og:description\" content=\"Con Elfsight, crea la tua scheda Image Slider e aggiungila alla tua pagina aziendale Facebook. Abbiamo un servizio clienti gratuito e altri bonus.\" \/>\n<meta property=\"og:url\" content=\"https:\/\/elfsight.com\/it\/slider-widget\/facebook\/\" \/>\n<meta property=\"og:site_name\" content=\"Elfsight IT\" \/>\n<meta property=\"article:modified_time\" content=\"2025-03-24T06:18:28+00:00\" \/>\n<meta name=\"twitter:card\" content=\"summary_large_image\" \/>\n<meta name=\"twitter:label1\" content=\"Tempo di lettura stimato\" \/>\n\t<meta name=\"twitter:data1\" content=\"3 minuti\" \/>\n<!-- \/ Yoast SEO plugin. -->","yoast_head_json":{"title":"Dispositivo di scorrimento di Facebook: aggiungi il widget Dispositivo di scorrimento delle immagini al sito Web di Facebook [2025]","description":"Con Elfsight, crea la tua scheda Image Slider e aggiungila alla tua pagina aziendale Facebook. Abbiamo un servizio clienti gratuito e altri bonus.","robots":{"index":"index","follow":"follow","max-snippet":"max-snippet:-1","max-image-preview":"max-image-preview:large","max-video-preview":"max-video-preview:-1"},"canonical":"https:\/\/elfsight.com\/it\/slider-widget\/facebook\/","og_locale":"it_IT","og_type":"article","og_title":"Dispositivo di scorrimento di Facebook: aggiungi il widget Dispositivo di scorrimento delle immagini al sito Web di Facebook [2025]","og_description":"Con Elfsight, crea la tua scheda Image Slider e aggiungila alla tua pagina aziendale Facebook. Abbiamo un servizio clienti gratuito e altri bonus.","og_url":"https:\/\/elfsight.com\/it\/slider-widget\/facebook\/","og_site_name":"Elfsight IT","article_modified_time":"2025-03-24T06:18:28+00:00","twitter_card":"summary_large_image","twitter_misc":{"Tempo di lettura stimato":"3 minuti"},"schema":{"@context":"https:\/\/schema.org","@graph":[{"@type":"WebPage","@id":"https:\/\/elfsight.com\/it\/slider-widget\/facebook\/","url":"https:\/\/elfsight.com\/it\/slider-widget\/facebook\/","name":"Dispositivo di scorrimento di Facebook: aggiungi il widget Dispositivo di scorrimento delle immagini al sito Web di Facebook [2025]","isPartOf":{"@id":"https:\/\/elfsight.com\/it\/#website"},"datePublished":"1970-01-01T00:00:00+00:00","dateModified":"2025-03-24T06:18:28+00:00","description":"Con Elfsight, crea la tua scheda Image Slider e aggiungila alla tua pagina aziendale Facebook. Abbiamo un servizio clienti gratuito e altri bonus.","breadcrumb":{"@id":"https:\/\/elfsight.com\/it\/slider-widget\/facebook\/#breadcrumb"},"inLanguage":"it-IT","potentialAction":[{"@type":"ReadAction","target":["https:\/\/elfsight.com\/it\/slider-widget\/facebook\/"]}]},{"@type":"BreadcrumbList","@id":"https:\/\/elfsight.com\/it\/slider-widget\/facebook\/#breadcrumb","itemListElement":[{"@type":"ListItem","position":1,"name":"Home","item":"https:\/\/elfsight.com\/it\/"},{"@type":"ListItem","position":2,"name":"Slider","item":"https:\/\/elfsight.com\/it\/slider-widget\/"},{"@type":"ListItem","position":3,"name":"Slider &#8211; Facebook Page"}]},{"@type":"WebSite","@id":"https:\/\/elfsight.com\/it\/#website","url":"https:\/\/elfsight.com\/it\/","name":"Elfsight IT","description":"Just another Elfsight Sites site","potentialAction":[{"@type":"SearchAction","target":{"@type":"EntryPoint","urlTemplate":"https:\/\/elfsight.com\/it\/?s={search_term_string}"},"query-input":{"@type":"PropertyValueSpecification","valueRequired":true,"valueName":"search_term_string"}}],"inLanguage":"it-IT"}]}},"meta_box":{"industry":"","seo_heading":"","heading":"","description":"","cta_heading":"","cta_description":"","application":"1655","h1":"Dispositivo di scorrimento immagini e video per la pagina Facebook","h1_caption":"Aggiungi un'immagine o un dispositivo di scorrimento dei contenuti al tuo sito Web per mostrare elementi visivi, promozioni o contenuti chiave in modo dinamico nel tuo sito Web Elementor senza sforzo.","application_category":[],"applications_title":"","applications_request_title":"","applications_request_button_text":"","hero_text":"","hero_video":"","hero_video_schema_markup":"","selling_points_title":"","selling_points_caption":"","selling_points":[],"selling_points_cta_text":"","features_title":"","features":"","ed_cta_examples_text":"","ed_cta_examples_hidden":"","ed_cta_demo_text":"","ed_cta_demo_hidden":"","why_caption":"","why_editor_title":"","why_editor_text":"","why_team_title":"","why_team_text":"","why_service_title":"","why_service_text":"","template_catalog_visible":"0","template_catalog_title":"","template_catalog_text":"","template_catalog_categories_visible":"","demo_title":"Crea il tuo widget Slider","demo_caption":"Configura il tuo Slider e aggiungilo gratuitamente al sito della tua Pagina Facebook!","default_faq_hidden":"","app_template_category":[],"platform":"77","template_public_id":"","codecanyon_url":"","codecanyon_item_id":"","codecanyon_price":"","pricing_caption":"","pricing_elfsight_apps_hide_column":"","pricing_elfsight_apps_url":"","pricing_codecanyon_price_caption":"","integration_category":[],"integration_request_title":"","integration_request_cta":"","integration_platform":"","integrations":[],"platform_category":[],"video_schema_markup":"","price":"da $ 0 al mese","trial":"","benefits":[{"text":"Servizio di installazione gratuito"},{"text":"Assistenza clienti con esperienza"},{"text":"Garanzia di rimborso di 14 giorni"},{"text":"Aggiornamenti gratuiti regolari"}],"button_url":"#demo","button_target_blank":"0","button_nofollow":"0","attributes":[{"name":"Installazioni"},{"name":"Reattivo","content":"S\u00cc"},{"name":"Browser compatibili","content":"Firefox, Safari, Opera, Chrome, Edge"}],"tags":[],"tags_disable_links":"0","hide_more_platforms":"0","video_object":"","demo_hide_cta":"0","demo_hide_cloud_options":"0","pricing_title":"","pricing":[{"pricing_icon":"platform","pricing_title":"Elfsight Apps","pricing_title_caption":"Versione indipendente dalla piattaforma adatta a qualsiasi sito web","pricing_price":"da $ 0 \/ mese","pricing_price_caption":"inizia con il piano gratuito","pricing_benefits":[{"text":"Domini illimitati"},{"text":"Assistenza clienti premium"},{"text":"Supporto per l'installazione senza costi"},{"text":"100% personalizzabile"}],"pricing_button_text":"Aggiungi al sito web","pricing_button_url":"#demo"}],"related_apps_title":"","related_apps_hidden":"0","author":"","image":[],"title":"","job":"","social_networks":[]},"_links":{"self":[{"href":"https:\/\/elfsight.com\/it\/wp-json\/wp\/v2\/pages\/5778","targetHints":{"allow":["GET"]}}],"collection":[{"href":"https:\/\/elfsight.com\/it\/wp-json\/wp\/v2\/pages"}],"about":[{"href":"https:\/\/elfsight.com\/it\/wp-json\/wp\/v2\/types\/page"}],"author":[{"embeddable":true,"href":"https:\/\/elfsight.com\/it\/wp-json\/wp\/v2\/users\/9"}],"replies":[{"embeddable":true,"href":"https:\/\/elfsight.com\/it\/wp-json\/wp\/v2\/comments?post=5778"}],"version-history":[{"count":2,"href":"https:\/\/elfsight.com\/it\/wp-json\/wp\/v2\/pages\/5778\/revisions"}],"predecessor-version":[{"id":9874,"href":"https:\/\/elfsight.com\/it\/wp-json\/wp\/v2\/pages\/5778\/revisions\/9874"}],"up":[{"embeddable":true,"href":"https:\/\/elfsight.com\/it\/wp-json\/wp\/v2\/pages\/1656"}],"wp:attachment":[{"href":"https:\/\/elfsight.com\/it\/wp-json\/wp\/v2\/media?parent=5778"}],"curies":[{"name":"wp","href":"https:\/\/api.w.org\/{rel}","templated":true}]}}