{"id":5770,"date":"1970-01-01T00:00:00","date_gmt":"1970-01-01T00:00:00","guid":{"rendered":"https:\/\/elfsight.com\/it\/?page_id=5770"},"modified":"2025-03-24T07:02:18","modified_gmt":"2025-03-24T07:02:18","slug":"godaddy","status":"publish","type":"page","link":"https:\/\/elfsight.com\/it\/slider-widget\/godaddy\/","title":{"rendered":"Slider &#8211; GoDaddy"},"content":{"rendered":"\n<div class=\"application-platform-content-item-description application-platform-content-item\" id=\"description\" data-nav-section=\"description\"> <h2>Incorpora Slider su GoDaddy con il widget Elfsight<\/h2> <p>Elfsight Slider \u00e8 un semplice plugin per GoDaddy che ti consente di catturare gli utenti &#8216; attenzione mostrando loro pi\u00f9 immagini, video o le migliori offerte sul tuo sito web. Utilizza qualsiasi quantit\u00e0 di diapositive di cui hai bisogno per mostrare i tuoi prodotti e contrassegnare le offerte speciali. Aggiungi effetti visivi e ridimensiona le dimensioni dell&#8217;immagine\/video nel modo desiderato. Con l&#8217;aiuto del nostro strumento sarai in grado di creare uno slider apparente che attirer\u00e0 l&#8217;attenzione degli utenti e non permetter\u00e0 loro di lasciare il tuo sito web troppo presto.<\/p> <p><b>Attira nuove vendite mostrando i tuoi prodotti pi\u00f9 allettanti offerte con pulsante attivo!<\/b><\/p> <\/div> <div class=\"application-platform-content-item-features application-platform-content-item\" id=\"features\" data-nav-section=\"features\"> <h2>Queste sono solo alcune delle varie funzionalit\u00e0 del plugin: <\/h2> <ul><li>Aggiungi immagini \/ video tramite URL o caricali direttamente dal tuo dispositivo<\/li><li>Badge con molteplici opzioni di progettazione (riempito\/delineato, dimensioni degli elementi scalabili)<\/li><li>Durata del cambio diapositiva regolabile<\/li><li>Impaginazione (punti elenco, tratti, miniature, numeri)<\/li><li>Layout adattabile: posiziona il testo in qualsiasi punto della pagina<\/li><\/ul><p><a href=\"#demo\">Puoi scoprire funzionalit\u00e0 complete del plugin nella demo proprio qui<\/a><\/p> <\/div> <div class=\"application-platform-content-item-installation application-platform-content-item\" id=\"installation\" data-nav-section=\"installation\"> <h2>Come aggiungere Slider sul mio sito web GoDaddy? <\/h2> <p>Basta seguire diversi passaggi presentati di seguito per attivare il plugin. <\/p> <ol><li><b>Lancia il nostro configuratore gratuito e inizia a dare forma al tuo strumento unico. <\/b><br> Scegli la forma e la funzionalit\u00e0 preferite dello strumento e applica le correzioni. <\/li> <li><b>Ottieni il codice individuale che appare nella casella sulle app Elfsight. <\/b><br> Subito dopo aver completato la creazione del tuo strumento, copia il codice esclusivo nel popup visualizzato e conservalo per un uso futuro. <\/li> <li><b>Avvia l&#8217;utilizzo del plugin sulla tua home page di GoDaddy. <\/b><br> Integra il codice salvato di recente nella tua pagina e applica le modifiche. <\/li> <li><b>Fatto! L&#8217;incorporamento \u00e8 stato eseguito con successo. <\/b><br> Vai al tuo sito per dare un&#8217;occhiata a come funziona lo strumento. <\/li><\/ol> <p>Se dovessi riscontrare qualche problema, non aver paura di metterti in contatto con il nostro personale di supporto. Il nostro personale non vede l&#8217;ora di risolvere tutte le domande che potresti avere con il plugin. <\/p> <div class=\"faq\" data-component=\"FAQ\"><div class=\"faq-item\">\r\n\t\t\t\t\t<div class=\"faq-item-question\">\r\n\t\t\t\t\t\t<h3 class=\"faq-item-question-text\">In che modo \u00e8 possibile incorporare uno Slider nel mio GoDaddy senza esperienza di programmazione?<\/h3>\r\n\r\n\t\t\t\t\t\t<div class=\"faq-item-question-icon\"><\/div>\r\n\t\t\t\t\t<\/div>\r\n\r\n\t\t\t\t\t<div class=\"faq-item-answer\">\r\n\t\t\t\t\t\t<div class=\"faq-item-answer-text\"> \n<p>Elfsight offre una soluzione che consente agli utenti di creare da soli una sezione di Slider, scoprire quanto \u00e8 semplice: vai alla demo live per creare una sezione Slider che desideri includere nella home page di GoDaddy. Scegli uno dei nostri modelli predefiniti e modifica le impostazioni di Slider, aggiorna i tuoi contenuti, modifica il layout e i colori senza codifica. Fai clic per salvare lo Slider e copia il codice di installazione del plugin, che pu\u00f2 essere facilmente incluso gratuitamente nel sito Web GoDaddy. Con l&#8217;aiuto del nostro intuitivo configuratore ogni utente web pu\u00f2 creare una sezione Slider online e aggiungerla facilmente al sito web GoDaddy. Non dovresti sottoscrivere un abbonamento a pagamento o rivelare le credenziali della tua carta per accedere al servizio. Se riscontri problemi in qualsiasi momento, non esitare a metterti in contatto con il nostro staff di supporto tecnico.<\/p> \n<\/div>\r\n\t\t\t\t\t<\/div>\r\n\t\t\t\t<\/div> \n<\/div>\n<\/div>\n","protected":false},"excerpt":{"rendered":"","protected":false},"author":9,"featured_media":0,"parent":1656,"menu_order":0,"comment_status":"closed","ping_status":"closed","template":"templates\/template-application-platform.php","meta":{"publish_to_discourse":"","publish_post_category":"","wpdc_auto_publish_overridden":"","wpdc_topic_tags":"","wpdc_pin_topic":"","wpdc_pin_until":"","discourse_post_id":"","discourse_permalink":"","wpdc_publishing_response":"","wpdc_publishing_error":"","footnotes":""},"class_list":["post-5770","page","type-page","status-publish","hentry"],"yoast_head":"<!-- This site is optimized with the Yoast SEO plugin v25.3.1 - https:\/\/yoast.com\/wordpress\/plugins\/seo\/ -->\n<title>Slider reattivo: aggiungi il plug-in Slider al sito Web di GoDaddy!<\/title>\n<meta name=\"description\" content=\"Aggiungi un plug-in Slider reattivo e attraente al tuo sito Web GoDaddy e osserva il pubblico del tuo sito Web crescere rapidamente! Potenzia facilmente il tuo business!\" \/>\n<meta name=\"robots\" content=\"index, follow, max-snippet:-1, max-image-preview:large, max-video-preview:-1\" \/>\n<link rel=\"canonical\" href=\"https:\/\/elfsight.com\/it\/slider-widget\/godaddy\/\" \/>\n<meta property=\"og:locale\" content=\"it_IT\" \/>\n<meta property=\"og:type\" content=\"article\" \/>\n<meta property=\"og:title\" content=\"Slider reattivo: aggiungi il plug-in Slider al sito Web di GoDaddy!\" \/>\n<meta property=\"og:description\" content=\"Aggiungi un plug-in Slider reattivo e attraente al tuo sito Web GoDaddy e osserva il pubblico del tuo sito Web crescere rapidamente! Potenzia facilmente il tuo business!\" \/>\n<meta property=\"og:url\" content=\"https:\/\/elfsight.com\/it\/slider-widget\/godaddy\/\" \/>\n<meta property=\"og:site_name\" content=\"Elfsight IT\" \/>\n<meta property=\"article:modified_time\" content=\"2025-03-24T07:02:18+00:00\" \/>\n<meta name=\"twitter:card\" content=\"summary_large_image\" \/>\n<meta name=\"twitter:label1\" content=\"Tempo di lettura stimato\" \/>\n\t<meta name=\"twitter:data1\" content=\"3 minuti\" \/>\n<!-- \/ Yoast SEO plugin. -->","yoast_head_json":{"title":"Slider reattivo: aggiungi il plug-in Slider al sito Web di GoDaddy!","description":"Aggiungi un plug-in Slider reattivo e attraente al tuo sito Web GoDaddy e osserva il pubblico del tuo sito Web crescere rapidamente! Potenzia facilmente il tuo business!","robots":{"index":"index","follow":"follow","max-snippet":"max-snippet:-1","max-image-preview":"max-image-preview:large","max-video-preview":"max-video-preview:-1"},"canonical":"https:\/\/elfsight.com\/it\/slider-widget\/godaddy\/","og_locale":"it_IT","og_type":"article","og_title":"Slider reattivo: aggiungi il plug-in Slider al sito Web di GoDaddy!","og_description":"Aggiungi un plug-in Slider reattivo e attraente al tuo sito Web GoDaddy e osserva il pubblico del tuo sito Web crescere rapidamente! Potenzia facilmente il tuo business!","og_url":"https:\/\/elfsight.com\/it\/slider-widget\/godaddy\/","og_site_name":"Elfsight IT","article_modified_time":"2025-03-24T07:02:18+00:00","twitter_card":"summary_large_image","twitter_misc":{"Tempo di lettura stimato":"3 minuti"},"schema":{"@context":"https:\/\/schema.org","@graph":[{"@type":"WebPage","@id":"https:\/\/elfsight.com\/it\/slider-widget\/godaddy\/","url":"https:\/\/elfsight.com\/it\/slider-widget\/godaddy\/","name":"Slider reattivo: aggiungi il plug-in Slider al sito Web di GoDaddy!","isPartOf":{"@id":"https:\/\/elfsight.com\/it\/#website"},"datePublished":"1970-01-01T00:00:00+00:00","dateModified":"2025-03-24T07:02:18+00:00","description":"Aggiungi un plug-in Slider reattivo e attraente al tuo sito Web GoDaddy e osserva il pubblico del tuo sito Web crescere rapidamente! Potenzia facilmente il tuo business!","breadcrumb":{"@id":"https:\/\/elfsight.com\/it\/slider-widget\/godaddy\/#breadcrumb"},"inLanguage":"it-IT","potentialAction":[{"@type":"ReadAction","target":["https:\/\/elfsight.com\/it\/slider-widget\/godaddy\/"]}]},{"@type":"BreadcrumbList","@id":"https:\/\/elfsight.com\/it\/slider-widget\/godaddy\/#breadcrumb","itemListElement":[{"@type":"ListItem","position":1,"name":"Home","item":"https:\/\/elfsight.com\/it\/"},{"@type":"ListItem","position":2,"name":"Slider","item":"https:\/\/elfsight.com\/it\/slider-widget\/"},{"@type":"ListItem","position":3,"name":"Slider &#8211; GoDaddy"}]},{"@type":"WebSite","@id":"https:\/\/elfsight.com\/it\/#website","url":"https:\/\/elfsight.com\/it\/","name":"Elfsight IT","description":"Just another Elfsight Sites site","potentialAction":[{"@type":"SearchAction","target":{"@type":"EntryPoint","urlTemplate":"https:\/\/elfsight.com\/it\/?s={search_term_string}"},"query-input":{"@type":"PropertyValueSpecification","valueRequired":true,"valueName":"search_term_string"}}],"inLanguage":"it-IT"}]}},"meta_box":{"industry":"","seo_heading":"","heading":"","description":"","cta_heading":"","cta_description":"","application":"1655","h1":"Plug-in Slider di GoDaddy","h1_caption":"Aggiungi un'immagine o un dispositivo di scorrimento dei contenuti al tuo sito Web per mostrare immagini, promozioni o contenuti chiave in modo dinamico nel sito Web della tua pagina Facebook senza sforzo.","application_category":[],"applications_title":"","applications_request_title":"","applications_request_button_text":"","hero_text":"","hero_video":"","hero_video_schema_markup":"","selling_points_title":"","selling_points_caption":"","selling_points":[],"selling_points_cta_text":"","features_title":"","features":"","ed_cta_examples_text":"","ed_cta_examples_hidden":"","ed_cta_demo_text":"","ed_cta_demo_hidden":"","why_caption":"","why_editor_title":"","why_editor_text":"","why_team_title":"","why_team_text":"","why_service_title":"","why_service_text":"","template_catalog_visible":"0","template_catalog_title":"","template_catalog_text":"","template_catalog_categories_visible":"","demo_title":"Crea il tuo plugin Slider","demo_caption":"Configura il tuo Slider e aggiungilo gratuitamente al tuo sito web GoDaddy!","default_faq_hidden":"","app_template_category":[],"platform":"53","template_public_id":"","codecanyon_url":"","codecanyon_item_id":"","codecanyon_price":"","pricing_caption":"","pricing_elfsight_apps_hide_column":"","pricing_elfsight_apps_url":"","pricing_codecanyon_price_caption":"","integration_category":[],"integration_request_title":"","integration_request_cta":"","integration_platform":"","integrations":[],"platform_category":[],"video_schema_markup":"","price":"da $ 0 al mese","trial":"","benefits":[{"text":"Aiuto gratuito per l'installazione"},{"text":"Supporto eccezionale"},{"text":"Garanzia di rimborso di 14 giorni"},{"text":"Aggiornamento costante"}],"button_url":"#demo","button_target_blank":"0","button_nofollow":"0","attributes":[{"name":"Installazioni"},{"name":"Reattivo","content":"S\u00cc"},{"name":"Browser compatibili","content":"Edge, Chrome, Firefox, Safari, Opera"}],"tags":[],"tags_disable_links":"0","hide_more_platforms":"0","video_object":"","demo_hide_cta":"0","demo_hide_cloud_options":"0","pricing_title":"","pricing":[{"pricing_icon":"platform","pricing_title":"Elfsight Apps","pricing_title_caption":"Soluzione digitale multipiattaforma che funziona su qualsiasi sito","pricing_price":"da $ 0 \/ mese","pricing_price_caption":"inizia con il piano gratuito","pricing_benefits":[{"text":"Siti web illimitati"},{"text":"Supporto rapido e ben documentato"},{"text":"Aiuto per l'installazione gratuito"},{"text":"Completamente personalizzabile"}],"pricing_button_text":"Aggiungi al sito web","pricing_button_url":"#demo"}],"related_apps_title":"","related_apps_hidden":"0","author":"","image":[],"title":"","job":"","social_networks":[]},"_links":{"self":[{"href":"https:\/\/elfsight.com\/it\/wp-json\/wp\/v2\/pages\/5770","targetHints":{"allow":["GET"]}}],"collection":[{"href":"https:\/\/elfsight.com\/it\/wp-json\/wp\/v2\/pages"}],"about":[{"href":"https:\/\/elfsight.com\/it\/wp-json\/wp\/v2\/types\/page"}],"author":[{"embeddable":true,"href":"https:\/\/elfsight.com\/it\/wp-json\/wp\/v2\/users\/9"}],"replies":[{"embeddable":true,"href":"https:\/\/elfsight.com\/it\/wp-json\/wp\/v2\/comments?post=5770"}],"version-history":[{"count":3,"href":"https:\/\/elfsight.com\/it\/wp-json\/wp\/v2\/pages\/5770\/revisions"}],"predecessor-version":[{"id":9902,"href":"https:\/\/elfsight.com\/it\/wp-json\/wp\/v2\/pages\/5770\/revisions\/9902"}],"up":[{"embeddable":true,"href":"https:\/\/elfsight.com\/it\/wp-json\/wp\/v2\/pages\/1656"}],"wp:attachment":[{"href":"https:\/\/elfsight.com\/it\/wp-json\/wp\/v2\/media?parent=5770"}],"curies":[{"name":"wp","href":"https:\/\/api.w.org\/{rel}","templated":true}]}}