{"id":5764,"date":"1970-01-01T00:00:00","date_gmt":"1970-01-01T00:00:00","guid":{"rendered":"https:\/\/elfsight.com\/it\/?page_id=5764"},"modified":"2024-11-11T11:20:48","modified_gmt":"2024-11-11T11:20:48","slug":"jimdo","status":"publish","type":"page","link":"https:\/\/elfsight.com\/it\/slider-widget\/jimdo\/","title":{"rendered":"Slider &#8211; Jimdo"},"content":{"rendered":"<div class=\"application-platform-content-item-description application-platform-content-item\" id=\"description\" data-nav-section=\"description\"><h2>Descrizione<\/h2> <p>Elfsight Slider \u00e8 uno strumento semplice che ti consente di catturare l&#8217;attenzione degli utenti mostrando loro pi\u00f9 immagini, video o le migliori offerte sul tuo sito web. Utilizza qualsiasi quantit\u00e0 di diapositive di cui hai bisogno per mostrare i tuoi prodotti e contrassegnare le offerte speciali. Aggiungi effetti visivi e ridimensiona le dimensioni dell&#8217;immagine\/video nel modo desiderato. Con l&#8217;aiuto del nostro strumento sarai in grado di creare uno slider apparente che attirer\u00e0 l&#8217;attenzione degli utenti e non permetter\u00e0 loro di lasciare il tuo sito web troppo presto. <\/p> <p><b>Lancia Slider per raggiungere i tuoi obiettivi aziendali in modo pi\u00f9 efficiente! <\/b><\/p> <\/div> <div class=\"application-platform-content-item-features application-platform-content-item\" id=\"features\" data-nav-section=\"features\"> <h2>Queste sono solo alcune delle preziose funzionalit\u00e0 del widget: <\/h2> <ul><li>Aggiungi immagini\/video tramite URL o carica direttamente dal tuo dispositivo<\/li><li>Video di sfondo in loop<\/li><li>Pulsanti di invito all&#8217;azione<\/li><li>Durata del cambio diapositiva regolabile<\/li><li>Impaginazione (tratti, punti elenco, miniature, numeri)<\/li><li>Navigazione con scorrimento<\/li><li>Contenuti sovrapposti diapositiva per diapositiva<\/li><li>Possibilit\u00e0 di mettere in pausa la diapositiva al passaggio del mouse<\/li><li>Mostra barra di avanzamento <\/li><li>Due diverse opzioni di transizione delle immagini: Dissolvenza e Diapositiva<\/li><li>Quantit\u00e0 illimitata di diapositive<\/li><\/ul><p><a href=\"#demo\">Basta controllare questo demo per avere un&#8217;idea completa<\/a><\/p> <\/div> <div class=\"application-platform-content-item-installation application-platform-content-item\" id=\"installation\" data-nav-section=\"installation\"> <h2>Come aggiungere Slider a una pagina web Jimdo? <\/h2> <p>Applica semplicemente le istruzioni seguenti per iniziare a lavorare con lo strumento. <\/p> <ol><li><b>Lancia la nostra demo gratuita e inizia a creare il tuo widget personalizzato. <\/b><br> Trova il design e i parametri personalizzati del widget e applica le modifiche. <\/li> <li><b>Copia il codice univoco che appare nella finestra su Elfsight Apps. <\/b><br> Una volta terminata la creazione del tuo strumento personale, copia il codice esclusivo dal riquadro visualizzato e conservalo per un utilizzo futuro. <\/li> <li><b>Accedi utilizzando il widget sulla tua home page Jimdo. <\/b><br> Aggiungi il codice copiato in precedenza nel tuo sito web e applica le modifiche. <\/li> <li><b>Il gioco \u00e8 fatto! L&#8217;incorporamento \u00e8 stato eseguito con successo. <\/b><br> Visita la tua pagina per vedere il funzionamento dello strumento. <\/li><\/ol> <p>A condizione di affrontare domande o affrontare eventuali problemi, scrivi al nostro team di assistenza clienti. I nostri specialisti sono ansiosi di aiutarti con tutti i problemi che potresti riscontrare con il widget. <\/p> <div class=\"faq\" data-component=\"FAQ\"><div class=\"faq-item\">\r\n\t\t\t\t\t<div class=\"faq-item-question\">\r\n\t\t\t\t\t\t<h3 class=\"faq-item-question-text\">In che modo posso incorporare Slider nel mio Jimdo senza conoscenze di programmazione?<\/h3>\r\n\r\n\t\t\t\t\t\t<div class=\"faq-item-question-icon\"><\/div>\r\n\t\t\t\t\t<\/div>\r\n\r\n\t\t\t\t\t<div class=\"faq-item-answer\">\r\n\t\t\t\t\t\t<div class=\"faq-item-answer-text\"> <p>Elfsight offre una soluzione Cloud che consente a un vasto pubblico di creare da soli un widget Slider, scopri quanto \u00e8 semplice il processo: lavora direttamente nell&#8217;editor live per creare una sezione Slider che desideri integrare nella home page di Jimdo. Scegli uno dei modelli gi\u00e0 pronti e modifica le impostazioni dello Slider, cambia il layout e il colore degli elementi e aggiorna i tuoi contenuti, senza esperienza di codifica. Salva le impostazioni che hai effettuato su Slider e copia il codice di installazione del widget, che pu\u00f2 essere facilmente aggiunto alla pagina web Jimdo all&#8217;interno di un piano gratuito. Con il nostro semplice configuratore ogni utente di Internet pu\u00f2 creare un widget Slider online e incorporarlo facilmente in qualsiasi home page di Jimdo. Non \u00e8 necessario sottoscrivere un piano a pagamento o rivelare le credenziali della tua carta per accedere al servizio Elfsight. Se incontri ostacoli in qualsiasi momento, vai avanti e parla con il nostro staff di supporto..<\/p> <\/div>\r\n\t\t\t\t\t<\/div>\r\n\t\t\t\t<\/div> <\/div><\/div><p><\/p>","protected":false},"excerpt":{"rendered":"","protected":false},"author":9,"featured_media":0,"parent":1656,"menu_order":0,"comment_status":"closed","ping_status":"closed","template":"templates\/template-application-platform.php","meta":{"publish_to_discourse":"","publish_post_category":"","wpdc_auto_publish_overridden":"","wpdc_topic_tags":"","wpdc_pin_topic":"","wpdc_pin_until":"","discourse_post_id":"","discourse_permalink":"","wpdc_publishing_response":"","wpdc_publishing_error":"","footnotes":""},"class_list":["post-5764","page","type-page","status-publish","hentry"],"yoast_head":"<!-- This site is optimized with the Yoast SEO plugin v25.3.1 - https:\/\/yoast.com\/wordpress\/plugins\/seo\/ -->\n<title>Aggiungi il widget Image Slider a un sito web Jimdo [2025]<\/title>\n<meta name=\"description\" content=\"Sfrutta subito la possibilit\u00e0 di personalizzare il widget Slider personalizzato e aggiungerlo al tuo sito Jimdo direttamente dalla demo live.\" \/>\n<meta name=\"robots\" content=\"index, follow, max-snippet:-1, max-image-preview:large, max-video-preview:-1\" \/>\n<link rel=\"canonical\" href=\"https:\/\/elfsight.com\/it\/slider-widget\/jimdo\/\" \/>\n<meta property=\"og:locale\" content=\"it_IT\" \/>\n<meta property=\"og:type\" content=\"article\" \/>\n<meta property=\"og:title\" content=\"Aggiungi il widget Image Slider a un sito web Jimdo [2025]\" \/>\n<meta property=\"og:description\" content=\"Sfrutta subito la possibilit\u00e0 di personalizzare il widget Slider personalizzato e aggiungerlo al tuo sito Jimdo direttamente dalla demo live.\" \/>\n<meta property=\"og:url\" content=\"https:\/\/elfsight.com\/it\/slider-widget\/jimdo\/\" \/>\n<meta property=\"og:site_name\" content=\"Elfsight IT\" \/>\n<meta property=\"article:modified_time\" content=\"2024-11-11T11:20:48+00:00\" \/>\n<meta name=\"twitter:card\" content=\"summary_large_image\" \/>\n<meta name=\"twitter:label1\" content=\"Tempo di lettura stimato\" \/>\n\t<meta name=\"twitter:data1\" content=\"3 minuti\" \/>\n<!-- \/ Yoast SEO plugin. -->","yoast_head_json":{"title":"Aggiungi il widget Image Slider a un sito web Jimdo [2025]","description":"Sfrutta subito la possibilit\u00e0 di personalizzare il widget Slider personalizzato e aggiungerlo al tuo sito Jimdo direttamente dalla demo live.","robots":{"index":"index","follow":"follow","max-snippet":"max-snippet:-1","max-image-preview":"max-image-preview:large","max-video-preview":"max-video-preview:-1"},"canonical":"https:\/\/elfsight.com\/it\/slider-widget\/jimdo\/","og_locale":"it_IT","og_type":"article","og_title":"Aggiungi il widget Image Slider a un sito web Jimdo [2025]","og_description":"Sfrutta subito la possibilit\u00e0 di personalizzare il widget Slider personalizzato e aggiungerlo al tuo sito Jimdo direttamente dalla demo live.","og_url":"https:\/\/elfsight.com\/it\/slider-widget\/jimdo\/","og_site_name":"Elfsight IT","article_modified_time":"2024-11-11T11:20:48+00:00","twitter_card":"summary_large_image","twitter_misc":{"Tempo di lettura stimato":"3 minuti"},"schema":{"@context":"https:\/\/schema.org","@graph":[{"@type":"WebPage","@id":"https:\/\/elfsight.com\/it\/slider-widget\/jimdo\/","url":"https:\/\/elfsight.com\/it\/slider-widget\/jimdo\/","name":"Aggiungi il widget Image Slider a un sito web Jimdo [2025]","isPartOf":{"@id":"https:\/\/elfsight.com\/it\/#website"},"datePublished":"1970-01-01T00:00:00+00:00","dateModified":"2024-11-11T11:20:48+00:00","description":"Sfrutta subito la possibilit\u00e0 di personalizzare il widget Slider personalizzato e aggiungerlo al tuo sito Jimdo direttamente dalla demo live.","breadcrumb":{"@id":"https:\/\/elfsight.com\/it\/slider-widget\/jimdo\/#breadcrumb"},"inLanguage":"it-IT","potentialAction":[{"@type":"ReadAction","target":["https:\/\/elfsight.com\/it\/slider-widget\/jimdo\/"]}]},{"@type":"BreadcrumbList","@id":"https:\/\/elfsight.com\/it\/slider-widget\/jimdo\/#breadcrumb","itemListElement":[{"@type":"ListItem","position":1,"name":"Home","item":"https:\/\/elfsight.com\/it\/"},{"@type":"ListItem","position":2,"name":"Slider","item":"https:\/\/elfsight.com\/it\/slider-widget\/"},{"@type":"ListItem","position":3,"name":"Slider &#8211; Jimdo"}]},{"@type":"WebSite","@id":"https:\/\/elfsight.com\/it\/#website","url":"https:\/\/elfsight.com\/it\/","name":"Elfsight IT","description":"Just another Elfsight Sites site","potentialAction":[{"@type":"SearchAction","target":{"@type":"EntryPoint","urlTemplate":"https:\/\/elfsight.com\/it\/?s={search_term_string}"},"query-input":{"@type":"PropertyValueSpecification","valueRequired":true,"valueName":"search_term_string"}}],"inLanguage":"it-IT"}]}},"meta_box":{"industry":"","seo_heading":"","heading":"","description":"","cta_heading":"","cta_description":"","application":"1655","h1":"Widget Jimdo Dispositivo di scorrimento immagini","h1_caption":"Aggiungi un'immagine o un dispositivo di scorrimento dei contenuti al tuo sito web per mostrare immagini, promozioni o contenuti chiave in modo dinamico nel tuo sito web iFrame senza sforzo.","application_category":[],"applications_title":"","applications_request_title":"","applications_request_button_text":"","hero_text":"","hero_video":"","hero_video_schema_markup":"","selling_points_title":"","selling_points_caption":"","selling_points":[],"selling_points_cta_text":"","features_title":"","features":"","ed_cta_examples_text":"","ed_cta_examples_hidden":"","ed_cta_demo_text":"","ed_cta_demo_hidden":"","why_caption":"","why_editor_title":"","why_editor_text":"","why_team_title":"","why_team_text":"","why_service_title":"","why_service_text":"","template_catalog_visible":"","template_catalog_title":"","template_catalog_text":"","template_catalog_categories_visible":"","demo_title":"Crea il tuo widget Slider","demo_caption":"Configura il tuo Slider e aggiungilo gratuitamente al tuo sito Jimdo!","default_faq_hidden":"","app_template_category":[],"platform":"55","template_public_id":"","codecanyon_url":"","codecanyon_item_id":"","codecanyon_price":"","pricing_caption":"","pricing_elfsight_apps_hide_column":"","pricing_elfsight_apps_url":"","pricing_codecanyon_price_caption":"","integration_category":[],"integration_request_title":"","integration_request_cta":"","integration_platform":"","integrations":[],"platform_category":[],"video_schema_markup":"","price":"da $ 0 al mese","trial":"","benefits":[{"text":"Aiuto per l'installazione gratuito"},{"text":"Assistenza clienti con esperienza"},{"text":"Garanzia di rimborso di 14 giorni"},{"text":"Miglioramenti continui"}],"button_url":"#demo","button_target_blank":"","button_nofollow":"","attributes":[{"name":"Installazioni"},{"name":"Reattivo","content":"S\u00cc"},{"name":"Browser compatibili","content":"Firefox, Safari, Opera, Chrome, Edge"}],"tags":[],"tags_disable_links":"","hide_more_platforms":"","video_object":"","demo_hide_cta":"","demo_hide_cloud_options":"","pricing_title":"","pricing":[{"pricing_icon":"platform","pricing_title":"Elfsight Apps","pricing_title_caption":"Versione multipiattaforma","pricing_price":"da $ 0 \/ mese","pricing_price_caption":"inizia con un piano gratuito","pricing_benefits":[{"text":"Domini illimitati"},{"text":"Assistenza puntuale e 24 ore su 24, 7 giorni su 7"},{"text":"Servizio di installazione gratuito"},{"text":"Totalmente personalizzabile"}],"pricing_button_text":"Aggiungi al sito web","pricing_button_url":"#demo"}],"related_apps_title":"","related_apps_hidden":"","author":"","image":[],"title":"","job":"","social_networks":[]},"_links":{"self":[{"href":"https:\/\/elfsight.com\/it\/wp-json\/wp\/v2\/pages\/5764","targetHints":{"allow":["GET"]}}],"collection":[{"href":"https:\/\/elfsight.com\/it\/wp-json\/wp\/v2\/pages"}],"about":[{"href":"https:\/\/elfsight.com\/it\/wp-json\/wp\/v2\/types\/page"}],"author":[{"embeddable":true,"href":"https:\/\/elfsight.com\/it\/wp-json\/wp\/v2\/users\/9"}],"replies":[{"embeddable":true,"href":"https:\/\/elfsight.com\/it\/wp-json\/wp\/v2\/comments?post=5764"}],"version-history":[{"count":1,"href":"https:\/\/elfsight.com\/it\/wp-json\/wp\/v2\/pages\/5764\/revisions"}],"predecessor-version":[{"id":5768,"href":"https:\/\/elfsight.com\/it\/wp-json\/wp\/v2\/pages\/5764\/revisions\/5768"}],"up":[{"embeddable":true,"href":"https:\/\/elfsight.com\/it\/wp-json\/wp\/v2\/pages\/1656"}],"wp:attachment":[{"href":"https:\/\/elfsight.com\/it\/wp-json\/wp\/v2\/media?parent=5764"}],"curies":[{"name":"wp","href":"https:\/\/api.w.org\/{rel}","templated":true}]}}