{"id":5708,"date":"1970-01-01T00:00:00","date_gmt":"1970-01-01T00:00:00","guid":{"rendered":"https:\/\/elfsight.com\/it\/?page_id=5708"},"modified":"2025-03-21T09:01:54","modified_gmt":"2025-03-21T09:01:54","slug":"woocommerce","status":"publish","type":"page","link":"https:\/\/elfsight.com\/it\/sales-notification-widget\/woocommerce\/","title":{"rendered":"Sales Notification &#8211; Woocommerce"},"content":{"rendered":"\n<div class=\"application-platform-content-item-description application-platform-content-item\" id=\"description\" data-nav-section=\"description\"><h2>Incorpora notifiche di vendita su WooCommerce con il widget Elfsight<\/h2> <p>Il plugin Elfsight Sales Notifications, realizzato esclusivamente per WooCommerce, \u00e8 un widget versatile e robusto progettato per catturare l&#8217;attenzione dei visitatori del tuo sito web o della tua pagina. Con questo plugin dinamico a tua disposizione, puoi incorporare facilmente un&#8217;ampia variet\u00e0 di immagini, video o persino enfatizzare le ultime promozioni e offerte sul tuo negozio online. Le possibilit\u00e0 sono illimitate e hai la libert\u00e0 di aggiungere tutte le diapositive che desideri al codice HTML della tua pagina web WooCommerce, permettendoti di mostrare con orgoglio i tuoi prodotti ed evidenziare quelle promozioni allettanti.<\/p><p>Una delle qualit\u00e0 pi\u00f9 straordinarie. del plugin Elfsight Sales Notifications per WooCommerce \u00e8 la sua notevole adattabilit\u00e0. Puoi ottimizzare il posizionamento dei tuoi contenuti con otto posizioni desktop in primo piano, rendendo le presentazioni dei tuoi prodotti ancora pi\u00f9 accattivanti. Sperimenta varie alternative e trova la soluzione perfetta, assicurandoti che si adatti perfettamente alla scelta del design del tuo sito web e fornisca una visibilit\u00e0 ottimale.<\/p><p>Ci\u00f2 che rende eccezionale questo widget Notifiche sulle vendite di WooCommerce \u00e8 la sua capacit\u00e0 di assisterti nella creazione di un eye- un&#8217;esperienza accattivante che non solo attira gli utenti, ma li mantiene anche impegnati sulla tua pagina web per periodi pi\u00f9 lunghi. Mentre i visitatori esplorano il tuo sito WooCommerce, la natura dinamica e interattiva di questo plug-in garantisce che rimangano coinvolti, riducendo la probabilit\u00e0 che se ne vadano prematuramente.<\/p><p>Il plug-in Elfsight Sales Notifications per il sito Web WooCommerce apre un mondo di possibilit\u00e0 per imprese di e-commerce. Aumenta la visibilit\u00e0 del tuo prodotto, coinvolgi il tuo pubblico e migliora l&#8217;attrattiva generale del tuo sito web WooCommerce con questo widget eccezionale. \u00c8 il widget perfetto per i proprietari di siti Web WooCommerce che cercano di lasciare un&#8217;impressione duratura e generare pi\u00f9 conversioni. Porta oggi stesso il tuo sito web WooCommerce a nuovi livelli con il plugin Elfsight Sales Notifications. <\/p> <div class=\"faq\" data-component=\"FAQ\"><div class=\"faq-item\">\r\n\t\t\t\t\t<div class=\"faq-item-question\">\r\n\t\t\t\t\t\t<h3 class=\"faq-item-question-text\">Perch\u00e9 scegliere Elfsight Sales Notification for WooCommerce?<\/h3>\r\n\r\n\t\t\t\t\t\t<div class=\"faq-item-question-icon\"><\/div>\r\n\t\t\t\t\t<\/div>\r\n\r\n\t\t\t\t\t<div class=\"faq-item-answer\">\r\n\t\t\t\t\t\t<div class=\"faq-item-answer-text\"><p>Elfsight Sales Notification for WooCommerce \u00e8 la scelta preferita per i proprietari di negozi online che utilizzano WooCommerce che desiderano incrementare le vendite e creare fiducia nei propri clienti. Ecco alcuni motivi convincenti per selezionare questo plugin:<\/p><ul> <li>Integrazione semplice: aggiungere notifiche di vendita al tuo negozio WooCommerce \u00e8 un gioco da ragazzi. Non hai bisogno di alcuna capacit\u00e0 di programmazione; \u00e8 semplice come copiare e incollare.<\/li> <li>Opzioni di personalizzazione: personalizza il widget di notifica delle vendite in modo che corrisponda allo stile e al marchio del tuo negozio. Scegli tra vari temi, icone e impostazioni della posizione delle notifiche.<\/li> <li>Coinvolgimento in tempo reale: mantieni i tuoi clienti coinvolti visualizzando notifiche di vendita in tempo reale, mostrando gli acquisti recenti e creando un senso di attivit\u00e0 nel tuo negozio. <\/li> <li>Approfondimenti sui clienti: ottieni preziose informazioni sulle preferenze e sui comportamenti dei clienti monitorando le loro interazioni con il plug-in Notifiche sulle vendite.<\/li> <li>Aumenta le conversioni: fornendo prove sociali e costruendo la fiducia attraverso le notifiche di vendita, puoi aumenter\u00e0 la fiducia dei clienti e stimoler\u00e0 pi\u00f9 vendite.<\/li><\/ul><p>Con Elfsight Sales Notification for WooCommerce, puoi migliorare in modo significativo l&#8217;esperienza utente del tuo negozio, rendendolo pi\u00f9 dinamico e affidabile.<\/p><\/div>\r\n\t\t\t\t\t<\/div>\r\n\t\t\t\t<\/div><div class=\"faq-item\">\r\n\t\t\t\t\t<div class=\"faq-item-question\">\r\n\t\t\t\t\t\t<h3 class=\"faq-item-question-text\">Come aggiungere la notifica delle vendite Elfsight al tuo negozio WooCommerce?<\/h3>\r\n\r\n\t\t\t\t\t\t<div class=\"faq-item-question-icon\"><\/div>\r\n\t\t\t\t\t<\/div>\r\n\r\n\t\t\t\t\t<div class=\"faq-item-answer\">\r\n\t\t\t\t\t\t<div class=\"faq-item-answer-text\"><p>L&#8217;integrazione della notifica delle vendite Elfsight con il tuo negozio WooCommerce \u00e8 un processo rapido e semplice. Segui questi passaggi per iniziare:<\/p><ol> <li><strong>Personalizzazione del widget:<\/strong> inizia personalizzando il tuo widget di notifica delle vendite utilizzando il nostro configuratore gratuito. Puoi scegliere il layout, il design e altre impostazioni preferiti.<\/li> <li><strong>Codice di installazione:<\/strong> dopo aver personalizzato il tuo widget, riceverai un codice di installazione univoco. Copia questo codice, poich\u00e9 ti servir\u00e0 per il passaggio successivo.<\/li> <li><strong>Integrazione del negozio:<\/strong> accedi al backend del tuo negozio WooCommerce e incolla il codice di installazione nella posizione richiesta. Salva le modifiche.<\/li> <li><strong>Goditi le notifiche sulle vendite:<\/strong> il tuo widget Notifiche sulle vendite \u00e8 ora integrato con successo nel tuo negozio. Visita il tuo sito per vedere come funziona.<\/li><\/ol><p>Ecco fatto! Hai aggiunto con successo la notifica delle vendite Elfsight al tuo negozio WooCommerce e sei pronto per aumentare le vendite e creare fiducia con i tuoi clienti.<\/p><\/div>\r\n\t\t\t\t\t<\/div>\r\n\t\t\t\t<\/div><div class=\"faq-item\">\r\n\t\t\t\t\t<div class=\"faq-item-question\">\r\n\t\t\t\t\t\t<h3 class=\"faq-item-question-text\">Anteprima dell'aspetto del widget con la nostra demo dal vivo<\/h3>\r\n\r\n\t\t\t\t\t\t<div class=\"faq-item-question-icon\"><\/div>\r\n\t\t\t\t\t<\/div>\r\n\r\n\t\t\t\t\t<div class=\"faq-item-answer\">\r\n\t\t\t\t\t\t<div class=\"faq-item-answer-text\"><p>Sei curioso di sapere come apparir\u00e0 il widget Notifiche vendite sul tuo negozio WooCommerce? Puoi visualizzarne l&#8217;anteprima prima di aggiungerlo al tuo sito. Durante la personalizzazione del widget nel builder online, puoi vedere le modifiche in tempo reale sul lato destro. Ci\u00f2 significa che puoi assicurarti che le notifiche di vendita corrisponderanno perfettamente allo stile del tuo negozio WooCommerce.<\/p><p><a href=\"https:\/\/elfsight.com\/sales-notification-widget\/#demo\">Prova la demo dal vivo adesso<\/a><\/p><\/div>\r\n\t\t\t\t\t<\/div>\r\n\t\t\t\t<\/div><\/div><p><b>Incorpora il plug-in Notifiche sulle vendite per accelerare il successo del tuo e-commerce!<\/b><\/p><\/div><div class=\"application-platform-content-item-features application-platform-content-item\" id=\"features\" data-nav-section=\"features\"><h2>Caratteristiche principali del widget: una rapida panoramica<\/h2> <p>Scopri le impareggiabili funzionalit\u00e0 del plugin Elfsight Sales Notifications, rivoluzionando il modo in cui aumenti le prestazioni del tuo sito web o della tua pagina online e coinvolgimento degli utenti:<\/p><ul> <li> <strong>Oltre 20 modelli di notifica pronti all&#8217;uso:<\/strong> Elfsight offre una vasta gamma di modelli di notifica, tra cui prenotazione di hotel, vendite di negozi tecnologici, prodotti popolari vendite, recensioni di Google, prenotazioni di ristoranti, visitatori attivi, iscrizioni alla newsletter, iscrizioni ai canali YouTube, nuovi follower TikTok, appuntamenti dal medico, prenotazioni di saloni di bellezza e altro ancora. Personalizza questi modelli per adattarli facilmente al tuo marchio, il tutto senza richiedere competenze di codifica o esperienza di progettazione. <\/li> <li> <strong>Processo di costruzione semplificato:<\/strong> goditi un&#8217;esperienza senza problemi con pochi sforzi di input. I nostri modelli di notifiche di vendita WooCommerce sono progettati per tutti gli utenti, indipendentemente dal loro background di conoscenze. Non avrai bisogno di competenze di programmazione o studi di progettazione. Questi modelli WooCommerce rendono vari scenari convenienti per tutti. <\/li> <li> <strong>Maggiore fiducia dei clienti:<\/strong> visualizza notifiche in tempo reale per migliorare la fiducia e la credibilit\u00e0 dei clienti. Mostrando il coinvolgimento attivo degli utenti con i tuoi prodotti o servizi, puoi aumentare significativamente la loro fiducia, aumentandone le probabilit\u00e0 di effettuare un acquisto. <\/li> <li> <strong>Numero illimitato di notifiche di vendita:<\/strong> implementa la tua strategia di marketing senza limitazioni. Aggiungi al tuo sito WooCommerce tutte le notifiche di vendita che desideri, una dopo l&#8217;altra. Che tu stia promuovendo prodotti speciali, offerte esclusive o creando prove sociali, nulla ti fermer\u00e0. <\/li> <li> <strong>Informazioni accattivanti:<\/strong> assicurati che gli utenti non possano distogliere lo sguardo dalle tue notifiche. Fornisci messaggi dettagliati con nomi, numeri, posizioni, tempistiche e immagini vivide dei prodotti. Cattura la loro attenzione e costringili ad agire. <\/li> <li> <strong>Pulsanti di invito all&#8217;azione:<\/strong> crea un senso di urgenza con i pulsanti di invito all&#8217;azione incorporati nel tuo sito web. Questi pulsanti sono dotati di collegamenti di reindirizzamento e il tuo messaggio incoraggia gli utenti a intraprendere un&#8217;azione immediata sul tuo sito web WooCommerce, favorendo la viralit\u00e0. <\/li><\/ul><p>L&#8217;integrazione delle notifiche di vendita di Elfsight nel codice HTML della tua pagina web WooCommerce ti offre una serie di potenti funzionalit\u00e0, migliorando il coinvolgimento degli utenti e migliorando le prestazioni e l&#8217;estetica della tua pagina web. Queste funzionalit\u00e0 soddisfano ogni aspetto del tuo successo nell&#8217;e-commerce, rendendo pi\u00f9 semplice che mai l&#8217;ottimizzazione del tuo sito web e la creazione di un percorso utente pi\u00f9 coinvolgente.<\/p><p><a href=\"#demo\">Esplora le funzionalit\u00e0 del plug-in con l&#8217;aiuto della demo live.<\/a><\/p> <\/div><div class=\"application-platform-content-item-installation application-platform-content-item\" id=\"installation\" data-nav-section=\"installation\"><h2>Come aggiungere notifiche di vendita alla tua pagina WooCommerce<\/h2> <p>Segui questi semplici passaggi per incorporare il plug-in nel tuo sito WooCommerce.<\/p> <ol><li><b>Inizia utilizzando la nostra demo gratuita per creare il tuo plug-in Notifiche vendite personalizzato per il sito Web WooCommerce.<\/b><br> Seleziona il tuo preferito aspetto e funzionalit\u00e0 del widget e applicare le modifiche desiderate. <\/li> <li><b>Copia il codice HTML univoco generato sulle app Elfsight.<\/b><br> Dopo aver creato il tuo plugin personalizzato, copia il codice HTML fornito nella finestra popup e salvalo per un uso futuro. <\/li> <li><b>Incorpora il plug-in Notifiche vendite nel tuo sito web WooCommerce.<\/b><br> Aggiungi il codice salvato in precedenza nella sezione HTML del tuo sito web o pagina WooCommerce e apporta le modifiche necessarie. <\/li> <li><b>Ecco fatto! L&#8217;aggiunta delle notifiche di vendita \u00e8 completata.<\/b><br> Visita il tuo sito per vedere come funziona il plug-in WooCommerce Sales Notifications. <\/li><\/ol> <p>Se hai domande o incontri difficolt\u00e0, non esitare a contattare il nostro team di assistenza clienti. I nostri esperti sono pronti ad assisterti per qualsiasi domanda tu possa avere relativa ai prodotti.<\/p><\/div>\n","protected":false},"excerpt":{"rendered":"","protected":false},"author":9,"featured_media":0,"parent":3115,"menu_order":0,"comment_status":"closed","ping_status":"closed","template":"templates\/template-application-platform.php","meta":{"publish_to_discourse":"","publish_post_category":"","wpdc_auto_publish_overridden":"","wpdc_topic_tags":"","wpdc_pin_topic":"","wpdc_pin_until":"","discourse_post_id":"","discourse_permalink":"","wpdc_publishing_response":"","wpdc_publishing_error":"","footnotes":""},"class_list":["post-5708","page","type-page","status-publish","hentry"],"yoast_head":"<!-- This site is optimized with the Yoast SEO plugin v25.3.1 - https:\/\/yoast.com\/wordpress\/plugins\/seo\/ -->\n<title>Potenzia il tuo sito WooCommerce con il plug-in di notifica delle vendite Elfsight<\/title>\n<meta name=\"description\" content=\"Aumenta le conversioni e coinvolgi i visitatori con il plug-in di notifica delle vendite di Elfsight per WooCommerce. Esplora una gamma di modelli pronti all&#039;uso e sfrutta la potenza delle notifiche in tempo reale senza problemi di codifica. Migliora il tuo negozio WooCommerce oggi!\" \/>\n<meta name=\"robots\" content=\"index, follow, max-snippet:-1, max-image-preview:large, max-video-preview:-1\" \/>\n<link rel=\"canonical\" href=\"https:\/\/elfsight.com\/it\/sales-notification-widget\/woocommerce\/\" \/>\n<meta property=\"og:locale\" content=\"it_IT\" \/>\n<meta property=\"og:type\" content=\"article\" \/>\n<meta property=\"og:title\" content=\"Potenzia il tuo sito WooCommerce con il plug-in di notifica delle vendite Elfsight\" \/>\n<meta property=\"og:description\" content=\"Aumenta le conversioni e coinvolgi i visitatori con il plug-in di notifica delle vendite di Elfsight per WooCommerce. Esplora una gamma di modelli pronti all&#039;uso e sfrutta la potenza delle notifiche in tempo reale senza problemi di codifica. Migliora il tuo negozio WooCommerce oggi!\" \/>\n<meta property=\"og:url\" content=\"https:\/\/elfsight.com\/it\/sales-notification-widget\/woocommerce\/\" \/>\n<meta property=\"og:site_name\" content=\"Elfsight IT\" \/>\n<meta property=\"article:modified_time\" content=\"2025-03-21T09:01:54+00:00\" \/>\n<meta name=\"twitter:card\" content=\"summary_large_image\" \/>\n<meta name=\"twitter:label1\" content=\"Tempo di lettura stimato\" \/>\n\t<meta name=\"twitter:data1\" content=\"8 minuti\" \/>\n<!-- \/ Yoast SEO plugin. -->","yoast_head_json":{"title":"Potenzia il tuo sito WooCommerce con il plug-in di notifica delle vendite Elfsight","description":"Aumenta le conversioni e coinvolgi i visitatori con il plug-in di notifica delle vendite di Elfsight per WooCommerce. Esplora una gamma di modelli pronti all'uso e sfrutta la potenza delle notifiche in tempo reale senza problemi di codifica. Migliora il tuo negozio WooCommerce oggi!","robots":{"index":"index","follow":"follow","max-snippet":"max-snippet:-1","max-image-preview":"max-image-preview:large","max-video-preview":"max-video-preview:-1"},"canonical":"https:\/\/elfsight.com\/it\/sales-notification-widget\/woocommerce\/","og_locale":"it_IT","og_type":"article","og_title":"Potenzia il tuo sito WooCommerce con il plug-in di notifica delle vendite Elfsight","og_description":"Aumenta le conversioni e coinvolgi i visitatori con il plug-in di notifica delle vendite di Elfsight per WooCommerce. Esplora una gamma di modelli pronti all'uso e sfrutta la potenza delle notifiche in tempo reale senza problemi di codifica. Migliora il tuo negozio WooCommerce oggi!","og_url":"https:\/\/elfsight.com\/it\/sales-notification-widget\/woocommerce\/","og_site_name":"Elfsight IT","article_modified_time":"2025-03-21T09:01:54+00:00","twitter_card":"summary_large_image","twitter_misc":{"Tempo di lettura stimato":"8 minuti"},"schema":{"@context":"https:\/\/schema.org","@graph":[{"@type":"WebPage","@id":"https:\/\/elfsight.com\/it\/sales-notification-widget\/woocommerce\/","url":"https:\/\/elfsight.com\/it\/sales-notification-widget\/woocommerce\/","name":"Potenzia il tuo sito WooCommerce con il plug-in di notifica delle vendite Elfsight","isPartOf":{"@id":"https:\/\/elfsight.com\/it\/#website"},"datePublished":"1970-01-01T00:00:00+00:00","dateModified":"2025-03-21T09:01:54+00:00","description":"Aumenta le conversioni e coinvolgi i visitatori con il plug-in di notifica delle vendite di Elfsight per WooCommerce. Esplora una gamma di modelli pronti all'uso e sfrutta la potenza delle notifiche in tempo reale senza problemi di codifica. Migliora il tuo negozio WooCommerce oggi!","breadcrumb":{"@id":"https:\/\/elfsight.com\/it\/sales-notification-widget\/woocommerce\/#breadcrumb"},"inLanguage":"it-IT","potentialAction":[{"@type":"ReadAction","target":["https:\/\/elfsight.com\/it\/sales-notification-widget\/woocommerce\/"]}]},{"@type":"BreadcrumbList","@id":"https:\/\/elfsight.com\/it\/sales-notification-widget\/woocommerce\/#breadcrumb","itemListElement":[{"@type":"ListItem","position":1,"name":"Home","item":"https:\/\/elfsight.com\/it\/"},{"@type":"ListItem","position":2,"name":"Sales Notification","item":"https:\/\/elfsight.com\/it\/sales-notification-widget\/"},{"@type":"ListItem","position":3,"name":"Sales Notification &#8211; Woocommerce"}]},{"@type":"WebSite","@id":"https:\/\/elfsight.com\/it\/#website","url":"https:\/\/elfsight.com\/it\/","name":"Elfsight IT","description":"Just another Elfsight Sites site","potentialAction":[{"@type":"SearchAction","target":{"@type":"EntryPoint","urlTemplate":"https:\/\/elfsight.com\/it\/?s={search_term_string}"},"query-input":{"@type":"PropertyValueSpecification","valueRequired":true,"valueName":"search_term_string"}}],"inLanguage":"it-IT"}]}},"meta_box":{"industry":"","seo_heading":"","heading":"","description":"","cta_heading":"","cta_description":"","application":"3106","h1":"Come incorporare la notifica di vendita sul sito Web Woocommerce","h1_caption":"Evidenzia gli acquisti recenti o le azioni degli utenti con notifiche in tempo reale per creare prove sociali e aumentare le vendite nel tuo sito web WooCommerce senza sforzo.","application_category":[],"applications_title":"","applications_request_title":"","applications_request_button_text":"","hero_text":"","hero_video":"","hero_video_schema_markup":"","selling_points_title":"","selling_points_caption":"","selling_points":[],"selling_points_cta_text":"","features_title":"","features":"","ed_cta_examples_text":"","ed_cta_examples_hidden":"","ed_cta_demo_text":"","ed_cta_demo_hidden":"","why_caption":"","why_editor_title":"","why_editor_text":"","why_team_title":"","why_team_text":"","why_service_title":"","why_service_text":"","template_catalog_visible":"0","template_catalog_title":"","template_catalog_text":"","template_catalog_categories_visible":"","demo_title":"Crea la tua app di notifica delle vendite","demo_caption":"Configura la tua notifica di vendita e aggiungila gratuitamente al tuo sito WooCommerce!","default_faq_hidden":"","app_template_category":[],"platform":"80","template_public_id":"","codecanyon_url":"","codecanyon_item_id":"","codecanyon_price":"","pricing_caption":"","pricing_elfsight_apps_hide_column":"","pricing_elfsight_apps_url":"","pricing_codecanyon_price_caption":"","integration_category":[],"integration_request_title":"","integration_request_cta":"","integration_platform":"","integrations":[],"platform_category":[],"video_schema_markup":"","price":"da $ 0 al mese","trial":"","benefits":[{"text":"Assistenza per l'installazione gratuita"},{"text":"Servizio clienti efficace"},{"text":"Garanzia di rimborso di 14 giorni"},{"text":"Aggiornamento costante"}],"button_url":"#demo","button_target_blank":"0","button_nofollow":"0","attributes":[{"name":"Installazioni"},{"name":"Reattivo","content":"S\u00cc"},{"name":"Browser compatibili","content":"Firefox, Safari, Opera, Chrome, Edge"}],"tags":[],"tags_disable_links":"0","hide_more_platforms":"0","video_object":"","demo_hide_cta":"0","demo_hide_cloud_options":"0","pricing_title":"","pricing":[{"pricing_icon":"platform","pricing_title":"Elfsight Apps","pricing_title_caption":"Software indipendente dalla piattaforma","pricing_price":"da $ 0 \/ mese","pricing_price_caption":"inizia con un piano gratuito","pricing_benefits":[{"text":"Domini illimitati"},{"text":"Supporto aziendale 24 ore su 24, 7 giorni su 7"},{"text":"Aiuto per l'installazione gratuito"},{"text":"Progettazione flessibile"}],"pricing_button_text":"Aggiungi al sito web","pricing_button_url":"#demo"}],"related_apps_title":"","related_apps_hidden":"0","author":"","image":[],"title":"","job":"","social_networks":[]},"_links":{"self":[{"href":"https:\/\/elfsight.com\/it\/wp-json\/wp\/v2\/pages\/5708","targetHints":{"allow":["GET"]}}],"collection":[{"href":"https:\/\/elfsight.com\/it\/wp-json\/wp\/v2\/pages"}],"about":[{"href":"https:\/\/elfsight.com\/it\/wp-json\/wp\/v2\/types\/page"}],"author":[{"embeddable":true,"href":"https:\/\/elfsight.com\/it\/wp-json\/wp\/v2\/users\/9"}],"replies":[{"embeddable":true,"href":"https:\/\/elfsight.com\/it\/wp-json\/wp\/v2\/comments?post=5708"}],"version-history":[{"count":2,"href":"https:\/\/elfsight.com\/it\/wp-json\/wp\/v2\/pages\/5708\/revisions"}],"predecessor-version":[{"id":9545,"href":"https:\/\/elfsight.com\/it\/wp-json\/wp\/v2\/pages\/5708\/revisions\/9545"}],"up":[{"embeddable":true,"href":"https:\/\/elfsight.com\/it\/wp-json\/wp\/v2\/pages\/3115"}],"wp:attachment":[{"href":"https:\/\/elfsight.com\/it\/wp-json\/wp\/v2\/media?parent=5708"}],"curies":[{"name":"wp","href":"https:\/\/api.w.org\/{rel}","templated":true}]}}