{"id":5666,"date":"1970-01-01T00:00:00","date_gmt":"1970-01-01T00:00:00","guid":{"rendered":"https:\/\/elfsight.com\/it\/?page_id=5666"},"modified":"2026-01-15T10:53:39","modified_gmt":"2026-01-15T10:53:39","slug":"wordpress","status":"publish","type":"page","link":"https:\/\/elfsight.com\/it\/rss-feed-widget\/wordpress\/","title":{"rendered":"RSS Feed &#8211; WordPress"},"content":{"rendered":"<div class=\"application-platform-content-item-description application-platform-content-item\" id=\"description\" data-nav-section=\"description\"> <h2>Incorpora feed RSS su WordPress con il widget Elfsight<\/h2> <p>Elfsight RSS Feed per WordPress \u00e8 un plugin unico per il marketing di emozioni e esperienze. Utilizzandolo puoi progettare un feed personalizzato composto dal contenuto di vari siti Web di notizie e visualizzarlo direttamente sul tuo sito Web. Esercita il controllo completo su un contenuto dimostrato ed elimina lo spam e qualsiasi contenuto indesiderato tramite la moderazione manuale. L&#8217;editor online completamente reattivo ti offre vari modelli tra cui scegliere. <\/p> <p><b>Prova ad applicare il feed RSS per raggiungere i tuoi obiettivi aziendali pi\u00f9 rapidamente! <\/b><\/p> <\/div> <div class=\"application-platform-content-item-features application-platform-content-item\" id=\"features\" data-nav-section=\"features\"> <h2>Il widget offre funzionalit\u00e0 pratiche e semplici, visualizzane alcune: <\/h2> <ul><li>Nascondi la sezione head per rendere il tuo strumento minimalista. <\/li><li>Elimina eventuali spam e contenuti indesiderati utilizzando la moderazione manuale. <\/li><li>Scegli uno dei 6 layout presenti: Collage, Griglia, Massoneria, Carosello, Elenco, Slider. <\/li><li>Mostra i tuoi post in modalit\u00e0 pop-up. <\/li><\/ul><p><a href=\"#demo\">Basta controllare questa demo per vedere quanto vale il widget<\/a><\/p> <\/div> <div class=\"application-platform-content-item-installation application-platform-content-item\" id=\"installation\" data-nav-section=\"installation\"> <h2>Come posso aggiungere feed RSS al mio sito WordPress? <\/h2> <div class=\"video-container\">\n<iframe width=\"720\" height=\"405\" src=\"https:\/\/www.youtube.com\/embed\/7qtMuKUh0S8?si=3hYq7Yp-2QYnKTlm\" frameborder=\"0\" allowfullscreen=\"\"><\/iframe>\n<\/div><p>Basta applicare le istruzioni seguenti per aggiungere il plugin. <\/p> <ol><li><b>Esegui la nostra demo gratuita e inizia a creare il tuo plugin. <\/b><br> Trova il layout e la funzionalit\u00e0 selezionati del widget e applica le correzioni. <\/li> <li><b>Ricevi il codice personale riportato nell&#8217;apposito form su Elfsight Apps. <\/b><br> Subito dopo aver terminato la creazione del tuo widget, copia il codice individuale dal popup visualizzato e conservalo per un uso successivo. <\/li> <li><b>Inizia ad applicare il widget sul tuo sito WordPress. <\/b><br> Inserisci il codice salvato in precedenza nel tuo sito web e applica i miglioramenti. <\/li> <li><b>L&#8217;installazione \u00e8 stata completata con successo. <\/b><br> Visita il tuo sito web per dare un&#8217;occhiata a come viene eseguito il widget. <\/li><\/ol> <p>A condizione che tu debba gestire richieste o incontrare difficolt\u00e0, non esitare a rivolgerti al nostro team di supporto. Il nostro personale \u00e8 ansioso di risolvere tutte le difficolt\u00e0 che potresti avere con il prodotto. <\/p> <\/div><div class=\"faq\" data-component=\"FAQ\"><div class=\"faq-item\">\r\n\t\t\t\t\t<div class=\"faq-item-question\">\r\n\t\t\t\t\t\t<h3 class=\"faq-item-question-text\">Esiste un metodo per aggiungere feed RSS al mio sito WordPress senza competenze di codifica?<\/h3>\r\n\r\n\t\t\t\t\t\t<div class=\"faq-item-question-icon\"><\/div>\r\n\t\t\t\t\t<\/div>\r\n\r\n\t\t\t\t\t<div class=\"faq-item-answer\">\r\n\t\t\t\t\t\t<div class=\"faq-item-answer-text\"><p>La societ\u00e0 Elfsight presenta una soluzione SaaS che consente a un vasto pubblico di creare autonomamente una sezione di feed RSS, controlla le semplici istruzioni: <\/p><ul><li>Vai alla demo online per creare un&#8217;app di feed RSS che desideri venga visualizzata sul sito Web WordPress.<\/li><li>Scegli uno dei modelli predefiniti e modifica le impostazioni del feed RSS, cambia il layout e la combinazione di colori, includi i tuoi contenuti senza conoscenze di codifica.<\/li><li>Salva il feed RSS e copia il suo codice di installazione, che pu\u00f2 essere facilmente incollato nel tuo sito WordPress senza acquistare un piano a pagamento.<\/li><\/ul><p>Lavorando nell&#8217;editor intuitivo, ogni utente web pu\u00f2 generare plug-in Feed RSS online e includerlo nella propria pagina web WordPress. Non \u00e8 necessario pagare o inserire i dati della carta per accedere al nostro servizio. Se riscontri problemi di qualsiasi tipo, vai avanti e contatta il nostro supporto tecnico clienti.<\/p><\/div>\r\n\t\t\t\t\t<\/div>\r\n\t\t\t\t<\/div><\/div>","protected":false},"excerpt":{"rendered":"","protected":false},"author":9,"featured_media":0,"parent":2911,"menu_order":0,"comment_status":"closed","ping_status":"closed","template":"templates\/template-application-platform.php","meta":{"publish_to_discourse":"","publish_post_category":"","wpdc_auto_publish_overridden":"","wpdc_topic_tags":"","wpdc_pin_topic":"","wpdc_pin_until":"","discourse_post_id":"","discourse_permalink":"","wpdc_publishing_response":"","wpdc_publishing_error":"","footnotes":""},"class_list":["post-5666","page","type-page","status-publish","hentry"],"yoast_head":"<!-- This site is optimized with the Yoast SEO plugin v25.3.1 - https:\/\/yoast.com\/wordpress\/plugins\/seo\/ -->\n<title>Aggiungi il plug-in Feed RSS al sito Web WordPress (veloce e gratuito)<\/title>\n<meta name=\"description\" content=\"Integra un plug-in Feed RSS facile da gestire sul tuo sito WordPress. Utilizza la pratica demo di Elfsight e crea il tuo elegante feed RSS.\" \/>\n<meta name=\"robots\" content=\"index, follow, max-snippet:-1, max-image-preview:large, max-video-preview:-1\" \/>\n<link rel=\"canonical\" href=\"https:\/\/elfsight.com\/it\/rss-feed-widget\/wordpress\/\" \/>\n<meta property=\"og:locale\" content=\"it_IT\" \/>\n<meta property=\"og:type\" content=\"article\" \/>\n<meta property=\"og:title\" content=\"Aggiungi il plug-in Feed RSS al sito Web WordPress (veloce e gratuito)\" \/>\n<meta property=\"og:description\" content=\"Integra un plug-in Feed RSS facile da gestire sul tuo sito WordPress. Utilizza la pratica demo di Elfsight e crea il tuo elegante feed RSS.\" \/>\n<meta property=\"og:url\" content=\"https:\/\/elfsight.com\/it\/rss-feed-widget\/wordpress\/\" \/>\n<meta property=\"og:site_name\" content=\"Elfsight IT\" \/>\n<meta property=\"article:modified_time\" content=\"2026-01-15T10:53:39+00:00\" \/>\n<meta name=\"twitter:card\" content=\"summary_large_image\" \/>\n<meta name=\"twitter:label1\" content=\"Tempo di lettura stimato\" \/>\n\t<meta name=\"twitter:data1\" content=\"3 minuti\" \/>\n<!-- \/ Yoast SEO plugin. -->","yoast_head_json":{"title":"Aggiungi il plug-in Feed RSS al sito Web WordPress (veloce e gratuito)","description":"Integra un plug-in Feed RSS facile da gestire sul tuo sito WordPress. Utilizza la pratica demo di Elfsight e crea il tuo elegante feed RSS.","robots":{"index":"index","follow":"follow","max-snippet":"max-snippet:-1","max-image-preview":"max-image-preview:large","max-video-preview":"max-video-preview:-1"},"canonical":"https:\/\/elfsight.com\/it\/rss-feed-widget\/wordpress\/","og_locale":"it_IT","og_type":"article","og_title":"Aggiungi il plug-in Feed RSS al sito Web WordPress (veloce e gratuito)","og_description":"Integra un plug-in Feed RSS facile da gestire sul tuo sito WordPress. Utilizza la pratica demo di Elfsight e crea il tuo elegante feed RSS.","og_url":"https:\/\/elfsight.com\/it\/rss-feed-widget\/wordpress\/","og_site_name":"Elfsight IT","article_modified_time":"2026-01-15T10:53:39+00:00","twitter_card":"summary_large_image","twitter_misc":{"Tempo di lettura stimato":"3 minuti"},"schema":{"@context":"https:\/\/schema.org","@graph":[{"@type":"WebPage","@id":"https:\/\/elfsight.com\/it\/rss-feed-widget\/wordpress\/","url":"https:\/\/elfsight.com\/it\/rss-feed-widget\/wordpress\/","name":"Aggiungi il plug-in Feed RSS al sito Web WordPress (veloce e gratuito)","isPartOf":{"@id":"https:\/\/elfsight.com\/it\/#website"},"datePublished":"1970-01-01T00:00:00+00:00","dateModified":"2026-01-15T10:53:39+00:00","description":"Integra un plug-in Feed RSS facile da gestire sul tuo sito WordPress. Utilizza la pratica demo di Elfsight e crea il tuo elegante feed RSS.","breadcrumb":{"@id":"https:\/\/elfsight.com\/it\/rss-feed-widget\/wordpress\/#breadcrumb"},"inLanguage":"it-IT","potentialAction":[{"@type":"ReadAction","target":["https:\/\/elfsight.com\/it\/rss-feed-widget\/wordpress\/"]}]},{"@type":"BreadcrumbList","@id":"https:\/\/elfsight.com\/it\/rss-feed-widget\/wordpress\/#breadcrumb","itemListElement":[{"@type":"ListItem","position":1,"name":"Home","item":"https:\/\/elfsight.com\/it\/"},{"@type":"ListItem","position":2,"name":"RSS Feed","item":"https:\/\/elfsight.com\/it\/rss-feed-widget\/"},{"@type":"ListItem","position":3,"name":"RSS Feed &#8211; WordPress"}]},{"@type":"WebSite","@id":"https:\/\/elfsight.com\/it\/#website","url":"https:\/\/elfsight.com\/it\/","name":"Elfsight IT","description":"Just another Elfsight Sites site","potentialAction":[{"@type":"SearchAction","target":{"@type":"EntryPoint","urlTemplate":"https:\/\/elfsight.com\/it\/?s={search_term_string}"},"query-input":{"@type":"PropertyValueSpecification","valueRequired":true,"valueName":"search_term_string"}}],"inLanguage":"it-IT"}]}},"meta_box":{"industry":"","seo_heading":"","heading":"","description":"","cta_heading":"","cta_description":"","application":"2910","h1":"Plug-in per feed RSS di WordPress","h1_caption":"Visualizza i contenuti di qualsiasi sito Web di notizie sul tuo sito tramite Feed RSS in 1-2-3!","application_category":[],"applications_title":"","applications_request_title":"","applications_request_button_text":"","hero_text":"","hero_video":"","hero_video_schema_markup":"","selling_points_title":"","selling_points_caption":"","selling_points":[],"selling_points_cta_text":"","features_title":"","features":"","ed_cta_examples_text":"","ed_cta_examples_hidden":"","ed_cta_demo_text":"","ed_cta_demo_hidden":"","why_caption":"","why_editor_title":"","why_editor_text":"","why_team_title":"","why_team_text":"","why_service_title":"","why_service_text":"","template_catalog_visible":"0","template_catalog_title":"","template_catalog_text":"","template_catalog_categories_visible":"","demo_title":"Crea il tuo plugin per feed RSS","demo_caption":"Configura il tuo feed RSS e aggiungilo gratuitamente al tuo sito WordPress!","default_faq_hidden":"","app_template_category":[],"platform":"28","template_public_id":"","codecanyon_url":"","codecanyon_item_id":"","codecanyon_price":"","pricing_caption":"","pricing_elfsight_apps_hide_column":"","pricing_elfsight_apps_url":"","pricing_codecanyon_price_caption":"","integration_category":[],"integration_request_title":"","integration_request_cta":"","integration_platform":"","integrations":[],"platform_category":[],"video_schema_markup":"","price":"da $ 0 al mese","trial":"","benefits":[{"text":"Servizio di installazione gratuito"},{"text":"Servizio clienti efficace"},{"text":"Garanzia di rimborso di 14 giorni"},{"text":"Aggiornamenti gratuiti a vita"}],"button_url":"#demo","button_target_blank":"0","button_nofollow":"0","attributes":[{"name":"Installazioni"},{"name":"Reattivo","content":"S\u00cc"},{"name":"Browser compatibili","content":"IE11, Firefox, Safari, Opera, Chrome, Edge"}],"tags":[],"tags_disable_links":"0","hide_more_platforms":"0","video_object":"","demo_hide_cta":"0","demo_hide_cloud_options":"0","pricing_title":"","pricing":[{"pricing_icon":"platform","pricing_title":"Elfsight Apps","pricing_title_caption":"Soluzione indipendente dalla piattaforma che funziona su qualsiasi sito","pricing_price":"da $ 0 \/ mese","pricing_price_caption":"inizia con un piano gratuito","pricing_benefits":[{"text":"Siti web illimitati"},{"text":"Supporto dedicato, puntuale e ben documentato"},{"text":"Assistenza gratuita per l'installazione"},{"text":"Completamente personalizzabile"}],"pricing_button_text":"Aggiungi al sito web","pricing_button_url":"#demo"}],"related_apps_title":"","related_apps_hidden":"0","author":"","image":[],"title":"","job":"","social_networks":[]},"_links":{"self":[{"href":"https:\/\/elfsight.com\/it\/wp-json\/wp\/v2\/pages\/5666","targetHints":{"allow":["GET"]}}],"collection":[{"href":"https:\/\/elfsight.com\/it\/wp-json\/wp\/v2\/pages"}],"about":[{"href":"https:\/\/elfsight.com\/it\/wp-json\/wp\/v2\/types\/page"}],"author":[{"embeddable":true,"href":"https:\/\/elfsight.com\/it\/wp-json\/wp\/v2\/users\/9"}],"replies":[{"embeddable":true,"href":"https:\/\/elfsight.com\/it\/wp-json\/wp\/v2\/comments?post=5666"}],"version-history":[{"count":2,"href":"https:\/\/elfsight.com\/it\/wp-json\/wp\/v2\/pages\/5666\/revisions"}],"predecessor-version":[{"id":10585,"href":"https:\/\/elfsight.com\/it\/wp-json\/wp\/v2\/pages\/5666\/revisions\/10585"}],"up":[{"embeddable":true,"href":"https:\/\/elfsight.com\/it\/wp-json\/wp\/v2\/pages\/2911"}],"wp:attachment":[{"href":"https:\/\/elfsight.com\/it\/wp-json\/wp\/v2\/media?parent=5666"}],"curies":[{"name":"wp","href":"https:\/\/api.w.org\/{rel}","templated":true}]}}