{"id":5651,"date":"1970-01-01T00:00:00","date_gmt":"1970-01-01T00:00:00","guid":{"rendered":"https:\/\/elfsight.com\/it\/?page_id=5651"},"modified":"2025-03-24T05:10:46","modified_gmt":"2025-03-24T05:10:46","slug":"bigcommerce","status":"publish","type":"page","link":"https:\/\/elfsight.com\/it\/restaurant-menu-widget\/bigcommerce\/","title":{"rendered":"Restaurant Menu &#8211; BigCommerce"},"content":{"rendered":"\n<div class=\"application-platform-content-item-description application-platform-content-item\" id=\"description\" data-nav-section=\"description\"> <h2>Descrizione<\/h2><p>Il menu del ristorante di Elfsight \u00e8 una comoda app per mostrare la tua gamma di articoli direttamente sulla tua pagina. \u00c8 il modo pi\u00f9 rapido per far conoscere ai tuoi utenti la tua diversit\u00e0, trasmettere un&#8217;idea unica e attirare la loro attenzione con foto magnetiche di cibo. Il Menu del Ristorante \u00e8 assolutamente personalizzato. Grazie ad esso puoi impostare una gamma infinita di menu con un&#8217;ampia scelta di articoli o semplicemente presentare un breve elenco dei prodotti che servi. Seleziona lo schema chiaro, scuro o adatta tutto ci\u00f2 che ti piace, cambiando tutti i colori accentati. Niente pi\u00f9 file PDF da riscrivere all&#8217;inizio. Il tuo menu sar\u00e0 sempre aggiornato: potrai modificare i prezzi, un elenco di articoli, aggiungere nuovi piatti o persino menu in un clic! Tutto quello che devi fare \u00e8 iniziare a creare il tuo meraviglioso menu adesso. Non sono richieste competenze di programmazione o di progettazione.<\/p> <p><b>Ottieni il meglio da Restaurant Menu per affrontare le tue sfide aziendali con meno sforzo! La tua struttura pu\u00f2 avere pi\u00f9 potenziali clienti e ottenere una crescita attiva del business e aumentare le vendite. Inizia subito a utilizzare l&#8217;app! <\/b><\/p><\/div> <div class=\"application-platform-content-item-features application-platform-content-item\" id=\"features\" data-nav-section=\"features\"> <h2>Queste sono solo alcune delle potenti funzionalit\u00e0 del widget: <\/h2> <ul><li> Uno strumento semplice anche per i non- utenti tecnologici<\/li><li>Quantit\u00e0 illimitata di menu, sezioni o elementi, organizzati con layout a scheda, elenco o in muratura<\/li><li>Menu facile da correggere e tutte le sue impostazioni ogni volta che lo desideri: prezzi, stagionalit\u00e0 piatti, bevande, ecc. <\/li><li> Aggiungi descrizioni dettagliate per gli articoli, incluse icone, elementi nutrizionali e badge<\/li><li>Imposta immagini deliziose per gli articoli e mostrale anche in modalit\u00e0 popup<\/li><li>Cambia e ricolora qualsiasi elemento: testo, combinazione di colori e icone<\/li><\/ul><p><a href=\"#demo\">Basta controllare questa demo per vedere come funziona<\/a><\/p> <\/div> <div class=\"application-platform-content-item-installation application-platform-content-item\" id=\"installation\" data-nav-section=\"installation\"> <h2>Come incorporo il menu del ristorante nel mio sito web BigCommerce? <\/h2> <div class=\"video-container\"><iframe width=\"560\" height=\"315\" src=\"https:\/\/www.youtube.com\/embed\/0ErBT690-Rg?si=01qCFoydT76cSJfh\" frameborder=\"0\" allow=\"accelerometer; autoplay; clipboard-write; encrypted-media; gyroscope; picture-in-picture; web-share\" allowfullscreen><\/iframe><\/div><p>Basta applicare le istruzioni seguenti per attivare lo strumento. <\/p> <ol><li><b>Utilizza il nostro editor gratuito e inizia a creare il tuo widget. <\/b><br> Scegli il design e le specifiche preferite del widget e applica tutte le modifiche. <\/li> <li><b>Copia il codice individuale mostrato nella finestra su Elfsight Apps. <\/b><br> Non appena la creazione del tuo widget personale \u00e8 terminata, copia il codice esclusivo nella finestra visualizzata e salvalo per un utilizzo futuro. <\/li> <li><b>Inizia ad applicare il widget sul tuo sito web BigCommerce. <\/b><br> Inserisci il codice che hai copiato di recente nel tuo sito e salva i miglioramenti. <\/li> <li><b>L&#8217;installazione \u00e8 completamente completata. <\/b><br> Apri il tuo sito web per dare un&#8217;occhiata al funzionamento del widget. <\/li><\/ol><p>Se dovessi affrontare domande o affrontare qualsiasi difficolt\u00e0, contatta il nostro team di assistenza clienti. I nostri specialisti sono ansiosi di aiutarti con tutte le domande che potresti avere sull&#8217;app. <\/p> <div class=\"faq\" data-component=\"FAQ\"><div class=\"faq-item\">\r\n\t\t\t\t\t<div class=\"faq-item-question\">\r\n\t\t\t\t\t\t<h3 class=\"faq-item-question-text\">In che modo posso aggiungere Restaurant Menu al mio sito web BigCommerce senza esperienza di codifica?<\/h3>\r\n\r\n\t\t\t\t\t\t<div class=\"faq-item-question-icon\"><\/div>\r\n\t\t\t\t\t<\/div>\r\n\r\n\t\t\t\t\t<div class=\"faq-item-answer\">\r\n\t\t\t\t\t\t<div class=\"faq-item-answer-text\"> <p>Elfsight offre una soluzione che consente agli utenti di creare autonomamente un plug-in Restaurant Menu, scopri quanto \u00e8 semplice: inizia a lavorare direttamente nell&#8217;editor online per creare un widget del menu del ristorante che desideri includere nel tuo sito BigCommerce. Scegli uno dei modelli gi\u00e0 pronti e adatta le impostazioni del menu del ristorante, includi i tuoi contenuti, modifica il layout e i colori senza alcuna conoscenza di programmazione. Salva le impostazioni che hai effettuato nel Menu Ristorante e copia il codice di installazione del widget, che potr\u00e0 essere aggiunto nella pagina web di BigCommerce utilizzando un piano gratuito. Utilizzando il nostro editor intuitivo, qualsiasi utente web pu\u00f2 creare una sezione del menu del ristorante e incorporarla facilmente nel sito BigCommerce. Non \u00e8 necessario sottoscrivere un piano a pagamento o inviare i dati della carta per accedere al servizio. Se riscontri problemi in qualsiasi momento, non esitare a parlare con la nostra assistenza clienti.<\/p> <\/div>\r\n\t\t\t\t\t<\/div>\r\n\t\t\t\t<\/div> <\/div><\/div>\n","protected":false},"excerpt":{"rendered":"","protected":false},"author":9,"featured_media":0,"parent":2834,"menu_order":0,"comment_status":"closed","ping_status":"closed","template":"templates\/template-application-platform.php","meta":{"publish_to_discourse":"","publish_post_category":"","wpdc_auto_publish_overridden":"","wpdc_topic_tags":"","wpdc_pin_topic":"","wpdc_pin_until":"","discourse_post_id":"","discourse_permalink":"","wpdc_publishing_response":"","wpdc_publishing_error":"","footnotes":""},"class_list":["post-5651","page","type-page","status-publish","hentry"],"yoast_head":"<!-- This site is optimized with the Yoast SEO plugin v25.3.1 - https:\/\/yoast.com\/wordpress\/plugins\/seo\/ -->\n<title>App Restaurant Menu per il sito web BigCommerce: veloce e gratuita<\/title>\n<meta name=\"description\" content=\"Inserisci un menu ristorante reattivo sulla tua pagina web BigCommerce. Prova la pratica demo di Elfsight e crea la tua elegante app in un paio di clic.\" \/>\n<meta name=\"robots\" content=\"index, follow, max-snippet:-1, max-image-preview:large, max-video-preview:-1\" \/>\n<link rel=\"canonical\" href=\"https:\/\/elfsight.com\/it\/restaurant-menu-widget\/bigcommerce\/\" \/>\n<meta property=\"og:locale\" content=\"it_IT\" \/>\n<meta property=\"og:type\" content=\"article\" \/>\n<meta property=\"og:title\" content=\"App Restaurant Menu per il sito web BigCommerce: veloce e gratuita\" \/>\n<meta property=\"og:description\" content=\"Inserisci un menu ristorante reattivo sulla tua pagina web BigCommerce. Prova la pratica demo di Elfsight e crea la tua elegante app in un paio di clic.\" \/>\n<meta property=\"og:url\" content=\"https:\/\/elfsight.com\/it\/restaurant-menu-widget\/bigcommerce\/\" \/>\n<meta property=\"og:site_name\" content=\"Elfsight IT\" \/>\n<meta property=\"article:modified_time\" content=\"2025-03-24T05:10:46+00:00\" \/>\n<meta name=\"twitter:card\" content=\"summary_large_image\" \/>\n<meta name=\"twitter:label1\" content=\"Tempo di lettura stimato\" \/>\n\t<meta name=\"twitter:data1\" content=\"4 minuti\" \/>\n<!-- \/ Yoast SEO plugin. -->","yoast_head_json":{"title":"App Restaurant Menu per il sito web BigCommerce: veloce e gratuita","description":"Inserisci un menu ristorante reattivo sulla tua pagina web BigCommerce. Prova la pratica demo di Elfsight e crea la tua elegante app in un paio di clic.","robots":{"index":"index","follow":"follow","max-snippet":"max-snippet:-1","max-image-preview":"max-image-preview:large","max-video-preview":"max-video-preview:-1"},"canonical":"https:\/\/elfsight.com\/it\/restaurant-menu-widget\/bigcommerce\/","og_locale":"it_IT","og_type":"article","og_title":"App Restaurant Menu per il sito web BigCommerce: veloce e gratuita","og_description":"Inserisci un menu ristorante reattivo sulla tua pagina web BigCommerce. Prova la pratica demo di Elfsight e crea la tua elegante app in un paio di clic.","og_url":"https:\/\/elfsight.com\/it\/restaurant-menu-widget\/bigcommerce\/","og_site_name":"Elfsight IT","article_modified_time":"2025-03-24T05:10:46+00:00","twitter_card":"summary_large_image","twitter_misc":{"Tempo di lettura stimato":"4 minuti"},"schema":{"@context":"https:\/\/schema.org","@graph":[{"@type":"WebPage","@id":"https:\/\/elfsight.com\/it\/restaurant-menu-widget\/bigcommerce\/","url":"https:\/\/elfsight.com\/it\/restaurant-menu-widget\/bigcommerce\/","name":"App Restaurant Menu per il sito web BigCommerce: veloce e gratuita","isPartOf":{"@id":"https:\/\/elfsight.com\/it\/#website"},"datePublished":"1970-01-01T00:00:00+00:00","dateModified":"2025-03-24T05:10:46+00:00","description":"Inserisci un menu ristorante reattivo sulla tua pagina web BigCommerce. Prova la pratica demo di Elfsight e crea la tua elegante app in un paio di clic.","breadcrumb":{"@id":"https:\/\/elfsight.com\/it\/restaurant-menu-widget\/bigcommerce\/#breadcrumb"},"inLanguage":"it-IT","potentialAction":[{"@type":"ReadAction","target":["https:\/\/elfsight.com\/it\/restaurant-menu-widget\/bigcommerce\/"]}]},{"@type":"BreadcrumbList","@id":"https:\/\/elfsight.com\/it\/restaurant-menu-widget\/bigcommerce\/#breadcrumb","itemListElement":[{"@type":"ListItem","position":1,"name":"Home","item":"https:\/\/elfsight.com\/it\/"},{"@type":"ListItem","position":2,"name":"Restaurant Menu","item":"https:\/\/elfsight.com\/it\/restaurant-menu-widget\/"},{"@type":"ListItem","position":3,"name":"Restaurant Menu &#8211; BigCommerce"}]},{"@type":"WebSite","@id":"https:\/\/elfsight.com\/it\/#website","url":"https:\/\/elfsight.com\/it\/","name":"Elfsight IT","description":"Just another Elfsight Sites site","potentialAction":[{"@type":"SearchAction","target":{"@type":"EntryPoint","urlTemplate":"https:\/\/elfsight.com\/it\/?s={search_term_string}"},"query-input":{"@type":"PropertyValueSpecification","valueRequired":true,"valueName":"search_term_string"}}],"inLanguage":"it-IT"}]}},"meta_box":{"industry":"","seo_heading":"","heading":"","description":"","cta_heading":"","cta_description":"","application":"2833","h1":"Applicazione del menu del ristorante BigCommerce","h1_caption":"Mostra il menu del tuo ristorante in un formato visivamente accattivante, facile da aggiornare e intuitivo nel tuo sito web BigCommerce senza sforzo.","application_category":[],"applications_title":"","applications_request_title":"","applications_request_button_text":"","hero_text":"","hero_video":"","hero_video_schema_markup":"","selling_points_title":"","selling_points_caption":"","selling_points":[],"selling_points_cta_text":"","features_title":"","features":"","ed_cta_examples_text":"","ed_cta_examples_hidden":"","ed_cta_demo_text":"","ed_cta_demo_hidden":"","why_caption":"","why_editor_title":"","why_editor_text":"","why_team_title":"","why_team_text":"","why_service_title":"","why_service_text":"","template_catalog_visible":"0","template_catalog_title":"","template_catalog_text":"","template_catalog_categories_visible":"","demo_title":"Crea l'app Menu del tuo ristorante","demo_caption":"Configura il menu del tuo ristorante e aggiungilo gratuitamente al tuo sito BigCommerce!","default_faq_hidden":"","app_template_category":[],"platform":"32","template_public_id":"","codecanyon_url":"","codecanyon_item_id":"","codecanyon_price":"","pricing_caption":"","pricing_elfsight_apps_hide_column":"","pricing_elfsight_apps_url":"","pricing_codecanyon_price_caption":"","integration_category":[],"integration_request_title":"","integration_request_cta":"","integration_platform":"","integrations":[],"platform_category":[],"video_schema_markup":"","price":"da $ 0 al mese","trial":"","benefits":[{"text":"Assistenza gratuita per l'installazione"},{"text":"Servizio clienti competente"},{"text":"Garanzia di rimborso di 14 giorni"},{"text":"Aggiornamenti gratuiti regolari"}],"button_url":"#demo","button_target_blank":"0","button_nofollow":"0","attributes":[{"name":"Installazioni"},{"name":"Reattivo","content":"S\u00cc"},{"name":"Browser compatibili","content":"Firefox, Safari, Opera, Chrome, Edge"}],"tags":[],"tags_disable_links":"0","hide_more_platforms":"0","video_object":"","demo_hide_cta":"0","demo_hide_cloud_options":"0","pricing_title":"","pricing":[{"pricing_icon":"platform","pricing_title":"Elfsight Apps","pricing_title_caption":"Soluzione indipendente dalla piattaforma adatta a qualsiasi sito web","pricing_price":"da $ 0 \/ mese","pricing_price_caption":"inizia con un piano gratuito","pricing_benefits":[{"text":"Siti web illimitati"},{"text":"Supporto professionale e ben documentato"},{"text":"Servizio di installazione gratuito"},{"text":"100% personalizzabile"}],"pricing_button_text":"Aggiungi al sito web","pricing_button_url":"#demo"}],"related_apps_title":"","related_apps_hidden":"0","author":"","image":[],"title":"","job":"","social_networks":[]},"_links":{"self":[{"href":"https:\/\/elfsight.com\/it\/wp-json\/wp\/v2\/pages\/5651","targetHints":{"allow":["GET"]}}],"collection":[{"href":"https:\/\/elfsight.com\/it\/wp-json\/wp\/v2\/pages"}],"about":[{"href":"https:\/\/elfsight.com\/it\/wp-json\/wp\/v2\/types\/page"}],"author":[{"embeddable":true,"href":"https:\/\/elfsight.com\/it\/wp-json\/wp\/v2\/users\/9"}],"replies":[{"embeddable":true,"href":"https:\/\/elfsight.com\/it\/wp-json\/wp\/v2\/comments?post=5651"}],"version-history":[{"count":3,"href":"https:\/\/elfsight.com\/it\/wp-json\/wp\/v2\/pages\/5651\/revisions"}],"predecessor-version":[{"id":9829,"href":"https:\/\/elfsight.com\/it\/wp-json\/wp\/v2\/pages\/5651\/revisions\/9829"}],"up":[{"embeddable":true,"href":"https:\/\/elfsight.com\/it\/wp-json\/wp\/v2\/pages\/2834"}],"wp:attachment":[{"href":"https:\/\/elfsight.com\/it\/wp-json\/wp\/v2\/media?parent=5651"}],"curies":[{"name":"wp","href":"https:\/\/api.w.org\/{rel}","templated":true}]}}