{"id":5650,"date":"1970-01-01T00:00:00","date_gmt":"1970-01-01T00:00:00","guid":{"rendered":"https:\/\/elfsight.com\/it\/?page_id=5650"},"modified":"2025-03-24T05:13:41","modified_gmt":"2025-03-24T05:13:41","slug":"drupal","status":"publish","type":"page","link":"https:\/\/elfsight.com\/it\/restaurant-menu-widget\/drupal\/","title":{"rendered":"Restaurant Menu &#8211; Drupal"},"content":{"rendered":"\n<div class=\"application-platform-content-item-description application-platform-content-item\" id=\"description\" data-nav-section=\"description\"> <h2>Descrizione<\/h2><p>Elfsight Restaurant Menu \u00e8 un modulo gestibile per la presentazione della tua variet\u00e0 di cibi e bevande direttamente sul tuo sito web. \u00c8 un modo conveniente per far conoscere ai tuoi visitatori la tua variet\u00e0, trasmettere caratteristiche eccezionali e attirare la loro attenzione con foto accattivanti dei prodotti. Il widget \u00e8 estremamente utile. Tramite esso puoi creare una gamma infinita di pagine di menu con una grande quantit\u00e0 di articoli o semplicemente presentare un elenco conciso di ci\u00f2 che servi. Seleziona lo schema chiaro, scuro o modifica le impostazioni che desideri, ricolorando tutti gli elementi. Inoltre, il tuo menu pu\u00f2 essere sempre attuale: puoi modificare i prezzi, un elenco di articoli, aggiungere nuove bevande o persino menu in pochi secondi! Niente pi\u00f9 menu pronti da stampare che devi creare fin dall&#8217;inizio. Inizia subito a creare il tuo straordinario modulo! <\/p> <p><b>Aggiungi il menu del ristorante per raggiungere i tuoi obiettivi aziendali in modo pi\u00f9 semplice! Tramite il menu del tuo sito web puoi attirare pi\u00f9 potenziali clienti e sperimentare un solido sviluppo del business!<\/b><\/p> <\/div> <div class=\"application-platform-content-item-features application-platform-content-item\" id=\"features\" data-nav-section=\"features\"> <h2>Di seguito sono riportate le caratteristiche centrali del modulo: <\/h2> <ul><li>Strumento facile da usare anche per utenti non professionali<\/li><li>Quantit\u00e0 illimitata di menu, sezioni o voci, divisi con l&#8217;aiuto di layout Tab, Elenco o Masonry <\/li><li>Menu semplice da aggiornare e tutti i suoi componenti: prezzi, piatti stagionali, bevande, ecc.<\/li><li> Scrivi una descrizione dettagliata degli articoli: icone, informazioni nutrizionali e badge <\/li><li>Carica immagini appetitose per gli articoli e presentali anche in modalit\u00e0 popup<\/li><li>Regola e ridipingi tutti gli elementi: testo, combinazione di colori e icone<\/li><\/ul><p><a href=\"#demo\">Puoi verificare le offerte del widget con l&#8217;aiuto della demo<\/a><\/p> <\/div> <div class=\"application-platform-content-item-installation application-platform-content-item\" id=\"installation\" data-nav-section=\"installation\"> <h2>Come incorporare il menu del ristorante sul mio Drupal sito web?<\/h2><div class=\"video-container\"><iframe width=\"560\" height=\"315\" src=\"https:\/\/www.youtube.com\/embed\/-Qa4XGQedkQ?si=XX_7griXp21mUnt1\" frameborder=\"0\" allow=\"accelerometer; autoplay; clipboard-write; encrypted-media; gyroscope; picture-in-picture; web-share\" allowfullscreen><\/iframe><\/div><p>Segui semplicemente le linee guida seguenti per attivare lo strumento: <\/p> <ol><li><b>Esegui il nostro configuratore gratuito e inizia a creare il tuo modulo realizzato. <\/b><br> Scegli il layout e gli aspetti desiderati del modulo e applica tutte le correzioni. <\/li> <li><b>Acquisisci il codice individuale che appare nell&#8217;apposito modulo su Elfsight Apps. <\/b><br> Una volta terminata la personalizzazione del tuo modulo personale, copia il codice individuale nella finestra visualizzata e salvalo per un uso successivo. <\/li> <li><b>Inizia a utilizzare il modulo sulla tua pagina web Drupal. <\/b><br> Inserisci il codice che hai salvato in precedenza nel tuo sito web e salva le modifiche. <\/li> <li><b>L&#8217;installazione \u00e8 completamente eseguita. <\/b><br> Vai alla tua pagina web per vedere in azione le prestazioni del modulo. <\/li><\/ol><p>Se dovessi affrontare domande o incontrare qualche difficolt\u00e0, non esitare a contattare il nostro personale del servizio clienti. Il team di Elfsight non vede l&#8217;ora di aiutarti con tutte le domande che potresti avere con il modulo. <\/p> <div class=\"faq\" data-component=\"FAQ\"><div class=\"faq-item\">\r\n\t\t\t\t\t<div class=\"faq-item-question\">\r\n\t\t\t\t\t\t<h3 class=\"faq-item-question-text\">Come aggiungere il menu del ristorante al mio sito Web Drupal senza codifica?<\/h3>\r\n\r\n\t\t\t\t\t\t<div class=\"faq-item-question-icon\"><\/div>\r\n\t\t\t\t\t<\/div>\r\n\r\n\t\t\t\t\t<div class=\"faq-item-answer\">\r\n\t\t\t\t\t\t<div class=\"faq-item-answer-text\"> <p>Elfsight offre una soluzione SaaS che consente agli utenti di creare autonomamente un widget del menu del ristorante, scopri le semplici istruzioni: Vai all&#8217;editor live per creare un&#8217;app Menu ristorante che desideri incorporare nella tua home page Drupal. Seleziona uno dei tanti modelli gi\u00e0 pronti e modifica le impostazioni del menu del ristorante, includi i tuoi contenuti, modifica il layout e il colore degli elementi senza alcuna conoscenza di programmazione. Clicca per salvare le impostazioni che hai effettuato nel Menu Ristorante e copia il codice di installazione, che potrai semplicemente includere gratuitamente in qualsiasi pagina web Drupal. Utilizzando il nostro configuratore intuitivo qualsiasi utente web pu\u00f2 creare il menu del ristorante online e incollarlo nella pagina web Drupal. Non dovresti ottenere un piano a pagamento o inserire le credenziali della tua carta per accedere al servizio Elfsight. Se riscontri problemi in qualsiasi momento, non esitare a contattare la nostra assistenza clienti.<\/p> <\/div>\r\n\t\t\t\t\t<\/div>\r\n\t\t\t\t<\/div> <\/div><\/div><!-- \/wp:html - &gt; \/wp:html -->\n","protected":false},"excerpt":{"rendered":"","protected":false},"author":9,"featured_media":0,"parent":2834,"menu_order":0,"comment_status":"closed","ping_status":"closed","template":"templates\/template-application-platform.php","meta":{"publish_to_discourse":"","publish_post_category":"","wpdc_auto_publish_overridden":"","wpdc_topic_tags":"","wpdc_pin_topic":"","wpdc_pin_until":"","discourse_post_id":"","discourse_permalink":"","wpdc_publishing_response":"","wpdc_publishing_error":"","footnotes":""},"class_list":["post-5650","page","type-page","status-publish","hentry"],"yoast_head":"<!-- This site is optimized with the Yoast SEO plugin v25.3.1 - https:\/\/yoast.com\/wordpress\/plugins\/seo\/ -->\n<title>Menu del ristorante per il sito Web Drupal: straordinario e gratuito<\/title>\n<meta name=\"description\" content=\"Inserisci un menu ristorante reattivo sulla tua pagina web Drupal. Prova la pratica demo di Elfsight e crea il tuo fantastico modulo in soli un paio di clic\" \/>\n<meta name=\"robots\" content=\"index, follow, max-snippet:-1, max-image-preview:large, max-video-preview:-1\" \/>\n<link rel=\"canonical\" href=\"https:\/\/elfsight.com\/it\/restaurant-menu-widget\/drupal\/\" \/>\n<meta property=\"og:locale\" content=\"it_IT\" \/>\n<meta property=\"og:type\" content=\"article\" \/>\n<meta property=\"og:title\" content=\"Menu del ristorante per il sito Web Drupal: straordinario e gratuito\" \/>\n<meta property=\"og:description\" content=\"Inserisci un menu ristorante reattivo sulla tua pagina web Drupal. Prova la pratica demo di Elfsight e crea il tuo fantastico modulo in soli un paio di clic\" \/>\n<meta property=\"og:url\" content=\"https:\/\/elfsight.com\/it\/restaurant-menu-widget\/drupal\/\" \/>\n<meta property=\"og:site_name\" content=\"Elfsight IT\" \/>\n<meta property=\"article:modified_time\" content=\"2025-03-24T05:13:41+00:00\" \/>\n<meta name=\"twitter:card\" content=\"summary_large_image\" \/>\n<meta name=\"twitter:label1\" content=\"Tempo di lettura stimato\" \/>\n\t<meta name=\"twitter:data1\" content=\"4 minuti\" \/>\n<!-- \/ Yoast SEO plugin. -->","yoast_head_json":{"title":"Menu del ristorante per il sito Web Drupal: straordinario e gratuito","description":"Inserisci un menu ristorante reattivo sulla tua pagina web Drupal. Prova la pratica demo di Elfsight e crea il tuo fantastico modulo in soli un paio di clic","robots":{"index":"index","follow":"follow","max-snippet":"max-snippet:-1","max-image-preview":"max-image-preview:large","max-video-preview":"max-video-preview:-1"},"canonical":"https:\/\/elfsight.com\/it\/restaurant-menu-widget\/drupal\/","og_locale":"it_IT","og_type":"article","og_title":"Menu del ristorante per il sito Web Drupal: straordinario e gratuito","og_description":"Inserisci un menu ristorante reattivo sulla tua pagina web Drupal. Prova la pratica demo di Elfsight e crea il tuo fantastico modulo in soli un paio di clic","og_url":"https:\/\/elfsight.com\/it\/restaurant-menu-widget\/drupal\/","og_site_name":"Elfsight IT","article_modified_time":"2025-03-24T05:13:41+00:00","twitter_card":"summary_large_image","twitter_misc":{"Tempo di lettura stimato":"4 minuti"},"schema":{"@context":"https:\/\/schema.org","@graph":[{"@type":"WebPage","@id":"https:\/\/elfsight.com\/it\/restaurant-menu-widget\/drupal\/","url":"https:\/\/elfsight.com\/it\/restaurant-menu-widget\/drupal\/","name":"Menu del ristorante per il sito Web Drupal: straordinario e gratuito","isPartOf":{"@id":"https:\/\/elfsight.com\/it\/#website"},"datePublished":"1970-01-01T00:00:00+00:00","dateModified":"2025-03-24T05:13:41+00:00","description":"Inserisci un menu ristorante reattivo sulla tua pagina web Drupal. Prova la pratica demo di Elfsight e crea il tuo fantastico modulo in soli un paio di clic","breadcrumb":{"@id":"https:\/\/elfsight.com\/it\/restaurant-menu-widget\/drupal\/#breadcrumb"},"inLanguage":"it-IT","potentialAction":[{"@type":"ReadAction","target":["https:\/\/elfsight.com\/it\/restaurant-menu-widget\/drupal\/"]}]},{"@type":"BreadcrumbList","@id":"https:\/\/elfsight.com\/it\/restaurant-menu-widget\/drupal\/#breadcrumb","itemListElement":[{"@type":"ListItem","position":1,"name":"Home","item":"https:\/\/elfsight.com\/it\/"},{"@type":"ListItem","position":2,"name":"Restaurant Menu","item":"https:\/\/elfsight.com\/it\/restaurant-menu-widget\/"},{"@type":"ListItem","position":3,"name":"Restaurant Menu &#8211; Drupal"}]},{"@type":"WebSite","@id":"https:\/\/elfsight.com\/it\/#website","url":"https:\/\/elfsight.com\/it\/","name":"Elfsight IT","description":"Just another Elfsight Sites site","potentialAction":[{"@type":"SearchAction","target":{"@type":"EntryPoint","urlTemplate":"https:\/\/elfsight.com\/it\/?s={search_term_string}"},"query-input":{"@type":"PropertyValueSpecification","valueRequired":true,"valueName":"search_term_string"}}],"inLanguage":"it-IT"}]}},"meta_box":{"industry":"","seo_heading":"","heading":"","description":"","cta_heading":"","cta_description":"","application":"2833","h1":"Modulo Drupal Menu Ristorante","h1_caption":"Mostra il menu del tuo ristorante in un formato visivamente accattivante, facile da aggiornare e intuitivo nel tuo sito Drupal senza sforzo.","application_category":[],"applications_title":"","applications_request_title":"","applications_request_button_text":"","hero_text":"","hero_video":"","hero_video_schema_markup":"","selling_points_title":"","selling_points_caption":"","selling_points":[],"selling_points_cta_text":"","features_title":"","features":"","ed_cta_examples_text":"","ed_cta_examples_hidden":"","ed_cta_demo_text":"","ed_cta_demo_hidden":"","why_caption":"","why_editor_title":"","why_editor_text":"","why_team_title":"","why_team_text":"","why_service_title":"","why_service_text":"","template_catalog_visible":"0","template_catalog_title":"","template_catalog_text":"","template_catalog_categories_visible":"","demo_title":"Crea il modulo Menu del tuo ristorante","demo_caption":"Configura il menu del tuo ristorante e aggiungilo gratuitamente al tuo sito Drupal!","default_faq_hidden":"","app_template_category":[],"platform":"34","template_public_id":"","codecanyon_url":"","codecanyon_item_id":"","codecanyon_price":"","pricing_caption":"","pricing_elfsight_apps_hide_column":"","pricing_elfsight_apps_url":"","pricing_codecanyon_price_caption":"","integration_category":[],"integration_request_title":"","integration_request_cta":"","integration_platform":"","integrations":[],"platform_category":[],"video_schema_markup":"","price":"da $ 0 al mese","trial":"","benefits":[{"text":"Assistenza gratuita per l'installazione"},{"text":"Supporto eccezionale"},{"text":"Garanzia di rimborso di 14 giorni"},{"text":"Futuri aggiornamenti gratuiti"}],"button_url":"#demo","button_target_blank":"0","button_nofollow":"0","attributes":[{"name":"Installazioni"},{"name":"Reattivo","content":"S\u00cc"},{"name":"Browser compatibili","content":"Firefox, Safari, Opera, Chrome, Edge"}],"tags":[],"tags_disable_links":"0","hide_more_platforms":"0","video_object":"","demo_hide_cta":"0","demo_hide_cloud_options":"0","pricing_title":"","pricing":[{"pricing_icon":"platform","pricing_title":"Elfsight Apps","pricing_title_caption":"Soluzione digitale multipiattaforma","pricing_price":"da $ 0 \/ mese","pricing_price_caption":"inizia con il piano gratuito","pricing_benefits":[{"text":"Domini illimitati"},{"text":"Supporto aziendale premium"},{"text":"Servizio di installazione gratuito"},{"text":"Offerta speciale per pi\u00f9 app"}],"pricing_button_text":"Aggiungi al sito web","pricing_button_url":"#demo"}],"related_apps_title":"","related_apps_hidden":"0","author":"","image":[],"title":"","job":"","social_networks":[]},"_links":{"self":[{"href":"https:\/\/elfsight.com\/it\/wp-json\/wp\/v2\/pages\/5650","targetHints":{"allow":["GET"]}}],"collection":[{"href":"https:\/\/elfsight.com\/it\/wp-json\/wp\/v2\/pages"}],"about":[{"href":"https:\/\/elfsight.com\/it\/wp-json\/wp\/v2\/types\/page"}],"author":[{"embeddable":true,"href":"https:\/\/elfsight.com\/it\/wp-json\/wp\/v2\/users\/9"}],"replies":[{"embeddable":true,"href":"https:\/\/elfsight.com\/it\/wp-json\/wp\/v2\/comments?post=5650"}],"version-history":[{"count":3,"href":"https:\/\/elfsight.com\/it\/wp-json\/wp\/v2\/pages\/5650\/revisions"}],"predecessor-version":[{"id":9831,"href":"https:\/\/elfsight.com\/it\/wp-json\/wp\/v2\/pages\/5650\/revisions\/9831"}],"up":[{"embeddable":true,"href":"https:\/\/elfsight.com\/it\/wp-json\/wp\/v2\/pages\/2834"}],"wp:attachment":[{"href":"https:\/\/elfsight.com\/it\/wp-json\/wp\/v2\/media?parent=5650"}],"curies":[{"name":"wp","href":"https:\/\/api.w.org\/{rel}","templated":true}]}}