{"id":5644,"date":"1970-01-01T00:00:00","date_gmt":"1970-01-01T00:00:00","guid":{"rendered":"https:\/\/elfsight.com\/it\/?page_id=5644"},"modified":"2025-03-24T05:15:14","modified_gmt":"2025-03-24T05:15:14","slug":"elementor","status":"publish","type":"page","link":"https:\/\/elfsight.com\/it\/restaurant-menu-widget\/elementor\/","title":{"rendered":"Restaurant Menu &#8211; Elementor"},"content":{"rendered":"\n<div class=\"application-platform-content-item-description application-platform-content-item\" id=\"description\" data-nav-section=\"description\"> <h2>Incorpora il menu del ristorante su Elementor con il widget Elfsight<\/h2><p>Il menu del ristorante Elfsight \u00e8 uno strumento utile per visualizzare il tuo assortimento di pasti e bevande direttamente sul tuo sito web. Il widget \u00e8 assolutamente user-friendly. Per mezzo di esso puoi impostare numerose quantit\u00e0 di menu con un numero illimitato di voci o semplicemente visualizzare un elenco conciso dei piatti che servi. Non esitare a scegliere uno schema chiaro o scuro o a modificare tutto ci\u00f2 che ti piace, cambiando tutti i colori accentati. Inoltre il widget consente alle informazioni di rimanere sempre aggiornate: prezzi corretti, un elenco di articoli, aggiunta di nuove bevande o persino menu in pochi secondi! Niente pi\u00f9 menu statici che devi creare fin dall&#8217;inizio. Inizia subito a creare il tuo menu appetitoso! <\/p> <p><b> Avendo il widget Menu Ristorante direttamente sulla pagina web della tua azienda, puoi avere pi\u00f9 ospiti e vedere gli affari attivi. Inizia a utilizzare Restaurant Menu di Elfsight!<\/b><\/p> <\/div> <div class=\"application-platform-content-item-features application-platform-content-item\" id=\"features\" data-nav-section=\"features\"> <h2>Ecco alcune funzionalit\u00e0 di base del widget: <\/h2> <ul><li> Un strumento facile anche per utenti non professionali <\/li><li>Quantit\u00e0 personalizzata di menu, sezioni o voci, formate con layout a Tab, Elenco o in Massoneria<\/li><li>Menu semplice da aggiornare e tutti i suoi elementi, come sconti, offerte speciali stagionali ecc. <\/li><li> Mostra informazioni extra dettagliate sugli articoli, incluse icone, elementi nutrizionali e badge <\/li><li> Allega foto appetitose degli articoli e mostrale anche in una visualizzazione popup <\/li><li>Regola e cambia il colore di qualsiasi elemento, come testo, combinazione di colori e icone <\/li><\/ul><p><a href=\"#demo\">Esamina tutte le funzionalit\u00e0 di personalizzazione in un sistema completamente funzionale demo<\/a><\/p> <\/div> <div class=\"application-platform-content-item-installation application-platform-content-item\" id=\"installation\" data-nav-section=\"installation\"> <h2>Come faccio ad aggiungere il menu del ristorante al mio sito Elementor? <\/h2> <div class=\"video-container\"><iframe width=\"560\" height=\"315\" src=\"https:\/\/www.youtube.com\/embed\/dzt-nRfEjsM?si=xdII7OQrQCFZjHxf\" frameborder=\"0\" allow=\"accelerometer; autoplay; clipboard-write; encrypted-media; gyroscope; picture-in-picture; web-share\" allowfullscreen><\/iframe><\/div><p>Basta applicare le istruzioni seguenti per integrare il widget: <\/p> <ol><li><b>Gestisci la nostra demo gratuita e inizia a creare il tuo menu personalizzato. <\/b><br> Specifica l&#8217;interfaccia e le funzionalit\u00e0 selezionate del plugin e salva le correzioni. <\/li> <li><b>Acquisisci il tuo codice univoco che appare nell&#8217;apposito modulo su Elfsight Apps. <\/b><br> Subito dopo aver terminato la generazione del tuo menu personale, copia il codice individuale nel popup emerso e salvalo per occasioni future. <\/li> <li><b>Inizia a utilizzare lo strumento sulla tua home page di Elementor. <\/b><br> Aggiungi il codice salvato in precedenza nella tua home page e applica le modifiche. <\/li> <li><b>L&#8217;installazione \u00e8 terminata con successo. <\/b><br> Visita la tua pagina web per dare un&#8217;occhiata al funzionamento del widget. <\/li><\/ol> <p>A condizione di dover gestire richieste o di imbattersi in eventuali complicazioni, non esitate a contattare il nostro team di assistenza clienti. Il nostro personale sar\u00e0 entusiasta di risolvere tutti i problemi che potresti avere con il widget. <\/p> <div class=\"faq\" data-component=\"FAQ\"><div class=\"faq-item\">\r\n\t\t\t\t\t<div class=\"faq-item-question\">\r\n\t\t\t\t\t\t<h3 class=\"faq-item-question-text\">Esiste un modo per incorporare il menu del ristorante nella mia pagina web Elementor senza codifica?<\/h3>\r\n\r\n\t\t\t\t\t\t<div class=\"faq-item-question-icon\"><\/div>\r\n\t\t\t\t\t<\/div>\r\n\r\n\t\t\t\t\t<div class=\"faq-item-answer\">\r\n\t\t\t\t\t\t<div class=\"faq-item-answer-text\"> <p>Elfsight offre una soluzione che consente ai proprietari dei siti di creare da soli un&#8217;app Menu del ristorante, controlla com&#8217;\u00e8 semplice: vai all&#8217;editor live per creare un widget del menu del ristorante che desideri incorporare nella pagina web di Elementor. Seleziona uno dei modelli predefiniti e modifica le impostazioni del menu del ristorante, trasforma il layout e il colore degli elementi e aggiungi i tuoi contenuti, senza esperienza di codifica. Salva il menu del ristorante e ottieni il codice di installazione del plug-in, che puoi incorporare facilmente in qualsiasi sito Elementor all&#8217;interno di un piano gratuito. Con l&#8217;aiuto del configuratore intuitivo ogni utente web pu\u00f2 generare una sezione del menu del ristorante online e aggiungerla facilmente a qualsiasi home page di Elementor. Non \u00e8 necessario pagare o divulgare i dati della tua carta per accedere al nostro Editor. Se incontri ostacoli in qualsiasi momento, non esitare a contattare la nostra assistenza clienti.<\/p> <\/div>\r\n\t\t\t\t\t<\/div>\r\n\t\t\t\t<\/div> <\/div><\/div>\n","protected":false},"excerpt":{"rendered":"","protected":false},"author":9,"featured_media":0,"parent":2834,"menu_order":0,"comment_status":"closed","ping_status":"closed","template":"templates\/template-application-platform.php","meta":{"publish_to_discourse":"","publish_post_category":"","wpdc_auto_publish_overridden":"","wpdc_topic_tags":"","wpdc_pin_topic":"","wpdc_pin_until":"","discourse_post_id":"","discourse_permalink":"","wpdc_publishing_response":"","wpdc_publishing_error":"","footnotes":""},"class_list":["post-5644","page","type-page","status-publish","hentry"],"yoast_head":"<!-- This site is optimized with the Yoast SEO plugin v25.3.1 - https:\/\/yoast.com\/wordpress\/plugins\/seo\/ -->\n<title>Menu ristorante per il sito Web Elementor: veloce e gratuito<\/title>\n<meta name=\"description\" content=\"Implementa un widget Menu ristorante intuitivo sulla tua pagina web Elementor. Prova la pratica demo di Elfsight e modifica il tuo elegante strumento in pochi minuti\" \/>\n<meta name=\"robots\" content=\"index, follow, max-snippet:-1, max-image-preview:large, max-video-preview:-1\" \/>\n<link rel=\"canonical\" href=\"https:\/\/elfsight.com\/it\/restaurant-menu-widget\/elementor\/\" \/>\n<meta property=\"og:locale\" content=\"it_IT\" \/>\n<meta property=\"og:type\" content=\"article\" \/>\n<meta property=\"og:title\" content=\"Menu ristorante per il sito Web Elementor: veloce e gratuito\" \/>\n<meta property=\"og:description\" content=\"Implementa un widget Menu ristorante intuitivo sulla tua pagina web Elementor. Prova la pratica demo di Elfsight e modifica il tuo elegante strumento in pochi minuti\" \/>\n<meta property=\"og:url\" content=\"https:\/\/elfsight.com\/it\/restaurant-menu-widget\/elementor\/\" \/>\n<meta property=\"og:site_name\" content=\"Elfsight IT\" \/>\n<meta property=\"article:modified_time\" content=\"2025-03-24T05:15:14+00:00\" \/>\n<meta name=\"twitter:card\" content=\"summary_large_image\" \/>\n<meta name=\"twitter:label1\" content=\"Tempo di lettura stimato\" \/>\n\t<meta name=\"twitter:data1\" content=\"4 minuti\" \/>\n<!-- \/ Yoast SEO plugin. -->","yoast_head_json":{"title":"Menu ristorante per il sito Web Elementor: veloce e gratuito","description":"Implementa un widget Menu ristorante intuitivo sulla tua pagina web Elementor. Prova la pratica demo di Elfsight e modifica il tuo elegante strumento in pochi minuti","robots":{"index":"index","follow":"follow","max-snippet":"max-snippet:-1","max-image-preview":"max-image-preview:large","max-video-preview":"max-video-preview:-1"},"canonical":"https:\/\/elfsight.com\/it\/restaurant-menu-widget\/elementor\/","og_locale":"it_IT","og_type":"article","og_title":"Menu ristorante per il sito Web Elementor: veloce e gratuito","og_description":"Implementa un widget Menu ristorante intuitivo sulla tua pagina web Elementor. Prova la pratica demo di Elfsight e modifica il tuo elegante strumento in pochi minuti","og_url":"https:\/\/elfsight.com\/it\/restaurant-menu-widget\/elementor\/","og_site_name":"Elfsight IT","article_modified_time":"2025-03-24T05:15:14+00:00","twitter_card":"summary_large_image","twitter_misc":{"Tempo di lettura stimato":"4 minuti"},"schema":{"@context":"https:\/\/schema.org","@graph":[{"@type":"WebPage","@id":"https:\/\/elfsight.com\/it\/restaurant-menu-widget\/elementor\/","url":"https:\/\/elfsight.com\/it\/restaurant-menu-widget\/elementor\/","name":"Menu ristorante per il sito Web Elementor: veloce e gratuito","isPartOf":{"@id":"https:\/\/elfsight.com\/it\/#website"},"datePublished":"1970-01-01T00:00:00+00:00","dateModified":"2025-03-24T05:15:14+00:00","description":"Implementa un widget Menu ristorante intuitivo sulla tua pagina web Elementor. Prova la pratica demo di Elfsight e modifica il tuo elegante strumento in pochi minuti","breadcrumb":{"@id":"https:\/\/elfsight.com\/it\/restaurant-menu-widget\/elementor\/#breadcrumb"},"inLanguage":"it-IT","potentialAction":[{"@type":"ReadAction","target":["https:\/\/elfsight.com\/it\/restaurant-menu-widget\/elementor\/"]}]},{"@type":"BreadcrumbList","@id":"https:\/\/elfsight.com\/it\/restaurant-menu-widget\/elementor\/#breadcrumb","itemListElement":[{"@type":"ListItem","position":1,"name":"Home","item":"https:\/\/elfsight.com\/it\/"},{"@type":"ListItem","position":2,"name":"Restaurant Menu","item":"https:\/\/elfsight.com\/it\/restaurant-menu-widget\/"},{"@type":"ListItem","position":3,"name":"Restaurant Menu &#8211; Elementor"}]},{"@type":"WebSite","@id":"https:\/\/elfsight.com\/it\/#website","url":"https:\/\/elfsight.com\/it\/","name":"Elfsight IT","description":"Just another Elfsight Sites site","potentialAction":[{"@type":"SearchAction","target":{"@type":"EntryPoint","urlTemplate":"https:\/\/elfsight.com\/it\/?s={search_term_string}"},"query-input":{"@type":"PropertyValueSpecification","valueRequired":true,"valueName":"search_term_string"}}],"inLanguage":"it-IT"}]}},"meta_box":{"industry":"","seo_heading":"","heading":"","description":"","cta_heading":"","cta_description":"","application":"2833","h1":"Widget del menu del ristorante Elementor","h1_caption":"Mostra il menu del tuo ristorante in un formato visivamente accattivante, facile da aggiornare e intuitivo nel tuo sito Web Elementor senza sforzo.","application_category":[],"applications_title":"","applications_request_title":"","applications_request_button_text":"","hero_text":"","hero_video":"","hero_video_schema_markup":"","selling_points_title":"","selling_points_caption":"","selling_points":[],"selling_points_cta_text":"","features_title":"","features":"","ed_cta_examples_text":"","ed_cta_examples_hidden":"","ed_cta_demo_text":"","ed_cta_demo_hidden":"","why_caption":"","why_editor_title":"","why_editor_text":"","why_team_title":"","why_team_text":"","why_service_title":"","why_service_text":"","template_catalog_visible":"0","template_catalog_title":"","template_catalog_text":"","template_catalog_categories_visible":"","demo_title":"Crea il tuo widget Menu del ristorante","demo_caption":"Configura il menu del tuo ristorante e aggiungilo gratuitamente al tuo sito Web Elementor!","default_faq_hidden":"","app_template_category":[],"platform":"68","template_public_id":"","codecanyon_url":"","codecanyon_item_id":"","codecanyon_price":"","pricing_caption":"","pricing_elfsight_apps_hide_column":"","pricing_elfsight_apps_url":"","pricing_codecanyon_price_caption":"","integration_category":[],"integration_request_title":"","integration_request_cta":"","integration_platform":"","integrations":[],"platform_category":[],"video_schema_markup":"","price":"da $ 0 al mese","trial":"","benefits":[{"text":"Aiuto gratuito per l'installazione"},{"text":"Assistenza clienti con esperienza"},{"text":"Garanzia di rimborso di 14 giorni"},{"text":"Aggiornamenti regolari"}],"button_url":"#demo","button_target_blank":"0","button_nofollow":"0","attributes":[{"name":"Installazioni"},{"name":"Reattivo","content":"S\u00cc"},{"name":"Browser compatibili","content":"Safari, Edge, Opera, Firefox, Chrome"}],"tags":[],"tags_disable_links":"0","hide_more_platforms":"0","video_object":"","demo_hide_cta":"0","demo_hide_cloud_options":"0","pricing_title":"","pricing":[{"pricing_icon":"platform","pricing_title":"Elfsight Apps","pricing_title_caption":"Versione multipiattaforma che funziona su qualsiasi sito web","pricing_price":"da $ 0 \/ mese","pricing_price_caption":"inizia con il piano gratuito","pricing_benefits":[{"text":"Domini illimitati"},{"text":"Supporto premium e puntuale"},{"text":"Aiuto per l'installazione gratuito"},{"text":"Offerta a tempo limitato per pi\u00f9 app"}],"pricing_button_text":"Aggiungi al sito web","pricing_button_url":"#demo"}],"related_apps_title":"","related_apps_hidden":"0","author":"","image":[],"title":"","job":"","social_networks":[]},"_links":{"self":[{"href":"https:\/\/elfsight.com\/it\/wp-json\/wp\/v2\/pages\/5644","targetHints":{"allow":["GET"]}}],"collection":[{"href":"https:\/\/elfsight.com\/it\/wp-json\/wp\/v2\/pages"}],"about":[{"href":"https:\/\/elfsight.com\/it\/wp-json\/wp\/v2\/types\/page"}],"author":[{"embeddable":true,"href":"https:\/\/elfsight.com\/it\/wp-json\/wp\/v2\/users\/9"}],"replies":[{"embeddable":true,"href":"https:\/\/elfsight.com\/it\/wp-json\/wp\/v2\/comments?post=5644"}],"version-history":[{"count":3,"href":"https:\/\/elfsight.com\/it\/wp-json\/wp\/v2\/pages\/5644\/revisions"}],"predecessor-version":[{"id":9832,"href":"https:\/\/elfsight.com\/it\/wp-json\/wp\/v2\/pages\/5644\/revisions\/9832"}],"up":[{"embeddable":true,"href":"https:\/\/elfsight.com\/it\/wp-json\/wp\/v2\/pages\/2834"}],"wp:attachment":[{"href":"https:\/\/elfsight.com\/it\/wp-json\/wp\/v2\/media?parent=5644"}],"curies":[{"name":"wp","href":"https:\/\/api.w.org\/{rel}","templated":true}]}}