{"id":5643,"date":"1970-01-01T00:00:00","date_gmt":"1970-01-01T00:00:00","guid":{"rendered":"https:\/\/elfsight.com\/it\/?page_id=5643"},"modified":"2025-03-24T05:16:17","modified_gmt":"2025-03-24T05:16:17","slug":"joomla","status":"publish","type":"page","link":"https:\/\/elfsight.com\/it\/restaurant-menu-widget\/joomla\/","title":{"rendered":"Restaurant Menu &#8211; Joomla"},"content":{"rendered":"\n<div class=\"application-platform-content-item-description application-platform-content-item\" id=\"description\" data-nav-section=\"description\"> <h2>Descrizione<\/h2><p>Elfsight Restaurant Menu \u00e8 uno strumento gestibile per presentare la tua variet\u00e0 di pasti e bevande direttamente sul tuo sito web. L&#8217;estensione \u00e8 assolutamente personalizzata per l&#8217;utente. Tramite esso puoi selezionare un&#8217;intera gamma di menu con numerose sezioni e voci o semplicemente eseguire un breve elenco dei prodotti che servi. Scegli lo schema chiaro, scuro o adatta tutto ci\u00f2 che ti piace, ricolorando tutti gli elementi. Niente pi\u00f9 menu statici da creare fin dall&#8217;inizio. La pi\u00f9 grande opportunit\u00e0 del Menu Ristorante \u00e8 rimanere sempre aggiornati: puoi modificare i prezzi, un elenco di piatti, aggiungere nuove bevande o addirittura menu in un paio di secondi! Inizia subito a creare il tuo meraviglioso menu! <\/p><p><b>Inserisci il menu del ristorante per raggiungere i picchi di lavoro con meno sforzo! Con l&#8217;aiuto dell&#8217;estensione puoi avere pi\u00f9 potenziali clienti e avviare uno sviluppo del business pi\u00f9 rapido. Prova subito a utilizzare Restaurant Menu di Elfsight!<\/b><\/p> <\/div> <div class=\"application-platform-content-item-features application-platform-content-item\" id=\"features\" data-nav-section=\"features\"> <h2>Trova le funzionalit\u00e0 di base dell&#8217;estensione di seguito: <\/h2> <ul><li>Facile -da gestire anche per utenti non esperti di tecnologia<\/li><li>Numero personalizzato di menu, sezioni o voci, organizzati con layout a schede, elenchi o in muratura <\/li><li>Menu e tutti i suoi componenti facili da aggiornare ovunque tu sia desideri: sconti, piatti e bevande stagionali, ecc. <\/li><li> Dimostrare una descrizione dettagliata degli articoli, comprese icone, informazioni nutrizionali e badge <\/li><li>Allega foto allettanti degli articoli e mostrale anche in visualizzazione popup <\/li><li>Modifica e ridipingi tutti gli elementi: testo, combinazione di colori e icone <\/li><\/ul><p><a href=\"#demo\">Esplora tutte le impostazioni nella demo completa <\/a><\/p> <\/div> <div class=\"application-platform-content-item-installazione application-platform-content-item\" id=\"installazione\" data-nav-section=\"installazione\"> <h2>Come incorporare il menu del ristorante nel mio sito web Joomla? <\/h2> <div class=\"video-container\"><iframe width=\"560\" height=\"315\" src=\"https:\/\/www.youtube.com\/embed\/pLYU5eR9As8?si=CNvKiFNOzxkvhMwx\" frameborder=\"0\" allow=\"accelerometer; autoplay; clipboard-write; encrypted-media; gyroscope; picture-in-picture; web-share\" allowfullscreen><\/iframe><\/div><p>Basta applicare le istruzioni seguenti per inserire lo strumento: <\/p> <ol><li><b>Lancia la nostra demo gratuita e inizia a creare la tua estensione personalizzata. <\/b><br> Specifica la disposizione e gli aspetti preferibili dell&#8217;estensione e applica tutte le modifiche. <\/li> <li><b>Acquisisci il tuo codice individuale dimostrato nel modulo speciale su Elfsight Apps. <\/b><br> Non appena terminata la configurazione della tua estensione, copia il codice individuale dalla casella che appare e conservalo per ulteriori occasioni. <\/li> <li><b>Inizia a utilizzare l&#8217;estensione sul sito Joomla. <\/b><br> Implementa il codice che hai copiato di recente nel tuo sito e salva i miglioramenti. <\/li> <li><b>L&#8217;installazione \u00e8 stata completata con successo. <\/b><br> Vai alla tua pagina web per esaminare come funziona l&#8217;estensione. <\/li><\/ol><p>Se riscontri difficolt\u00e0, non aver paura di contattare il nostro team di supporto. I nostri consulenti saranno felici di risolvere tutte le domande che potresti avere sul prodotto. <\/p> <div class=\"faq\" data-component=\"FAQ\"><div class=\"faq-item\">\r\n\t\t\t\t\t<div class=\"faq-item-question\">\r\n\t\t\t\t\t\t<h3 class=\"faq-item-question-text\">Come incorporare il menu del ristorante nel mio sito Web Joomla senza competenze di programmazione?<\/h3>\r\n\r\n\t\t\t\t\t\t<div class=\"faq-item-question-icon\"><\/div>\r\n\t\t\t\t\t<\/div>\r\n\r\n\t\t\t\t\t<div class=\"faq-item-answer\">\r\n\t\t\t\t\t\t<div class=\"faq-item-answer-text\"> <p>La societ\u00e0 Elfsight offre una soluzione cloud che ti consente di creare tu stesso una sezione del menu del ristorante, imparare le semplici passaggi: Vai alla demo online per creare un widget del menu del ristorante che desideri integrare nella pagina web di Joomla. Seleziona uno dei modelli predefiniti e regola le impostazioni del menu del ristorante, includi i tuoi contenuti, modifica il layout e il colore degli elementi senza alcuna esperienza di codifica. Clicca per salvare il Men\u00f9 del Ristorante e copia il codice per l&#8217;incorporamento, che potr\u00e0 essere facilmente incluso nel sito Joomla senza acquistare un abbonamento a pagamento. Lavorando nel nostro intuitivo Configuratore ogni utente di Internet pu\u00f2 creare una sezione del menu del ristorante online e incollarla nel sito Web Joomla. Non \u00e8 necessario pagare o inserire i dati della carta per accedere al servizio Elfsight. Se riscontri problemi in qualsiasi momento, vai avanti e contatta la nostra assistenza clienti.<\/p> <\/div>\r\n\t\t\t\t\t<\/div>\r\n\t\t\t\t<\/div> <\/div><\/div>\n","protected":false},"excerpt":{"rendered":"","protected":false},"author":9,"featured_media":0,"parent":2834,"menu_order":0,"comment_status":"closed","ping_status":"closed","template":"templates\/template-application-platform.php","meta":{"publish_to_discourse":"","publish_post_category":"","wpdc_auto_publish_overridden":"","wpdc_topic_tags":"","wpdc_pin_topic":"","wpdc_pin_until":"","discourse_post_id":"","discourse_permalink":"","wpdc_publishing_response":"","wpdc_publishing_error":"","footnotes":""},"class_list":["post-5643","page","type-page","status-publish","hentry"],"yoast_head":"<!-- This site is optimized with the Yoast SEO plugin v25.3.1 - https:\/\/yoast.com\/wordpress\/plugins\/seo\/ -->\n<title>Menu del ristorante per il sito Web Joomla: elegante e gratuito<\/title>\n<meta name=\"description\" content=\"Aggiungi un menu ristorante facile da gestire sul tuo sito Joomla. Utilizza la pratica demo di Elfsight e crea la tua splendida estensione in appena un paio di minuti\" \/>\n<meta name=\"robots\" content=\"index, follow, max-snippet:-1, max-image-preview:large, max-video-preview:-1\" \/>\n<link rel=\"canonical\" href=\"https:\/\/elfsight.com\/it\/restaurant-menu-widget\/joomla\/\" \/>\n<meta property=\"og:locale\" content=\"it_IT\" \/>\n<meta property=\"og:type\" content=\"article\" \/>\n<meta property=\"og:title\" content=\"Menu del ristorante per il sito Web Joomla: elegante e gratuito\" \/>\n<meta property=\"og:description\" content=\"Aggiungi un menu ristorante facile da gestire sul tuo sito Joomla. Utilizza la pratica demo di Elfsight e crea la tua splendida estensione in appena un paio di minuti\" \/>\n<meta property=\"og:url\" content=\"https:\/\/elfsight.com\/it\/restaurant-menu-widget\/joomla\/\" \/>\n<meta property=\"og:site_name\" content=\"Elfsight IT\" \/>\n<meta property=\"article:modified_time\" content=\"2025-03-24T05:16:17+00:00\" \/>\n<meta name=\"twitter:card\" content=\"summary_large_image\" \/>\n<meta name=\"twitter:label1\" content=\"Tempo di lettura stimato\" \/>\n\t<meta name=\"twitter:data1\" content=\"4 minuti\" \/>\n<!-- \/ Yoast SEO plugin. -->","yoast_head_json":{"title":"Menu del ristorante per il sito Web Joomla: elegante e gratuito","description":"Aggiungi un menu ristorante facile da gestire sul tuo sito Joomla. Utilizza la pratica demo di Elfsight e crea la tua splendida estensione in appena un paio di minuti","robots":{"index":"index","follow":"follow","max-snippet":"max-snippet:-1","max-image-preview":"max-image-preview:large","max-video-preview":"max-video-preview:-1"},"canonical":"https:\/\/elfsight.com\/it\/restaurant-menu-widget\/joomla\/","og_locale":"it_IT","og_type":"article","og_title":"Menu del ristorante per il sito Web Joomla: elegante e gratuito","og_description":"Aggiungi un menu ristorante facile da gestire sul tuo sito Joomla. Utilizza la pratica demo di Elfsight e crea la tua splendida estensione in appena un paio di minuti","og_url":"https:\/\/elfsight.com\/it\/restaurant-menu-widget\/joomla\/","og_site_name":"Elfsight IT","article_modified_time":"2025-03-24T05:16:17+00:00","twitter_card":"summary_large_image","twitter_misc":{"Tempo di lettura stimato":"4 minuti"},"schema":{"@context":"https:\/\/schema.org","@graph":[{"@type":"WebPage","@id":"https:\/\/elfsight.com\/it\/restaurant-menu-widget\/joomla\/","url":"https:\/\/elfsight.com\/it\/restaurant-menu-widget\/joomla\/","name":"Menu del ristorante per il sito Web Joomla: elegante e gratuito","isPartOf":{"@id":"https:\/\/elfsight.com\/it\/#website"},"datePublished":"1970-01-01T00:00:00+00:00","dateModified":"2025-03-24T05:16:17+00:00","description":"Aggiungi un menu ristorante facile da gestire sul tuo sito Joomla. Utilizza la pratica demo di Elfsight e crea la tua splendida estensione in appena un paio di minuti","breadcrumb":{"@id":"https:\/\/elfsight.com\/it\/restaurant-menu-widget\/joomla\/#breadcrumb"},"inLanguage":"it-IT","potentialAction":[{"@type":"ReadAction","target":["https:\/\/elfsight.com\/it\/restaurant-menu-widget\/joomla\/"]}]},{"@type":"BreadcrumbList","@id":"https:\/\/elfsight.com\/it\/restaurant-menu-widget\/joomla\/#breadcrumb","itemListElement":[{"@type":"ListItem","position":1,"name":"Home","item":"https:\/\/elfsight.com\/it\/"},{"@type":"ListItem","position":2,"name":"Restaurant Menu","item":"https:\/\/elfsight.com\/it\/restaurant-menu-widget\/"},{"@type":"ListItem","position":3,"name":"Restaurant Menu &#8211; Joomla"}]},{"@type":"WebSite","@id":"https:\/\/elfsight.com\/it\/#website","url":"https:\/\/elfsight.com\/it\/","name":"Elfsight IT","description":"Just another Elfsight Sites site","potentialAction":[{"@type":"SearchAction","target":{"@type":"EntryPoint","urlTemplate":"https:\/\/elfsight.com\/it\/?s={search_term_string}"},"query-input":{"@type":"PropertyValueSpecification","valueRequired":true,"valueName":"search_term_string"}}],"inLanguage":"it-IT"}]}},"meta_box":{"industry":"","seo_heading":"","heading":"","description":"","cta_heading":"","cta_description":"","application":"2833","h1":"Estensione del menu del ristorante Joomla","h1_caption":"Mostra il menu del tuo ristorante in un formato visivamente accattivante, facile da aggiornare e intuitivo nel tuo sito Web Joomla senza sforzo.","application_category":[],"applications_title":"","applications_request_title":"","applications_request_button_text":"","hero_text":"","hero_video":"","hero_video_schema_markup":"","selling_points_title":"","selling_points_caption":"","selling_points":[],"selling_points_cta_text":"","features_title":"","features":"","ed_cta_examples_text":"","ed_cta_examples_hidden":"","ed_cta_demo_text":"","ed_cta_demo_hidden":"","why_caption":"","why_editor_title":"","why_editor_text":"","why_team_title":"","why_team_text":"","why_service_title":"","why_service_text":"","template_catalog_visible":"0","template_catalog_title":"","template_catalog_text":"","template_catalog_categories_visible":"","demo_title":"Crea il tuo plugin per il menu del ristorante","demo_caption":"Configura il menu del tuo ristorante e aggiungilo gratuitamente al tuo sito Joomla!","default_faq_hidden":"","app_template_category":[],"platform":"36","template_public_id":"","codecanyon_url":"","codecanyon_item_id":"","codecanyon_price":"","pricing_caption":"","pricing_elfsight_apps_hide_column":"","pricing_elfsight_apps_url":"","pricing_codecanyon_price_caption":"","integration_category":[],"integration_request_title":"","integration_request_cta":"","integration_platform":"","integrations":[],"platform_category":[],"video_schema_markup":"","price":"da $ 0 al mese","trial":"","benefits":[{"text":"Assistenza gratuita per l'installazione"},{"text":"Assistenza clienti con esperienza"},{"text":"Garanzia di rimborso di 14 giorni"},{"text":"Miglioramenti continui"}],"button_url":"#demo","button_target_blank":"0","button_nofollow":"0","attributes":[{"name":"Installazioni"},{"name":"Reattivo","content":"S\u00cc"},{"name":"Browser compatibili","content":"Opera, Edge, Chrome, Firefox, Safari"}],"tags":[],"tags_disable_links":"0","hide_more_platforms":"0","video_object":"","demo_hide_cta":"0","demo_hide_cloud_options":"0","pricing_title":"","pricing":[{"pricing_icon":"platform","pricing_title":"Elfsight Apps","pricing_title_caption":"Soluzione multipiattaforma che funziona su qualsiasi sito web","pricing_price":"da $ 0 \/ mese","pricing_price_caption":"inizia con il piano gratuito","pricing_benefits":[{"text":"Domini illimitati"},{"text":"Assistenza clienti gratuita"},{"text":"Supporto per l'installazione senza costi"},{"text":"Offerta speciale per pi\u00f9 app"}],"pricing_button_text":"Aggiungi al sito web","pricing_button_url":"#demo"}],"related_apps_title":"","related_apps_hidden":"0","author":"","image":[],"title":"","job":"","social_networks":[]},"_links":{"self":[{"href":"https:\/\/elfsight.com\/it\/wp-json\/wp\/v2\/pages\/5643","targetHints":{"allow":["GET"]}}],"collection":[{"href":"https:\/\/elfsight.com\/it\/wp-json\/wp\/v2\/pages"}],"about":[{"href":"https:\/\/elfsight.com\/it\/wp-json\/wp\/v2\/types\/page"}],"author":[{"embeddable":true,"href":"https:\/\/elfsight.com\/it\/wp-json\/wp\/v2\/users\/9"}],"replies":[{"embeddable":true,"href":"https:\/\/elfsight.com\/it\/wp-json\/wp\/v2\/comments?post=5643"}],"version-history":[{"count":3,"href":"https:\/\/elfsight.com\/it\/wp-json\/wp\/v2\/pages\/5643\/revisions"}],"predecessor-version":[{"id":9833,"href":"https:\/\/elfsight.com\/it\/wp-json\/wp\/v2\/pages\/5643\/revisions\/9833"}],"up":[{"embeddable":true,"href":"https:\/\/elfsight.com\/it\/wp-json\/wp\/v2\/pages\/2834"}],"wp:attachment":[{"href":"https:\/\/elfsight.com\/it\/wp-json\/wp\/v2\/media?parent=5643"}],"curies":[{"name":"wp","href":"https:\/\/api.w.org\/{rel}","templated":true}]}}