{"id":5642,"date":"1970-01-01T00:00:00","date_gmt":"1970-01-01T00:00:00","guid":{"rendered":"https:\/\/elfsight.com\/it\/?page_id=5642"},"modified":"2024-11-12T08:06:22","modified_gmt":"2024-11-12T08:06:22","slug":"jquery","status":"publish","type":"page","link":"https:\/\/elfsight.com\/it\/restaurant-menu-widget\/jquery\/","title":{"rendered":"Restaurant Menu &#8211; jQuery"},"content":{"rendered":"<div class=\"application-platform-content-item-description application-platform-content-item\" id=\"description\" data-nav-section=\"description\"> <h2>Descrizione<\/h2><p>Il menu del ristorante Elfsight \u00e8 un modo semplice per rappresentare la tua diversit\u00e0, trasmettere un concetto originale e attirare gli ospiti con proposte accattivanti immagini dei piatti. Lo strumento \u00e8 assolutamente personalizzato per l&#8217;utente. Grazie ad esso puoi impostare una gamma infinita di menu con un&#8217;enorme quantit\u00e0 di articoli o semplicemente creare un breve elenco delle specialit\u00e0 che servi. Sentiti libero di scegliere lo schema chiaro, scuro o modificare le impostazioni come preferisci, ricolorando tutti gli elementi. Inoltre il plugin pu\u00f2 essere sempre aggiornato: prezzi corretti, un elenco di articoli, aggiungi nuovi piatti o persino menu stagionali in un paio di secondi! Niente pi\u00f9 menu statici che dovresti creare all&#8217;inizio. Inizia subito a creare il tuo affascinante menu! <\/p> <p><b>Con il plugin Restaurant Menu sul tuo sito web la tua azienda pu\u00f2 avere pi\u00f9 ospiti e avere un solido sviluppo del business!<\/b><\/p> <\/div> <div class=\"application-platform-content-item-features application-platform-content-item\" id=\"features\" data-nav-section=\"features\"> <h2>Queste sono solo alcune della grande variet\u00e0 di funzionalit\u00e0 del plugin: <\/h2> <ul><li>Facile da gestire anche per utenti non esperti di tecnologia <\/li><li>Quantit\u00e0 illimitata di menu, sezioni o elementi , organizzato da layout eleganti <\/li><li>Menu facile da modificare e tutte le sue impostazioni ogni volta che vuoi: sconti, offerte speciali stagionali ecc. <\/li><li> Scrivi informazioni extra dettagliate per gli articoli, anche le icone , elementi nutrizionali e badge <\/li><li>Carica foto appetitose per gli articoli e presentale anche in modalit\u00e0 popup <\/li><li>Adatta e ridipingi qualsiasi elemento: testo, combinazione di colori e icone <\/li><\/ul><p><a href=\"#demo\">Prova tutte le opzioni di personalizzazione nella demo completa<\/a><\/p> <\/div> <div class=\"application-platform-content-item-installation application-platform-content-item\" id=\"installation\" data-nav-section=\"installation\"> <h2>Come posso aggiungere il menu del ristorante alla mia pagina web jQuery? <\/h2> <p>Segui semplicemente questi passaggi descritti di seguito per attivare il plugin: <\/p> <ol><li><b>Apri il nostro editor gratuito e inizia a creare il tuo plugin personalizzato. <\/b><br> Specifica il layout e le specifiche desiderate del menu del ristorante e salva le modifiche. <\/li> <li><b>Copia il tuo codice individuale esposto nell&#8217;apposito modulo su Elfsight Apps. <\/b><br> Appena terminata la configurazione del tuo strumento personale, copia il codice esclusivo dalla finestra emersa e conservalo per un utilizzo futuro. <\/li> <li><b>Inizia a utilizzare il widget sul sito jQuery. <\/b><br> Aggiungi il codice che hai salvato in precedenza nella tua pagina web e applica i miglioramenti. <\/li> <li><b>Fatto! L&#8217;integrazione \u00e8 stata completata con successo. <\/b><br> Visita il tuo sito web per dare un&#8217;occhiata alle prestazioni del plugin. <\/li><\/ol> <p>Se dovessi gestire domande o affrontare eventuali complicazioni, non esitare a metterti in contatto con il nostro team di assistenza clienti. Il team di Elfsight \u00e8 desideroso di aiutarti con tutte le domande che potresti avere con il plugin. <\/p> <div class=\"faq\" data-component=\"FAQ\"><div class=\"faq-item\">\r\n\t\t\t\t\t<div class=\"faq-item-question\">\r\n\t\t\t\t\t\t<h3 class=\"faq-item-question-text\">Esiste un metodo per aggiungere il menu del ristorante alla mia home page jQuery senza esperienza di codifica?<\/h3>\r\n\r\n\t\t\t\t\t\t<div class=\"faq-item-question-icon\"><\/div>\r\n\t\t\t\t\t<\/div>\r\n\r\n\t\t\t\t\t<div class=\"faq-item-answer\">\r\n\t\t\t\t\t\t<div class=\"faq-item-answer-text\"> <p>Elfsight introduce una soluzione SaaS che consente ai proprietari dei siti di generare autonomamente un widget del menu del ristorante, scopri le semplici istruzioni: vai all&#8217;editor live per creare un widget del menu del ristorante che desideri incorporare nel tuo sito web jQuery. Scegli uno dei nostri modelli gi\u00e0 pronti e modifica le impostazioni del menu del ristorante, modifica il layout e i colori, aggiungi i tuoi contenuti, senza conoscenze di programmazione. Clicca per salvare il menu del ristorante e copia il codice di installazione, che potrai aggiungere facilmente in qualsiasi sito jQuery senza dover acquistare una versione a pagamento. Con l&#8217;aiuto del nostro semplice editor, qualsiasi utente di Internet pu\u00f2 generare un widget del menu del ristorante online e incorporarlo semplicemente nel sito Web jQuery. Non \u00e8 necessario pagare o inviare i dati della carta per accedere al servizio Elfsight. Se riscontri problemi in qualsiasi momento, non esitare a contattare il nostro supporto tecnico clienti.<\/p> <\/div>\r\n\t\t\t\t\t<\/div>\r\n\t\t\t\t<\/div> <\/div><\/div>","protected":false},"excerpt":{"rendered":"","protected":false},"author":9,"featured_media":0,"parent":2834,"menu_order":0,"comment_status":"closed","ping_status":"closed","template":"templates\/template-application-platform.php","meta":{"publish_to_discourse":"","publish_post_category":"","wpdc_auto_publish_overridden":"","wpdc_topic_tags":"","wpdc_pin_topic":"","wpdc_pin_until":"","discourse_post_id":"","discourse_permalink":"","wpdc_publishing_response":"","wpdc_publishing_error":"","footnotes":""},"class_list":["post-5642","page","type-page","status-publish","hentry"],"yoast_head":"<!-- This site is optimized with the Yoast SEO plugin v25.3.1 - https:\/\/yoast.com\/wordpress\/plugins\/seo\/ -->\n<title>Menu ristorante per il tuo sito web jQuery: veloce e gratuito<\/title>\n<meta name=\"description\" content=\"Incorpora un plugin per il menu del ristorante ottimizzato per i dispositivi mobili nella tua pagina jQuery. Prova la pratica demo di Elfsight e modifica il tuo splendido plugin in pochi clic\" \/>\n<meta name=\"robots\" content=\"index, follow, max-snippet:-1, max-image-preview:large, max-video-preview:-1\" \/>\n<link rel=\"canonical\" href=\"https:\/\/elfsight.com\/it\/restaurant-menu-widget\/jquery\/\" \/>\n<meta property=\"og:locale\" content=\"it_IT\" \/>\n<meta property=\"og:type\" content=\"article\" \/>\n<meta property=\"og:title\" content=\"Menu ristorante per il tuo sito web jQuery: veloce e gratuito\" \/>\n<meta property=\"og:description\" content=\"Incorpora un plugin per il menu del ristorante ottimizzato per i dispositivi mobili nella tua pagina jQuery. Prova la pratica demo di Elfsight e modifica il tuo splendido plugin in pochi clic\" \/>\n<meta property=\"og:url\" content=\"https:\/\/elfsight.com\/it\/restaurant-menu-widget\/jquery\/\" \/>\n<meta property=\"og:site_name\" content=\"Elfsight IT\" \/>\n<meta property=\"article:modified_time\" content=\"2024-11-12T08:06:22+00:00\" \/>\n<meta name=\"twitter:card\" content=\"summary_large_image\" \/>\n<meta name=\"twitter:label1\" content=\"Tempo di lettura stimato\" \/>\n\t<meta name=\"twitter:data1\" content=\"3 minuti\" \/>\n<!-- \/ Yoast SEO plugin. -->","yoast_head_json":{"title":"Menu ristorante per il tuo sito web jQuery: veloce e gratuito","description":"Incorpora un plugin per il menu del ristorante ottimizzato per i dispositivi mobili nella tua pagina jQuery. Prova la pratica demo di Elfsight e modifica il tuo splendido plugin in pochi clic","robots":{"index":"index","follow":"follow","max-snippet":"max-snippet:-1","max-image-preview":"max-image-preview:large","max-video-preview":"max-video-preview:-1"},"canonical":"https:\/\/elfsight.com\/it\/restaurant-menu-widget\/jquery\/","og_locale":"it_IT","og_type":"article","og_title":"Menu ristorante per il tuo sito web jQuery: veloce e gratuito","og_description":"Incorpora un plugin per il menu del ristorante ottimizzato per i dispositivi mobili nella tua pagina jQuery. Prova la pratica demo di Elfsight e modifica il tuo splendido plugin in pochi clic","og_url":"https:\/\/elfsight.com\/it\/restaurant-menu-widget\/jquery\/","og_site_name":"Elfsight IT","article_modified_time":"2024-11-12T08:06:22+00:00","twitter_card":"summary_large_image","twitter_misc":{"Tempo di lettura stimato":"3 minuti"},"schema":{"@context":"https:\/\/schema.org","@graph":[{"@type":"WebPage","@id":"https:\/\/elfsight.com\/it\/restaurant-menu-widget\/jquery\/","url":"https:\/\/elfsight.com\/it\/restaurant-menu-widget\/jquery\/","name":"Menu ristorante per il tuo sito web jQuery: veloce e gratuito","isPartOf":{"@id":"https:\/\/elfsight.com\/it\/#website"},"datePublished":"1970-01-01T00:00:00+00:00","dateModified":"2024-11-12T08:06:22+00:00","description":"Incorpora un plugin per il menu del ristorante ottimizzato per i dispositivi mobili nella tua pagina jQuery. Prova la pratica demo di Elfsight e modifica il tuo splendido plugin in pochi clic","breadcrumb":{"@id":"https:\/\/elfsight.com\/it\/restaurant-menu-widget\/jquery\/#breadcrumb"},"inLanguage":"it-IT","potentialAction":[{"@type":"ReadAction","target":["https:\/\/elfsight.com\/it\/restaurant-menu-widget\/jquery\/"]}]},{"@type":"BreadcrumbList","@id":"https:\/\/elfsight.com\/it\/restaurant-menu-widget\/jquery\/#breadcrumb","itemListElement":[{"@type":"ListItem","position":1,"name":"Home","item":"https:\/\/elfsight.com\/it\/"},{"@type":"ListItem","position":2,"name":"Restaurant Menu","item":"https:\/\/elfsight.com\/it\/restaurant-menu-widget\/"},{"@type":"ListItem","position":3,"name":"Restaurant Menu &#8211; jQuery"}]},{"@type":"WebSite","@id":"https:\/\/elfsight.com\/it\/#website","url":"https:\/\/elfsight.com\/it\/","name":"Elfsight IT","description":"Just another Elfsight Sites site","potentialAction":[{"@type":"SearchAction","target":{"@type":"EntryPoint","urlTemplate":"https:\/\/elfsight.com\/it\/?s={search_term_string}"},"query-input":{"@type":"PropertyValueSpecification","valueRequired":true,"valueName":"search_term_string"}}],"inLanguage":"it-IT"}]}},"meta_box":{"industry":"","seo_heading":"","heading":"","description":"","cta_heading":"","cta_description":"","application":"2833","h1":"Plug-in per menu ristorante jQuery","h1_caption":"Mostra il menu del tuo ristorante in un formato visivamente accattivante, facile da aggiornare e intuitivo nel tuo sito Web jQuery senza sforzo.","application_category":[],"applications_title":"","applications_request_title":"","applications_request_button_text":"","hero_text":"","hero_video":"","hero_video_schema_markup":"","selling_points_title":"","selling_points_caption":"","selling_points":[],"selling_points_cta_text":"","features_title":"","features":"","ed_cta_examples_text":"","ed_cta_examples_hidden":"","ed_cta_demo_text":"","ed_cta_demo_hidden":"","why_caption":"","why_editor_title":"","why_editor_text":"","why_team_title":"","why_team_text":"","why_service_title":"","why_service_text":"","template_catalog_visible":"","template_catalog_title":"","template_catalog_text":"","template_catalog_categories_visible":"","demo_title":"Crea il tuo plugin per il menu del ristorante","demo_caption":"Configura il menu del tuo ristorante e aggiungilo gratuitamente al tuo sito jQuery!","default_faq_hidden":"","app_template_category":[],"platform":"37","template_public_id":"","codecanyon_url":"","codecanyon_item_id":"","codecanyon_price":"","pricing_caption":"","pricing_elfsight_apps_hide_column":"","pricing_elfsight_apps_url":"","pricing_codecanyon_price_caption":"","integration_category":[],"integration_request_title":"","integration_request_cta":"","integration_platform":"","integrations":[],"platform_category":[],"video_schema_markup":"","price":"da $ 0 al mese","trial":"","benefits":[{"text":"Aiuto per l'installazione gratuito"},{"text":"Servizio clienti efficace"},{"text":"Garanzia di rimborso di 14 giorni"},{"text":"Aggiornamenti regolari"}],"button_url":"#demo","button_target_blank":"","button_nofollow":"","attributes":[{"name":"Installazioni"},{"name":"Reattivo","content":"Ottimizzato per dispositivi mobili"},{"name":"Browser compatibili","content":"Firefox, Safari, Opera, Chrome, Edge"}],"tags":[],"tags_disable_links":"","hide_more_platforms":"","video_object":"","demo_hide_cta":"","demo_hide_cloud_options":"","pricing_title":"","pricing":[{"pricing_icon":"platform","pricing_title":"Elfsight Apps","pricing_title_caption":"Soluzione indipendente dalla piattaforma che funziona su qualsiasi sito","pricing_price":"da $ 0 \/ mese","pricing_price_caption":"inizia con un piano gratuito","pricing_benefits":[{"text":"Domini illimitati"},{"text":"Supporto puntuale 24 ore su 24, 7 giorni su 7 e ben documentato"},{"text":"Supporto gratuito per l'installazione"},{"text":"Progettazione flessibile"}],"pricing_button_text":"Aggiungi al sito web","pricing_button_url":"#demo"}],"related_apps_title":"","related_apps_hidden":"","author":"","image":[],"title":"","job":"","social_networks":[]},"_links":{"self":[{"href":"https:\/\/elfsight.com\/it\/wp-json\/wp\/v2\/pages\/5642","targetHints":{"allow":["GET"]}}],"collection":[{"href":"https:\/\/elfsight.com\/it\/wp-json\/wp\/v2\/pages"}],"about":[{"href":"https:\/\/elfsight.com\/it\/wp-json\/wp\/v2\/types\/page"}],"author":[{"embeddable":true,"href":"https:\/\/elfsight.com\/it\/wp-json\/wp\/v2\/users\/9"}],"replies":[{"embeddable":true,"href":"https:\/\/elfsight.com\/it\/wp-json\/wp\/v2\/comments?post=5642"}],"version-history":[{"count":1,"href":"https:\/\/elfsight.com\/it\/wp-json\/wp\/v2\/pages\/5642\/revisions"}],"predecessor-version":[{"id":5646,"href":"https:\/\/elfsight.com\/it\/wp-json\/wp\/v2\/pages\/5642\/revisions\/5646"}],"up":[{"embeddable":true,"href":"https:\/\/elfsight.com\/it\/wp-json\/wp\/v2\/pages\/2834"}],"wp:attachment":[{"href":"https:\/\/elfsight.com\/it\/wp-json\/wp\/v2\/media?parent=5642"}],"curies":[{"name":"wp","href":"https:\/\/api.w.org\/{rel}","templated":true}]}}