{"id":5636,"date":"1970-01-01T00:00:00","date_gmt":"1970-01-01T00:00:00","guid":{"rendered":"https:\/\/elfsight.com\/it\/?page_id=5636"},"modified":"2024-11-12T08:06:22","modified_gmt":"2024-11-12T08:06:22","slug":"iframe","status":"publish","type":"page","link":"https:\/\/elfsight.com\/it\/restaurant-menu-widget\/iframe\/","title":{"rendered":"Restaurant Menu &#8211; iFrame"},"content":{"rendered":"<div class=\"application-platform-content-item-description application-platform-content-item\" id=\"description\" data-nav-section=\"description\"> <h2>Incorpora il menu del ristorante su iFrame con il widget Elfsight<\/h2><p>Il menu del ristorante \u00e8 un modo semplice per far conoscere ai tuoi potenziali clienti la tua cucina, sottolinea un concetto eccezionale e cattura la loro attenzione con immagini magnetiche del cibo. Il widget \u00e8 altamente intuitivo. Puoi creare un numero illimitato di pagine di menu con un numero enorme di voci o semplicemente eseguire un elenco conciso delle specialit\u00e0 che servi. Imposta uno schema chiaro o scuro o regola gli elementi che preferisci, ridipingendo tutti i colori accentati. Niente pi\u00f9 file PDF che devi creare fin dall&#8217;inizio. Correggi le informazioni nel tuo menu ogni volta che lo desideri: prezzi, articoli, aggiungi nuovi piatti o persino menu in pochi secondi! Crea adesso il tuo miglior men\u00f9! <\/p><p><b>Lancia il menu del ristorante per raggiungere pi\u00f9 facilmente i tuoi obiettivi aziendali. Avendo il menu sul tuo sito web, il tuo ristorante pu\u00f2 invitare pi\u00f9 visitatori e ottenere un forte sviluppo del business! <\/b><\/p><\/div> <div class=\"application-platform-content-item-features application-platform-content-item\" id=\"features\" data-nav-section=\"features\"> <h2>Queste sono solo alcune delle funzionalit\u00e0 pi\u00f9 sorprendenti del widget: <\/h2> <ul><li>Facile da gestire anche per utenti non tecnologici <\/li><li>Quantit\u00e0 illimitata di menu, sezioni o voci, classificati con layout Tab, Elenco o Masonry <\/li><li>Menu e tutti i suoi componenti facili da aggiornare in qualsiasi momento tu voglia: sconti , offerte speciali stagionali ecc. <\/li><li> Scrivi caratteristiche dettagliate degli articoli, anche icone, informazioni nutrizionali e badge <\/li><li>Carica foto deliziose per gli articoli e presentale anche in modalit\u00e0 popup <\/li><li>Personalizza e ridipingi qualsiasi elemento: testo, combinazione di colori e icone <\/li><\/ul><p><a href=\"#demo\">Basta controllare questa demo per vedere quanto vale il widget<\/a><\/p> <\/div> <div class=\"application-platform-content-item-installazione application-platform-content-item\" id=\"installazione\" data-nav-section=\"installazione\"> <h2>Come posso incorporare il menu del ristorante nel mio sito iFrame? <\/h2> <p>Segui semplicemente i passaggi descritti di seguito per inserire il widget: <\/p> <ol><li><b>Esegui il nostro configuratore gratuito e inizia a costruire il tuo widget personalizzato. <\/b><br> Determina l&#8217;interfaccia e le opzioni preferibili dello strumento e salva le correzioni. <\/li> <li><b>Copia il codice individuale esposto nella finestra su Elfsight Apps. <\/b><br> Subito dopo aver completato la configurazione del tuo strumento, copia il codice esclusivo nella casella visualizzata e conservalo per un&#8217;occasione successiva. <\/li> <li><b>Inizia a utilizzare il widget sul tuo sito web iFrame. <\/b><br> Inserisci il codice che hai salvato di recente nella tua home page e salva le modifiche. <\/li> <li><b>Il gioco \u00e8 fatto! L&#8217;integrazione \u00e8 stata eseguita con successo. <\/b><br> Visita la tua pagina per osservare come funziona il plugin. <\/li><\/ol> <p>Se hai domande o incontri difficolt\u00e0, contatta il nostro personale del servizio clienti. I nostri consulenti saranno lieti di risolvere tutti i problemi che potresti avere con il widget. <\/p> <div class=\"faq\" data-component=\"FAQ\"><div class=\"faq-item\">\r\n\t\t\t\t\t<div class=\"faq-item-question\">\r\n\t\t\t\t\t\t<h3 class=\"faq-item-question-text\">Esiste un metodo per incorporare il menu del ristorante nella mia home page iFrame senza conoscenze di codifica?<\/h3>\r\n\r\n\t\t\t\t\t\t<div class=\"faq-item-question-icon\"><\/div>\r\n\t\t\t\t\t<\/div>\r\n\r\n\t\t\t\t\t<div class=\"faq-item-answer\">\r\n\t\t\t\t\t\t<div class=\"faq-item-answer-text\"> <p>La societ\u00e0 Elfsight fornisce una soluzione cloud che ti consente di creare tu stesso un plug-in del menu del ristorante, scopri quanto \u00e8 semplice il processo: vai alla demo online per creare un widget del menu del ristorante che desideri integrare nella tua pagina web iFrame. Scegli uno dei tanti modelli predefiniti e modifica le impostazioni del menu del ristorante, cambia il layout e i colori e aggiorna i tuoi contenuti, senza alcuna codifica. Clicca per salvare le impostazioni che hai effettuato nel Menu Ristorante e ottieni il codice per l&#8217;incorporamento, che potr\u00e0 essere incollato facilmente e gratuitamente nel tuo sito iFrame. Utilizzando il nostro editor intuitivo ogni utente web pu\u00f2 generare un&#8217;app Menu ristorante e incorporarla semplicemente nel proprio sito web iFrame. Non \u00e8 necessario pagare o divulgare i dati della tua carta per accedere al nostro Editor. Se riscontri problemi di qualsiasi tipo, non esitare a contattare il nostro staff di supporto tecnico.<\/p> <\/div>\r\n\t\t\t\t\t<\/div>\r\n\t\t\t\t<\/div> <\/div><\/div>","protected":false},"excerpt":{"rendered":"","protected":false},"author":9,"featured_media":0,"parent":2834,"menu_order":0,"comment_status":"closed","ping_status":"closed","template":"templates\/template-application-platform.php","meta":{"publish_to_discourse":"","publish_post_category":"","wpdc_auto_publish_overridden":"","wpdc_topic_tags":"","wpdc_pin_topic":"","wpdc_pin_until":"","discourse_post_id":"","discourse_permalink":"","wpdc_publishing_response":"","wpdc_publishing_error":"","footnotes":""},"class_list":["post-5636","page","type-page","status-publish","hentry"],"yoast_head":"<!-- This site is optimized with the Yoast SEO plugin v25.3.1 - https:\/\/yoast.com\/wordpress\/plugins\/seo\/ -->\n<title>Menu ristorante per siti Web iFrame: elegante e gratuito<\/title>\n<meta name=\"description\" content=\"Inserisci un menu ristorante intuitivo nella tua pagina web iFrame. Utilizza la pratica demo di Elfsight e modifica il tuo widget unico in un paio di clic\" \/>\n<meta name=\"robots\" content=\"index, follow, max-snippet:-1, max-image-preview:large, max-video-preview:-1\" \/>\n<link rel=\"canonical\" href=\"https:\/\/elfsight.com\/it\/restaurant-menu-widget\/iframe\/\" \/>\n<meta property=\"og:locale\" content=\"it_IT\" \/>\n<meta property=\"og:type\" content=\"article\" \/>\n<meta property=\"og:title\" content=\"Menu ristorante per siti Web iFrame: elegante e gratuito\" \/>\n<meta property=\"og:description\" content=\"Inserisci un menu ristorante intuitivo nella tua pagina web iFrame. Utilizza la pratica demo di Elfsight e modifica il tuo widget unico in un paio di clic\" \/>\n<meta property=\"og:url\" content=\"https:\/\/elfsight.com\/it\/restaurant-menu-widget\/iframe\/\" \/>\n<meta property=\"og:site_name\" content=\"Elfsight IT\" \/>\n<meta property=\"article:modified_time\" content=\"2024-11-12T08:06:22+00:00\" \/>\n<meta name=\"twitter:card\" content=\"summary_large_image\" \/>\n<meta name=\"twitter:label1\" content=\"Tempo di lettura stimato\" \/>\n\t<meta name=\"twitter:data1\" content=\"3 minuti\" \/>\n<!-- \/ Yoast SEO plugin. -->","yoast_head_json":{"title":"Menu ristorante per siti Web iFrame: elegante e gratuito","description":"Inserisci un menu ristorante intuitivo nella tua pagina web iFrame. Utilizza la pratica demo di Elfsight e modifica il tuo widget unico in un paio di clic","robots":{"index":"index","follow":"follow","max-snippet":"max-snippet:-1","max-image-preview":"max-image-preview:large","max-video-preview":"max-video-preview:-1"},"canonical":"https:\/\/elfsight.com\/it\/restaurant-menu-widget\/iframe\/","og_locale":"it_IT","og_type":"article","og_title":"Menu ristorante per siti Web iFrame: elegante e gratuito","og_description":"Inserisci un menu ristorante intuitivo nella tua pagina web iFrame. Utilizza la pratica demo di Elfsight e modifica il tuo widget unico in un paio di clic","og_url":"https:\/\/elfsight.com\/it\/restaurant-menu-widget\/iframe\/","og_site_name":"Elfsight IT","article_modified_time":"2024-11-12T08:06:22+00:00","twitter_card":"summary_large_image","twitter_misc":{"Tempo di lettura stimato":"3 minuti"},"schema":{"@context":"https:\/\/schema.org","@graph":[{"@type":"WebPage","@id":"https:\/\/elfsight.com\/it\/restaurant-menu-widget\/iframe\/","url":"https:\/\/elfsight.com\/it\/restaurant-menu-widget\/iframe\/","name":"Menu ristorante per siti Web iFrame: elegante e gratuito","isPartOf":{"@id":"https:\/\/elfsight.com\/it\/#website"},"datePublished":"1970-01-01T00:00:00+00:00","dateModified":"2024-11-12T08:06:22+00:00","description":"Inserisci un menu ristorante intuitivo nella tua pagina web iFrame. Utilizza la pratica demo di Elfsight e modifica il tuo widget unico in un paio di clic","breadcrumb":{"@id":"https:\/\/elfsight.com\/it\/restaurant-menu-widget\/iframe\/#breadcrumb"},"inLanguage":"it-IT","potentialAction":[{"@type":"ReadAction","target":["https:\/\/elfsight.com\/it\/restaurant-menu-widget\/iframe\/"]}]},{"@type":"BreadcrumbList","@id":"https:\/\/elfsight.com\/it\/restaurant-menu-widget\/iframe\/#breadcrumb","itemListElement":[{"@type":"ListItem","position":1,"name":"Home","item":"https:\/\/elfsight.com\/it\/"},{"@type":"ListItem","position":2,"name":"Restaurant Menu","item":"https:\/\/elfsight.com\/it\/restaurant-menu-widget\/"},{"@type":"ListItem","position":3,"name":"Restaurant Menu &#8211; iFrame"}]},{"@type":"WebSite","@id":"https:\/\/elfsight.com\/it\/#website","url":"https:\/\/elfsight.com\/it\/","name":"Elfsight IT","description":"Just another Elfsight Sites site","potentialAction":[{"@type":"SearchAction","target":{"@type":"EntryPoint","urlTemplate":"https:\/\/elfsight.com\/it\/?s={search_term_string}"},"query-input":{"@type":"PropertyValueSpecification","valueRequired":true,"valueName":"search_term_string"}}],"inLanguage":"it-IT"}]}},"meta_box":{"industry":"","seo_heading":"","heading":"","description":"","cta_heading":"","cta_description":"","application":"2833","h1":"Widget del menu del ristorante iFrame","h1_caption":"Mostra il menu del tuo ristorante in un formato visivamente accattivante, facile da aggiornare e intuitivo nel tuo sito web iFrame senza sforzo.","application_category":[],"applications_title":"","applications_request_title":"","applications_request_button_text":"","hero_text":"","hero_video":"","hero_video_schema_markup":"","selling_points_title":"","selling_points_caption":"","selling_points":[],"selling_points_cta_text":"","features_title":"","features":"","ed_cta_examples_text":"","ed_cta_examples_hidden":"","ed_cta_demo_text":"","ed_cta_demo_hidden":"","why_caption":"","why_editor_title":"","why_editor_text":"","why_team_title":"","why_team_text":"","why_service_title":"","why_service_text":"","template_catalog_visible":"","template_catalog_title":"","template_catalog_text":"","template_catalog_categories_visible":"","demo_title":"Crea il tuo widget Menu del ristorante","demo_caption":"Configura il menu del tuo ristorante e aggiungilo gratuitamente al tuo sito iFrame!","default_faq_hidden":"","app_template_category":[],"platform":"54","template_public_id":"","codecanyon_url":"","codecanyon_item_id":"","codecanyon_price":"","pricing_caption":"","pricing_elfsight_apps_hide_column":"","pricing_elfsight_apps_url":"","pricing_codecanyon_price_caption":"","integration_category":[],"integration_request_title":"","integration_request_cta":"","integration_platform":"","integrations":[],"platform_category":[],"video_schema_markup":"","price":"da $ 0 al mese","trial":"","benefits":[{"text":"Aiuto per l'installazione gratuito"},{"text":"Supporto eccezionale"},{"text":"Garanzia di rimborso di 14 giorni"},{"text":"Aggiornamenti a vita"}],"button_url":"#demo","button_target_blank":"","button_nofollow":"","attributes":[{"name":"Installazioni"},{"name":"Reattivo","content":"S\u00cc"},{"name":"Browser compatibili","content":"Firefox, Safari, Opera, Chrome, Edge"}],"tags":[],"tags_disable_links":"","hide_more_platforms":"","video_object":"","demo_hide_cta":"","demo_hide_cloud_options":"","pricing_title":"","pricing":[{"pricing_icon":"platform","pricing_title":"Elfsight Apps","pricing_title_caption":"Software indipendente dalla piattaforma che funziona su qualsiasi sito web","pricing_price":"da $ 0 \/ mese","pricing_price_caption":"inizia con il piano gratuito","pricing_benefits":[{"text":"Numero illimitato di siti web"},{"text":"Supporto professionale e puntuale"},{"text":"Servizio di installazione gratuito"},{"text":"Prezzo speciale per pi\u00f9 app"}],"pricing_button_text":"Aggiungi al sito web","pricing_button_url":"#demo"}],"related_apps_title":"","related_apps_hidden":"","author":"","image":[],"title":"","job":"","social_networks":[]},"_links":{"self":[{"href":"https:\/\/elfsight.com\/it\/wp-json\/wp\/v2\/pages\/5636","targetHints":{"allow":["GET"]}}],"collection":[{"href":"https:\/\/elfsight.com\/it\/wp-json\/wp\/v2\/pages"}],"about":[{"href":"https:\/\/elfsight.com\/it\/wp-json\/wp\/v2\/types\/page"}],"author":[{"embeddable":true,"href":"https:\/\/elfsight.com\/it\/wp-json\/wp\/v2\/users\/9"}],"replies":[{"embeddable":true,"href":"https:\/\/elfsight.com\/it\/wp-json\/wp\/v2\/comments?post=5636"}],"version-history":[{"count":1,"href":"https:\/\/elfsight.com\/it\/wp-json\/wp\/v2\/pages\/5636\/revisions"}],"predecessor-version":[{"id":5640,"href":"https:\/\/elfsight.com\/it\/wp-json\/wp\/v2\/pages\/5636\/revisions\/5640"}],"up":[{"embeddable":true,"href":"https:\/\/elfsight.com\/it\/wp-json\/wp\/v2\/pages\/2834"}],"wp:attachment":[{"href":"https:\/\/elfsight.com\/it\/wp-json\/wp\/v2\/media?parent=5636"}],"curies":[{"name":"wp","href":"https:\/\/api.w.org\/{rel}","templated":true}]}}