{"id":5635,"date":"1970-01-01T00:00:00","date_gmt":"1970-01-01T00:00:00","guid":{"rendered":"https:\/\/elfsight.com\/it\/?page_id=5635"},"modified":"2025-03-24T05:18:36","modified_gmt":"2025-03-24T05:18:36","slug":"magento","status":"publish","type":"page","link":"https:\/\/elfsight.com\/it\/restaurant-menu-widget\/magento\/","title":{"rendered":"Restaurant Menu &#8211; Magento"},"content":{"rendered":"\n<div class=\"application-platform-content-item-description application-platform-content-item\" id=\"description\" data-nav-section=\"description\"> <h2>Descrizione<\/h2><p>Il menu del ristorante \u00e8 un modo conveniente per rappresentare la tua cucina, trasmettere un&#8217;idea originale e catturare l&#8217;attenzione degli utenti con immagini di piatti accattivanti. Lo strumento \u00e8 molto pratico. Tramite esso potrai creare una vasta quantit\u00e0 di men\u00f9 con numerose voci in sezioni o semplicemente presentare un breve elenco dei pasti che servi. Scegli lo schema chiaro, scuro o personalizza gli elementi che desideri, ricolorandoli tutti. Inoltre, il tuo menu pu\u00f2 essere sempre attuale: correggi i prezzi, aggiorna l&#8217;elenco degli articoli, aggiungi nuovi pasti o addirittura menu in un clic! Inizia subito a creare il tuo menu appetitoso. <\/p> <p><b>Aggiungi il menu del ristorante per raggiungere il massimo dei profitti con meno sforzo! Utilizzando il menu sulla tua pagina web puoi attirare pi\u00f9 clienti e avere una crescita del business pi\u00f9 rapida! <\/b><\/p> <\/div> <div class=\"application-platform-content-item-features application-platform-content-item\" id=\"features\" data-nav-section=\"features\"> <h2>Ecco le caratteristiche di base dell&#8217;estensione: <\/h2> <ul><li>Facile da usare anche per utenti non professionali <\/li><li>Numero illimitato di menu, sezioni o voci, organizzati con layout di stile <\/li><li>Menu facile da aggiornare e tutti i suoi componenti ogni volta che ne hai bisogno: prezzi, offerte speciali stagionali e cos\u00ec via. <\/li> <li> Mostra informazioni aggiuntive dettagliate sugli articoli, ad esempio icone, elementi nutrizionali e badge <\/li><li>Carica immagini straordinarie per gli articoli e visualizzale anche in modalit\u00e0 popup <\/li><li>Personalizza e cambia colore di tutti gli elementi: testo, combinazione di colori e icone <\/li><\/ul><p><a href=\"#demo\">Prova tutte le opzioni di personalizzazione nella demo funzionale al 100%<\/a><\/p> <\/div> <div class=\"application-platform-content-item-installation application-platform-content-item\" id=\"installation\" data-nav-section=\"installation\"> <h2>Come faccio ad aggiungere il menu del ristorante sul mio sito web Magento? <\/h2> <p>Segui semplicemente le istruzioni seguenti per integrare lo strumento: <\/p> <ol><li><b>Utilizza la nostra demo gratuita e inizia a dare forma alla tua estensione unica. <\/b><br> Determina il design e le opzioni adatti dell&#8217;estensione e salva tutte le modifiche. <\/li> <li><b>Copia il tuo codice individuale che appare nella casella sulle app Elfsight. <\/b><br> Subito dopo aver terminato la configurazione della tua estensione personale, copia il codice individuale dalla finestra emersa e salvalo per un ulteriore utilizzo. <\/li> <li><b>Inizia ad applicare l&#8217;estensione sul tuo sito Magento. <\/b><br> Integra il codice salvato in precedenza nel tuo sito web e salva le correzioni. <\/li> <li><b>Fatto! L&#8217;integrazione \u00e8 completamente eseguita. <\/b><br> Vai alla tua pagina web per vedere in azione il lavoro dell&#8217;estensione. <\/li><\/ol><p>In caso di difficolt\u00e0, non aver paura di contattare il nostro team di assistenza clienti. I nostri specialisti saranno lieti di risolvere tutti i problemi che potresti avere con la tua estensione. <\/p> <div class=\"faq\" data-component=\"FAQ\"><div class=\"faq-item\">\r\n\t\t\t\t\t<div class=\"faq-item-question\">\r\n\t\t\t\t\t\t<h3 class=\"faq-item-question-text\">Come incorporare il menu del ristorante nel mio sito Magento senza competenze di programmazione?<\/h3>\r\n\r\n\t\t\t\t\t\t<div class=\"faq-item-question-icon\"><\/div>\r\n\t\t\t\t\t<\/div>\r\n\r\n\t\t\t\t\t<div class=\"faq-item-answer\">\r\n\t\t\t\t\t\t<div class=\"faq-item-answer-text\"> <p>La societ\u00e0 Elfsight offre una soluzione cloud che consente ai proprietari dei siti di creare autonomamente un widget del menu del ristorante, guarda come Il processo \u00e8 semplice: inizia a lavorare direttamente nella demo online per creare una sezione del menu del ristorante che desideri venga visualizzata sul sito Magento. Seleziona uno dei tanti modelli predefiniti e adatta le impostazioni del menu del ristorante, aggiorna i tuoi contenuti, modifica il layout e i colori senza codifica. Clicca per salvare il menu del ristorante e ottieni il codice per l&#8217;incorporamento, che potrai incollare gratuitamente nel sito Magento. Con l&#8217;aiuto dell&#8217;editor facile da usare ogni utente web pu\u00f2 creare un menu del ristorante e incorporarlo facilmente in qualsiasi pagina web Magento. Non \u00e8 necessario pagare o inserire i dati della carta per accedere al nostro servizio. Se incontri ostacoli di qualsiasi tipo, non esitare a contattare il nostro supporto tecnico clienti.<\/p> <\/div>\r\n\t\t\t\t\t<\/div>\r\n\t\t\t\t<\/div> <\/div><\/div><!-- \/wp:html - &gt; \/wp:html -->\n","protected":false},"excerpt":{"rendered":"","protected":false},"author":9,"featured_media":0,"parent":2834,"menu_order":0,"comment_status":"closed","ping_status":"closed","template":"templates\/template-application-platform.php","meta":{"publish_to_discourse":"","publish_post_category":"","wpdc_auto_publish_overridden":"","wpdc_topic_tags":"","wpdc_pin_topic":"","wpdc_pin_until":"","discourse_post_id":"","discourse_permalink":"","wpdc_publishing_response":"","wpdc_publishing_error":"","footnotes":""},"class_list":["post-5635","page","type-page","status-publish","hentry"],"yoast_head":"<!-- This site is optimized with the Yoast SEO plugin v25.3.1 - https:\/\/yoast.com\/wordpress\/plugins\/seo\/ -->\n<title>Menu ristorante per siti Web Magento: veloce e gratuito<\/title>\n<meta name=\"description\" content=\"Inserisci un Men\u00f9 Ristorante facile da gestire sul tuo sito Magento. Utilizza la pratica demo di Elfsight e crea la tua estensione unica in pochi clic\" \/>\n<meta name=\"robots\" content=\"index, follow, max-snippet:-1, max-image-preview:large, max-video-preview:-1\" \/>\n<link rel=\"canonical\" href=\"https:\/\/elfsight.com\/it\/restaurant-menu-widget\/magento\/\" \/>\n<meta property=\"og:locale\" content=\"it_IT\" \/>\n<meta property=\"og:type\" content=\"article\" \/>\n<meta property=\"og:title\" content=\"Menu ristorante per siti Web Magento: veloce e gratuito\" \/>\n<meta property=\"og:description\" content=\"Inserisci un Men\u00f9 Ristorante facile da gestire sul tuo sito Magento. Utilizza la pratica demo di Elfsight e crea la tua estensione unica in pochi clic\" \/>\n<meta property=\"og:url\" content=\"https:\/\/elfsight.com\/it\/restaurant-menu-widget\/magento\/\" \/>\n<meta property=\"og:site_name\" content=\"Elfsight IT\" \/>\n<meta property=\"article:modified_time\" content=\"2025-03-24T05:18:36+00:00\" \/>\n<meta name=\"twitter:card\" content=\"summary_large_image\" \/>\n<meta name=\"twitter:label1\" content=\"Tempo di lettura stimato\" \/>\n\t<meta name=\"twitter:data1\" content=\"3 minuti\" \/>\n<!-- \/ Yoast SEO plugin. -->","yoast_head_json":{"title":"Menu ristorante per siti Web Magento: veloce e gratuito","description":"Inserisci un Men\u00f9 Ristorante facile da gestire sul tuo sito Magento. Utilizza la pratica demo di Elfsight e crea la tua estensione unica in pochi clic","robots":{"index":"index","follow":"follow","max-snippet":"max-snippet:-1","max-image-preview":"max-image-preview:large","max-video-preview":"max-video-preview:-1"},"canonical":"https:\/\/elfsight.com\/it\/restaurant-menu-widget\/magento\/","og_locale":"it_IT","og_type":"article","og_title":"Menu ristorante per siti Web Magento: veloce e gratuito","og_description":"Inserisci un Men\u00f9 Ristorante facile da gestire sul tuo sito Magento. Utilizza la pratica demo di Elfsight e crea la tua estensione unica in pochi clic","og_url":"https:\/\/elfsight.com\/it\/restaurant-menu-widget\/magento\/","og_site_name":"Elfsight IT","article_modified_time":"2025-03-24T05:18:36+00:00","twitter_card":"summary_large_image","twitter_misc":{"Tempo di lettura stimato":"3 minuti"},"schema":{"@context":"https:\/\/schema.org","@graph":[{"@type":"WebPage","@id":"https:\/\/elfsight.com\/it\/restaurant-menu-widget\/magento\/","url":"https:\/\/elfsight.com\/it\/restaurant-menu-widget\/magento\/","name":"Menu ristorante per siti Web Magento: veloce e gratuito","isPartOf":{"@id":"https:\/\/elfsight.com\/it\/#website"},"datePublished":"1970-01-01T00:00:00+00:00","dateModified":"2025-03-24T05:18:36+00:00","description":"Inserisci un Men\u00f9 Ristorante facile da gestire sul tuo sito Magento. Utilizza la pratica demo di Elfsight e crea la tua estensione unica in pochi clic","breadcrumb":{"@id":"https:\/\/elfsight.com\/it\/restaurant-menu-widget\/magento\/#breadcrumb"},"inLanguage":"it-IT","potentialAction":[{"@type":"ReadAction","target":["https:\/\/elfsight.com\/it\/restaurant-menu-widget\/magento\/"]}]},{"@type":"BreadcrumbList","@id":"https:\/\/elfsight.com\/it\/restaurant-menu-widget\/magento\/#breadcrumb","itemListElement":[{"@type":"ListItem","position":1,"name":"Home","item":"https:\/\/elfsight.com\/it\/"},{"@type":"ListItem","position":2,"name":"Restaurant Menu","item":"https:\/\/elfsight.com\/it\/restaurant-menu-widget\/"},{"@type":"ListItem","position":3,"name":"Restaurant Menu &#8211; Magento"}]},{"@type":"WebSite","@id":"https:\/\/elfsight.com\/it\/#website","url":"https:\/\/elfsight.com\/it\/","name":"Elfsight IT","description":"Just another Elfsight Sites site","potentialAction":[{"@type":"SearchAction","target":{"@type":"EntryPoint","urlTemplate":"https:\/\/elfsight.com\/it\/?s={search_term_string}"},"query-input":{"@type":"PropertyValueSpecification","valueRequired":true,"valueName":"search_term_string"}}],"inLanguage":"it-IT"}]}},"meta_box":{"industry":"","seo_heading":"","heading":"","description":"","cta_heading":"","cta_description":"","application":"2833","h1":"Estensione del menu del ristorante Magento","h1_caption":"Mostra il menu del tuo ristorante in un formato visivamente accattivante, facile da aggiornare e intuitivo nel tuo sito Web Magento senza sforzo.","application_category":[],"applications_title":"","applications_request_title":"","applications_request_button_text":"","hero_text":"","hero_video":"","hero_video_schema_markup":"","selling_points_title":"","selling_points_caption":"","selling_points":[],"selling_points_cta_text":"","features_title":"","features":"","ed_cta_examples_text":"","ed_cta_examples_hidden":"","ed_cta_demo_text":"","ed_cta_demo_hidden":"","why_caption":"","why_editor_title":"","why_editor_text":"","why_team_title":"","why_team_text":"","why_service_title":"","why_service_text":"","template_catalog_visible":"0","template_catalog_title":"","template_catalog_text":"","template_catalog_categories_visible":"","demo_title":"Crea l'estensione del menu del tuo ristorante","demo_caption":"Configura il menu del tuo ristorante e aggiungilo gratuitamente al tuo sito Magento!","default_faq_hidden":"","app_template_category":[],"platform":"39","template_public_id":"","codecanyon_url":"","codecanyon_item_id":"","codecanyon_price":"","pricing_caption":"","pricing_elfsight_apps_hide_column":"","pricing_elfsight_apps_url":"","pricing_codecanyon_price_caption":"","integration_category":[],"integration_request_title":"","integration_request_cta":"","integration_platform":"","integrations":[],"platform_category":[],"video_schema_markup":"","price":"da $ 0 al mese","trial":"","benefits":[{"text":"Servizio di installazione gratuito"},{"text":"Servizio clienti professionale"},{"text":"Garanzia di rimborso di 14 giorni"},{"text":"Miglioramenti gratuiti continui"}],"button_url":"#demo","button_target_blank":"0","button_nofollow":"0","attributes":[{"name":"Installazioni"},{"name":"Reattivo","content":"S\u00cc"},{"name":"Browser compatibili","content":"Firefox, Safari, Opera, Chrome, Edge"}],"tags":[],"tags_disable_links":"0","hide_more_platforms":"0","video_object":"","demo_hide_cta":"0","demo_hide_cloud_options":"0","pricing_title":"","pricing":[{"pricing_icon":"platform","pricing_title":"Elfsight Apps","pricing_title_caption":"Soluzione digitale multipiattaforma","pricing_price":"da $ 0 \/ mese","pricing_price_caption":"inizia con un piano gratuito","pricing_benefits":[{"text":"Siti web illimitati"},{"text":"Supporto aziendale premium e ben documentato"},{"text":"Supporto gratuito per l'installazione"},{"text":"100% personalizzabile"}],"pricing_button_text":"Aggiungi al sito web","pricing_button_url":"#demo"}],"related_apps_title":"","related_apps_hidden":"0","author":"","image":[],"title":"","job":"","social_networks":[]},"_links":{"self":[{"href":"https:\/\/elfsight.com\/it\/wp-json\/wp\/v2\/pages\/5635","targetHints":{"allow":["GET"]}}],"collection":[{"href":"https:\/\/elfsight.com\/it\/wp-json\/wp\/v2\/pages"}],"about":[{"href":"https:\/\/elfsight.com\/it\/wp-json\/wp\/v2\/types\/page"}],"author":[{"embeddable":true,"href":"https:\/\/elfsight.com\/it\/wp-json\/wp\/v2\/users\/9"}],"replies":[{"embeddable":true,"href":"https:\/\/elfsight.com\/it\/wp-json\/wp\/v2\/comments?post=5635"}],"version-history":[{"count":2,"href":"https:\/\/elfsight.com\/it\/wp-json\/wp\/v2\/pages\/5635\/revisions"}],"predecessor-version":[{"id":9834,"href":"https:\/\/elfsight.com\/it\/wp-json\/wp\/v2\/pages\/5635\/revisions\/9834"}],"up":[{"embeddable":true,"href":"https:\/\/elfsight.com\/it\/wp-json\/wp\/v2\/pages\/2834"}],"wp:attachment":[{"href":"https:\/\/elfsight.com\/it\/wp-json\/wp\/v2\/media?parent=5635"}],"curies":[{"name":"wp","href":"https:\/\/api.w.org\/{rel}","templated":true}]}}