{"id":5634,"date":"2024-05-03T06:46:10","date_gmt":"2024-05-03T06:46:10","guid":{"rendered":"https:\/\/elfsight.com\/it\/?page_id=5634"},"modified":"2025-03-24T05:19:37","modified_gmt":"2025-03-24T05:19:37","slug":"html","status":"publish","type":"page","link":"https:\/\/elfsight.com\/it\/restaurant-menu-widget\/html\/","title":{"rendered":"Restaurant Menu &#8211; HTML"},"content":{"rendered":"\n<iframe width=\"720\" height=\"405\" src=\"https:\/\/www.youtube.com\/embed\/CEuvFEAf4Pc\" frameborder=\"0\" allowfullscreen=\"\"><\/iframe><div class=\"application-platform-content-item-description application-platform-content-item\" id=\"description\" data-nav-section=\"description\"> <h2>Descrizione<\/h2><p>Il menu del ristorante \u00e8 il modo pi\u00f9 rapido per comunicare ai tuoi potenziali clienti la tua variet\u00e0, rappresenta un concetto eccezionale e invitali a visitare il tuo ristorante. Il widget \u00e8 facile da usare. Puoi presentare facilmente qualsiasi quantit\u00e0 di pagine di menu con una grande quantit\u00e0 di voci o semplicemente creare un elenco conciso dei piatti che servi. Imposta uno schema chiaro, scuro o adatta tutto ci\u00f2 che desideri, ridipingendo tutti i colori accentati. Inoltre, il tuo menu pu\u00f2 rimanere sempre aggiornato: puoi modificare i prezzi, un elenco di articoli, aggiungere piatti nuovi e stagionali o persino menu in pochi secondi! Niente pi\u00f9 menu statici che devi creare all&#8217;inizio. Inizia subito a creare il tuo straordinario menu. <\/p> <p><b> Ottieni il meglio dal menu del ristorante per avere pi\u00f9 ospiti e diventare il luogo pi\u00f9 popolare nella tua citt\u00e0!<\/b><\/p> <\/div> <div class=\"application-platform-content-item-features application-platform-content-item\" id=\"features\" data-nav-section=\"features\"> <h2>Il widget offre funzionalit\u00e0 preziose e semplici, visualizzane alcune: <\/h2> <ul><li> Uno strumento semplice anche per gli utenti non tecnologici <\/li><li>Quantit\u00e0 infinita di menu, sezioni o elementi , suddiviso con l&#8217;aiuto di meravigliosi layout <\/li><li>Facile da modificare il menu e tutte le sue impostazioni ovunque tu voglia: aggiungi sconti, cibi e bevande stagionali, ecc. <\/li><li> Visualizza la descrizione dettagliata degli articoli , incluse icone, elementi nutrizionali e badge<\/li><li>Aggiungi splendide foto agli articoli e presentale anche in una visualizzazione popup. <\/li><li>Modifica e ridipingi qualsiasi elemento: testo, combinazione di colori e icone <\/li><\/ul><p><a href=\"#demo\">Prova tutte le funzionalit\u00e0 di personalizzazione nella demo completa<\/a><\/p> <\/div> <div class=\"application-platform-content-item-installation application-platform-content-item\" id=\"installation\" data-nav-section=\"installation\"> <h2>Come posso aggiungere il menu del ristorante nella mia pagina web HTML? <\/h2><div class=\"video-container\"><iframe width=\"560\" height=\"315\" src=\"https:\/\/www.youtube.com\/embed\/CEuvFEAf4Pc?si=GiTTdiJHFVaQsxBe\" frameborder=\"0\" allow=\"accelerometer; autoplay; clipboard-write; encrypted-media; gyroscope; picture-in-picture; web-share\" allowfullscreen><\/iframe><\/div><p>Segui semplicemente le linee guida riportate di seguito per iniziare a lavorare con lo strumento: <\/p> <ol><li><b>Utilizza la nostra demo gratuita e inizia a costruire il tuo strumento personalizzato. <\/b><br> Trova la forma e la funzionalit\u00e0 adatte del widget e salva le modifiche. <\/li> <li><b>Acquisisci il codice univoco che appare nell&#8217;apposito modulo su Elfsight Apps. <\/b><br> Una volta completata la personalizzazione del tuo widget, copia il codice individuale nella finestra visualizzata e salvalo per ulteriori necessit\u00e0. <\/li> <li><b>Inizia a utilizzare lo strumento sul tuo sito web HTML. <\/b><br> Incorpora il codice che hai copiato di recente nel tuo sito web e applica le correzioni. <\/li> <li><b>Fatto! L&#8217;incorporamento \u00e8 completamente terminato. <\/b><br> Visita il tuo sito web per dare un&#8217;occhiata a come funziona il widget. <\/li><\/ol> <p>Se riscontri domande o incontri qualche difficolt\u00e0, non aver paura di rivolgerti al nostro personale di supporto. I nostri specialisti non vedono l&#8217;ora di risolvere tutti i problemi che potresti avere con il widget. <\/p> <div class=\"faq\" data-component=\"FAQ\"><div class=\"faq-item\">\r\n\t\t\t\t\t<div class=\"faq-item-question\">\r\n\t\t\t\t\t\t<h3 class=\"faq-item-question-text\">Esiste un'opzione per aggiungere il menu del ristorante alla mia pagina Web HTML senza conoscenze di codifica?<\/h3>\r\n\r\n\t\t\t\t\t\t<div class=\"faq-item-question-icon\"><\/div>\r\n\t\t\t\t\t<\/div>\r\n\r\n\t\t\t\t\t<div class=\"faq-item-answer\">\r\n\t\t\t\t\t\t<div class=\"faq-item-answer-text\"> <p>Elfsight offre una soluzione SaaS che ti consente di creare tu stesso una sezione del menu del ristorante , scopri la guida semplice: vai all&#8217;editor online per creare un&#8217;app menu ristorante che desideri includere nella tua pagina web HTML. Scegli uno dei tanti modelli predefiniti e modifica le impostazioni del menu del ristorante, aggiungi i tuoi contenuti, trasforma il layout e i colori senza alcuna esperienza di codifica. Fai clic per salvare le impostazioni effettuate nel menu del ristorante e copia il codice per l&#8217;incorporamento, che potrai includere facilmente e gratuitamente nella home page HTML. Con il nostro semplice editor qualsiasi utente di Internet pu\u00f2 creare un menu del ristorante e aggiungerlo facilmente a qualsiasi pagina Web HTML. Non \u00e8 necessario sottoscrivere un abbonamento a pagamento o inserire i dati della carta per accedere al servizio. Se incontri ostacoli di qualsiasi tipo, non esitare a parlare con il nostro team di supporto tecnico.<\/p> <\/div>\r\n\t\t\t\t\t<\/div>\r\n\t\t\t\t<\/div> <\/div><\/div>\n","protected":false},"excerpt":{"rendered":"","protected":false},"author":9,"featured_media":0,"parent":2834,"menu_order":0,"comment_status":"closed","ping_status":"closed","template":"templates\/template-application-platform.php","meta":{"publish_to_discourse":"","publish_post_category":"","wpdc_auto_publish_overridden":"","wpdc_topic_tags":"","wpdc_pin_topic":"","wpdc_pin_until":"","discourse_post_id":"","discourse_permalink":"","wpdc_publishing_response":"","wpdc_publishing_error":"","footnotes":""},"class_list":["post-5634","page","type-page","status-publish","hentry"],"yoast_head":"<!-- This site is optimized with the Yoast SEO plugin v25.3.1 - https:\/\/yoast.com\/wordpress\/plugins\/seo\/ -->\n<title>Menu ristorante per siti Web HTML: gratuito e sorprendente<\/title>\n<meta name=\"description\" content=\"Inserisci un menu ristorante intuitivo nel tuo codice HTML. Utilizza la pratica demo di Elfsight e modifica il tuo straordinario widget in un paio di clic\" \/>\n<meta name=\"robots\" content=\"index, follow, max-snippet:-1, max-image-preview:large, max-video-preview:-1\" \/>\n<link rel=\"canonical\" href=\"https:\/\/elfsight.com\/it\/restaurant-menu-widget\/html\/\" \/>\n<meta property=\"og:locale\" content=\"it_IT\" \/>\n<meta property=\"og:type\" content=\"article\" \/>\n<meta property=\"og:title\" content=\"Menu ristorante per siti Web HTML: gratuito e sorprendente\" \/>\n<meta property=\"og:description\" content=\"Inserisci un menu ristorante intuitivo nel tuo codice HTML. Utilizza la pratica demo di Elfsight e modifica il tuo straordinario widget in un paio di clic\" \/>\n<meta property=\"og:url\" content=\"https:\/\/elfsight.com\/it\/restaurant-menu-widget\/html\/\" \/>\n<meta property=\"og:site_name\" content=\"Elfsight IT\" \/>\n<meta property=\"article:modified_time\" content=\"2025-03-24T05:19:37+00:00\" \/>\n<meta name=\"twitter:card\" content=\"summary_large_image\" \/>\n<meta name=\"twitter:label1\" content=\"Tempo di lettura stimato\" \/>\n\t<meta name=\"twitter:data1\" content=\"4 minuti\" \/>\n<!-- \/ Yoast SEO plugin. -->","yoast_head_json":{"title":"Menu ristorante per siti Web HTML: gratuito e sorprendente","description":"Inserisci un menu ristorante intuitivo nel tuo codice HTML. Utilizza la pratica demo di Elfsight e modifica il tuo straordinario widget in un paio di clic","robots":{"index":"index","follow":"follow","max-snippet":"max-snippet:-1","max-image-preview":"max-image-preview:large","max-video-preview":"max-video-preview:-1"},"canonical":"https:\/\/elfsight.com\/it\/restaurant-menu-widget\/html\/","og_locale":"it_IT","og_type":"article","og_title":"Menu ristorante per siti Web HTML: gratuito e sorprendente","og_description":"Inserisci un menu ristorante intuitivo nel tuo codice HTML. Utilizza la pratica demo di Elfsight e modifica il tuo straordinario widget in un paio di clic","og_url":"https:\/\/elfsight.com\/it\/restaurant-menu-widget\/html\/","og_site_name":"Elfsight IT","article_modified_time":"2025-03-24T05:19:37+00:00","twitter_card":"summary_large_image","twitter_misc":{"Tempo di lettura stimato":"4 minuti"},"schema":{"@context":"https:\/\/schema.org","@graph":[{"@type":"WebPage","@id":"https:\/\/elfsight.com\/it\/restaurant-menu-widget\/html\/","url":"https:\/\/elfsight.com\/it\/restaurant-menu-widget\/html\/","name":"Menu ristorante per siti Web HTML: gratuito e sorprendente","isPartOf":{"@id":"https:\/\/elfsight.com\/it\/#website"},"datePublished":"2024-05-03T06:46:10+00:00","dateModified":"2025-03-24T05:19:37+00:00","description":"Inserisci un menu ristorante intuitivo nel tuo codice HTML. Utilizza la pratica demo di Elfsight e modifica il tuo straordinario widget in un paio di clic","breadcrumb":{"@id":"https:\/\/elfsight.com\/it\/restaurant-menu-widget\/html\/#breadcrumb"},"inLanguage":"it-IT","potentialAction":[{"@type":"ReadAction","target":["https:\/\/elfsight.com\/it\/restaurant-menu-widget\/html\/"]}]},{"@type":"BreadcrumbList","@id":"https:\/\/elfsight.com\/it\/restaurant-menu-widget\/html\/#breadcrumb","itemListElement":[{"@type":"ListItem","position":1,"name":"Home","item":"https:\/\/elfsight.com\/it\/"},{"@type":"ListItem","position":2,"name":"Restaurant Menu","item":"https:\/\/elfsight.com\/it\/restaurant-menu-widget\/"},{"@type":"ListItem","position":3,"name":"Restaurant Menu &#8211; HTML"}]},{"@type":"WebSite","@id":"https:\/\/elfsight.com\/it\/#website","url":"https:\/\/elfsight.com\/it\/","name":"Elfsight IT","description":"Just another Elfsight Sites site","potentialAction":[{"@type":"SearchAction","target":{"@type":"EntryPoint","urlTemplate":"https:\/\/elfsight.com\/it\/?s={search_term_string}"},"query-input":{"@type":"PropertyValueSpecification","valueRequired":true,"valueName":"search_term_string"}}],"inLanguage":"it-IT"}]}},"meta_box":{"industry":"","seo_heading":"","heading":"","description":"","cta_heading":"","cta_description":"","application":"2833","h1":"Widget del menu del ristorante HTML","h1_caption":"Mostra il menu del tuo ristorante in un formato visivamente accattivante, facile da aggiornare e intuitivo nel tuo sito Web HTML senza sforzo.","application_category":[],"applications_title":"","applications_request_title":"","applications_request_button_text":"","hero_text":"","hero_video":"","hero_video_schema_markup":"","selling_points_title":"","selling_points_caption":"","selling_points":[],"selling_points_cta_text":"","features_title":"","features":"","ed_cta_examples_text":"","ed_cta_examples_hidden":"","ed_cta_demo_text":"","ed_cta_demo_hidden":"","why_caption":"","why_editor_title":"","why_editor_text":"","why_team_title":"","why_team_text":"","why_service_title":"","why_service_text":"","template_catalog_visible":"0","template_catalog_title":"","template_catalog_text":"","template_catalog_categories_visible":"","demo_title":"Crea il tuo widget Menu del ristorante","demo_caption":"Configura il menu del tuo ristorante e aggiungilo gratuitamente al tuo sito HTML!","default_faq_hidden":"","app_template_category":[],"platform":"35","template_public_id":"","codecanyon_url":"","codecanyon_item_id":"","codecanyon_price":"","pricing_caption":"","pricing_elfsight_apps_hide_column":"","pricing_elfsight_apps_url":"","pricing_codecanyon_price_caption":"","integration_category":[],"integration_request_title":"","integration_request_cta":"","integration_platform":"","integrations":[],"platform_category":[],"video_schema_markup":"","price":"da $ 0 al mese","trial":"","benefits":[{"text":"Assistenza gratuita per l'installazione"},{"text":"Assistenza clienti con esperienza"},{"text":"Garanzia di rimborso di 14 giorni"},{"text":"Miglioramenti a vita"}],"button_url":"#demo","button_target_blank":"0","button_nofollow":"0","attributes":[{"name":"Installazioni"},{"name":"Reattivo","content":"S\u00cc"},{"name":"Browser compatibili","content":"Firefox, Safari, Opera, Chrome, Edge"}],"tags":[],"tags_disable_links":"0","hide_more_platforms":"0","video_object":"","demo_hide_cta":"0","demo_hide_cloud_options":"0","pricing_title":"","pricing":[{"pricing_icon":"platform","pricing_title":"Elfsight Apps","pricing_title_caption":"Software multipiattaforma","pricing_price":"da $ 0 \/ mese","pricing_price_caption":"inizia con il piano gratuito","pricing_benefits":[{"text":"Siti web illimitati"},{"text":"Supporto dedicato"},{"text":"Assistenza per l'installazione gratuita"},{"text":"Offerta speciale per pi\u00f9 app"}],"pricing_button_text":"Aggiungi al sito web","pricing_button_url":"#demo"}],"related_apps_title":"","related_apps_hidden":"0","author":"","image":[],"title":"","job":"","social_networks":[]},"_links":{"self":[{"href":"https:\/\/elfsight.com\/it\/wp-json\/wp\/v2\/pages\/5634","targetHints":{"allow":["GET"]}}],"collection":[{"href":"https:\/\/elfsight.com\/it\/wp-json\/wp\/v2\/pages"}],"about":[{"href":"https:\/\/elfsight.com\/it\/wp-json\/wp\/v2\/types\/page"}],"author":[{"embeddable":true,"href":"https:\/\/elfsight.com\/it\/wp-json\/wp\/v2\/users\/9"}],"replies":[{"embeddable":true,"href":"https:\/\/elfsight.com\/it\/wp-json\/wp\/v2\/comments?post=5634"}],"version-history":[{"count":3,"href":"https:\/\/elfsight.com\/it\/wp-json\/wp\/v2\/pages\/5634\/revisions"}],"predecessor-version":[{"id":9835,"href":"https:\/\/elfsight.com\/it\/wp-json\/wp\/v2\/pages\/5634\/revisions\/9835"}],"up":[{"embeddable":true,"href":"https:\/\/elfsight.com\/it\/wp-json\/wp\/v2\/pages\/2834"}],"wp:attachment":[{"href":"https:\/\/elfsight.com\/it\/wp-json\/wp\/v2\/media?parent=5634"}],"curies":[{"name":"wp","href":"https:\/\/api.w.org\/{rel}","templated":true}]}}