{"id":5628,"date":"1970-01-01T00:00:00","date_gmt":"1970-01-01T00:00:00","guid":{"rendered":"https:\/\/elfsight.com\/it\/?page_id=5628"},"modified":"2024-11-12T08:06:13","modified_gmt":"2024-11-12T08:06:13","slug":"opencart","status":"publish","type":"page","link":"https:\/\/elfsight.com\/it\/restaurant-menu-widget\/opencart\/","title":{"rendered":"Restaurant Menu &#8211; OpenCart"},"content":{"rendered":"<div class=\"application-platform-content-item-description application-platform-content-item\" id=\"description\" data-nav-section=\"description\"> <h2>Descrizione<\/h2><p>Il menu del ristorante \u00e8 uno strumento facile da gestire per mostrare la variet\u00e0 di piatti direttamente sulla tua pagina , trasmettere un concetto originale e attirare pi\u00f9 ospiti. L&#8217;estensione \u00e8 altamente personalizzabile. Grazie ad esso puoi creare qualsiasi quantit\u00e0 di pagine di menu con numerose sezioni e voci. Imposta uno schema chiaro o scuro o modifica le impostazioni di cui hai bisogno, ricolorando tutti gli elementi. La pi\u00f9 grande opportunit\u00e0 del widget \u00e8 quella di rimanere sempre aggiornato: puoi correggere i prezzi, l&#8217;elenco degli articoli, aggiungere nuove bevande o persino menu in un paio di secondi! Niente pi\u00f9 menu pronti da stampare da riscrivere dall&#8217;inizio. Inizia subito a creare il tuo meraviglioso menu! <\/p> <p><b>Prova ad applicare Menu Ristorante per raggiungere i tuoi obiettivi di business con meno sforzo! Tramite il menu sulla tua pagina web puoi invitare pi\u00f9 potenziali clienti e ottenere un solido sviluppo del business. Prova a utilizzare Menu Ristorante di Elfsight! <\/b><\/p> <\/div> <div class=\"application-platform-content-item-features application-platform-content-item\" id=\"features\" data-nav-section=\"features\"> <h2>Le funzionalit\u00e0 di base del widget offrono:<\/h2> <ul><li> Strumento facile da gestire anche per i non professionisti utenti <\/li><li>Numero illimitato di menu, sezioni o voci, classificati in base a diversi layout <\/li><li>Menu e tutti i suoi elementi facili da modificare ovunque ne abbiate bisogno. Aggiungi sconti, cibi e bevande stagionali, ecc. <\/li><li> Allega informazioni extra dettagliate sugli articoli, incluse icone, elementi nutrizionali e badge <\/li><li>Imposta deliziose foto per gli articoli e persino visualizzali in modalit\u00e0 popup <\/li><li>Personalizza e cambia il colore di qualsiasi elemento: testo, combinazione di colori e icone <\/li><\/ul><p><a href=\"#demo\">Puoi vedere come l&#8217;estensione funziona utilizzando la demo<\/a><\/p> <\/div> <div class=\"application-platform-content-item-installation application-platform-content-item\" id=\"installation\" data-nav-section=\"installation\"> <h2>Come posso incorporare il menu del ristorante nella mia pagina web OpenCart? <\/h2> <p>Segui semplicemente le istruzioni seguenti per attivare l&#8217;estensione: <\/p> <ol><li><b>Utilizza il nostro editor gratuito e inizia a creare la tua estensione. <\/b><br> Scegli il design e i parametri preferiti dell&#8217;estensione e applica tutte le correzioni. <\/li> <li><b>Ricevi il tuo codice individuale visualizzato nel modulo speciale sulle app Elfsight. <\/b><br> Una volta terminata la generazione della tua estensione, copia il codice esclusivo nella finestra visualizzata e salvalo per un ulteriore utilizzo. <\/li> <li><b>Inizia a utilizzare l&#8217;estensione sul tuo sito web OpenCart. <\/b><br> Implementa il codice salvato di recente nella tua pagina web e salva le correzioni. <\/li> <li><b>L&#8217;installazione \u00e8 completamente completata. <\/b><br> Apri il tuo sito per osservare il rendimento dell&#8217;estensione. <\/li><\/ol><p>Se hai domande o incontri ostacoli, non esitare a contattare il nostro personale del servizio clienti. I nostri consulenti saranno felici di aiutarti con tutte le difficolt\u00e0 che potresti incontrare con il prodotto. <\/p> <div class=\"faq\" data-component=\"FAQ\"><div class=\"faq-item\">\r\n\t\t\t\t\t<div class=\"faq-item-question\">\r\n\t\t\t\t\t\t<h3 class=\"faq-item-question-text\">Esiste un metodo per incorporare il menu del ristorante nella mia home page OpenCart senza competenze di codifica?<\/h3>\r\n\r\n\t\t\t\t\t\t<div class=\"faq-item-question-icon\"><\/div>\r\n\t\t\t\t\t<\/div>\r\n\r\n\t\t\t\t\t<div class=\"faq-item-answer\">\r\n\t\t\t\t\t\t<div class=\"faq-item-answer-text\"> <p>Elfsight offre una soluzione SaaS che ti consente di creare tu stesso una sezione del menu del ristorante, scopri il guida semplice: lavora nella demo online per generare un plug-in del menu del ristorante che desideri integrare sul tuo OpenCart. Seleziona uno dei tanti modelli predefiniti e regola le impostazioni del menu del ristorante, cambia il layout e il colore degli elementi e aggiorna i tuoi contenuti, senza codifica. Fai clic per salvare le impostazioni effettuate nel menu del ristorante e ottieni il codice di installazione che puoi aggiungere facilmente e gratuitamente nella home page di OpenCart. Con il nostro semplice configuratore ogni utente web pu\u00f2 creare un widget del menu del ristorante e incorporarlo facilmente nel sito OpenCart. Non \u00e8 necessario sottoscrivere un piano a pagamento o rivelare i dati della tua carta per accedere al nostro Editor. Se riscontri problemi di qualsiasi tipo, vai avanti e rivolgiti al nostro supporto clienti.<\/p> <\/div>\r\n\t\t\t\t\t<\/div>\r\n\t\t\t\t<\/div> <\/div><\/div>","protected":false},"excerpt":{"rendered":"","protected":false},"author":9,"featured_media":0,"parent":2834,"menu_order":0,"comment_status":"closed","ping_status":"closed","template":"templates\/template-application-platform.php","meta":{"publish_to_discourse":"","publish_post_category":"","wpdc_auto_publish_overridden":"","wpdc_topic_tags":"","wpdc_pin_topic":"","wpdc_pin_until":"","discourse_post_id":"","discourse_permalink":"","wpdc_publishing_response":"","wpdc_publishing_error":"","footnotes":""},"class_list":["post-5628","page","type-page","status-publish","hentry"],"yoast_head":"<!-- This site is optimized with the Yoast SEO plugin v25.3.1 - https:\/\/yoast.com\/wordpress\/plugins\/seo\/ -->\n<title>Menu ristorante per siti Web OpenCart: elegante e gratuito<\/title>\n<meta name=\"description\" content=\"Incorpora un menu del ristorante reattivo sul tuo sito Web OpenCart. Prova la pratica demo di Elfsight e crea il tuo menu elegante in un paio di minuti\" \/>\n<meta name=\"robots\" content=\"index, follow, max-snippet:-1, max-image-preview:large, max-video-preview:-1\" \/>\n<link rel=\"canonical\" href=\"https:\/\/elfsight.com\/it\/restaurant-menu-widget\/opencart\/\" \/>\n<meta property=\"og:locale\" content=\"it_IT\" \/>\n<meta property=\"og:type\" content=\"article\" \/>\n<meta property=\"og:title\" content=\"Menu ristorante per siti Web OpenCart: elegante e gratuito\" \/>\n<meta property=\"og:description\" content=\"Incorpora un menu del ristorante reattivo sul tuo sito Web OpenCart. Prova la pratica demo di Elfsight e crea il tuo menu elegante in un paio di minuti\" \/>\n<meta property=\"og:url\" content=\"https:\/\/elfsight.com\/it\/restaurant-menu-widget\/opencart\/\" \/>\n<meta property=\"og:site_name\" content=\"Elfsight IT\" \/>\n<meta property=\"article:modified_time\" content=\"2024-11-12T08:06:13+00:00\" \/>\n<meta name=\"twitter:card\" content=\"summary_large_image\" \/>\n<meta name=\"twitter:label1\" content=\"Tempo di lettura stimato\" \/>\n\t<meta name=\"twitter:data1\" content=\"3 minuti\" \/>\n<!-- \/ Yoast SEO plugin. -->","yoast_head_json":{"title":"Menu ristorante per siti Web OpenCart: elegante e gratuito","description":"Incorpora un menu del ristorante reattivo sul tuo sito Web OpenCart. Prova la pratica demo di Elfsight e crea il tuo menu elegante in un paio di minuti","robots":{"index":"index","follow":"follow","max-snippet":"max-snippet:-1","max-image-preview":"max-image-preview:large","max-video-preview":"max-video-preview:-1"},"canonical":"https:\/\/elfsight.com\/it\/restaurant-menu-widget\/opencart\/","og_locale":"it_IT","og_type":"article","og_title":"Menu ristorante per siti Web OpenCart: elegante e gratuito","og_description":"Incorpora un menu del ristorante reattivo sul tuo sito Web OpenCart. Prova la pratica demo di Elfsight e crea il tuo menu elegante in un paio di minuti","og_url":"https:\/\/elfsight.com\/it\/restaurant-menu-widget\/opencart\/","og_site_name":"Elfsight IT","article_modified_time":"2024-11-12T08:06:13+00:00","twitter_card":"summary_large_image","twitter_misc":{"Tempo di lettura stimato":"3 minuti"},"schema":{"@context":"https:\/\/schema.org","@graph":[{"@type":"WebPage","@id":"https:\/\/elfsight.com\/it\/restaurant-menu-widget\/opencart\/","url":"https:\/\/elfsight.com\/it\/restaurant-menu-widget\/opencart\/","name":"Menu ristorante per siti Web OpenCart: elegante e gratuito","isPartOf":{"@id":"https:\/\/elfsight.com\/it\/#website"},"datePublished":"1970-01-01T00:00:00+00:00","dateModified":"2024-11-12T08:06:13+00:00","description":"Incorpora un menu del ristorante reattivo sul tuo sito Web OpenCart. Prova la pratica demo di Elfsight e crea il tuo menu elegante in un paio di minuti","breadcrumb":{"@id":"https:\/\/elfsight.com\/it\/restaurant-menu-widget\/opencart\/#breadcrumb"},"inLanguage":"it-IT","potentialAction":[{"@type":"ReadAction","target":["https:\/\/elfsight.com\/it\/restaurant-menu-widget\/opencart\/"]}]},{"@type":"BreadcrumbList","@id":"https:\/\/elfsight.com\/it\/restaurant-menu-widget\/opencart\/#breadcrumb","itemListElement":[{"@type":"ListItem","position":1,"name":"Home","item":"https:\/\/elfsight.com\/it\/"},{"@type":"ListItem","position":2,"name":"Restaurant Menu","item":"https:\/\/elfsight.com\/it\/restaurant-menu-widget\/"},{"@type":"ListItem","position":3,"name":"Restaurant Menu &#8211; OpenCart"}]},{"@type":"WebSite","@id":"https:\/\/elfsight.com\/it\/#website","url":"https:\/\/elfsight.com\/it\/","name":"Elfsight IT","description":"Just another Elfsight Sites site","potentialAction":[{"@type":"SearchAction","target":{"@type":"EntryPoint","urlTemplate":"https:\/\/elfsight.com\/it\/?s={search_term_string}"},"query-input":{"@type":"PropertyValueSpecification","valueRequired":true,"valueName":"search_term_string"}}],"inLanguage":"it-IT"}]}},"meta_box":{"industry":"","seo_heading":"","heading":"","description":"","cta_heading":"","cta_description":"","application":"2833","h1":"Estensione del menu del ristorante OpenCart","h1_caption":"Mostra il menu del tuo ristorante in un formato visivamente accattivante, facile da aggiornare e intuitivo nel tuo sito Web Opencart senza sforzo.","application_category":[],"applications_title":"","applications_request_title":"","applications_request_button_text":"","hero_text":"","hero_video":"","hero_video_schema_markup":"","selling_points_title":"","selling_points_caption":"","selling_points":[],"selling_points_cta_text":"","features_title":"","features":"","ed_cta_examples_text":"","ed_cta_examples_hidden":"","ed_cta_demo_text":"","ed_cta_demo_hidden":"","why_caption":"","why_editor_title":"","why_editor_text":"","why_team_title":"","why_team_text":"","why_service_title":"","why_service_text":"","template_catalog_visible":"","template_catalog_title":"","template_catalog_text":"","template_catalog_categories_visible":"","demo_title":"Crea l'estensione del menu del tuo ristorante","demo_caption":"Configura il menu del tuo ristorante e aggiungilo gratuitamente al tuo sito Web OpenCart!","default_faq_hidden":"","app_template_category":[],"platform":"41","template_public_id":"","codecanyon_url":"","codecanyon_item_id":"","codecanyon_price":"","pricing_caption":"","pricing_elfsight_apps_hide_column":"","pricing_elfsight_apps_url":"","pricing_codecanyon_price_caption":"","integration_category":[],"integration_request_title":"","integration_request_cta":"","integration_platform":"","integrations":[],"platform_category":[],"video_schema_markup":"","price":"da $ 0 al mese","trial":"","benefits":[{"text":"Servizio di installazione gratuito"},{"text":"Supporto premium"},{"text":"Garanzia di rimborso di 14 giorni"},{"text":"Miglioramenti gratuiti continui"}],"button_url":"#demo","button_target_blank":"","button_nofollow":"","attributes":[{"name":"Installazioni"},{"name":"Reattivo","content":"S\u00cc"},{"name":"Browser compatibili","content":"Firefox, Safari, Opera, Chrome, Edge"}],"tags":[],"tags_disable_links":"","hide_more_platforms":"","video_object":"","demo_hide_cta":"","demo_hide_cloud_options":"","pricing_title":"","pricing":[{"pricing_icon":"platform","pricing_title":"Elfsight Apps","pricing_title_caption":"Versione multipiattaforma che funziona su qualsiasi sito web","pricing_price":"da $ 0 \/ mese","pricing_price_caption":"inizia con il piano gratuito","pricing_benefits":[{"text":"Siti web illimitati"},{"text":"Supporto aziendale gratuito"},{"text":"Assistenza gratuita per l'installazione"},{"text":"Completamente personalizzabile"}],"pricing_button_text":"Aggiungi al sito web","pricing_button_url":"#demo"}],"related_apps_title":"","related_apps_hidden":"","author":"","image":[],"title":"","job":"","social_networks":[]},"_links":{"self":[{"href":"https:\/\/elfsight.com\/it\/wp-json\/wp\/v2\/pages\/5628","targetHints":{"allow":["GET"]}}],"collection":[{"href":"https:\/\/elfsight.com\/it\/wp-json\/wp\/v2\/pages"}],"about":[{"href":"https:\/\/elfsight.com\/it\/wp-json\/wp\/v2\/types\/page"}],"author":[{"embeddable":true,"href":"https:\/\/elfsight.com\/it\/wp-json\/wp\/v2\/users\/9"}],"replies":[{"embeddable":true,"href":"https:\/\/elfsight.com\/it\/wp-json\/wp\/v2\/comments?post=5628"}],"version-history":[{"count":1,"href":"https:\/\/elfsight.com\/it\/wp-json\/wp\/v2\/pages\/5628\/revisions"}],"predecessor-version":[{"id":5632,"href":"https:\/\/elfsight.com\/it\/wp-json\/wp\/v2\/pages\/5628\/revisions\/5632"}],"up":[{"embeddable":true,"href":"https:\/\/elfsight.com\/it\/wp-json\/wp\/v2\/pages\/2834"}],"wp:attachment":[{"href":"https:\/\/elfsight.com\/it\/wp-json\/wp\/v2\/media?parent=5628"}],"curies":[{"name":"wp","href":"https:\/\/api.w.org\/{rel}","templated":true}]}}