{"id":5627,"date":"1970-01-01T00:00:00","date_gmt":"1970-01-01T00:00:00","guid":{"rendered":"https:\/\/elfsight.com\/it\/?page_id=5627"},"modified":"2025-03-24T05:21:53","modified_gmt":"2025-03-24T05:21:53","slug":"shopify","status":"publish","type":"page","link":"https:\/\/elfsight.com\/it\/restaurant-menu-widget\/shopify\/","title":{"rendered":"Restaurant Menu &#8211; Shopify"},"content":{"rendered":"\n<div class=\"application-platform-content-item-description application-platform-content-item\" id=\"description\" data-nav-section=\"description\"> <h2>Incorpora il menu del ristorante su Shopify con il widget Elfsight<\/h2><p>Il menu del ristorante \u00e8 uno strumento intuitivo per mostrare la tua variet\u00e0 di articoli direttamente sul tuo sito web. \u00c8 un ottimo modo per informare i tuoi visitatori sulla tua diversit\u00e0, trasmettere un&#8217;idea originale e tentarli con foto seducenti dei pasti. Il widget \u00e8 piuttosto personalizzabile. Puoi impostare un numero illimitato di menu con un&#8217;enorme quantit\u00e0 di articoli o semplicemente mostrare un elenco conciso dei pasti che servi. Imposta uno schema chiaro o scuro o regola gli elementi che desideri, modificando tutti i colori principali. Inoltre, il tuo menu sar\u00e0 sempre aggiornato: potrai correggere i prezzi, l&#8217;elenco e le sezioni degli articoli, aggiungere nuovi piatti o addirittura menu in un clic! Niente pi\u00f9 file PDF che dovresti riconfigurare all&#8217;inizio. Inizia subito a creare il tuo menu elegante <\/p> <p><b>Prova Restaurant Menu per affrontare le tue sfide aziendali in modo pi\u00f9 efficiente! Con l&#8217;aiuto del menu del tuo sito web, il tuo locale potr\u00e0 avere pi\u00f9 visitatori e diventare il pi\u00f9 popolare nella tua citt\u00e0. Prova a utilizzare Menu Ristorante di Elfsight! <\/b><\/p><\/div> <div class=\"application-platform-content-item-features application-platform-content-item\" id=\"features\" data-nav-section=\"features\"> <h2>Le funzionalit\u00e0 pi\u00f9 preziose dell&#8217;app:<\/h2> <ul><li>Strumento facile da gestire anche per i non- utenti tecnologici <\/li><li>Quantit\u00e0 illimitata di menu, sezioni o articoli, organizzati con l&#8217;aiuto dei layout <\/li><li> Mantieni tutte le informazioni aggiornate: prezzi corretti, offerte speciali stagionali ecc. <\/li><li> Visualizza caratteristiche dettagliate degli articoli, anche icone, informazioni nutrizionali e badge <\/li><li> Aggiungi immagini appetitose per gli articoli e mostrale anche in una visualizzazione popup <\/li><li> Adatta e ridipingi tutto elementi: testo, combinazione di colori e icone <\/li><\/ul><p><a href=\"#demo\">Puoi vedere come funziona l&#8217;estensione utilizzando la demo<\/a><\/p> <\/div> <div class=\"application-platform-content-item-installation application-platform-content-item\" id=\"installation\" data-nav-section=\"installation\"> <h2>Come posso incorporare il menu del ristorante nel mio sito Shopify? <\/h2><div class=\"video-container\"><iframe width=\"560\" height=\"315\" src=\"https:\/\/www.youtube.com\/embed\/sK9edOpvTrw?si=7Zi3eVcpQEPktLbn\" frameborder=\"0\" allow=\"accelerometer; autoplay; clipboard-write; encrypted-media; gyroscope; picture-in-picture; web-share\" allowfullscreen><\/iframe><\/div><p>Basta seguire i passaggi presentati di seguito per iniziare a utilizzare lo strumento: <\/p> <ol><li><b>Esegui la nostra demo gratuita e inizia a lavorare con il tuo software personalizzato app. <\/b><br> Trova l&#8217;aspetto e la funzionalit\u00e0 selezionati dell&#8217;app e applica tutte le modifiche. <\/li> <li><b>Ricevi il tuo codice univoco rivelato nella casella su Elfsight Apps. <\/b><br> Non appena la creazione della tua app personale sar\u00e0 completata, copia il tuo codice nella finestra emersa e conservalo per ulteriori occasioni. <\/li> <li><b>Avviare l&#8217;utilizzo dell&#8217;app sul sito web Shopify. <\/b><br> Aggiungi il codice che hai copiato in precedenza nel tuo sito web e salva le modifiche. <\/li> <li><b>Il gioco \u00e8 fatto! L&#8217;incorporamento \u00e8 completamente terminato. <\/b><br> Apri il tuo sito web per visualizzare il funzionamento dell&#8217;app. <\/li><\/ol><p>A condizione di affrontare domande o affrontare eventuali ostacoli, non esitate a contattare il nostro personale di supporto. I nostri specialisti saranno entusiasti di aiutarti con tutte le domande che potresti avere sull&#8217;app. <\/p> <div class=\"faq\" data-component=\"FAQ\"><div class=\"faq-item\">\r\n\t\t\t\t\t<div class=\"faq-item-question\">\r\n\t\t\t\t\t\t<h3 class=\"faq-item-question-text\">Esiste un metodo per incorporare il menu del ristorante nel mio sito Shopify senza competenze di programmazione?<\/h3>\r\n\r\n\t\t\t\t\t\t<div class=\"faq-item-question-icon\"><\/div>\r\n\t\t\t\t\t<\/div>\r\n\r\n\t\t\t\t\t<div class=\"faq-item-answer\">\r\n\t\t\t\t\t\t<div class=\"faq-item-answer-text\"> <p>Elfsight offre una soluzione che consente agli utenti di creare da soli un widget del menu del ristorante, scopri quanto \u00e8 semplice il processo \u00e8: inizia a lavorare nella demo online per creare una sezione del menu del ristorante che desideri includere nel sito Shopify. Scegli uno dei modelli gi\u00e0 pronti e regola le impostazioni del menu del ristorante, includi i tuoi contenuti, trasforma il layout e la combinazione di colori senza esperienza di codifica. Salva il menu del ristorante e ottieni il codice di installazione che pu\u00f2 essere semplicemente incorporato in qualsiasi home page di Shopify senza acquistare un piano a pagamento. Con l&#8217;editor facile da usare, qualsiasi utente di Internet pu\u00f2 creare una sezione del menu del ristorante online e incollarla facilmente in qualsiasi pagina web di Shopify. Non \u00e8 necessario sottoscrivere un abbonamento a pagamento o inviare i dati della tua carta per accedere a Elfsight Editor. Se incontri ostacoli in qualsiasi momento, non esitare a metterti in contatto con il nostro team di supporto.<\/p> <\/div>\r\n\t\t\t\t\t<\/div>\r\n\t\t\t\t<\/div> <\/div><\/div>\n","protected":false},"excerpt":{"rendered":"","protected":false},"author":9,"featured_media":0,"parent":2834,"menu_order":0,"comment_status":"closed","ping_status":"closed","template":"templates\/template-application-platform.php","meta":{"publish_to_discourse":"","publish_post_category":"","wpdc_auto_publish_overridden":"","wpdc_topic_tags":"","wpdc_pin_topic":"","wpdc_pin_until":"","discourse_post_id":"","discourse_permalink":"","wpdc_publishing_response":"","wpdc_publishing_error":"","footnotes":""},"class_list":["post-5627","page","type-page","status-publish","hentry"],"yoast_head":"<!-- This site is optimized with the Yoast SEO plugin v25.3.1 - https:\/\/yoast.com\/wordpress\/plugins\/seo\/ -->\n<title>Menu del ristorante per i siti Web Shopify: straordinario e gratuito<\/title>\n<meta name=\"description\" content=\"Incorpora un&#039;app Menu ristorante intuitiva nella pagina del tuo ristorante. Prova la pratica demo di Elfsight e genera il tuo fantastico menu in pochi clic\" \/>\n<meta name=\"robots\" content=\"index, follow, max-snippet:-1, max-image-preview:large, max-video-preview:-1\" \/>\n<link rel=\"canonical\" href=\"https:\/\/elfsight.com\/it\/restaurant-menu-widget\/shopify\/\" \/>\n<meta property=\"og:locale\" content=\"it_IT\" \/>\n<meta property=\"og:type\" content=\"article\" \/>\n<meta property=\"og:title\" content=\"Menu del ristorante per i siti Web Shopify: straordinario e gratuito\" \/>\n<meta property=\"og:description\" content=\"Incorpora un&#039;app Menu ristorante intuitiva nella pagina del tuo ristorante. Prova la pratica demo di Elfsight e genera il tuo fantastico menu in pochi clic\" \/>\n<meta property=\"og:url\" content=\"https:\/\/elfsight.com\/it\/restaurant-menu-widget\/shopify\/\" \/>\n<meta property=\"og:site_name\" content=\"Elfsight IT\" \/>\n<meta property=\"article:modified_time\" content=\"2025-03-24T05:21:53+00:00\" \/>\n<meta name=\"twitter:card\" content=\"summary_large_image\" \/>\n<meta name=\"twitter:label1\" content=\"Tempo di lettura stimato\" \/>\n\t<meta name=\"twitter:data1\" content=\"4 minuti\" \/>\n<!-- \/ Yoast SEO plugin. -->","yoast_head_json":{"title":"Menu del ristorante per i siti Web Shopify: straordinario e gratuito","description":"Incorpora un'app Menu ristorante intuitiva nella pagina del tuo ristorante. Prova la pratica demo di Elfsight e genera il tuo fantastico menu in pochi clic","robots":{"index":"index","follow":"follow","max-snippet":"max-snippet:-1","max-image-preview":"max-image-preview:large","max-video-preview":"max-video-preview:-1"},"canonical":"https:\/\/elfsight.com\/it\/restaurant-menu-widget\/shopify\/","og_locale":"it_IT","og_type":"article","og_title":"Menu del ristorante per i siti Web Shopify: straordinario e gratuito","og_description":"Incorpora un'app Menu ristorante intuitiva nella pagina del tuo ristorante. Prova la pratica demo di Elfsight e genera il tuo fantastico menu in pochi clic","og_url":"https:\/\/elfsight.com\/it\/restaurant-menu-widget\/shopify\/","og_site_name":"Elfsight IT","article_modified_time":"2025-03-24T05:21:53+00:00","twitter_card":"summary_large_image","twitter_misc":{"Tempo di lettura stimato":"4 minuti"},"schema":{"@context":"https:\/\/schema.org","@graph":[{"@type":"WebPage","@id":"https:\/\/elfsight.com\/it\/restaurant-menu-widget\/shopify\/","url":"https:\/\/elfsight.com\/it\/restaurant-menu-widget\/shopify\/","name":"Menu del ristorante per i siti Web Shopify: straordinario e gratuito","isPartOf":{"@id":"https:\/\/elfsight.com\/it\/#website"},"datePublished":"1970-01-01T00:00:00+00:00","dateModified":"2025-03-24T05:21:53+00:00","description":"Incorpora un'app Menu ristorante intuitiva nella pagina del tuo ristorante. Prova la pratica demo di Elfsight e genera il tuo fantastico menu in pochi clic","breadcrumb":{"@id":"https:\/\/elfsight.com\/it\/restaurant-menu-widget\/shopify\/#breadcrumb"},"inLanguage":"it-IT","potentialAction":[{"@type":"ReadAction","target":["https:\/\/elfsight.com\/it\/restaurant-menu-widget\/shopify\/"]}]},{"@type":"BreadcrumbList","@id":"https:\/\/elfsight.com\/it\/restaurant-menu-widget\/shopify\/#breadcrumb","itemListElement":[{"@type":"ListItem","position":1,"name":"Home","item":"https:\/\/elfsight.com\/it\/"},{"@type":"ListItem","position":2,"name":"Restaurant Menu","item":"https:\/\/elfsight.com\/it\/restaurant-menu-widget\/"},{"@type":"ListItem","position":3,"name":"Restaurant Menu &#8211; Shopify"}]},{"@type":"WebSite","@id":"https:\/\/elfsight.com\/it\/#website","url":"https:\/\/elfsight.com\/it\/","name":"Elfsight IT","description":"Just another Elfsight Sites site","potentialAction":[{"@type":"SearchAction","target":{"@type":"EntryPoint","urlTemplate":"https:\/\/elfsight.com\/it\/?s={search_term_string}"},"query-input":{"@type":"PropertyValueSpecification","valueRequired":true,"valueName":"search_term_string"}}],"inLanguage":"it-IT"}]}},"meta_box":{"industry":"","seo_heading":"","heading":"","description":"","cta_heading":"","cta_description":"","application":"2833","h1":"Applicazione Shopify Menu Ristorante","h1_caption":"Mostra il menu del tuo ristorante in un formato visivamente accattivante, facile da aggiornare e intuitivo nel tuo sito web Shopify.","application_category":[],"applications_title":"","applications_request_title":"","applications_request_button_text":"","hero_text":"","hero_video":"","hero_video_schema_markup":"","selling_points_title":"","selling_points_caption":"","selling_points":[],"selling_points_cta_text":"","features_title":"","features":"","ed_cta_examples_text":"","ed_cta_examples_hidden":"","ed_cta_demo_text":"","ed_cta_demo_hidden":"","why_caption":"","why_editor_title":"","why_editor_text":"","why_team_title":"","why_team_text":"","why_service_title":"","why_service_text":"","template_catalog_visible":"0","template_catalog_title":"","template_catalog_text":"","template_catalog_categories_visible":"","demo_title":"Crea l'app Menu del tuo ristorante","demo_caption":"Configura il menu del tuo ristorante e aggiungilo gratuitamente al tuo sito Shopify!","default_faq_hidden":"","app_template_category":[],"platform":"42","template_public_id":"","codecanyon_url":"","codecanyon_item_id":"","codecanyon_price":"","pricing_caption":"","pricing_elfsight_apps_hide_column":"","pricing_elfsight_apps_url":"","pricing_codecanyon_price_caption":"","integration_category":[],"integration_request_title":"","integration_request_cta":"","integration_platform":"","integrations":[],"platform_category":[],"video_schema_markup":"","price":"da $ 0 al mese","trial":"","benefits":[{"text":"Servizio di installazione gratuito"},{"text":"Supporto premium"},{"text":"Garanzia di rimborso di 14 giorni"},{"text":"Aggiornamenti gratuiti continui"}],"button_url":"#demo","button_target_blank":"0","button_nofollow":"0","attributes":[{"name":"Installazioni"},{"name":"Reattivo","content":"S\u00cc"},{"name":"Browser compatibili","content":"Safari, Opera, Chrome, Firefox, Edge"}],"tags":[],"tags_disable_links":"0","hide_more_platforms":"0","video_object":"","demo_hide_cta":"0","demo_hide_cloud_options":"0","pricing_title":"","pricing":[{"pricing_icon":"cloud","pricing_title":"Elfsight Apps","pricing_title_caption":"Versione multipiattaforma che funziona su qualsiasi sito web","pricing_price":"da $ 0 \/ mese","pricing_price_caption":"inizia con il piano gratuito","pricing_benefits":[{"text":"Siti web illimitati"},{"text":"Supporto premium"},{"text":"Servizio di installazione gratuito"},{"text":"Offerta speciale per pi\u00f9 app"}],"pricing_button_text":"Aggiungi al sito web","pricing_button_url":"#demo"}],"related_apps_title":"","related_apps_hidden":"0","author":"","image":[],"title":"","job":"","social_networks":[]},"_links":{"self":[{"href":"https:\/\/elfsight.com\/it\/wp-json\/wp\/v2\/pages\/5627","targetHints":{"allow":["GET"]}}],"collection":[{"href":"https:\/\/elfsight.com\/it\/wp-json\/wp\/v2\/pages"}],"about":[{"href":"https:\/\/elfsight.com\/it\/wp-json\/wp\/v2\/types\/page"}],"author":[{"embeddable":true,"href":"https:\/\/elfsight.com\/it\/wp-json\/wp\/v2\/users\/9"}],"replies":[{"embeddable":true,"href":"https:\/\/elfsight.com\/it\/wp-json\/wp\/v2\/comments?post=5627"}],"version-history":[{"count":3,"href":"https:\/\/elfsight.com\/it\/wp-json\/wp\/v2\/pages\/5627\/revisions"}],"predecessor-version":[{"id":9837,"href":"https:\/\/elfsight.com\/it\/wp-json\/wp\/v2\/pages\/5627\/revisions\/9837"}],"up":[{"embeddable":true,"href":"https:\/\/elfsight.com\/it\/wp-json\/wp\/v2\/pages\/2834"}],"wp:attachment":[{"href":"https:\/\/elfsight.com\/it\/wp-json\/wp\/v2\/media?parent=5627"}],"curies":[{"name":"wp","href":"https:\/\/api.w.org\/{rel}","templated":true}]}}