{"id":5626,"date":"1970-01-01T00:00:00","date_gmt":"1970-01-01T00:00:00","guid":{"rendered":"https:\/\/elfsight.com\/it\/?page_id=5626"},"modified":"2025-03-24T05:24:41","modified_gmt":"2025-03-24T05:24:41","slug":"squarespace","status":"publish","type":"page","link":"https:\/\/elfsight.com\/it\/restaurant-menu-widget\/squarespace\/","title":{"rendered":"Restaurant Menu &#8211; Squarespace"},"content":{"rendered":"\n<div class=\"application-platform-content-item-description application-platform-content-item\" id=\"description\" data-nav-section=\"description\"> <h2>Incorpora il prodotto sulla piattaforma con il widget Elfsight<\/h2><p>Elfsight Restaurant Menu \u00e8 un plugin facile da usare per mostrare il tuo assortimento di piatti e bevande direttamente sul tuo sito web per attirare quanti pi\u00f9 ospiti possibile. Il plugin \u00e8 estremamente facile da usare. Tramite esso puoi creare un numero illimitato di pagine di menu con una grande quantit\u00e0 di voci o semplicemente presentare un breve elenco delle specialit\u00e0 che servi. Non esitare a scegliere uno schema chiaro o scuro o a modificare le impostazioni di cui hai bisogno, ricolorando tutti gli elementi. La pi\u00f9 grande opportunit\u00e0 del plugin \u00e8 quella di rimanere sempre aggiornato: puoi aggiornare i prezzi, l&#8217;elenco degli articoli, aggiungere nuovi pasti o persino menu in pochi secondi! Niente pi\u00f9 file PDF da riscrivere all&#8217;inizio. Inizia subito a creare il tuo straordinario menu. <\/p> <p><b>Lancia il menu del ristorante per raggiungere i tuoi obiettivi di business in modo pi\u00f9 efficiente! Con l&#8217;aiuto del menu sulla tua pagina web la tua azienda pu\u00f2 acquisire pi\u00f9 potenziali clienti e sperimentare una solida crescita aziendale. Prova a utilizzare Restaurant Menu di Elfsight!<\/b><\/p><\/div> <div class=\"application-platform-content-item-features application-platform-content-item\" id=\"features\" data-nav-section=\"features\"> <h2>Queste sono solo alcune delle preziose funzionalit\u00e0 del plugin: <\/h2> <ul><li> Facile da usare anche per gli utenti non esperti di tecnologia <\/li><li>Quantit\u00e0 illimitata di menu, sezioni o voci, organizzati in layout straordinari <\/li><li>Menu e tutti i suoi elementi semplicemente aggiornabili dove preferisci: prezzi, cibo stagionale, bevande ecc. <\/li><li> Scrivi una descrizione dettagliata degli articoli, incluse icone, informazioni nutrizionali e badge <\/li><li>Imposta immagini deliziose per gli articoli e mostrale anche in modalit\u00e0 popup . <\/li><li>Cambia e ricolora tutti gli elementi: testo, combinazione di colori e icone. <\/li><\/ul><p><a href=\"#demo\">Prova questa demo per comprendere la funzionalit\u00e0 del widget<\/a><\/p> <\/div> <div class=\"application-platform-content-item-installation  application-platform-content-item\" id=\"installation \" data-nav-section=\"installation \"> <h2>Come incorporare il menu del ristorante nel mio sito Squarespace? <\/h2><div class=\"video-container\"><iframe width=\"560\" height=\"315\" src=\"https:\/\/www.youtube.com\/embed\/NN_NHhewpvI?si=fY6T2r1jqRPaywMf\" frameborder=\"0\" allow=\"accelerometer; autoplay; clipboard-write; encrypted-media; gyroscope; picture-in-picture; web-share\" allowfullscreen><\/iframe><\/div><p>Basta applicare le istruzioni seguenti per iniziare a lavorare con il plugin: <\/p><ol><li><b>Lancia la nostra demo gratuita e inizia a dare forma al tuo plugin. <\/b><br> Trova il design e le specifiche preferibili dello strumento e applica le modifiche. <\/li> <li><b>Ottieni il tuo codice individuale mostrato nella finestra sulle app Elfsight. <\/b><br> Non appena la configurazione del tuo widget \u00e8 terminata, copia il codice personale nella finestra che appare e conservalo per un utilizzo futuro. <\/li> <li><b>Inizia a utilizzare il plugin sulla tua home page di Squarespace. <\/b><br> Inserisci il codice che hai salvato di recente nella tua pagina e applica le modifiche. <\/li> <li><b>Il gioco \u00e8 fatto! La configurazione \u00e8 stata eseguita con successo. <\/b><br> Visita la tua pagina per dare un&#8217;occhiata al funzionamento del plugin. <\/li><\/ol> <p>Se riscontri ostacoli, non aver paura di contattare il nostro team di supporto. Il nostro personale sar\u00e0 entusiasta di aiutarti con tutte le domande che potresti avere sul plugin. <\/p> <div class=\"faq\" data-component=\"FAQ\"><div class=\"faq-item\">\r\n\t\t\t\t\t<div class=\"faq-item-question\">\r\n\t\t\t\t\t\t<h3 class=\"faq-item-question-text\">Esiste un modo per aggiungere Restaurant Menu alla mia home page Squarespace senza codifica?<\/h3>\r\n\r\n\t\t\t\t\t\t<div class=\"faq-item-question-icon\"><\/div>\r\n\t\t\t\t\t<\/div>\r\n\r\n\t\t\t\t\t<div class=\"faq-item-answer\">\r\n\t\t\t\t\t\t<div class=\"faq-item-answer-text\"> <p>Elfsight introduce una soluzione che consente ai proprietari dei siti di creare autonomamente un&#8217;app Restaurant Menu, vedere la semplici istruzioni: vai alla demo live per creare un&#8217;app Restaurant Menu che desideri incorporare nel tuo Squarespace. Fai clic su uno dei tanti modelli predefiniti e modifica le impostazioni del menu del ristorante, includi i tuoi contenuti, cambia il layout e i colori senza competenze di codifica. Salva le impostazioni che hai effettuato nel Menu Ristorante e copia il relativo codice per l&#8217;installazione, che pu\u00f2 essere facilmente incollato gratuitamente nella pagina web di Squarespace. Con l&#8217;aiuto del nostro configuratore facile da usare, qualsiasi utente di Internet pu\u00f2 creare un&#8217;app Menu ristorante online e incorporarla facilmente nel proprio sito web Squarespace. Non \u00e8 necessario sottoscrivere un piano a pagamento o rivelare i dati della tua carta per accedere al nostro Editor. Se riscontri problemi di qualsiasi tipo, contatta il nostro personale di supporto.<\/p> <\/div>\r\n\t\t\t\t\t<\/div>\r\n\t\t\t\t<\/div> <\/div><\/div>\n","protected":false},"excerpt":{"rendered":"","protected":false},"author":9,"featured_media":0,"parent":2834,"menu_order":0,"comment_status":"closed","ping_status":"closed","template":"templates\/template-application-platform.php","meta":{"publish_to_discourse":"","publish_post_category":"","wpdc_auto_publish_overridden":"","wpdc_topic_tags":"","wpdc_pin_topic":"","wpdc_pin_until":"","discourse_post_id":"","discourse_permalink":"","wpdc_publishing_response":"","wpdc_publishing_error":"","footnotes":""},"class_list":["post-5626","page","type-page","status-publish","hentry"],"yoast_head":"<!-- This site is optimized with the Yoast SEO plugin v25.3.1 - https:\/\/yoast.com\/wordpress\/plugins\/seo\/ -->\n<title>Menu ristorante per i siti web Squarespace: veloce e gratuito<\/title>\n<meta name=\"description\" content=\"Incorpora un&#039;app Restaurant Menu ottimizzata per dispositivi mobili nella tua pagina web Squarespace. Prova la pratica demo di Elfsight e modifica il tuo straordinario plugin in pochi secondi\" \/>\n<meta name=\"robots\" content=\"index, follow, max-snippet:-1, max-image-preview:large, max-video-preview:-1\" \/>\n<link rel=\"canonical\" href=\"https:\/\/elfsight.com\/it\/restaurant-menu-widget\/squarespace\/\" \/>\n<meta property=\"og:locale\" content=\"it_IT\" \/>\n<meta property=\"og:type\" content=\"article\" \/>\n<meta property=\"og:title\" content=\"Menu ristorante per i siti web Squarespace: veloce e gratuito\" \/>\n<meta property=\"og:description\" content=\"Incorpora un&#039;app Restaurant Menu ottimizzata per dispositivi mobili nella tua pagina web Squarespace. Prova la pratica demo di Elfsight e modifica il tuo straordinario plugin in pochi secondi\" \/>\n<meta property=\"og:url\" content=\"https:\/\/elfsight.com\/it\/restaurant-menu-widget\/squarespace\/\" \/>\n<meta property=\"og:site_name\" content=\"Elfsight IT\" \/>\n<meta property=\"article:modified_time\" content=\"2025-03-24T05:24:41+00:00\" \/>\n<meta name=\"twitter:card\" content=\"summary_large_image\" \/>\n<meta name=\"twitter:label1\" content=\"Tempo di lettura stimato\" \/>\n\t<meta name=\"twitter:data1\" content=\"4 minuti\" \/>\n<!-- \/ Yoast SEO plugin. -->","yoast_head_json":{"title":"Menu ristorante per i siti web Squarespace: veloce e gratuito","description":"Incorpora un'app Restaurant Menu ottimizzata per dispositivi mobili nella tua pagina web Squarespace. Prova la pratica demo di Elfsight e modifica il tuo straordinario plugin in pochi secondi","robots":{"index":"index","follow":"follow","max-snippet":"max-snippet:-1","max-image-preview":"max-image-preview:large","max-video-preview":"max-video-preview:-1"},"canonical":"https:\/\/elfsight.com\/it\/restaurant-menu-widget\/squarespace\/","og_locale":"it_IT","og_type":"article","og_title":"Menu ristorante per i siti web Squarespace: veloce e gratuito","og_description":"Incorpora un'app Restaurant Menu ottimizzata per dispositivi mobili nella tua pagina web Squarespace. Prova la pratica demo di Elfsight e modifica il tuo straordinario plugin in pochi secondi","og_url":"https:\/\/elfsight.com\/it\/restaurant-menu-widget\/squarespace\/","og_site_name":"Elfsight IT","article_modified_time":"2025-03-24T05:24:41+00:00","twitter_card":"summary_large_image","twitter_misc":{"Tempo di lettura stimato":"4 minuti"},"schema":{"@context":"https:\/\/schema.org","@graph":[{"@type":"WebPage","@id":"https:\/\/elfsight.com\/it\/restaurant-menu-widget\/squarespace\/","url":"https:\/\/elfsight.com\/it\/restaurant-menu-widget\/squarespace\/","name":"Menu ristorante per i siti web Squarespace: veloce e gratuito","isPartOf":{"@id":"https:\/\/elfsight.com\/it\/#website"},"datePublished":"1970-01-01T00:00:00+00:00","dateModified":"2025-03-24T05:24:41+00:00","description":"Incorpora un'app Restaurant Menu ottimizzata per dispositivi mobili nella tua pagina web Squarespace. Prova la pratica demo di Elfsight e modifica il tuo straordinario plugin in pochi secondi","breadcrumb":{"@id":"https:\/\/elfsight.com\/it\/restaurant-menu-widget\/squarespace\/#breadcrumb"},"inLanguage":"it-IT","potentialAction":[{"@type":"ReadAction","target":["https:\/\/elfsight.com\/it\/restaurant-menu-widget\/squarespace\/"]}]},{"@type":"BreadcrumbList","@id":"https:\/\/elfsight.com\/it\/restaurant-menu-widget\/squarespace\/#breadcrumb","itemListElement":[{"@type":"ListItem","position":1,"name":"Home","item":"https:\/\/elfsight.com\/it\/"},{"@type":"ListItem","position":2,"name":"Restaurant Menu","item":"https:\/\/elfsight.com\/it\/restaurant-menu-widget\/"},{"@type":"ListItem","position":3,"name":"Restaurant Menu &#8211; Squarespace"}]},{"@type":"WebSite","@id":"https:\/\/elfsight.com\/it\/#website","url":"https:\/\/elfsight.com\/it\/","name":"Elfsight IT","description":"Just another Elfsight Sites site","potentialAction":[{"@type":"SearchAction","target":{"@type":"EntryPoint","urlTemplate":"https:\/\/elfsight.com\/it\/?s={search_term_string}"},"query-input":{"@type":"PropertyValueSpecification","valueRequired":true,"valueName":"search_term_string"}}],"inLanguage":"it-IT"}]}},"meta_box":{"industry":"","seo_heading":"","heading":"","description":"","cta_heading":"","cta_description":"","application":"2833","h1":"Plug-in per il menu del ristorante Squarespace","h1_caption":"Mostra il menu del tuo ristorante in un formato visivamente accattivante, facile da aggiornare e intuitivo nel tuo sito web Squarespace.","application_category":[],"applications_title":"","applications_request_title":"","applications_request_button_text":"","hero_text":"","hero_video":"","hero_video_schema_markup":"","selling_points_title":"","selling_points_caption":"","selling_points":[],"selling_points_cta_text":"","features_title":"","features":"","ed_cta_examples_text":"","ed_cta_examples_hidden":"","ed_cta_demo_text":"","ed_cta_demo_hidden":"","why_caption":"","why_editor_title":"","why_editor_text":"","why_team_title":"","why_team_text":"","why_service_title":"","why_service_text":"","template_catalog_visible":"0","template_catalog_title":"","template_catalog_text":"","template_catalog_categories_visible":"","demo_title":"Crea il tuo plugin per il menu del ristorante","demo_caption":"Configura il menu del tuo ristorante e aggiungilo gratuitamente al tuo sito web Squarespace!","default_faq_hidden":"","app_template_category":[],"platform":"43","template_public_id":"","codecanyon_url":"","codecanyon_item_id":"","codecanyon_price":"","pricing_caption":"","pricing_elfsight_apps_hide_column":"","pricing_elfsight_apps_url":"","pricing_codecanyon_price_caption":"","integration_category":[],"integration_request_title":"","integration_request_cta":"","integration_platform":"","integrations":[],"platform_category":[],"video_schema_markup":"","price":"da $ 0 al mese","trial":"","benefits":[{"text":"Assistenza per l'installazione gratuita"},{"text":"Servizio clienti efficace"},{"text":"Garanzia di rimborso di 14 giorni"},{"text":"Miglioramenti gratuiti a vita"}],"button_url":"#demo","button_target_blank":"0","button_nofollow":"0","attributes":[{"name":"Installazioni"},{"name":"Reattivo","content":"S\u00cc"},{"name":"Browser compatibili","content":"Firefox, Safari, Opera, Chrome, Edge"}],"tags":[],"tags_disable_links":"0","hide_more_platforms":"0","video_object":"","demo_hide_cta":"0","demo_hide_cloud_options":"0","pricing_title":"","pricing":[{"pricing_icon":"platform","pricing_title":"Elfsight Apps","pricing_title_caption":"Soluzione digitale indipendente dalla piattaforma","pricing_price":"da $ 0 \/ mese","pricing_price_caption":"inizia con un piano gratuito","pricing_benefits":[{"text":"Siti web illimitati"},{"text":"Supporto rapido e puntuale"},{"text":"Servizio di installazione gratuito"},{"text":"Progettazione flessibile"}],"pricing_button_text":"Aggiungi al sito web","pricing_button_url":"#demo"}],"related_apps_title":"","related_apps_hidden":"0","author":"","image":[],"title":"","job":"","social_networks":[]},"_links":{"self":[{"href":"https:\/\/elfsight.com\/it\/wp-json\/wp\/v2\/pages\/5626","targetHints":{"allow":["GET"]}}],"collection":[{"href":"https:\/\/elfsight.com\/it\/wp-json\/wp\/v2\/pages"}],"about":[{"href":"https:\/\/elfsight.com\/it\/wp-json\/wp\/v2\/types\/page"}],"author":[{"embeddable":true,"href":"https:\/\/elfsight.com\/it\/wp-json\/wp\/v2\/users\/9"}],"replies":[{"embeddable":true,"href":"https:\/\/elfsight.com\/it\/wp-json\/wp\/v2\/comments?post=5626"}],"version-history":[{"count":3,"href":"https:\/\/elfsight.com\/it\/wp-json\/wp\/v2\/pages\/5626\/revisions"}],"predecessor-version":[{"id":9838,"href":"https:\/\/elfsight.com\/it\/wp-json\/wp\/v2\/pages\/5626\/revisions\/9838"}],"up":[{"embeddable":true,"href":"https:\/\/elfsight.com\/it\/wp-json\/wp\/v2\/pages\/2834"}],"wp:attachment":[{"href":"https:\/\/elfsight.com\/it\/wp-json\/wp\/v2\/media?parent=5626"}],"curies":[{"name":"wp","href":"https:\/\/api.w.org\/{rel}","templated":true}]}}