{"id":5620,"date":"1970-01-01T00:00:00","date_gmt":"1970-01-01T00:00:00","guid":{"rendered":"https:\/\/elfsight.com\/it\/?page_id=5620"},"modified":"2025-03-24T05:31:13","modified_gmt":"2025-03-24T05:31:13","slug":"weebly","status":"publish","type":"page","link":"https:\/\/elfsight.com\/it\/restaurant-menu-widget\/weebly\/","title":{"rendered":"Restaurant Menu &#8211; Weebly"},"content":{"rendered":"\n<div class=\"application-platform-content-item-description application-platform-content-item\" id=\"description\" data-nav-section=\"description\"> <h2>Descrizione<\/h2><p>Il menu del ristorante \u00e8 un ottimo modo per rappresentare la tua cucina, un concetto originale e tentare il tuo pubblico con appetitosi immagini del prodotto. L&#8217;app \u00e8 molto utile e puoi creare molti menu con una quantit\u00e0 incredibile di sezioni ed elementi. Seleziona lo schema chiaro, scuro o modifica le impostazioni come desideri, ricolorando tutti gli elementi. Inoltre il widget consente di mantenere le informazioni pertinenti: correggere i prezzi, modificare l&#8217;elenco degli articoli, aggiungere nuovi piatti o persino menu stagionali in pochi secondi! Niente pi\u00f9 file PDF che devi creare da zero. Inizia subito a creare il tuo affascinante menu.<\/p> <p><b>Inserisci il menu del ristorante per raggiungere i tuoi obiettivi di business pi\u00f9 velocemente! Utilizzando il menu sul tuo sito web, il tuo ristorante pu\u00f2 ottenere pi\u00f9 visitatori e avviare una crescita attiva del business!<\/b><\/p> <\/div> <div class=\"application-platform-content-item-features application-platform-content-item\" id=\"features\" data-nav-section=\"features\"> <h2>Ci sono alcune delle funzionalit\u00e0 widget pi\u00f9 importanti: <\/h2> <ul><li>Facile da gestire anche per utenti non professionali <\/li><li>Numero illimitato di menu, sezioni o voci, da organizzare semplicemente con il layout dell&#8217;app <\/li><li>Correggi il menu e tutti i suoi elementi dove preferisci in pochi clic<\/li><li>Aggiungi dettagli per ogni articolo, ad esempio icone, informazioni nutrizionali e badge <\/li><li>Allega foto allettanti per gli articoli e dimostrali anche in modalit\u00e0 popup <\/li><li>Cambia e ridipingi qualsiasi elemento: testo, combinazione di colori e icone <\/li><\/ul><p><a href=\"#demo\">Prova questa demo per fatti un&#8217;idea completa<\/a><\/p> <\/div> <div class=\"application-platform-content-item-installation application-platform-content-item\" id=\"installation\" data-nav-section=\"installation\"> <h2>Come aggiungere il menu del ristorante sul mio sito web Weebly? <\/h2><div class=\"video-container\"><iframe width=\"560\" height=\"315\" src=\"https:\/\/www.youtube.com\/embed\/EkHtqti-bY4?si=hE_8dM8ra-qYCloT\" frameborder=\"0\" allow=\"accelerometer; autoplay; clipboard-write; encrypted-media; gyroscope; picture-in-picture; web-share\" allowfullscreen><\/iframe><\/div><p>Segui semplicemente i passaggi indicati di seguito per aggiungere lo strumento: <\/p> <ol><li><b>Lancia il nostro editor gratuito e inizia a creare il tuo app creata. <\/b><br> Determina l&#8217;aspetto e le caratteristiche funzionali adatte dell&#8217;app e applica tutte le correzioni. <\/li> <li><b>Ricevi il codice univoco che appare nell&#8217;apposito modulo su Elfsight Apps. <\/b><br> Non appena la personalizzazione della tua app sar\u00e0 terminata, copia il codice personale nella finestra visualizzata e conservalo per un utilizzo futuro. <\/li> <li><b>Inizia a utilizzare l&#8217;app sul tuo sito Weebly. <\/b><br> Inserisci il codice che hai copiato di recente nella tua pagina web e applica le modifiche. <\/li> <li><b>L&#8217;installazione \u00e8 terminata con successo. <\/b><br> Apri la tua pagina web per verificare il funzionamento dell&#8217;app. <\/li><\/ol><p>Se incontri qualche difficolt\u00e0, non aver paura di rivolgerti al nostro personale del servizio clienti. Il nostro team Elfsight \u00e8 ansioso di risolvere tutte le difficolt\u00e0 che potresti avere con l&#8217;app. <\/p> <div class=\"faq\" data-component=\"FAQ\"><div class=\"faq-item\">\r\n\t\t\t\t\t<div class=\"faq-item-question\">\r\n\t\t\t\t\t\t<h3 class=\"faq-item-question-text\">Esiste un metodo per aggiungere il menu del ristorante alla mia pagina web Weebly senza esperienza di programmazione?<\/h3>\r\n\r\n\t\t\t\t\t\t<div class=\"faq-item-question-icon\"><\/div>\r\n\t\t\t\t\t<\/div>\r\n\r\n\t\t\t\t\t<div class=\"faq-item-answer\">\r\n\t\t\t\t\t\t<div class=\"faq-item-answer-text\"> <p>Elfsight fornisce una soluzione SaaS che ti consente di creare tu stesso un widget del menu del ristorante, guarda quanto \u00e8 semplice: vai all&#8217;editor live per creare un plug-in del menu del ristorante che desideri aggiungere sul sito Web Weebly. Seleziona uno dei modelli predefiniti e regola le impostazioni del menu del ristorante, cambia il layout e il colore degli elementi e aggiorna i tuoi contenuti, senza esperienza di codifica. Fai clic per salvare il menu del ristorante e copia il codice per l&#8217;installazione, che puoi incorporare facilmente nel sito Web Weebly all&#8217;interno di un piano gratuito. Con il nostro editor intuitivo, qualsiasi utente di Internet pu\u00f2 creare widget del menu del ristorante online e incollarlo facilmente sul proprio sito Weebly. Non \u00e8 necessario sottoscrivere un abbonamento a pagamento o inviare i dati della carta per accedere al servizio. Se riscontri problemi di qualsiasi tipo, non esitare a parlare con il nostro team di supporto tecnico.<\/p> <\/div>\r\n\t\t\t\t\t<\/div>\r\n\t\t\t\t<\/div> <\/div><\/div>\n","protected":false},"excerpt":{"rendered":"","protected":false},"author":9,"featured_media":0,"parent":2834,"menu_order":0,"comment_status":"closed","ping_status":"closed","template":"templates\/template-application-platform.php","meta":{"publish_to_discourse":"","publish_post_category":"","wpdc_auto_publish_overridden":"","wpdc_topic_tags":"","wpdc_pin_topic":"","wpdc_pin_until":"","discourse_post_id":"","discourse_permalink":"","wpdc_publishing_response":"","wpdc_publishing_error":"","footnotes":""},"class_list":["post-5620","page","type-page","status-publish","hentry"],"yoast_head":"<!-- This site is optimized with the Yoast SEO plugin v25.3.1 - https:\/\/yoast.com\/wordpress\/plugins\/seo\/ -->\n<title>Menu del ristorante per i tuoi siti Web Weebly: gratuito ed elegante<\/title>\n<meta name=\"description\" content=\"Implementa un&#039;app Restaurant Menu reattiva sul tuo sito Weebly. Prova la pratica demo di Elfsight e genera la tua splendida app in pochi minuti.\" \/>\n<meta name=\"robots\" content=\"index, follow, max-snippet:-1, max-image-preview:large, max-video-preview:-1\" \/>\n<link rel=\"canonical\" href=\"https:\/\/elfsight.com\/it\/restaurant-menu-widget\/weebly\/\" \/>\n<meta property=\"og:locale\" content=\"it_IT\" \/>\n<meta property=\"og:type\" content=\"article\" \/>\n<meta property=\"og:title\" content=\"Menu del ristorante per i tuoi siti Web Weebly: gratuito ed elegante\" \/>\n<meta property=\"og:description\" content=\"Implementa un&#039;app Restaurant Menu reattiva sul tuo sito Weebly. Prova la pratica demo di Elfsight e genera la tua splendida app in pochi minuti.\" \/>\n<meta property=\"og:url\" content=\"https:\/\/elfsight.com\/it\/restaurant-menu-widget\/weebly\/\" \/>\n<meta property=\"og:site_name\" content=\"Elfsight IT\" \/>\n<meta property=\"article:modified_time\" content=\"2025-03-24T05:31:13+00:00\" \/>\n<meta name=\"twitter:card\" content=\"summary_large_image\" \/>\n<meta name=\"twitter:label1\" content=\"Tempo di lettura stimato\" \/>\n\t<meta name=\"twitter:data1\" content=\"3 minuti\" \/>\n<!-- \/ Yoast SEO plugin. -->","yoast_head_json":{"title":"Menu del ristorante per i tuoi siti Web Weebly: gratuito ed elegante","description":"Implementa un'app Restaurant Menu reattiva sul tuo sito Weebly. Prova la pratica demo di Elfsight e genera la tua splendida app in pochi minuti.","robots":{"index":"index","follow":"follow","max-snippet":"max-snippet:-1","max-image-preview":"max-image-preview:large","max-video-preview":"max-video-preview:-1"},"canonical":"https:\/\/elfsight.com\/it\/restaurant-menu-widget\/weebly\/","og_locale":"it_IT","og_type":"article","og_title":"Menu del ristorante per i tuoi siti Web Weebly: gratuito ed elegante","og_description":"Implementa un'app Restaurant Menu reattiva sul tuo sito Weebly. Prova la pratica demo di Elfsight e genera la tua splendida app in pochi minuti.","og_url":"https:\/\/elfsight.com\/it\/restaurant-menu-widget\/weebly\/","og_site_name":"Elfsight IT","article_modified_time":"2025-03-24T05:31:13+00:00","twitter_card":"summary_large_image","twitter_misc":{"Tempo di lettura stimato":"3 minuti"},"schema":{"@context":"https:\/\/schema.org","@graph":[{"@type":"WebPage","@id":"https:\/\/elfsight.com\/it\/restaurant-menu-widget\/weebly\/","url":"https:\/\/elfsight.com\/it\/restaurant-menu-widget\/weebly\/","name":"Menu del ristorante per i tuoi siti Web Weebly: gratuito ed elegante","isPartOf":{"@id":"https:\/\/elfsight.com\/it\/#website"},"datePublished":"1970-01-01T00:00:00+00:00","dateModified":"2025-03-24T05:31:13+00:00","description":"Implementa un'app Restaurant Menu reattiva sul tuo sito Weebly. Prova la pratica demo di Elfsight e genera la tua splendida app in pochi minuti.","breadcrumb":{"@id":"https:\/\/elfsight.com\/it\/restaurant-menu-widget\/weebly\/#breadcrumb"},"inLanguage":"it-IT","potentialAction":[{"@type":"ReadAction","target":["https:\/\/elfsight.com\/it\/restaurant-menu-widget\/weebly\/"]}]},{"@type":"BreadcrumbList","@id":"https:\/\/elfsight.com\/it\/restaurant-menu-widget\/weebly\/#breadcrumb","itemListElement":[{"@type":"ListItem","position":1,"name":"Home","item":"https:\/\/elfsight.com\/it\/"},{"@type":"ListItem","position":2,"name":"Restaurant Menu","item":"https:\/\/elfsight.com\/it\/restaurant-menu-widget\/"},{"@type":"ListItem","position":3,"name":"Restaurant Menu &#8211; Weebly"}]},{"@type":"WebSite","@id":"https:\/\/elfsight.com\/it\/#website","url":"https:\/\/elfsight.com\/it\/","name":"Elfsight IT","description":"Just another Elfsight Sites site","potentialAction":[{"@type":"SearchAction","target":{"@type":"EntryPoint","urlTemplate":"https:\/\/elfsight.com\/it\/?s={search_term_string}"},"query-input":{"@type":"PropertyValueSpecification","valueRequired":true,"valueName":"search_term_string"}}],"inLanguage":"it-IT"}]}},"meta_box":{"industry":"","seo_heading":"","heading":"","description":"","cta_heading":"","cta_description":"","application":"2833","h1":"Applicazione del menu del ristorante Weebly","h1_caption":"Mostra il menu del tuo ristorante in un formato visivamente accattivante, facile da aggiornare e intuitivo nel tuo sito web Weebly senza sforzo.","application_category":[],"applications_title":"","applications_request_title":"","applications_request_button_text":"","hero_text":"","hero_video":"","hero_video_schema_markup":"","selling_points_title":"","selling_points_caption":"","selling_points":[],"selling_points_cta_text":"","features_title":"","features":"","ed_cta_examples_text":"","ed_cta_examples_hidden":"","ed_cta_demo_text":"","ed_cta_demo_hidden":"","why_caption":"","why_editor_title":"","why_editor_text":"","why_team_title":"","why_team_text":"","why_service_title":"","why_service_text":"","template_catalog_visible":"0","template_catalog_title":"","template_catalog_text":"","template_catalog_categories_visible":"","demo_title":"Crea l'app Menu del tuo ristorante","demo_caption":"Configura il menu del tuo ristorante e aggiungilo gratuitamente al tuo sito Web Weebly!","default_faq_hidden":"","app_template_category":[],"platform":"45","template_public_id":"","codecanyon_url":"","codecanyon_item_id":"","codecanyon_price":"","pricing_caption":"","pricing_elfsight_apps_hide_column":"","pricing_elfsight_apps_url":"","pricing_codecanyon_price_caption":"","integration_category":[],"integration_request_title":"","integration_request_cta":"","integration_platform":"","integrations":[],"platform_category":[],"video_schema_markup":"","price":"da $ 0 al mese","trial":"","benefits":[{"text":"Servizio di installazione gratuito"},{"text":"Supporto premium"},{"text":"Garanzia di rimborso di 14 giorni"},{"text":"Sviluppo continuo"}],"button_url":"#demo","button_target_blank":"0","button_nofollow":"0","attributes":[{"name":"Installazioni"},{"name":"Reattivo","content":"S\u00cc"},{"name":"Browser compatibili","content":"Firefox, Safari, Opera, Chrome, Edge"}],"tags":[],"tags_disable_links":"0","hide_more_platforms":"0","video_object":"","demo_hide_cta":"0","demo_hide_cloud_options":"0","pricing_title":"","pricing":[{"pricing_icon":"platform","pricing_title":"Elfsight Apps","pricing_title_caption":"Versione indipendente dalla piattaforma adatta a qualsiasi sito web","pricing_price":"da $ 0 \/ mese","pricing_price_caption":"inizia con un piano gratuito","pricing_benefits":[{"text":"Domini illimitati"},{"text":"Supporto aziendale premium"},{"text":"Assistenza per l'installazione gratuita"},{"text":"Completamente personalizzabile"}],"pricing_button_text":"Aggiungi al sito web","pricing_button_url":"#demo"}],"related_apps_title":"","related_apps_hidden":"0","author":"","image":[],"title":"","job":"","social_networks":[]},"_links":{"self":[{"href":"https:\/\/elfsight.com\/it\/wp-json\/wp\/v2\/pages\/5620","targetHints":{"allow":["GET"]}}],"collection":[{"href":"https:\/\/elfsight.com\/it\/wp-json\/wp\/v2\/pages"}],"about":[{"href":"https:\/\/elfsight.com\/it\/wp-json\/wp\/v2\/types\/page"}],"author":[{"embeddable":true,"href":"https:\/\/elfsight.com\/it\/wp-json\/wp\/v2\/users\/9"}],"replies":[{"embeddable":true,"href":"https:\/\/elfsight.com\/it\/wp-json\/wp\/v2\/comments?post=5620"}],"version-history":[{"count":3,"href":"https:\/\/elfsight.com\/it\/wp-json\/wp\/v2\/pages\/5620\/revisions"}],"predecessor-version":[{"id":9843,"href":"https:\/\/elfsight.com\/it\/wp-json\/wp\/v2\/pages\/5620\/revisions\/9843"}],"up":[{"embeddable":true,"href":"https:\/\/elfsight.com\/it\/wp-json\/wp\/v2\/pages\/2834"}],"wp:attachment":[{"href":"https:\/\/elfsight.com\/it\/wp-json\/wp\/v2\/media?parent=5620"}],"curies":[{"name":"wp","href":"https:\/\/api.w.org\/{rel}","templated":true}]}}