{"id":5619,"date":"1970-01-01T00:00:00","date_gmt":"1970-01-01T00:00:00","guid":{"rendered":"https:\/\/elfsight.com\/it\/?page_id=5619"},"modified":"2025-03-24T05:32:21","modified_gmt":"2025-03-24T05:32:21","slug":"wix","status":"publish","type":"page","link":"https:\/\/elfsight.com\/it\/restaurant-menu-widget\/wix\/","title":{"rendered":"Restaurant Menu &#8211; Wix"},"content":{"rendered":"\n<div class=\"application-platform-content-item-description application-platform-content-item\" id=\"description\" data-nav-section=\"description\"> <h2>Descrizione<\/h2><p>Il menu del ristorante \u00e8 un modo semplice per mostrare al tuo pubblico cibi e bevande gustosi, trasmettere un&#8217;esperienza eccezionale concept e catturare la loro attenzione con foto magnetiche dei prodotti. Il plugin \u00e8 molto utile. Puoi presentare un numero illimitato di pagine di menu con numerose sezioni ed elementi. Scegli uno schema chiaro, scuro o adatta gli elementi di cui hai bisogno, ricolorando tutti gli elementi. Inoltre il tuo menu pu\u00f2 essere sempre rilevante: puoi aggiornare i prezzi o un elenco di articoli, aggiungere nuovi piatti o persino menu in un paio di secondi! Niente pi\u00f9 menu pronti per la stampa che devi creare da zero. Inizia subito a creare il tuo menu elegante. <\/p> <p><b>Ottieni il meglio dal menu del ristorante per raggiungere i picchi di popolarit\u00e0 con meno sforzo! Con l&#8217;aiuto del menu sulla tua pagina web la tua struttura pu\u00f2 invitare pi\u00f9 visitatori che mai. Inizia a utilizzare Restaurant Menu by Elfsight<\/b><\/p> <\/div> <div class=\"application-platform-content-item-features application-platform-content-item\" id=\"features\" data-nav-section=\"features\"> <h2>Offriamo funzionalit\u00e0 utili e semplici, guardane alcune: <\/h2> <ul><li>Editor intuitivo anche per utenti non esperti di tecnologia<\/li><li>Quantit\u00e0 infinita di menu, sezioni o elementi, facilmente organizzati da layout eleganti<\/li><li>Informazioni sempre aggiornate. Correggi il menu e tutte le sue impostazioni ogni volta che lo desideri <\/li><li> Visualizza una descrizione dettagliata degli articoli: anche icone, elementi nutrizionali e badge<\/li><li>Imposta splendide foto per gli articoli e persino presentali in un popup visualizza <\/li><li>Personalizza i colori di tutti gli elementi: testo, combinazione di colori e icone <\/li><\/ul><p><a href=\"#demo\">Esplora tutte le opzioni di personalizzazione nella demo funzionale al 100% <\/a><\/p> <\/div> <div class=\"application-platform-content-item-installation application-platform-content-item\" id=\"installation\" data-nav-section=\"installation\"> <h2>Come faccio ad aggiungere il menu del ristorante alla mia pagina web Wix? <\/h2><div class=\"video-container\"><iframe width=\"560\" height=\"315\" src=\"https:\/\/www.youtube.com\/embed\/ZR6hmujo2dg?si=kLAbVBqiQO5iEj87\" frameborder=\"0\" allow=\"accelerometer; autoplay; clipboard-write; encrypted-media; gyroscope; picture-in-picture; web-share\" allowfullscreen><\/iframe><\/div><p>Segui semplicemente le linee guida seguenti per aggiungere lo strumento: <\/p> <ol><li><b>Lancia il nostro editor gratuito e inizia a dare forma alla tua app personalizzata. <\/b><br> Specifica il design e i parametri preferibili dell&#8217;app e salva le correzioni. <\/li> <li><b>Copia il tuo codice univoco che appare nella finestra delle App Elfsight. <\/b><br> Non appena la creazione della tua app personale sar\u00e0 completata, copia il codice esclusivo nella casella visualizzata e salvalo per un ulteriore utilizzo. <\/li> <li><b>Inizia a utilizzare il widget sulla pagina web Wix. <\/b><br> Integra il codice salvato in precedenza nella tua home page e salva le modifiche. <\/li> <li><b>L&#8217;installazione \u00e8 stata eseguita con successo. <\/b><br> Vai alla tua pagina web per controllare il funzionamento dell&#8217;app. <\/li><\/ol> <p>In caso di difficolt\u00e0, non esitare a rivolgerti al nostro team di supporto. I nostri specialisti saranno lieti di risolvere tutti i problemi che potresti riscontrare con lo strumento. <\/p> <div class=\"faq\" data-component=\"FAQ\"><div class=\"faq-item\">\r\n\t\t\t\t\t<div class=\"faq-item-question\">\r\n\t\t\t\t\t\t<h3 class=\"faq-item-question-text\">Come posso aggiungere il menu del ristorante alla mia pagina Web Wix senza competenze di programmazione?<\/h3>\r\n\r\n\t\t\t\t\t\t<div class=\"faq-item-question-icon\"><\/div>\r\n\t\t\t\t\t<\/div>\r\n\r\n\t\t\t\t\t<div class=\"faq-item-answer\">\r\n\t\t\t\t\t\t<div class=\"faq-item-answer-text\"> <p>Elfsight offre una soluzione SaaS che consente a un vasto pubblico di generare autonomamente una sezione del menu del ristorante, scopri le semplici istruzioni: Inizia a lavorare nell&#8217;editor live per generare un&#8217;app Restaurant Menu che desideri aggiungere alla tua pagina web Wix. Scegli uno dei modelli predefiniti e modifica le impostazioni del menu del ristorante, cambia il layout e i colori e aggiorna i tuoi contenuti, senza conoscenze di programmazione. Fai clic per salvare le impostazioni che hai effettuato nel menu del ristorante e ottieni il codice di installazione che pu\u00f2 essere incorporato nel tuo sito web Wix senza la necessit\u00e0 di acquistare una versione a pagamento. Con l&#8217;intuitivo Configuratore ogni utente di Internet pu\u00f2 generare il widget del menu del ristorante online e includerlo semplicemente in qualsiasi sito Web Wix. Non \u00e8 necessario sottoscrivere un piano a pagamento o inserire le credenziali della carta per accedere al nostro servizio. Se riscontri problemi in qualsiasi momento, non esitare a parlare con il nostro staff di supporto tecnico.<\/p> <\/div>\r\n\t\t\t\t\t<\/div>\r\n\t\t\t\t<\/div> <\/div><\/div>\n","protected":false},"excerpt":{"rendered":"","protected":false},"author":9,"featured_media":0,"parent":2834,"menu_order":0,"comment_status":"closed","ping_status":"closed","template":"templates\/template-application-platform.php","meta":{"publish_to_discourse":"","publish_post_category":"","wpdc_auto_publish_overridden":"","wpdc_topic_tags":"","wpdc_pin_topic":"","wpdc_pin_until":"","discourse_post_id":"","discourse_permalink":"","wpdc_publishing_response":"","wpdc_publishing_error":"","footnotes":""},"class_list":["post-5619","page","type-page","status-publish","hentry"],"yoast_head":"<!-- This site is optimized with the Yoast SEO plugin v25.3.1 - https:\/\/yoast.com\/wordpress\/plugins\/seo\/ -->\n<title>Menu del ristorante per i siti Web Wix: semplice e gratuito<\/title>\n<meta name=\"description\" content=\"Incorpora un&#039;app Restaurant Menu intuitiva sul tuo sito web Wix. Prova la pratica demo di Elfsight e crea la tua fantastica app in un paio di minuti\" \/>\n<meta name=\"robots\" content=\"index, follow, max-snippet:-1, max-image-preview:large, max-video-preview:-1\" \/>\n<link rel=\"canonical\" href=\"https:\/\/elfsight.com\/it\/restaurant-menu-widget\/wix\/\" \/>\n<meta property=\"og:locale\" content=\"it_IT\" \/>\n<meta property=\"og:type\" content=\"article\" \/>\n<meta property=\"og:title\" content=\"Menu del ristorante per i siti Web Wix: semplice e gratuito\" \/>\n<meta property=\"og:description\" content=\"Incorpora un&#039;app Restaurant Menu intuitiva sul tuo sito web Wix. Prova la pratica demo di Elfsight e crea la tua fantastica app in un paio di minuti\" \/>\n<meta property=\"og:url\" content=\"https:\/\/elfsight.com\/it\/restaurant-menu-widget\/wix\/\" \/>\n<meta property=\"og:site_name\" content=\"Elfsight IT\" \/>\n<meta property=\"article:modified_time\" content=\"2025-03-24T05:32:21+00:00\" \/>\n<meta name=\"twitter:card\" content=\"summary_large_image\" \/>\n<meta name=\"twitter:label1\" content=\"Tempo di lettura stimato\" \/>\n\t<meta name=\"twitter:data1\" content=\"4 minuti\" \/>\n<!-- \/ Yoast SEO plugin. -->","yoast_head_json":{"title":"Menu del ristorante per i siti Web Wix: semplice e gratuito","description":"Incorpora un'app Restaurant Menu intuitiva sul tuo sito web Wix. Prova la pratica demo di Elfsight e crea la tua fantastica app in un paio di minuti","robots":{"index":"index","follow":"follow","max-snippet":"max-snippet:-1","max-image-preview":"max-image-preview:large","max-video-preview":"max-video-preview:-1"},"canonical":"https:\/\/elfsight.com\/it\/restaurant-menu-widget\/wix\/","og_locale":"it_IT","og_type":"article","og_title":"Menu del ristorante per i siti Web Wix: semplice e gratuito","og_description":"Incorpora un'app Restaurant Menu intuitiva sul tuo sito web Wix. Prova la pratica demo di Elfsight e crea la tua fantastica app in un paio di minuti","og_url":"https:\/\/elfsight.com\/it\/restaurant-menu-widget\/wix\/","og_site_name":"Elfsight IT","article_modified_time":"2025-03-24T05:32:21+00:00","twitter_card":"summary_large_image","twitter_misc":{"Tempo di lettura stimato":"4 minuti"},"schema":{"@context":"https:\/\/schema.org","@graph":[{"@type":"WebPage","@id":"https:\/\/elfsight.com\/it\/restaurant-menu-widget\/wix\/","url":"https:\/\/elfsight.com\/it\/restaurant-menu-widget\/wix\/","name":"Menu del ristorante per i siti Web Wix: semplice e gratuito","isPartOf":{"@id":"https:\/\/elfsight.com\/it\/#website"},"datePublished":"1970-01-01T00:00:00+00:00","dateModified":"2025-03-24T05:32:21+00:00","description":"Incorpora un'app Restaurant Menu intuitiva sul tuo sito web Wix. Prova la pratica demo di Elfsight e crea la tua fantastica app in un paio di minuti","breadcrumb":{"@id":"https:\/\/elfsight.com\/it\/restaurant-menu-widget\/wix\/#breadcrumb"},"inLanguage":"it-IT","potentialAction":[{"@type":"ReadAction","target":["https:\/\/elfsight.com\/it\/restaurant-menu-widget\/wix\/"]}]},{"@type":"BreadcrumbList","@id":"https:\/\/elfsight.com\/it\/restaurant-menu-widget\/wix\/#breadcrumb","itemListElement":[{"@type":"ListItem","position":1,"name":"Home","item":"https:\/\/elfsight.com\/it\/"},{"@type":"ListItem","position":2,"name":"Restaurant Menu","item":"https:\/\/elfsight.com\/it\/restaurant-menu-widget\/"},{"@type":"ListItem","position":3,"name":"Restaurant Menu &#8211; Wix"}]},{"@type":"WebSite","@id":"https:\/\/elfsight.com\/it\/#website","url":"https:\/\/elfsight.com\/it\/","name":"Elfsight IT","description":"Just another Elfsight Sites site","potentialAction":[{"@type":"SearchAction","target":{"@type":"EntryPoint","urlTemplate":"https:\/\/elfsight.com\/it\/?s={search_term_string}"},"query-input":{"@type":"PropertyValueSpecification","valueRequired":true,"valueName":"search_term_string"}}],"inLanguage":"it-IT"}]}},"meta_box":{"industry":"","seo_heading":"","heading":"","description":"","cta_heading":"","cta_description":"","application":"2833","h1":"Applicazione Wix Restaurant Menu","h1_caption":"Mostra il menu del tuo ristorante in un formato visivamente accattivante, facile da aggiornare e intuitivo nel tuo sito web Wix senza sforzo.","application_category":[],"applications_title":"","applications_request_title":"","applications_request_button_text":"","hero_text":"","hero_video":"","hero_video_schema_markup":"","selling_points_title":"","selling_points_caption":"","selling_points":[],"selling_points_cta_text":"","features_title":"","features":"","ed_cta_examples_text":"","ed_cta_examples_hidden":"","ed_cta_demo_text":"","ed_cta_demo_hidden":"","why_caption":"","why_editor_title":"","why_editor_text":"","why_team_title":"","why_team_text":"","why_service_title":"","why_service_text":"","template_catalog_visible":"0","template_catalog_title":"","template_catalog_text":"","template_catalog_categories_visible":"","demo_title":"Crea l'app Menu del tuo ristorante","demo_caption":"Configura il menu del tuo ristorante e aggiungilo gratuitamente al tuo sito Wix!","default_faq_hidden":"","app_template_category":[],"platform":"29","template_public_id":"","codecanyon_url":"","codecanyon_item_id":"","codecanyon_price":"","pricing_caption":"","pricing_elfsight_apps_hide_column":"","pricing_elfsight_apps_url":"","pricing_codecanyon_price_caption":"","integration_category":[],"integration_request_title":"","integration_request_cta":"","integration_platform":"","integrations":[],"platform_category":[],"video_schema_markup":"","price":"da $ 0 al mese","trial":"","benefits":[{"text":"Aiuto per l'installazione gratuito"},{"text":"Servizio clienti efficace"},{"text":"Garanzia di rimborso di 14 giorni"},{"text":"Miglioramenti gratuiti a vita"}],"button_url":"#demo","button_target_blank":"0","button_nofollow":"0","attributes":[{"name":"Installazioni"},{"name":"Reattivo","content":"S\u00cc"},{"name":"Browser compatibili","content":"Firefox, Safari, Opera, Chrome, Edge"}],"tags":[],"tags_disable_links":"0","hide_more_platforms":"0","video_object":"","demo_hide_cta":"0","demo_hide_cloud_options":"0","pricing_title":"","pricing":[{"pricing_icon":"platform","pricing_title":"Elfsight Apps","pricing_title_caption":"Soluzione indipendente dalla piattaforma adatta a qualsiasi sito web","pricing_price":"da $ 0 \/ mese","pricing_price_caption":"inizia con il piano gratuito","pricing_benefits":[{"text":"Numero illimitato di siti web"},{"text":"Supporto rapido e puntuale"},{"text":"Supporto gratuito per l'installazione"},{"text":"Prezzo speciale per pi\u00f9 app"}],"pricing_button_text":"Aggiungi al sito web","pricing_button_url":"#demo"}],"related_apps_title":"","related_apps_hidden":"0","author":"","image":[],"title":"","job":"","social_networks":[]},"_links":{"self":[{"href":"https:\/\/elfsight.com\/it\/wp-json\/wp\/v2\/pages\/5619","targetHints":{"allow":["GET"]}}],"collection":[{"href":"https:\/\/elfsight.com\/it\/wp-json\/wp\/v2\/pages"}],"about":[{"href":"https:\/\/elfsight.com\/it\/wp-json\/wp\/v2\/types\/page"}],"author":[{"embeddable":true,"href":"https:\/\/elfsight.com\/it\/wp-json\/wp\/v2\/users\/9"}],"replies":[{"embeddable":true,"href":"https:\/\/elfsight.com\/it\/wp-json\/wp\/v2\/comments?post=5619"}],"version-history":[{"count":3,"href":"https:\/\/elfsight.com\/it\/wp-json\/wp\/v2\/pages\/5619\/revisions"}],"predecessor-version":[{"id":9844,"href":"https:\/\/elfsight.com\/it\/wp-json\/wp\/v2\/pages\/5619\/revisions\/9844"}],"up":[{"embeddable":true,"href":"https:\/\/elfsight.com\/it\/wp-json\/wp\/v2\/pages\/2834"}],"wp:attachment":[{"href":"https:\/\/elfsight.com\/it\/wp-json\/wp\/v2\/media?parent=5619"}],"curies":[{"name":"wp","href":"https:\/\/api.w.org\/{rel}","templated":true}]}}