{"id":5618,"date":"1970-01-01T00:00:00","date_gmt":"1970-01-01T00:00:00","guid":{"rendered":"https:\/\/elfsight.com\/it\/?page_id=5618"},"modified":"2025-03-24T05:33:47","modified_gmt":"2025-03-24T05:33:47","slug":"wordpress","status":"publish","type":"page","link":"https:\/\/elfsight.com\/it\/restaurant-menu-widget\/wordpress\/","title":{"rendered":"Restaurant Menu &#8211; WordPress"},"content":{"rendered":"\n<div class=\"application-platform-content-item-description application-platform-content-item\" id=\"description\" data-nav-section=\"description\"> <h2>Incorpora il menu del ristorante sulla piattaforma con il widget Elfsight<\/h2><p>Il menu del ristorante Elfsight \u00e8 il modo pi\u00f9 rapido per informare il tuo pubblico sulla tua cucina, caratteristiche originali e attirali con foto di cibo seducenti. Il plugin \u00e8 piuttosto facile da usare e puoi creare qualsiasi quantit\u00e0 di menu con una grande quantit\u00e0 di sezioni o elementi. Scegli uno schema chiaro, scuro o personalizza gli elementi che desideri, ridipingendo tutti i colori accentati. Inoltre, il tuo menu sar\u00e0 sempre aggiornato: prezzi corretti, elenco di articoli, aggiunta di nuovi piatti o persino menu in un clic! Niente pi\u00f9 menu pronti da stampare che dovresti creare dall&#8217;inizio <\/p> <p><b>Prova Restaurant Menu per raggiungere i tuoi obiettivi di business con meno sforzo! Con l&#8217;aiuto del menu sulla tua pagina web puoi avere pi\u00f9 visitatori e ottenere una crescita sostenibile e un aumento delle vendite!<\/b><\/p> <\/div> <div class=\"application-platform-content-item-features application-platform-content-item\" id=\"features\" data-nav-section=\"features\"> <h2>Questi sono solo alcuni dei le varie funzionalit\u00e0 del widget: <\/h2> <ul><li>Plugin facile da gestire anche per utenti non tecnologici <\/li><li>Quantit\u00e0 personalizzata di menu, sezioni o elementi, organizzati con layout eleganti <\/li> <li>Aggiorna semplicemente il menu e tutti i suoi articoli in qualsiasi momento: prezzi, piatti e bevande stagionali, ecc. <\/li><li> Aggiungi informazioni extra dettagliate per gli articoli, comprese icone, elementi nutrizionali e badge <\/li><li>Imposta immagini appetitose per gli articoli e visualizzale anche in visualizzazione popup <\/li><li>Personalizza e ridipingi qualsiasi elemento: testo, combinazione di colori e icone <\/li><\/ul><p><a href=\"#demo\">Prova tutte le funzionalit\u00e0 di personalizzazione in una demo completamente funzionante<\/a><\/p> <\/div> <div class=\"application-platform-content-item-installation application-platform-content-item\" id=\"installation\" data-nav-section=\"installation\"> <h2>Come posso aggiungere il menu del ristorante al mio sito WordPress? <\/h2><div class=\"video-container\"><iframe width=\"560\" height=\"315\" src=\"https:\/\/www.youtube.com\/embed\/RRdaLwePJR8?si=XsFAMngq51_fl_2N\" frameborder=\"0\" allow=\"accelerometer; autoplay; clipboard-write; encrypted-media; gyroscope; picture-in-picture; web-share\" allowfullscreen><\/iframe><\/div><p>Basta seguire un paio di passaggi presentati di seguito per incorporare lo strumento: <\/p> <ol><li><b>Gestisci il nostro editor gratuito e inizia a creare il tuo plugin personalizzato. <\/b><br> Specifica la forma e la funzionalit\u00e0 preferibili del plugin e applica tutte le modifiche. <\/li> <li><b>Acquisisci il tuo codice personale che \u00e8 mostrato nell&#8217;apposito modulo su Elfsight Apps. <\/b><br> Non appena la configurazione del tuo plugin personale sar\u00e0 completata, copia il tuo codice nella finestra visualizzata e salvalo per occasioni future. <\/li> <li><b>Inizia a utilizzare il plugin sul tuo sito WordPress. <\/b><br> Inserisci il codice copiato di recente nella tua pagina e applica le modifiche. <\/li> <li><b>L&#8217;installazione \u00e8 terminata con successo. <\/b><br> Visita il tuo sito per vedere in azione come funziona il plug-in. <\/li><\/ol><p>Se incontri qualche complicazione, non aver paura di scrivere al nostro personale di supporto. I nostri specialisti saranno felici di risolvere tutti i problemi che potresti riscontrare con lo strumento. <\/p> <div class=\"faq\" data-component=\"FAQ\"><div class=\"faq-item\">\r\n\t\t\t\t\t<div class=\"faq-item-question\">\r\n\t\t\t\t\t\t<h3 class=\"faq-item-question-text\">Come aggiungere il menu del ristorante al mio sito WordPress senza esperienza di codifica?<\/h3>\r\n\r\n\t\t\t\t\t\t<div class=\"faq-item-question-icon\"><\/div>\r\n\t\t\t\t\t<\/div>\r\n\r\n\t\t\t\t\t<div class=\"faq-item-answer\">\r\n\t\t\t\t\t\t<div class=\"faq-item-answer-text\"> <p>La societ\u00e0 Elfsight fornisce una soluzione SaaS che consente a un vasto pubblico di creare autonomamente un&#8217;app Menu del ristorante, guarda com&#8217;\u00e8 semplice: vai all&#8217;editor online per creare una sezione del menu del ristorante che desideri integrare sul tuo sito Web WordPress. Scegli uno dei tanti modelli gi\u00e0 pronti e modifica le impostazioni del menu del ristorante, aggiungi i tuoi contenuti, modifica il layout e i colori senza alcuna esperienza di codifica. Salva il Men\u00f9 del Ristorante e copia il suo codice per l&#8217;installazione, che potr\u00e0 essere incluso gratuitamente nella pagina web di WordPress. Lavorando nel nostro editor intuitivo, qualsiasi utente di Internet pu\u00f2 creare il menu del ristorante online e aggiungerlo facilmente a qualsiasi pagina Web WordPress. Non devi pagare o inserire i dati della tua carta per entrare nel nostro Editor. Se riscontri problemi di qualsiasi tipo, non esitare a contattare il nostro team di supporto tecnico.<\/p> <\/div>\r\n\t\t\t\t\t<\/div>\r\n\t\t\t\t<\/div> <\/div><\/div>\n","protected":false},"excerpt":{"rendered":"","protected":false},"author":9,"featured_media":0,"parent":2834,"menu_order":0,"comment_status":"closed","ping_status":"closed","template":"templates\/template-application-platform.php","meta":{"publish_to_discourse":"","publish_post_category":"","wpdc_auto_publish_overridden":"","wpdc_topic_tags":"","wpdc_pin_topic":"","wpdc_pin_until":"","discourse_post_id":"","discourse_permalink":"","wpdc_publishing_response":"","wpdc_publishing_error":"","footnotes":""},"class_list":["post-5618","page","type-page","status-publish","hentry"],"yoast_head":"<!-- This site is optimized with the Yoast SEO plugin v25.3.1 - https:\/\/yoast.com\/wordpress\/plugins\/seo\/ -->\n<title>Plug-in Menu ristorante per i tuoi siti Web WordPress: semplice e gratuito<\/title>\n<meta name=\"description\" content=\"Aggiungi un menu del ristorante ottimizzato per dispositivi mobili sul tuo sito WordPress. Utilizza la pratica demo di Elfsight e crea il tuo splendido plugin in pochi minuti\" \/>\n<meta name=\"robots\" content=\"index, follow, max-snippet:-1, max-image-preview:large, max-video-preview:-1\" \/>\n<link rel=\"canonical\" href=\"https:\/\/elfsight.com\/it\/restaurant-menu-widget\/wordpress\/\" \/>\n<meta property=\"og:locale\" content=\"it_IT\" \/>\n<meta property=\"og:type\" content=\"article\" \/>\n<meta property=\"og:title\" content=\"Plug-in Menu ristorante per i tuoi siti Web WordPress: semplice e gratuito\" \/>\n<meta property=\"og:description\" content=\"Aggiungi un menu del ristorante ottimizzato per dispositivi mobili sul tuo sito WordPress. Utilizza la pratica demo di Elfsight e crea il tuo splendido plugin in pochi minuti\" \/>\n<meta property=\"og:url\" content=\"https:\/\/elfsight.com\/it\/restaurant-menu-widget\/wordpress\/\" \/>\n<meta property=\"og:site_name\" content=\"Elfsight IT\" \/>\n<meta property=\"article:modified_time\" content=\"2025-03-24T05:33:47+00:00\" \/>\n<meta name=\"twitter:card\" content=\"summary_large_image\" \/>\n<meta name=\"twitter:label1\" content=\"Tempo di lettura stimato\" \/>\n\t<meta name=\"twitter:data1\" content=\"4 minuti\" \/>\n<!-- \/ Yoast SEO plugin. -->","yoast_head_json":{"title":"Plug-in Menu ristorante per i tuoi siti Web WordPress: semplice e gratuito","description":"Aggiungi un menu del ristorante ottimizzato per dispositivi mobili sul tuo sito WordPress. Utilizza la pratica demo di Elfsight e crea il tuo splendido plugin in pochi minuti","robots":{"index":"index","follow":"follow","max-snippet":"max-snippet:-1","max-image-preview":"max-image-preview:large","max-video-preview":"max-video-preview:-1"},"canonical":"https:\/\/elfsight.com\/it\/restaurant-menu-widget\/wordpress\/","og_locale":"it_IT","og_type":"article","og_title":"Plug-in Menu ristorante per i tuoi siti Web WordPress: semplice e gratuito","og_description":"Aggiungi un menu del ristorante ottimizzato per dispositivi mobili sul tuo sito WordPress. Utilizza la pratica demo di Elfsight e crea il tuo splendido plugin in pochi minuti","og_url":"https:\/\/elfsight.com\/it\/restaurant-menu-widget\/wordpress\/","og_site_name":"Elfsight IT","article_modified_time":"2025-03-24T05:33:47+00:00","twitter_card":"summary_large_image","twitter_misc":{"Tempo di lettura stimato":"4 minuti"},"schema":{"@context":"https:\/\/schema.org","@graph":[{"@type":"WebPage","@id":"https:\/\/elfsight.com\/it\/restaurant-menu-widget\/wordpress\/","url":"https:\/\/elfsight.com\/it\/restaurant-menu-widget\/wordpress\/","name":"Plug-in Menu ristorante per i tuoi siti Web WordPress: semplice e gratuito","isPartOf":{"@id":"https:\/\/elfsight.com\/it\/#website"},"datePublished":"1970-01-01T00:00:00+00:00","dateModified":"2025-03-24T05:33:47+00:00","description":"Aggiungi un menu del ristorante ottimizzato per dispositivi mobili sul tuo sito WordPress. Utilizza la pratica demo di Elfsight e crea il tuo splendido plugin in pochi minuti","breadcrumb":{"@id":"https:\/\/elfsight.com\/it\/restaurant-menu-widget\/wordpress\/#breadcrumb"},"inLanguage":"it-IT","potentialAction":[{"@type":"ReadAction","target":["https:\/\/elfsight.com\/it\/restaurant-menu-widget\/wordpress\/"]}]},{"@type":"BreadcrumbList","@id":"https:\/\/elfsight.com\/it\/restaurant-menu-widget\/wordpress\/#breadcrumb","itemListElement":[{"@type":"ListItem","position":1,"name":"Home","item":"https:\/\/elfsight.com\/it\/"},{"@type":"ListItem","position":2,"name":"Restaurant Menu","item":"https:\/\/elfsight.com\/it\/restaurant-menu-widget\/"},{"@type":"ListItem","position":3,"name":"Restaurant Menu &#8211; WordPress"}]},{"@type":"WebSite","@id":"https:\/\/elfsight.com\/it\/#website","url":"https:\/\/elfsight.com\/it\/","name":"Elfsight IT","description":"Just another Elfsight Sites site","potentialAction":[{"@type":"SearchAction","target":{"@type":"EntryPoint","urlTemplate":"https:\/\/elfsight.com\/it\/?s={search_term_string}"},"query-input":{"@type":"PropertyValueSpecification","valueRequired":true,"valueName":"search_term_string"}}],"inLanguage":"it-IT"}]}},"meta_box":{"industry":"","seo_heading":"","heading":"","description":"","cta_heading":"","cta_description":"","application":"2833","h1":"Plugin per menu ristorante WordPress","h1_caption":"Mostra il menu del tuo ristorante in un formato visivamente accattivante, facile da aggiornare e intuitivo nel tuo sito Web WordPress senza sforzo.","application_category":[],"applications_title":"","applications_request_title":"","applications_request_button_text":"","hero_text":"","hero_video":"","hero_video_schema_markup":"","selling_points_title":"","selling_points_caption":"","selling_points":[],"selling_points_cta_text":"","features_title":"","features":"","ed_cta_examples_text":"","ed_cta_examples_hidden":"","ed_cta_demo_text":"","ed_cta_demo_hidden":"","why_caption":"","why_editor_title":"","why_editor_text":"","why_team_title":"","why_team_text":"","why_service_title":"","why_service_text":"","template_catalog_visible":"0","template_catalog_title":"","template_catalog_text":"","template_catalog_categories_visible":"","demo_title":"Crea il tuo plugin per il menu del ristorante","demo_caption":"Configura il menu del tuo ristorante e aggiungilo gratuitamente al tuo sito WordPress!","default_faq_hidden":"","app_template_category":[],"platform":"28","template_public_id":"","codecanyon_url":"","codecanyon_item_id":"","codecanyon_price":"","pricing_caption":"","pricing_elfsight_apps_hide_column":"","pricing_elfsight_apps_url":"","pricing_codecanyon_price_caption":"","integration_category":[],"integration_request_title":"","integration_request_cta":"","integration_platform":"","integrations":[],"platform_category":[],"video_schema_markup":"","price":"da $ 0 al mese","trial":"","benefits":[{"text":"Servizio di installazione gratuito"},{"text":"Servizio clienti efficace"},{"text":"Garanzia di rimborso di 14 giorni"},{"text":"Futuri aggiornamenti gratuiti"}],"button_url":"#demo","button_target_blank":"0","button_nofollow":"0","attributes":[{"name":"Installazioni"},{"name":"Reattivo","content":"S\u00cc"},{"name":"Browser compatibili","content":"Firefox, Safari, Opera, Chrome, Edge"}],"tags":[],"tags_disable_links":"0","hide_more_platforms":"0","video_object":"","demo_hide_cta":"0","demo_hide_cloud_options":"0","pricing_title":"","pricing":[{"pricing_icon":"platform","pricing_title":"Elfsight Apps","pricing_title_caption":"Soluzione digitale indipendente dalla piattaforma che funziona su qualsiasi sito","pricing_price":"da $ 0 \/ mese","pricing_price_caption":"inizia con il piano gratuito","pricing_benefits":[{"text":"Domini illimitati"},{"text":"Supporto professionale"},{"text":"Servizio di installazione gratuito"},{"text":"Offerta speciale per pi\u00f9 app"}],"pricing_button_text":"Aggiungi al sito web","pricing_button_url":"#demo"}],"related_apps_title":"","related_apps_hidden":"0","author":"","image":[],"title":"","job":"","social_networks":[]},"_links":{"self":[{"href":"https:\/\/elfsight.com\/it\/wp-json\/wp\/v2\/pages\/5618","targetHints":{"allow":["GET"]}}],"collection":[{"href":"https:\/\/elfsight.com\/it\/wp-json\/wp\/v2\/pages"}],"about":[{"href":"https:\/\/elfsight.com\/it\/wp-json\/wp\/v2\/types\/page"}],"author":[{"embeddable":true,"href":"https:\/\/elfsight.com\/it\/wp-json\/wp\/v2\/users\/9"}],"replies":[{"embeddable":true,"href":"https:\/\/elfsight.com\/it\/wp-json\/wp\/v2\/comments?post=5618"}],"version-history":[{"count":3,"href":"https:\/\/elfsight.com\/it\/wp-json\/wp\/v2\/pages\/5618\/revisions"}],"predecessor-version":[{"id":9845,"href":"https:\/\/elfsight.com\/it\/wp-json\/wp\/v2\/pages\/5618\/revisions\/9845"}],"up":[{"embeddable":true,"href":"https:\/\/elfsight.com\/it\/wp-json\/wp\/v2\/pages\/2834"}],"wp:attachment":[{"href":"https:\/\/elfsight.com\/it\/wp-json\/wp\/v2\/media?parent=5618"}],"curies":[{"name":"wp","href":"https:\/\/api.w.org\/{rel}","templated":true}]}}