{"id":5612,"date":"2024-05-03T06:46:00","date_gmt":"2024-05-03T06:46:00","guid":{"rendered":"https:\/\/elfsight.com\/it\/?page_id=5612"},"modified":"2025-03-24T05:12:29","modified_gmt":"2025-03-24T05:12:29","slug":"blogger","status":"publish","type":"page","link":"https:\/\/elfsight.com\/it\/restaurant-menu-widget\/blogger\/","title":{"rendered":"Restaurant Menu &#8211; Blogger"},"content":{"rendered":"\n<div class=\"application-platform-content-item-description application-platform-content-item\" id=\"description\" data-nav-section=\"description\"> <h2>Descrizione<\/h2><p>Il menu del ristorante \u00e8 un modo semplice per far conoscere ai tuoi ospiti le tue specialit\u00e0, sottolineare un concetto eccezionale e Tentateli con seducenti foto di piatti. Il widget \u00e8 molto intuitivo. Grazie ad esso puoi selezionare una gamma infinita di menu con un numero illimitato di voci. Oppure crea semplicemente un breve elenco dei prodotti che servi. Seleziona lo schema chiaro, scuro o modifica gli elementi che ti piacciono, ridipingendo tutti i colori accentati. La pi\u00f9 grande opportunit\u00e0 del widget \u00e8 quella di essere sempre aggiornato: puoi modificare i prezzi, la lista dei piatti, aggiungere nuovi piatti o addirittura men\u00f9 in pochi secondi! Niente pi\u00f9 menu statici da configurare fin dall&#8217;inizio. Inizia a creare il tuo menu elegante! <\/p> <p><b>Lancia il menu del ristorante per raggiungere pi\u00f9 facilmente i tuoi golf aziendali! Avere il menu sul sito web del tuo ristorante pu\u00f2 invitare pi\u00f9 visitatori, ottenere un forte sviluppo del business e aumentare le vendite. Inizia a utilizzare Restaurant Menu di Elfsight!<\/b><\/p> <\/div> <div class=\"application-platform-content-item-features application-platform-content-item\" id=\"features\" data-nav-section=\"features\"> <h2>Le funzionalit\u00e0 principali del widget includono<\/h2> <ul><li>Facile da gestire anche per utenti non tecnologici <\/li><li>Quantit\u00e0 illimitata di menu, sezioni o elementi, organizzati con layout a scheda, elenco o in muratura <\/li><li>Menu e tutti i suoi elementi semplici da gestire ovunque tu abbia bisogno: prezzi, offerte speciali stagionali ecc. <\/li><li> Visualizza una descrizione dettagliata degli articoli, comprese icone, informazioni nutrizionali e badge <\/li><li>Allega immagini straordinarie per gli articoli e presentali anche in una visualizzazione popup <\/li><li>Personalizza e ricolora qualsiasi elemento: testo, combinazione di colori e icone <\/li><\/ul><p><a href=\"#demo\">Puoi esplorare tutte le funzionalit\u00e0 del widget nella demo a destra qui<\/a><\/p> <\/div> <div class=\"application-platform-content-item-installazione application-platform-content-item\" id=\"installazione\" data-nav-section=\"installazione\"> <h2>Come aggiungere il menu del ristorante al mio sito Blogger? <\/h2><div class=\"video-container\"><iframe width=\"560\" height=\"315\" src=\"https:\/\/www.youtube.com\/embed\/oxAK4dipTps?si=-ePqYPSC4wvBuqsZ\" frameborder=\"0\" allow=\"accelerometer; autoplay; clipboard-write; encrypted-media; gyroscope; picture-in-picture; web-share\" allowfullscreen><\/iframe><\/div><p>Segui semplicemente i passaggi indicati di seguito per iniziare a lavorare con lo strumento: <\/p> <ol><li><b>Utilizza la nostra demo gratuita e inizia a dare forma al tuo strumento costruito su misura. <\/b><br> Scegli il layout e i parametri desiderati del widget e applica le modifiche. <\/li> <li><b>Ricevi il tuo codice individuale nel modulo speciale su Elfsight Apps. <\/b><br> Subito dopo aver terminato la creazione del tuo widget personale, copia il codice personale nella casella emersa e conservalo per un uso futuro. <\/li> <li><b>Accedi utilizzando lo strumento sulla home page di Blogger. <\/b><br> Aggiungi il codice che hai salvato di recente nel tuo sito web e applica le correzioni. <\/li> <li><b>Fatto! L&#8217;incorporamento \u00e8 stato completato con successo. <\/b><br> Vai sul tuo sito per osservare il funzionamento dello strumento. <\/li><\/ol> <p>Se riscontri problemi, non esitare a rivolgerti al nostro team di supporto. Il nostro personale sar\u00e0 lieto di aiutarti con tutti i problemi che potresti avere con il prodotto. <\/p> <div class=\"faq\" data-component=\"FAQ\"><div class=\"faq-item\">\r\n\t\t\t\t\t<div class=\"faq-item-question\">\r\n\t\t\t\t\t\t<h3 class=\"faq-item-question-text\">Esiste un'opzione per incorporare il menu del ristorante nella mia pagina Web Blogger senza esperienza di codifica?<\/h3>\r\n\r\n\t\t\t\t\t\t<div class=\"faq-item-question-icon\"><\/div>\r\n\t\t\t\t\t<\/div>\r\n\r\n\t\t\t\t\t<div class=\"faq-item-answer\">\r\n\t\t\t\t\t\t<div class=\"faq-item-answer-text\"> <p>Elfsight introduce una soluzione SaaS che consente alle persone di creare autonomamente un widget del menu del ristorante, scopri i passaggi semplici: inizia a lavorare direttamente nell&#8217;editor live per creare un plug-in del menu del ristorante che desideri includere nella home page di Blogger. Scegli uno dei modelli predefiniti e modifica le impostazioni del menu del ristorante, trasforma il layout e le combinazioni di colori per includere i tuoi contenuti, senza alcuna conoscenza di programmazione. Fai clic per salvare le impostazioni effettuate nel menu Ristorante e ottieni il codice del widget per l&#8217;incorporamento, che pu\u00f2 essere facilmente aggiunto gratuitamente in qualsiasi home page di Blogger. Utilizzando il nostro editor intuitivo, qualsiasi utente di Internet pu\u00f2 generare una sezione del menu del ristorante online e incorporarla nella home page di Blogger. Non \u00e8 necessario pagare o rivelare le credenziali della tua carta per accedere a Elfsight Editor. Se riscontri problemi di qualsiasi tipo, non esitare a contattare il nostro team di supporto.<\/p> <\/div>\r\n\t\t\t\t\t<\/div>\r\n\t\t\t\t<\/div> <\/div><\/div><!-- \/wp:html - &gt; \/wp:html -->\n","protected":false},"excerpt":{"rendered":"","protected":false},"author":9,"featured_media":0,"parent":2834,"menu_order":0,"comment_status":"closed","ping_status":"closed","template":"templates\/template-application-platform.php","meta":{"publish_to_discourse":"","publish_post_category":"","wpdc_auto_publish_overridden":"","wpdc_topic_tags":"","wpdc_pin_topic":"","wpdc_pin_until":"","discourse_post_id":"","discourse_permalink":"","wpdc_publishing_response":"","wpdc_publishing_error":"","footnotes":""},"class_list":["post-5612","page","type-page","status-publish","hentry"],"yoast_head":"<!-- This site is optimized with the Yoast SEO plugin v25.3.1 - https:\/\/yoast.com\/wordpress\/plugins\/seo\/ -->\n<title>Menu del ristorante per i siti Web di Blogger: facile e gratuito<\/title>\n<meta name=\"description\" content=\"Aggiungi un widget Menu ristorante ottimizzato per dispositivi mobili sul tuo sito Blogger. Utilizza la pratica demo di Elfsight e crea il tuo elegante plugin in pochi minuti\" \/>\n<meta name=\"robots\" content=\"index, follow, max-snippet:-1, max-image-preview:large, max-video-preview:-1\" \/>\n<link rel=\"canonical\" href=\"https:\/\/elfsight.com\/it\/restaurant-menu-widget\/blogger\/\" \/>\n<meta property=\"og:locale\" content=\"it_IT\" \/>\n<meta property=\"og:type\" content=\"article\" \/>\n<meta property=\"og:title\" content=\"Menu del ristorante per i siti Web di Blogger: facile e gratuito\" \/>\n<meta property=\"og:description\" content=\"Aggiungi un widget Menu ristorante ottimizzato per dispositivi mobili sul tuo sito Blogger. Utilizza la pratica demo di Elfsight e crea il tuo elegante plugin in pochi minuti\" \/>\n<meta property=\"og:url\" content=\"https:\/\/elfsight.com\/it\/restaurant-menu-widget\/blogger\/\" \/>\n<meta property=\"og:site_name\" content=\"Elfsight IT\" \/>\n<meta property=\"article:modified_time\" content=\"2025-03-24T05:12:29+00:00\" \/>\n<meta name=\"twitter:card\" content=\"summary_large_image\" \/>\n<meta name=\"twitter:label1\" content=\"Tempo di lettura stimato\" \/>\n\t<meta name=\"twitter:data1\" content=\"4 minuti\" \/>\n<!-- \/ Yoast SEO plugin. -->","yoast_head_json":{"title":"Menu del ristorante per i siti Web di Blogger: facile e gratuito","description":"Aggiungi un widget Menu ristorante ottimizzato per dispositivi mobili sul tuo sito Blogger. Utilizza la pratica demo di Elfsight e crea il tuo elegante plugin in pochi minuti","robots":{"index":"index","follow":"follow","max-snippet":"max-snippet:-1","max-image-preview":"max-image-preview:large","max-video-preview":"max-video-preview:-1"},"canonical":"https:\/\/elfsight.com\/it\/restaurant-menu-widget\/blogger\/","og_locale":"it_IT","og_type":"article","og_title":"Menu del ristorante per i siti Web di Blogger: facile e gratuito","og_description":"Aggiungi un widget Menu ristorante ottimizzato per dispositivi mobili sul tuo sito Blogger. Utilizza la pratica demo di Elfsight e crea il tuo elegante plugin in pochi minuti","og_url":"https:\/\/elfsight.com\/it\/restaurant-menu-widget\/blogger\/","og_site_name":"Elfsight IT","article_modified_time":"2025-03-24T05:12:29+00:00","twitter_card":"summary_large_image","twitter_misc":{"Tempo di lettura stimato":"4 minuti"},"schema":{"@context":"https:\/\/schema.org","@graph":[{"@type":"WebPage","@id":"https:\/\/elfsight.com\/it\/restaurant-menu-widget\/blogger\/","url":"https:\/\/elfsight.com\/it\/restaurant-menu-widget\/blogger\/","name":"Menu del ristorante per i siti Web di Blogger: facile e gratuito","isPartOf":{"@id":"https:\/\/elfsight.com\/it\/#website"},"datePublished":"2024-05-03T06:46:00+00:00","dateModified":"2025-03-24T05:12:29+00:00","description":"Aggiungi un widget Menu ristorante ottimizzato per dispositivi mobili sul tuo sito Blogger. Utilizza la pratica demo di Elfsight e crea il tuo elegante plugin in pochi minuti","breadcrumb":{"@id":"https:\/\/elfsight.com\/it\/restaurant-menu-widget\/blogger\/#breadcrumb"},"inLanguage":"it-IT","potentialAction":[{"@type":"ReadAction","target":["https:\/\/elfsight.com\/it\/restaurant-menu-widget\/blogger\/"]}]},{"@type":"BreadcrumbList","@id":"https:\/\/elfsight.com\/it\/restaurant-menu-widget\/blogger\/#breadcrumb","itemListElement":[{"@type":"ListItem","position":1,"name":"Home","item":"https:\/\/elfsight.com\/it\/"},{"@type":"ListItem","position":2,"name":"Restaurant Menu","item":"https:\/\/elfsight.com\/it\/restaurant-menu-widget\/"},{"@type":"ListItem","position":3,"name":"Restaurant Menu &#8211; Blogger"}]},{"@type":"WebSite","@id":"https:\/\/elfsight.com\/it\/#website","url":"https:\/\/elfsight.com\/it\/","name":"Elfsight IT","description":"Just another Elfsight Sites site","potentialAction":[{"@type":"SearchAction","target":{"@type":"EntryPoint","urlTemplate":"https:\/\/elfsight.com\/it\/?s={search_term_string}"},"query-input":{"@type":"PropertyValueSpecification","valueRequired":true,"valueName":"search_term_string"}}],"inLanguage":"it-IT"}]}},"meta_box":{"industry":"","seo_heading":"","heading":"","description":"","cta_heading":"","cta_description":"","application":"2833","h1":"Widget del menu del ristorante di Blogger","h1_caption":"Mostra il menu del tuo ristorante in un formato visivamente accattivante, facile da aggiornare e intuitivo nel tuo sito web Blogger.","application_category":[],"applications_title":"","applications_request_title":"","applications_request_button_text":"","hero_text":"","hero_video":"","hero_video_schema_markup":"","selling_points_title":"","selling_points_caption":"","selling_points":[],"selling_points_cta_text":"","features_title":"","features":"","ed_cta_examples_text":"","ed_cta_examples_hidden":"","ed_cta_demo_text":"","ed_cta_demo_hidden":"","why_caption":"","why_editor_title":"","why_editor_text":"","why_team_title":"","why_team_text":"","why_service_title":"","why_service_text":"","template_catalog_visible":"0","template_catalog_title":"","template_catalog_text":"","template_catalog_categories_visible":"","demo_title":"Crea il tuo widget Menu del ristorante","demo_caption":"Configura il menu del tuo ristorante e aggiungilo gratuitamente al tuo sito Blogger!","default_faq_hidden":"","app_template_category":[],"platform":"33","template_public_id":"","codecanyon_url":"","codecanyon_item_id":"","codecanyon_price":"","pricing_caption":"","pricing_elfsight_apps_hide_column":"","pricing_elfsight_apps_url":"","pricing_codecanyon_price_caption":"","integration_category":[],"integration_request_title":"","integration_request_cta":"","integration_platform":"","integrations":[],"platform_category":[],"video_schema_markup":"","price":"da $ 0 al mese","trial":"","benefits":[{"text":"Aiuto per l'installazione gratuito"},{"text":"Assistenza clienti con esperienza"},{"text":"Garanzia di rimborso di 14 giorni"},{"text":"Sviluppo continuo"}],"button_url":"#demo","button_target_blank":"0","button_nofollow":"0","attributes":[{"name":"Installazioni"},{"name":"Reattivo","content":"S\u00cc"},{"name":"Browser compatibili","content":"Firefox, Safari, Opera, Chrome, Edge"}],"tags":[],"tags_disable_links":"0","hide_more_platforms":"0","video_object":"","demo_hide_cta":"0","demo_hide_cloud_options":"0","pricing_title":"","pricing":[{"pricing_icon":"platform","pricing_title":"Elfsight Apps","pricing_title_caption":"Soluzione multipiattaforma che funziona su qualsiasi sito","pricing_price":"da $ 0 \/ mese","pricing_price_caption":"inizia con un piano gratuito","pricing_benefits":[{"text":"Siti web illimitati"},{"text":"Supporto premium, puntuale e ben documentato"},{"text":"Assistenza gratuita per l'installazione"},{"text":"Progettazione flessibile"}],"pricing_button_text":"Aggiungi al sito web","pricing_button_url":"#demo"}],"related_apps_title":"","related_apps_hidden":"0","author":"","image":[],"title":"","job":"","social_networks":[]},"_links":{"self":[{"href":"https:\/\/elfsight.com\/it\/wp-json\/wp\/v2\/pages\/5612","targetHints":{"allow":["GET"]}}],"collection":[{"href":"https:\/\/elfsight.com\/it\/wp-json\/wp\/v2\/pages"}],"about":[{"href":"https:\/\/elfsight.com\/it\/wp-json\/wp\/v2\/types\/page"}],"author":[{"embeddable":true,"href":"https:\/\/elfsight.com\/it\/wp-json\/wp\/v2\/users\/9"}],"replies":[{"embeddable":true,"href":"https:\/\/elfsight.com\/it\/wp-json\/wp\/v2\/comments?post=5612"}],"version-history":[{"count":3,"href":"https:\/\/elfsight.com\/it\/wp-json\/wp\/v2\/pages\/5612\/revisions"}],"predecessor-version":[{"id":9830,"href":"https:\/\/elfsight.com\/it\/wp-json\/wp\/v2\/pages\/5612\/revisions\/9830"}],"up":[{"embeddable":true,"href":"https:\/\/elfsight.com\/it\/wp-json\/wp\/v2\/pages\/2834"}],"wp:attachment":[{"href":"https:\/\/elfsight.com\/it\/wp-json\/wp\/v2\/media?parent=5612"}],"curies":[{"name":"wp","href":"https:\/\/api.w.org\/{rel}","templated":true}]}}