{"id":5611,"date":"1970-01-01T00:00:00","date_gmt":"1970-01-01T00:00:00","guid":{"rendered":"https:\/\/elfsight.com\/it\/?page_id=5611"},"modified":"2025-03-24T05:28:41","modified_gmt":"2025-03-24T05:28:41","slug":"webflow","status":"publish","type":"page","link":"https:\/\/elfsight.com\/it\/restaurant-menu-widget\/webflow\/","title":{"rendered":"Restaurant Menu &#8211; Webflow"},"content":{"rendered":"\n<div class=\"application-platform-content-item-description application-platform-content-item\" id=\"description\" data-nav-section=\"description\"> <h2>Incorpora il menu del ristorante su Webflow con il widget Elfsight<\/h2><p>Il menu del ristorante Elfsight \u00e8 un ottimo modo per dimostrare la tua deliziosa cucina il pubblico, rappresentare un concetto e invogliarlo a visitare il ristorante. Lo strumento \u00e8 estremamente personalizzato e puoi creare molti menu con una straordinaria gamma di sezioni ed elementi. Seleziona lo schema chiaro, scuro o modifica gli elementi che ti piacciono, cambiando tutti i colori accentati. Inoltre, il tuo menu pu\u00f2 rimanere sempre attuale: correggi i prezzi, la lista dei piatti, aggiungi nuove bevande o persino menu stagionali in pochi secondi! Niente pi\u00f9 menu pronti da stampare da riscrivere dall&#8217;inizio. Inizia subito a creare il tuo menu elegante. <\/p> <p><b>Prova ad applicare Menu Ristorante per raggiungere i tuoi obiettivi aziendali in modo pi\u00f9 efficiente! Avendo il menu sulla tua pagina web, la tua struttura pu\u00f2 avere pi\u00f9 ospiti e vedere una crescita attiva del business e un aumento delle vendite<\/b><\/p> <\/div> <div class=\"application-platform-content-item-features application-platform-content-item\" id=\"features\" data-nav-section=\"features\"> <h2>Trovi di seguito le caratteristiche fondamentali del widget: <\/h2> <ul><li>Facile da gestire anche per gli utenti non esperti di tecnologia<\/li><li>Quantit\u00e0 illimitata di menu, sezioni o elementi, organizzati con l&#8217;aiuto di diversi layout affascinanti<\/li><li>Informazioni sempre pertinenti. Correggi i prezzi, aggiungi specialit\u00e0 stagionali o bevande ogni volta che vuoi<\/li><li>Mostra caratteristiche extra per gli articoli, ad esempio icone, elementi nutrizionali e badge<\/li><li>Carica foto straordinarie per gli articoli e persino mostra visualizzali in popup<\/li><li>Modifica e cambia colore di qualsiasi elemento: testo, combinazione di colori e icone<\/li><\/ul><p><a href=\"#demo\">Prova tutte le funzionalit\u00e0 di personalizzazione in demo completamente funzionante<\/a><\/p> <\/div> <div class=\"application-platform-content-item-installation application-platform-content-item\" id=\"installation\" data-nav-section=\"installation\"> <h2>Come posso incorporare il menu del ristorante nel mio sito web Webflow? <\/h2><div class=\"video-container\"><iframe width=\"560\" height=\"315\" src=\"https:\/\/www.youtube.com\/embed\/xLXaB0tc_WU?si=RYaC1BJC8DCGIhql\" frameborder=\"0\" allow=\"accelerometer; autoplay; clipboard-write; encrypted-media; gyroscope; picture-in-picture; web-share\" allowfullscreen><\/iframe><\/div><p>Segui semplicemente questi passaggi descritti di seguito per iniziare a lavorare con il widget: <\/p> <ol><li><b>Apri la nostra demo gratuita e inizia a creare il tuo widget personalizzato. <\/b><br> Specifica l&#8217;aspetto preferibile e le specifiche del widget e salva le modifiche. <\/li> <li><b>Ricevi il codice univoco mostrato nella finestra su Elfsight Apps. <\/b><br> Una volta completata la creazione del tuo strumento personale, copia il codice personale nella finestra visualizzata e conservalo per un utilizzo successivo. <\/li> <li><b>Inizia a utilizzare il widget sul tuo sito Webflow. <\/b><br> Integra il codice che hai salvato di recente nella tua pagina web e salva le modifiche. <\/li> <li><b>Fatto! L&#8217;incorporamento \u00e8 stato eseguito con successo. <\/b><br> Visita il tuo sito per verificare il funzionamento dello strumento. <\/li><\/ol> <p>Se dovessi affrontare eventuali ostacoli, chiedi assistenza al nostro personale del servizio clienti. I nostri consulenti non vedono l&#8217;ora di aiutarti con tutte le domande che potresti avere sul widget. <\/p> <div class=\"faq\" data-component=\"FAQ\"><div class=\"faq-item\">\r\n\t\t\t\t\t<div class=\"faq-item-question\">\r\n\t\t\t\t\t\t<h3 class=\"faq-item-question-text\">Esiste un modo per aggiungere Restaurant Menu alla mia pagina Web Webflow senza competenze di codifica?<\/h3>\r\n\r\n\t\t\t\t\t\t<div class=\"faq-item-question-icon\"><\/div>\r\n\t\t\t\t\t<\/div>\r\n\r\n\t\t\t\t\t<div class=\"faq-item-answer\">\r\n\t\t\t\t\t\t<div class=\"faq-item-answer-text\"> <p>La societ\u00e0 Elfsight presenta una soluzione cloud che consente agli utenti di creare autonomamente un&#8217;app Restaurant Menu, scopri quanto \u00e8 semplice il processo: lavora direttamente nella demo online per creare una sezione del menu del ristorante che desideri integrare sul sito Webflow. Fai clic su uno dei modelli predefiniti e modifica le impostazioni del menu del ristorante, aggiorna i tuoi contenuti, modifica il layout e la combinazione di colori senza alcuna esperienza di codifica. Salva il menu del ristorante e copia il codice del widget da incorporare, che potr\u00e0 essere facilmente incluso in qualsiasi pagina web di Webflow senza la necessit\u00e0 di acquistare un abbonamento a pagamento. Utilizzando il nostro editor intuitivo, ogni utente web pu\u00f2 creare un plugin per il menu del ristorante e aggiungerlo facilmente al sito web Webflow. Non dovresti sottoscrivere un piano a pagamento o divulgare i dati della tua carta per accedere al nostro servizio. Se incontri ostacoli in qualsiasi momento, vai avanti e rivolgiti al nostro personale di supporto tecnico.<\/p> <\/div>\r\n\t\t\t\t\t<\/div>\r\n\t\t\t\t<\/div> <\/div><\/div>\n","protected":false},"excerpt":{"rendered":"","protected":false},"author":9,"featured_media":0,"parent":2834,"menu_order":0,"comment_status":"closed","ping_status":"closed","template":"templates\/template-application-platform.php","meta":{"publish_to_discourse":"","publish_post_category":"","wpdc_auto_publish_overridden":"","wpdc_topic_tags":"","wpdc_pin_topic":"","wpdc_pin_until":"","discourse_post_id":"","discourse_permalink":"","wpdc_publishing_response":"","wpdc_publishing_error":"","footnotes":""},"class_list":["post-5611","page","type-page","status-publish","hentry"],"yoast_head":"<!-- This site is optimized with the Yoast SEO plugin v25.3.1 - https:\/\/yoast.com\/wordpress\/plugins\/seo\/ -->\n<title>Widget Menu ristorante per siti Web Webflow: gratuito e sorprendente<\/title>\n<meta name=\"description\" content=\"Inserisci un widget Menu ristorante intuitivo sulla tua pagina web Webflow. Prova la pratica demo di Elfsight e crea il tuo widget unico in pochi minuti\" \/>\n<meta name=\"robots\" content=\"index, follow, max-snippet:-1, max-image-preview:large, max-video-preview:-1\" \/>\n<link rel=\"canonical\" href=\"https:\/\/elfsight.com\/it\/restaurant-menu-widget\/webflow\/\" \/>\n<meta property=\"og:locale\" content=\"it_IT\" \/>\n<meta property=\"og:type\" content=\"article\" \/>\n<meta property=\"og:title\" content=\"Widget Menu ristorante per siti Web Webflow: gratuito e sorprendente\" \/>\n<meta property=\"og:description\" content=\"Inserisci un widget Menu ristorante intuitivo sulla tua pagina web Webflow. Prova la pratica demo di Elfsight e crea il tuo widget unico in pochi minuti\" \/>\n<meta property=\"og:url\" content=\"https:\/\/elfsight.com\/it\/restaurant-menu-widget\/webflow\/\" \/>\n<meta property=\"og:site_name\" content=\"Elfsight IT\" \/>\n<meta property=\"article:modified_time\" content=\"2025-03-24T05:28:41+00:00\" \/>\n<meta name=\"twitter:card\" content=\"summary_large_image\" \/>\n<meta name=\"twitter:label1\" content=\"Tempo di lettura stimato\" \/>\n\t<meta name=\"twitter:data1\" content=\"4 minuti\" \/>\n<!-- \/ Yoast SEO plugin. -->","yoast_head_json":{"title":"Widget Menu ristorante per siti Web Webflow: gratuito e sorprendente","description":"Inserisci un widget Menu ristorante intuitivo sulla tua pagina web Webflow. Prova la pratica demo di Elfsight e crea il tuo widget unico in pochi minuti","robots":{"index":"index","follow":"follow","max-snippet":"max-snippet:-1","max-image-preview":"max-image-preview:large","max-video-preview":"max-video-preview:-1"},"canonical":"https:\/\/elfsight.com\/it\/restaurant-menu-widget\/webflow\/","og_locale":"it_IT","og_type":"article","og_title":"Widget Menu ristorante per siti Web Webflow: gratuito e sorprendente","og_description":"Inserisci un widget Menu ristorante intuitivo sulla tua pagina web Webflow. Prova la pratica demo di Elfsight e crea il tuo widget unico in pochi minuti","og_url":"https:\/\/elfsight.com\/it\/restaurant-menu-widget\/webflow\/","og_site_name":"Elfsight IT","article_modified_time":"2025-03-24T05:28:41+00:00","twitter_card":"summary_large_image","twitter_misc":{"Tempo di lettura stimato":"4 minuti"},"schema":{"@context":"https:\/\/schema.org","@graph":[{"@type":"WebPage","@id":"https:\/\/elfsight.com\/it\/restaurant-menu-widget\/webflow\/","url":"https:\/\/elfsight.com\/it\/restaurant-menu-widget\/webflow\/","name":"Widget Menu ristorante per siti Web Webflow: gratuito e sorprendente","isPartOf":{"@id":"https:\/\/elfsight.com\/it\/#website"},"datePublished":"1970-01-01T00:00:00+00:00","dateModified":"2025-03-24T05:28:41+00:00","description":"Inserisci un widget Menu ristorante intuitivo sulla tua pagina web Webflow. Prova la pratica demo di Elfsight e crea il tuo widget unico in pochi minuti","breadcrumb":{"@id":"https:\/\/elfsight.com\/it\/restaurant-menu-widget\/webflow\/#breadcrumb"},"inLanguage":"it-IT","potentialAction":[{"@type":"ReadAction","target":["https:\/\/elfsight.com\/it\/restaurant-menu-widget\/webflow\/"]}]},{"@type":"BreadcrumbList","@id":"https:\/\/elfsight.com\/it\/restaurant-menu-widget\/webflow\/#breadcrumb","itemListElement":[{"@type":"ListItem","position":1,"name":"Home","item":"https:\/\/elfsight.com\/it\/"},{"@type":"ListItem","position":2,"name":"Restaurant Menu","item":"https:\/\/elfsight.com\/it\/restaurant-menu-widget\/"},{"@type":"ListItem","position":3,"name":"Restaurant Menu &#8211; Webflow"}]},{"@type":"WebSite","@id":"https:\/\/elfsight.com\/it\/#website","url":"https:\/\/elfsight.com\/it\/","name":"Elfsight IT","description":"Just another Elfsight Sites site","potentialAction":[{"@type":"SearchAction","target":{"@type":"EntryPoint","urlTemplate":"https:\/\/elfsight.com\/it\/?s={search_term_string}"},"query-input":{"@type":"PropertyValueSpecification","valueRequired":true,"valueName":"search_term_string"}}],"inLanguage":"it-IT"}]}},"meta_box":{"industry":"","seo_heading":"","heading":"","description":"","cta_heading":"","cta_description":"","application":"2833","h1":"Widget del menu del ristorante Webflow","h1_caption":"Mostra il menu del tuo ristorante in un formato visivamente accattivante, facile da aggiornare e intuitivo nel tuo sito Web Webflow senza sforzo.","application_category":[],"applications_title":"","applications_request_title":"","applications_request_button_text":"","hero_text":"","hero_video":"","hero_video_schema_markup":"","selling_points_title":"","selling_points_caption":"","selling_points":[],"selling_points_cta_text":"","features_title":"","features":"","ed_cta_examples_text":"","ed_cta_examples_hidden":"","ed_cta_demo_text":"","ed_cta_demo_hidden":"","why_caption":"","why_editor_title":"","why_editor_text":"","why_team_title":"","why_team_text":"","why_service_title":"","why_service_text":"","template_catalog_visible":"0","template_catalog_title":"","template_catalog_text":"","template_catalog_categories_visible":"","demo_title":"Crea il tuo widget Menu del ristorante","demo_caption":"Configura il menu del tuo ristorante e aggiungilo gratuitamente al tuo sito Webflow!","default_faq_hidden":"","app_template_category":[],"platform":"44","template_public_id":"","codecanyon_url":"","codecanyon_item_id":"","codecanyon_price":"","pricing_caption":"","pricing_elfsight_apps_hide_column":"","pricing_elfsight_apps_url":"","pricing_codecanyon_price_caption":"","integration_category":[],"integration_request_title":"","integration_request_cta":"","integration_platform":"","integrations":[],"platform_category":[],"video_schema_markup":"","price":"da $ 0 al mese","trial":"","benefits":[{"text":"Assistenza per l'installazione gratuita"},{"text":"Supporto eccezionale"},{"text":"Garanzia di rimborso di 14 giorni"},{"text":"Sviluppo continuo"}],"button_url":"#demo","button_target_blank":"0","button_nofollow":"0","attributes":[{"name":"Installazioni"},{"name":"Reattivo","content":"S\u00cc"},{"name":"Browser compatibili","content":"Firefox, Safari, Opera, Chrome, Edge"}],"tags":[],"tags_disable_links":"0","hide_more_platforms":"0","video_object":"","demo_hide_cta":"0","demo_hide_cloud_options":"0","pricing_title":"","pricing":[{"pricing_icon":"platform","pricing_title":"Elfsight Apps","pricing_title_caption":"Versione indipendente dalla piattaforma","pricing_price":"da $ 0 \/ mese","pricing_price_caption":"inizia con il piano gratuito","pricing_benefits":[{"text":"Siti web illimitati"},{"text":"Supporto dedicato e puntuale"},{"text":"Assistenza gratuita per l'installazione"},{"text":"Offerta speciale per pi\u00f9 app"}],"pricing_button_text":"Aggiungi al sito web","pricing_button_url":"#demo"}],"related_apps_title":"","related_apps_hidden":"0","author":"","image":[],"title":"","job":"","social_networks":[]},"_links":{"self":[{"href":"https:\/\/elfsight.com\/it\/wp-json\/wp\/v2\/pages\/5611","targetHints":{"allow":["GET"]}}],"collection":[{"href":"https:\/\/elfsight.com\/it\/wp-json\/wp\/v2\/pages"}],"about":[{"href":"https:\/\/elfsight.com\/it\/wp-json\/wp\/v2\/types\/page"}],"author":[{"embeddable":true,"href":"https:\/\/elfsight.com\/it\/wp-json\/wp\/v2\/users\/9"}],"replies":[{"embeddable":true,"href":"https:\/\/elfsight.com\/it\/wp-json\/wp\/v2\/comments?post=5611"}],"version-history":[{"count":4,"href":"https:\/\/elfsight.com\/it\/wp-json\/wp\/v2\/pages\/5611\/revisions"}],"predecessor-version":[{"id":9841,"href":"https:\/\/elfsight.com\/it\/wp-json\/wp\/v2\/pages\/5611\/revisions\/9841"}],"up":[{"embeddable":true,"href":"https:\/\/elfsight.com\/it\/wp-json\/wp\/v2\/pages\/2834"}],"wp:attachment":[{"href":"https:\/\/elfsight.com\/it\/wp-json\/wp\/v2\/media?parent=5611"}],"curies":[{"name":"wp","href":"https:\/\/api.w.org\/{rel}","templated":true}]}}