{"id":5605,"date":"1970-01-01T00:00:00","date_gmt":"1970-01-01T00:00:00","guid":{"rendered":"https:\/\/elfsight.com\/it\/?page_id=5605"},"modified":"2024-11-11T11:26:05","modified_gmt":"2024-11-11T11:26:05","slug":"godaddy","status":"publish","type":"page","link":"https:\/\/elfsight.com\/it\/restaurant-menu-widget\/godaddy\/","title":{"rendered":"Restaurant Menu &#8211; GoDaddy"},"content":{"rendered":"<div class=\"application-platform-content-item-description application-platform-content-item\" id=\"description\" data-nav-section=\"description\"> <h2>Incorpora il menu del ristorante su GoDaddy con il widget Elfsight<\/h2><p>Elfsight Restaurant Menu \u00e8 un plug-in facile da gestire per GoDaddy per mostrare la tua variet\u00e0 di articoli direttamente sul tuo sito. \u00c8 un modo semplice per informare i tuoi visitatori sulla tua cucina, rappresentare un concetto unico e catturare la loro attenzione con allettanti foto dei pasti. L&#8217;app \u00e8 assolutamente utile. Puoi creare un numero illimitato di menu con una quantit\u00e0 incredibile di articoli. Oppure crea semplicemente un elenco conciso delle specialit\u00e0 che servi. Sentiti libero di scegliere schemi chiari, scuri o adattare le impostazioni che desideri, cambiando tutti i colori accentati. Inoltre, il tuo menu sar\u00e0 sempre aggiornato: potrai aggiornare i prezzi, un elenco di articoli, aggiungere nuovi piatti o persino menu in pochi secondi! Niente pi\u00f9 menu pronti da stampare che devi creare fin dall&#8217;inizio. Inizia subito a creare il tuo menu appetitoso.<\/p> <p><b>Prova Restaurant Menu per raggiungere i picchi di e-commerce pi\u00f9 rapidamente! Con il menu sul tuo sito web la tua struttura pu\u00f2 attrarre pi\u00f9 potenziali clienti e ottenere una forte crescita del business e aumentare le vendite. Prova a utilizzare Menu Ristorante di Elfsight. <\/b><\/p><\/div> <div class=\"application-platform-content-item-features application-platform-content-item\" id=\"features\" data-nav-section=\"features\"> <h2>Le funzionalit\u00e0 fondamentali del plugin includono<\/h2> <ul><li>facilit\u00e0 d&#8217;uso anche per utenti non professionali. <\/li><li>Quantit\u00e0 infinita di menu, sezioni o elementi, organizzati con layout a scheda, elenco o in muratura. <\/li><li>semplicemente per correggere in qualsiasi momento il menu e tutte le sue impostazioni: sconti, piatti e bevande stagionali, ecc. <\/li><li>Visualizzare una descrizione dettagliata degli articoli, ad esempio icone, nutrizione elementi e distintivi. <\/li><li>Aggiungi immagini appetitose per gli articoli e visualizzale anche in modalit\u00e0 popup. <\/li><li>Regola e ricolora qualsiasi elemento: testo, combinazione di colori e icone. <\/li><\/ul><p><a href=\"#demo\">Prova questa demo per avere un&#8217;idea completa<\/a><\/p> <\/div> <div class=\"application-platform-content-item-installation application-platform-content-item\" id=\"installation\" data-nav-section=\"installation\"> <h2>Come posso aggiungere il menu del ristorante al mio sito web GoDaddy? <\/h2> <p>Segui semplicemente le linee guida seguenti per aggiungere lo strumento. <\/p> <ol><li><b>Lancia la nostra demo gratuita e inizia a creare il tuo plugin personalizzato. <\/b><br> Specifica la forma e le caratteristiche desiderate del plugin e salva le modifiche. <\/li> <li><b>Ottieni il tuo codice individuale che viene mostrato nell&#8217;apposito modulo su Elfsight Apps. <\/b><br> Appena terminata la creazione del tuo plugin, copia il codice personale dal popup apparso e salvalo per eventuali necessit\u00e0. <\/li> <li><b>Inizia a utilizzare il plug-in sulla pagina web di GoDaddy. <\/b><br> Aggiungi il codice che hai salvato in precedenza nella tua pagina web e applica le modifiche. <\/li> <li><b>L&#8217;installazione \u00e8 completamente terminata. <\/b><br> Vai alla tua pagina per osservare come funziona il plugin. <\/li><\/ol> <p>Se riscontri delle difficolt\u00e0, non esitare a rivolgerti al nostro personale del servizio clienti. I nostri consulenti sono desiderosi di aiutarti con tutte le difficolt\u00e0 che potresti incontrare con il plugin. <\/p> <div class=\"faq\" data-component=\"FAQ\"><div class=\"faq-item\">\r\n\t\t\t\t\t<div class=\"faq-item-question\">\r\n\t\t\t\t\t\t<h3 class=\"faq-item-question-text\">Come aggiungere Restaurant Menu al mio sito GoDaddy senza esperienza di programmazione?<\/h3>\r\n\r\n\t\t\t\t\t\t<div class=\"faq-item-question-icon\"><\/div>\r\n\t\t\t\t\t<\/div>\r\n\r\n\t\t\t\t\t<div class=\"faq-item-answer\">\r\n\t\t\t\t\t\t<div class=\"faq-item-answer-text\"> <p>Elfsight fornisce una soluzione SaaS che consente a un vasto pubblico di creare da soli un&#8217;app Restaurant Menu, scopri come \u00e8 semplice \u00e8: Vai alla demo live per creare un plugin per il menu del ristorante che desideri aggiungere sul tuo GoDaddy. Scegli uno dei nostri modelli predefiniti e modifica le impostazioni del menu del ristorante, modifica il layout e il colore degli elementi inclusi i tuoi contenuti, senza alcuna codifica. Salva il Men\u00f9 del Ristorante e copia il codice di installazione che potr\u00e0 essere facilmente inserito nel sito GoDaddy senza bisogno di acquistare un piano a pagamento. Utilizzando l&#8217;editor semplice, qualsiasi utente di Internet pu\u00f2 generare un widget del menu del ristorante e incollarlo sul sito Web di GoDaddy. Non \u00e8 necessario pagare o inviare le credenziali della carta per accedere al servizio. Se riscontri problemi in qualsiasi momento, non esitare a contattare il nostro supporto tecnico clienti.<\/p> <\/div>\r\n\t\t\t\t\t<\/div>\r\n\t\t\t\t<\/div> <\/div><\/div>","protected":false},"excerpt":{"rendered":"","protected":false},"author":9,"featured_media":0,"parent":2834,"menu_order":0,"comment_status":"closed","ping_status":"closed","template":"templates\/template-application-platform.php","meta":{"publish_to_discourse":"","publish_post_category":"","wpdc_auto_publish_overridden":"","wpdc_topic_tags":"","wpdc_pin_topic":"","wpdc_pin_until":"","discourse_post_id":"","discourse_permalink":"","wpdc_publishing_response":"","wpdc_publishing_error":"","footnotes":""},"class_list":["post-5605","page","type-page","status-publish","hentry"],"yoast_head":"<!-- This site is optimized with the Yoast SEO plugin v25.3.1 - https:\/\/yoast.com\/wordpress\/plugins\/seo\/ -->\n<title>Menu ristorante: aggiungi il plug-in Menu ristorante al sito Web di GoDaddy!<\/title>\n<meta name=\"description\" content=\"Inserisci un plug-in reattivo per il menu del ristorante sulla tua pagina GoDaddy. Utilizza la pratica demo di Elfsight e genera il tuo plugin unico\" \/>\n<meta name=\"robots\" content=\"index, follow, max-snippet:-1, max-image-preview:large, max-video-preview:-1\" \/>\n<link rel=\"canonical\" href=\"https:\/\/elfsight.com\/it\/restaurant-menu-widget\/godaddy\/\" \/>\n<meta property=\"og:locale\" content=\"it_IT\" \/>\n<meta property=\"og:type\" content=\"article\" \/>\n<meta property=\"og:title\" content=\"Menu ristorante: aggiungi il plug-in Menu ristorante al sito Web di GoDaddy!\" \/>\n<meta property=\"og:description\" content=\"Inserisci un plug-in reattivo per il menu del ristorante sulla tua pagina GoDaddy. Utilizza la pratica demo di Elfsight e genera il tuo plugin unico\" \/>\n<meta property=\"og:url\" content=\"https:\/\/elfsight.com\/it\/restaurant-menu-widget\/godaddy\/\" \/>\n<meta property=\"og:site_name\" content=\"Elfsight IT\" \/>\n<meta property=\"article:modified_time\" content=\"2024-11-11T11:26:05+00:00\" \/>\n<meta name=\"twitter:card\" content=\"summary_large_image\" \/>\n<meta name=\"twitter:label1\" content=\"Tempo di lettura stimato\" \/>\n\t<meta name=\"twitter:data1\" content=\"3 minuti\" \/>\n<!-- \/ Yoast SEO plugin. -->","yoast_head_json":{"title":"Menu ristorante: aggiungi il plug-in Menu ristorante al sito Web di GoDaddy!","description":"Inserisci un plug-in reattivo per il menu del ristorante sulla tua pagina GoDaddy. Utilizza la pratica demo di Elfsight e genera il tuo plugin unico","robots":{"index":"index","follow":"follow","max-snippet":"max-snippet:-1","max-image-preview":"max-image-preview:large","max-video-preview":"max-video-preview:-1"},"canonical":"https:\/\/elfsight.com\/it\/restaurant-menu-widget\/godaddy\/","og_locale":"it_IT","og_type":"article","og_title":"Menu ristorante: aggiungi il plug-in Menu ristorante al sito Web di GoDaddy!","og_description":"Inserisci un plug-in reattivo per il menu del ristorante sulla tua pagina GoDaddy. Utilizza la pratica demo di Elfsight e genera il tuo plugin unico","og_url":"https:\/\/elfsight.com\/it\/restaurant-menu-widget\/godaddy\/","og_site_name":"Elfsight IT","article_modified_time":"2024-11-11T11:26:05+00:00","twitter_card":"summary_large_image","twitter_misc":{"Tempo di lettura stimato":"3 minuti"},"schema":{"@context":"https:\/\/schema.org","@graph":[{"@type":"WebPage","@id":"https:\/\/elfsight.com\/it\/restaurant-menu-widget\/godaddy\/","url":"https:\/\/elfsight.com\/it\/restaurant-menu-widget\/godaddy\/","name":"Menu ristorante: aggiungi il plug-in Menu ristorante al sito Web di GoDaddy!","isPartOf":{"@id":"https:\/\/elfsight.com\/it\/#website"},"datePublished":"1970-01-01T00:00:00+00:00","dateModified":"2024-11-11T11:26:05+00:00","description":"Inserisci un plug-in reattivo per il menu del ristorante sulla tua pagina GoDaddy. Utilizza la pratica demo di Elfsight e genera il tuo plugin unico","breadcrumb":{"@id":"https:\/\/elfsight.com\/it\/restaurant-menu-widget\/godaddy\/#breadcrumb"},"inLanguage":"it-IT","potentialAction":[{"@type":"ReadAction","target":["https:\/\/elfsight.com\/it\/restaurant-menu-widget\/godaddy\/"]}]},{"@type":"BreadcrumbList","@id":"https:\/\/elfsight.com\/it\/restaurant-menu-widget\/godaddy\/#breadcrumb","itemListElement":[{"@type":"ListItem","position":1,"name":"Home","item":"https:\/\/elfsight.com\/it\/"},{"@type":"ListItem","position":2,"name":"Restaurant Menu","item":"https:\/\/elfsight.com\/it\/restaurant-menu-widget\/"},{"@type":"ListItem","position":3,"name":"Restaurant Menu &#8211; GoDaddy"}]},{"@type":"WebSite","@id":"https:\/\/elfsight.com\/it\/#website","url":"https:\/\/elfsight.com\/it\/","name":"Elfsight IT","description":"Just another Elfsight Sites site","potentialAction":[{"@type":"SearchAction","target":{"@type":"EntryPoint","urlTemplate":"https:\/\/elfsight.com\/it\/?s={search_term_string}"},"query-input":{"@type":"PropertyValueSpecification","valueRequired":true,"valueName":"search_term_string"}}],"inLanguage":"it-IT"}]}},"meta_box":{"industry":"","seo_heading":"","heading":"","description":"","cta_heading":"","cta_description":"","application":"2833","h1":"Plug-in per il menu del ristorante GoDaddy","h1_caption":"Mostra il menu del tuo ristorante in un formato visivamente accattivante, facile da aggiornare e intuitivo nel tuo sito web GoDaddy.","application_category":[],"applications_title":"","applications_request_title":"","applications_request_button_text":"","hero_text":"","hero_video":"","hero_video_schema_markup":"","selling_points_title":"","selling_points_caption":"","selling_points":[],"selling_points_cta_text":"","features_title":"","features":"","ed_cta_examples_text":"","ed_cta_examples_hidden":"","ed_cta_demo_text":"","ed_cta_demo_hidden":"","why_caption":"","why_editor_title":"","why_editor_text":"","why_team_title":"","why_team_text":"","why_service_title":"","why_service_text":"","template_catalog_visible":"","template_catalog_title":"","template_catalog_text":"","template_catalog_categories_visible":"","demo_title":"Crea il tuo plugin per il menu del ristorante","demo_caption":"Configura il menu del tuo ristorante e aggiungilo gratuitamente al tuo sito web GoDaddy!","default_faq_hidden":"","app_template_category":[],"platform":"53","template_public_id":"","codecanyon_url":"","codecanyon_item_id":"","codecanyon_price":"","pricing_caption":"","pricing_elfsight_apps_hide_column":"","pricing_elfsight_apps_url":"","pricing_codecanyon_price_caption":"","integration_category":[],"integration_request_title":"","integration_request_cta":"","integration_platform":"","integrations":[],"platform_category":[],"video_schema_markup":"","price":"da $ 0 al mese","trial":"","benefits":[{"text":"Assistenza gratuita per l'installazione"},{"text":"Servizio clienti efficace"},{"text":"Garanzia di rimborso di 14 giorni"},{"text":"Sviluppo continuo"}],"button_url":"#demo","button_target_blank":"","button_nofollow":"","attributes":[{"name":"Installazioni"},{"name":"Reattivo","content":"S\u00cc"},{"name":"Browser compatibili","content":"IE11, Firefox, Safari, Opera, Chrome, Edge"}],"tags":[],"tags_disable_links":"","hide_more_platforms":"","video_object":"","demo_hide_cta":"","demo_hide_cloud_options":"","pricing_title":"","pricing":[{"pricing_icon":"platform","pricing_title":"Elfsight Apps","pricing_title_caption":"Soluzione digitale multipiattaforma adatta a qualsiasi sito","pricing_price":"da $ 0 \/ mese","pricing_price_caption":"inizia con il piano gratuito","pricing_benefits":[{"text":"Domini illimitati"},{"text":"Assistenza clienti dedicata"},{"text":"Aiuto gratuito per l'installazione"},{"text":"100% personalizzabile"}],"pricing_button_text":"Aggiungi al sito web","pricing_button_url":"#demo"}],"related_apps_title":"","related_apps_hidden":"","author":"","image":[],"title":"","job":"","social_networks":[]},"_links":{"self":[{"href":"https:\/\/elfsight.com\/it\/wp-json\/wp\/v2\/pages\/5605","targetHints":{"allow":["GET"]}}],"collection":[{"href":"https:\/\/elfsight.com\/it\/wp-json\/wp\/v2\/pages"}],"about":[{"href":"https:\/\/elfsight.com\/it\/wp-json\/wp\/v2\/types\/page"}],"author":[{"embeddable":true,"href":"https:\/\/elfsight.com\/it\/wp-json\/wp\/v2\/users\/9"}],"replies":[{"embeddable":true,"href":"https:\/\/elfsight.com\/it\/wp-json\/wp\/v2\/comments?post=5605"}],"version-history":[{"count":1,"href":"https:\/\/elfsight.com\/it\/wp-json\/wp\/v2\/pages\/5605\/revisions"}],"predecessor-version":[{"id":5609,"href":"https:\/\/elfsight.com\/it\/wp-json\/wp\/v2\/pages\/5605\/revisions\/5609"}],"up":[{"embeddable":true,"href":"https:\/\/elfsight.com\/it\/wp-json\/wp\/v2\/pages\/2834"}],"wp:attachment":[{"href":"https:\/\/elfsight.com\/it\/wp-json\/wp\/v2\/media?parent=5605"}],"curies":[{"name":"wp","href":"https:\/\/api.w.org\/{rel}","templated":true}]}}