{"id":5604,"date":"1970-01-01T00:00:00","date_gmt":"1970-01-01T00:00:00","guid":{"rendered":"https:\/\/elfsight.com\/it\/?page_id=5604"},"modified":"2024-11-11T11:23:04","modified_gmt":"2024-11-11T11:23:04","slug":"prestashop","status":"publish","type":"page","link":"https:\/\/elfsight.com\/it\/restaurant-menu-widget\/prestashop\/","title":{"rendered":"Restaurant Menu &#8211; PrestaShop"},"content":{"rendered":"<div class=\"application-platform-content-item-description application-platform-content-item\" id=\"description\" data-nav-section=\"description\"> <h2>Descrizione<\/h2> <p>Elfsight Restaurant Menu \u00e8 un widget facile da utilizzare per mostrare la tua gamma di articoli direttamente sul tuo sito web. \u00c8 un ottimo modo per informare il tuo pubblico sui tuoi cibi e bevande, raccontare un&#8217;idea unica e attirare la loro attenzione con immagini di cibo appetitose. Il widget \u00e8 piuttosto utile. Puoi presentare una quantit\u00e0 illimitata di menu con un&#8217;enorme quantit\u00e0 di articoli. Oppure crea semplicemente un breve elenco delle specialit\u00e0 che servi. Seleziona lo schema chiaro, scuro o adatta gli elementi di cui hai bisogno, ricolorando tutti gli elementi. Inoltre il widget ti permette di essere sempre aggiornato: puoi correggere i prezzi, la lista dei prodotti, aggiungere nuove bevande o addirittura men\u00f9 in pochi secondi! Niente pi\u00f9 menu pronti per la stampa che devi creare da zero. Inizia subito a creare il tuo menu appetitoso. <\/p> <p><b>Prova ad applicare Restaurant Menu per raggiungere pi\u00f9 rapidamente i tuoi obiettivi di e-commerce! <\/b><br>Tramite il menu del tuo sito web la tua azienda pu\u00f2 avere pi\u00f9 visitatori e avviare una crescita aziendale sostenibile e migliorare le vendite. Inizia a utilizzare il menu del ristorante di Elfsight. <\/p> <\/div> <div class=\"application-platform-content-item-features application-platform-content-item\" id=\"features\" data-nav-section=\"features\"> <h2>Le funzionalit\u00e0 fondamentali del widget includono<\/h2> <ul><li>Numero illimitato di elementi, menu o sezioni<\/li><li>Sempre menu facile da modificare e aggiornare<\/li><li>Aggiungi testo a pi\u00e8 di pagina, titoli e didascalie<\/li><li>Visualizza una descrizione dettagliata degli articoli, inclusi badge e informazioni nutrizionali<\/li><li>Carica le tue immagini per gli articoli<\/li><li>Aggiorna tutte le informazioni ogni volta che ne hai bisogno: offerte speciali stagionali, prezzi ecc. <\/li><li>Regola la modalit\u00e0 popup e scegli le funzionalit\u00e0 da visualizzare<\/li><\/ul><p><a href=\"#demo\">Prova semplicemente questa demo per vedere quanto vale il widget<\/a><\/p> <\/div> <div class=\"application-platform-content-item-installation application-platform-content-item\" id=\"installation\" data-nav-section=\"installation\"> <h2>Come posso aggiungere il menu del ristorante al mio sito PrestaShop? <\/h2> <p>Basta applicare le istruzioni seguenti per inserire lo strumento. <\/p> <ol><li><b>Gestisci il nostro editor gratuito e inizia a costruire il tuo widget personalizzato. <\/b><br> Specifica il layout personalizzato e le funzionalit\u00e0 del widget e salva le modifiche. <\/li> <li><b>Ricevi il tuo codice personale che appare nell&#8217;apposito modulo su Elfsight Apps. <\/b><br> Appena terminata la configurazione del tuo strumento personale, copia il codice personale nella finestra visualizzata e conservalo per un utilizzo successivo. <\/li> <li><b>Inizia a utilizzare il widget sul sito PrestaShop. <\/b><br> Inserisci il codice salvato di recente nella tua pagina e applica i miglioramenti. <\/li> <li><b>Fatto! La configurazione \u00e8 completamente completata. <\/b><br> Visita il tuo sito per controllare come viene eseguito il widget. <\/li><\/ol> <p>Se incontri degli ostacoli, non esitare a metterti in contatto con il nostro team di supporto. Il nostro personale sar\u00e0 lieto di risolvere tutte le difficolt\u00e0 che potresti avere con il widget. <\/p> <div class=\"faq\" data-component=\"FAQ\"><div class=\"faq-item\">\r\n\t\t\t\t\t<div class=\"faq-item-question\">\r\n\t\t\t\t\t\t<h3 class=\"faq-item-question-text\">Come aggiungere il menu del ristorante al mio sito web PrestaShop senza codifica?<\/h3>\r\n\r\n\t\t\t\t\t\t<div class=\"faq-item-question-icon\"><\/div>\r\n\t\t\t\t\t<\/div>\r\n\r\n\t\t\t\t\t<div class=\"faq-item-answer\">\r\n\t\t\t\t\t\t<div class=\"faq-item-answer-text\"> <p>La societ\u00e0 Elfsight offre una soluzione cloud che consente agli utenti di un plug-in del menu del ristorante da soli, controlla la guida semplice : lavora nell&#8217;editor live per creare una sezione del menu del ristorante che desideri integrare nella tua home page PrestaShop. Seleziona uno dei nostri modelli predefiniti e adatta le impostazioni del menu del ristorante, cambia il layout e il colore degli elementi e aggiorna i tuoi contenuti, senza competenze di codifica. Fai clic per salvare il menu del ristorante e copia il codice di installazione del plugin, che pu\u00f2 essere facilmente aggiunto nella home page di PrestaShop senza acquistare una versione a pagamento. Con il nostro configuratore facile da usare ogni utente web pu\u00f2 creare un menu del ristorante e incorporarlo facilmente in qualsiasi sito web PrestaShop. Non \u00e8 necessario sottoscrivere un abbonamento a pagamento o inviare i dati della carta per accedere al nostro servizio. Se incontri ostacoli in qualsiasi momento, non esitare a parlare con il nostro supporto tecnico clienti.<\/p> <\/div>\r\n\t\t\t\t\t<\/div>\r\n\t\t\t\t<\/div> <\/div><\/div>","protected":false},"excerpt":{"rendered":"","protected":false},"author":9,"featured_media":0,"parent":2834,"menu_order":0,"comment_status":"closed","ping_status":"closed","template":"templates\/template-application-platform.php","meta":{"publish_to_discourse":"","publish_post_category":"","wpdc_auto_publish_overridden":"","wpdc_topic_tags":"","wpdc_pin_topic":"","wpdc_pin_until":"","discourse_post_id":"","discourse_permalink":"","wpdc_publishing_response":"","wpdc_publishing_error":"","footnotes":""},"class_list":["post-5604","page","type-page","status-publish","hentry"],"yoast_head":"<!-- This site is optimized with the Yoast SEO plugin v25.3.1 - https:\/\/yoast.com\/wordpress\/plugins\/seo\/ -->\n<title>Menu ristorante per siti web PrestaShop: veloce e gratuito<\/title>\n<meta name=\"description\" content=\"Incorpora un componente aggiuntivo del menu del ristorante ottimizzato per dispositivi mobili nella tua pagina Web PrestaShop. Prova la demo di Elfsight e modifica il tuo componente aggiuntivo in pochi secondi\" \/>\n<meta name=\"robots\" content=\"index, follow, max-snippet:-1, max-image-preview:large, max-video-preview:-1\" \/>\n<link rel=\"canonical\" href=\"https:\/\/elfsight.com\/it\/restaurant-menu-widget\/prestashop\/\" \/>\n<meta property=\"og:locale\" content=\"it_IT\" \/>\n<meta property=\"og:type\" content=\"article\" \/>\n<meta property=\"og:title\" content=\"Menu ristorante per siti web PrestaShop: veloce e gratuito\" \/>\n<meta property=\"og:description\" content=\"Incorpora un componente aggiuntivo del menu del ristorante ottimizzato per dispositivi mobili nella tua pagina Web PrestaShop. Prova la demo di Elfsight e modifica il tuo componente aggiuntivo in pochi secondi\" \/>\n<meta property=\"og:url\" content=\"https:\/\/elfsight.com\/it\/restaurant-menu-widget\/prestashop\/\" \/>\n<meta property=\"og:site_name\" content=\"Elfsight IT\" \/>\n<meta property=\"article:modified_time\" content=\"2024-11-11T11:23:04+00:00\" \/>\n<meta name=\"twitter:card\" content=\"summary_large_image\" \/>\n<meta name=\"twitter:label1\" content=\"Tempo di lettura stimato\" \/>\n\t<meta name=\"twitter:data1\" content=\"3 minuti\" \/>\n<!-- \/ Yoast SEO plugin. -->","yoast_head_json":{"title":"Menu ristorante per siti web PrestaShop: veloce e gratuito","description":"Incorpora un componente aggiuntivo del menu del ristorante ottimizzato per dispositivi mobili nella tua pagina Web PrestaShop. Prova la demo di Elfsight e modifica il tuo componente aggiuntivo in pochi secondi","robots":{"index":"index","follow":"follow","max-snippet":"max-snippet:-1","max-image-preview":"max-image-preview:large","max-video-preview":"max-video-preview:-1"},"canonical":"https:\/\/elfsight.com\/it\/restaurant-menu-widget\/prestashop\/","og_locale":"it_IT","og_type":"article","og_title":"Menu ristorante per siti web PrestaShop: veloce e gratuito","og_description":"Incorpora un componente aggiuntivo del menu del ristorante ottimizzato per dispositivi mobili nella tua pagina Web PrestaShop. Prova la demo di Elfsight e modifica il tuo componente aggiuntivo in pochi secondi","og_url":"https:\/\/elfsight.com\/it\/restaurant-menu-widget\/prestashop\/","og_site_name":"Elfsight IT","article_modified_time":"2024-11-11T11:23:04+00:00","twitter_card":"summary_large_image","twitter_misc":{"Tempo di lettura stimato":"3 minuti"},"schema":{"@context":"https:\/\/schema.org","@graph":[{"@type":"WebPage","@id":"https:\/\/elfsight.com\/it\/restaurant-menu-widget\/prestashop\/","url":"https:\/\/elfsight.com\/it\/restaurant-menu-widget\/prestashop\/","name":"Menu ristorante per siti web PrestaShop: veloce e gratuito","isPartOf":{"@id":"https:\/\/elfsight.com\/it\/#website"},"datePublished":"1970-01-01T00:00:00+00:00","dateModified":"2024-11-11T11:23:04+00:00","description":"Incorpora un componente aggiuntivo del menu del ristorante ottimizzato per dispositivi mobili nella tua pagina Web PrestaShop. Prova la demo di Elfsight e modifica il tuo componente aggiuntivo in pochi secondi","breadcrumb":{"@id":"https:\/\/elfsight.com\/it\/restaurant-menu-widget\/prestashop\/#breadcrumb"},"inLanguage":"it-IT","potentialAction":[{"@type":"ReadAction","target":["https:\/\/elfsight.com\/it\/restaurant-menu-widget\/prestashop\/"]}]},{"@type":"BreadcrumbList","@id":"https:\/\/elfsight.com\/it\/restaurant-menu-widget\/prestashop\/#breadcrumb","itemListElement":[{"@type":"ListItem","position":1,"name":"Home","item":"https:\/\/elfsight.com\/it\/"},{"@type":"ListItem","position":2,"name":"Restaurant Menu","item":"https:\/\/elfsight.com\/it\/restaurant-menu-widget\/"},{"@type":"ListItem","position":3,"name":"Restaurant Menu &#8211; PrestaShop"}]},{"@type":"WebSite","@id":"https:\/\/elfsight.com\/it\/#website","url":"https:\/\/elfsight.com\/it\/","name":"Elfsight IT","description":"Just another Elfsight Sites site","potentialAction":[{"@type":"SearchAction","target":{"@type":"EntryPoint","urlTemplate":"https:\/\/elfsight.com\/it\/?s={search_term_string}"},"query-input":{"@type":"PropertyValueSpecification","valueRequired":true,"valueName":"search_term_string"}}],"inLanguage":"it-IT"}]}},"meta_box":{"industry":"","seo_heading":"","heading":"","description":"","cta_heading":"","cta_description":"","application":"2833","h1":"Componente aggiuntivo del menu del ristorante PrestaShop","h1_caption":"Mostra il menu del tuo ristorante in un formato visivamente accattivante, facile da aggiornare e intuitivo nel tuo sito Web Prestashop senza sforzo.","application_category":[],"applications_title":"","applications_request_title":"","applications_request_button_text":"","hero_text":"","hero_video":"","hero_video_schema_markup":"","selling_points_title":"","selling_points_caption":"","selling_points":[],"selling_points_cta_text":"","features_title":"","features":"","ed_cta_examples_text":"","ed_cta_examples_hidden":"","ed_cta_demo_text":"","ed_cta_demo_hidden":"","why_caption":"","why_editor_title":"","why_editor_text":"","why_team_title":"","why_team_text":"","why_service_title":"","why_service_text":"","template_catalog_visible":"","template_catalog_title":"","template_catalog_text":"","template_catalog_categories_visible":"","demo_title":"Crea il componente aggiuntivo del menu del tuo ristorante","demo_caption":"Configura il menu del tuo ristorante e aggiungilo gratuitamente al tuo sito PrestaShop!","default_faq_hidden":"","app_template_category":[],"platform":"1023","template_public_id":"","codecanyon_url":"","codecanyon_item_id":"","codecanyon_price":"","pricing_caption":"","pricing_elfsight_apps_hide_column":"","pricing_elfsight_apps_url":"","pricing_codecanyon_price_caption":"","integration_category":[],"integration_request_title":"","integration_request_cta":"","integration_platform":"","integrations":[],"platform_category":[],"video_schema_markup":"","price":"da $ 0 al mese","trial":"","benefits":[{"text":"Aiuto per l'installazione gratuito"},{"text":"Assistenza clienti con esperienza"},{"text":"Garanzia di rimborso di 14 giorni"},{"text":"Sviluppo continuo"}],"button_url":"#demo","button_target_blank":"","button_nofollow":"","attributes":[{"name":"Installazioni"},{"name":"Reattivo","content":"S\u00cc"},{"name":"Browser compatibili","content":"Firefox, Safari, Opera, Chrome, Edge"}],"tags":[],"tags_disable_links":"","hide_more_platforms":"","video_object":"","demo_hide_cta":"","demo_hide_cloud_options":"","pricing_title":"","pricing":[{"pricing_icon":"platform","pricing_title":"Elfsight Apps","pricing_title_caption":"Soluzione digitale indipendente dalla piattaforma","pricing_price":"da $ 0 \/ mese","pricing_price_caption":"inizia con un piano gratuito","pricing_benefits":[{"text":"Domini illimitati"},{"text":"Assistenza clienti premium"},{"text":"Supporto gratuito per l'installazione"},{"text":"Progettazione flessibile"}],"pricing_button_text":"Aggiungi al sito web","pricing_button_url":"#demo"}],"related_apps_title":"","related_apps_hidden":"","author":"","image":[],"title":"","job":"","social_networks":[]},"_links":{"self":[{"href":"https:\/\/elfsight.com\/it\/wp-json\/wp\/v2\/pages\/5604","targetHints":{"allow":["GET"]}}],"collection":[{"href":"https:\/\/elfsight.com\/it\/wp-json\/wp\/v2\/pages"}],"about":[{"href":"https:\/\/elfsight.com\/it\/wp-json\/wp\/v2\/types\/page"}],"author":[{"embeddable":true,"href":"https:\/\/elfsight.com\/it\/wp-json\/wp\/v2\/users\/9"}],"replies":[{"embeddable":true,"href":"https:\/\/elfsight.com\/it\/wp-json\/wp\/v2\/comments?post=5604"}],"version-history":[{"count":1,"href":"https:\/\/elfsight.com\/it\/wp-json\/wp\/v2\/pages\/5604\/revisions"}],"predecessor-version":[{"id":5608,"href":"https:\/\/elfsight.com\/it\/wp-json\/wp\/v2\/pages\/5604\/revisions\/5608"}],"up":[{"embeddable":true,"href":"https:\/\/elfsight.com\/it\/wp-json\/wp\/v2\/pages\/2834"}],"wp:attachment":[{"href":"https:\/\/elfsight.com\/it\/wp-json\/wp\/v2\/media?parent=5604"}],"curies":[{"name":"wp","href":"https:\/\/api.w.org\/{rel}","templated":true}]}}