{"id":5603,"date":"1970-01-01T00:00:00","date_gmt":"1970-01-01T00:00:00","guid":{"rendered":"https:\/\/elfsight.com\/it\/?page_id=5603"},"modified":"2024-11-11T11:20:55","modified_gmt":"2024-11-11T11:20:55","slug":"jimdo","status":"publish","type":"page","link":"https:\/\/elfsight.com\/it\/restaurant-menu-widget\/jimdo\/","title":{"rendered":"Restaurant Menu &#8211; Jimdo"},"content":{"rendered":"<div class=\"application-platform-content-item-description application-platform-content-item\" id=\"description\" data-nav-section=\"description\"><h2>Descrizione<\/h2> <p>Il menu del ristorante Elfsight \u00e8 uno strumento utile per mostrare il tuo assortimento di articoli direttamente sulla tua pagina. \u00c8 un ottimo modo per parlare ai tuoi potenziali clienti delle tue offerte speciali, rappresentare caratteristiche uniche e modellarle con immagini dei pasti accattivanti. Il menu del ristorante \u00e8 piuttosto personalizzabile. Usandolo puoi creare una quantit\u00e0 illimitata di menu con una grande quantit\u00e0 di articoli. Oppure semplicemente presenta un elenco conciso dei piatti che servi. Seleziona lo schema chiaro, scuro o regola gli elementi che desideri, ricolorando tutti gli elementi. Inoltre, il tuo menu potr\u00e0 rimanere sempre attuale: potrai correggere i prezzi, un elenco di articoli, aggiungere nuovi piatti o addirittura menu in un clic! Niente pi\u00f9 menu statici che dovresti creare fin dall&#8217;inizio. Inizia subito a creare il tuo affascinante menu. <\/p><p><b>Prova a utilizzare Restaurant Menu per affrontare le tue sfide aziendali con meno sforzo! <\/b><br><\/div> <div class=\"application-platform-content-item-features application-platform-content-item\" id=\"features\" data-nav-section=\"features\"> <h2>Consulta l&#8217;elenco delle funzionalit\u00e0 pi\u00f9 utili: <\/h2> <ul><li>Numero illimitato di sezioni, elementi o menu <\/li><li>Menu sempre aggiornato e facile da modificare<\/li><li>Aggiungi titoli, didascalie e testo a pi\u00e8 di pagina<\/li><li>Visualizza una descrizione dettagliata degli articoli inclusi badge e informazioni nutrizionali <\/li><li>Carica le tue immagini per gli articoli<\/li><li>Aggiorna tutte le informazioni ogni volta che ne hai bisogno: prezzi, offerte speciali stagionali ecc. <\/li><li>Regola la modalit\u00e0 popup e seleziona quali funzionalit\u00e0 display<\/li><\/ul><p><a href=\"#demo\">Puoi esplorare subito tutte le funzionalit\u00e0 del widget nella demo<\/a><\/p> <\/div> <div class=\"application-platform-content-item-installazione application-platform-content-item\" id=\"installazione\" data-nav-section=\"installazione\"> <h2>Come aggiungo il menu del ristorante alla mia pagina web Jimdo? <\/h2> <p>Segui semplicemente le istruzioni seguenti per integrare lo strumento. <\/p> <ol><li><b>Lancia il nostro editor gratuito e inizia a formare il tuo strumento unico. <\/b><br> Determina l&#8217;interfaccia e le opzioni preferibili del widget e applica le correzioni. <\/li> <li><b>Copia il tuo codice univoco che appare nella casella su Elfsight Apps. <\/b><br> Subito dopo aver terminato la configurazione del tuo widget personale, copia il codice personale nella casella e conservalo per un uso successivo. <\/li> <li><b>Inizia a utilizzare lo strumento sul tuo sito Jimdo. <\/b><br> Aggiungi il codice che hai salvato di recente nel tuo sito web e salva le correzioni. <\/li> <li><b>Fatto! L&#8217;incorporamento \u00e8 completamente terminato. <\/b><br> Vai al tuo sito per vedere il funzionamento del widget. <\/li><\/ol> <p>Se incontri qualche difficolt\u00e0, sentiti libero di fare appello al nostro personale di supporto. I nostri specialisti saranno entusiasti di aiutarti con tutte le difficolt\u00e0 che potresti avere con il widget. <\/p> <div class=\"faq\" data-component=\"FAQ\"><div class=\"faq-item\">\r\n\t\t\t\t\t<div class=\"faq-item-question\">\r\n\t\t\t\t\t\t<h3 class=\"faq-item-question-text\">In che modo \u00e8 possibile aggiungere il menu del ristorante al mio sito Jimdo senza conoscenze di programmazione?<\/h3>\r\n\r\n\t\t\t\t\t\t<div class=\"faq-item-question-icon\"><\/div>\r\n\t\t\t\t\t<\/div>\r\n\r\n\t\t\t\t\t<div class=\"faq-item-answer\">\r\n\t\t\t\t\t\t<div class=\"faq-item-answer-text\"> <p>Elfsight offre una soluzione che consente agli utenti di creare da soli una sezione del menu del ristorante , guarda la guida semplice: Vai alla demo live per creare un plugin per il menu del ristorante che vorresti vedere sul tuo sito Jimdo. Scegli uno dei tanti modelli gi\u00e0 pronti e regola le impostazioni del menu del ristorante, aggiorna i tuoi contenuti, modifica il layout e la combinazione di colori senza alcuna codifica. Clicca per salvare le impostazioni che hai effettuato nel menu del ristorante e copia il codice del plugin per l&#8217;incorporamento, che potrai semplicemente includere gratuitamente nel sito Jimdo. Lavorando nel semplice editor, ogni utente web pu\u00f2 creare una sezione del menu del ristorante online e includerla facilmente nel sito web Jimdo. Non devi pagare o rivelare i dati della tua carta per accedere al nostro servizio. Se riscontri problemi in qualsiasi momento, non esitare a contattare il nostro team di supporto tecnico.<\/p> <\/div>\r\n\t\t\t\t\t<\/div>\r\n\t\t\t\t<\/div> <\/div><\/div>","protected":false},"excerpt":{"rendered":"","protected":false},"author":9,"featured_media":0,"parent":2834,"menu_order":0,"comment_status":"closed","ping_status":"closed","template":"templates\/template-application-platform.php","meta":{"publish_to_discourse":"","publish_post_category":"","wpdc_auto_publish_overridden":"","wpdc_topic_tags":"","wpdc_pin_topic":"","wpdc_pin_until":"","discourse_post_id":"","discourse_permalink":"","wpdc_publishing_response":"","wpdc_publishing_error":"","footnotes":""},"class_list":["post-5603","page","type-page","status-publish","hentry"],"yoast_head":"<!-- This site is optimized with the Yoast SEO plugin v25.3.1 - https:\/\/yoast.com\/wordpress\/plugins\/seo\/ -->\n<title>Menu ristorante per i siti Jimdo: veloce e gratuito<\/title>\n<meta name=\"description\" content=\"Incorpora un widget Menu ristorante ottimizzato per dispositivi mobili nella tua pagina web Jimdo. Prova la demo di Elfsight e modifica il tuo widget in pochi secondi\" \/>\n<meta name=\"robots\" content=\"index, follow, max-snippet:-1, max-image-preview:large, max-video-preview:-1\" \/>\n<link rel=\"canonical\" href=\"https:\/\/elfsight.com\/it\/restaurant-menu-widget\/jimdo\/\" \/>\n<meta property=\"og:locale\" content=\"it_IT\" \/>\n<meta property=\"og:type\" content=\"article\" \/>\n<meta property=\"og:title\" content=\"Menu ristorante per i siti Jimdo: veloce e gratuito\" \/>\n<meta property=\"og:description\" content=\"Incorpora un widget Menu ristorante ottimizzato per dispositivi mobili nella tua pagina web Jimdo. Prova la demo di Elfsight e modifica il tuo widget in pochi secondi\" \/>\n<meta property=\"og:url\" content=\"https:\/\/elfsight.com\/it\/restaurant-menu-widget\/jimdo\/\" \/>\n<meta property=\"og:site_name\" content=\"Elfsight IT\" \/>\n<meta property=\"article:modified_time\" content=\"2024-11-11T11:20:55+00:00\" \/>\n<meta name=\"twitter:card\" content=\"summary_large_image\" \/>\n<meta name=\"twitter:label1\" content=\"Tempo di lettura stimato\" \/>\n\t<meta name=\"twitter:data1\" content=\"3 minuti\" \/>\n<!-- \/ Yoast SEO plugin. -->","yoast_head_json":{"title":"Menu ristorante per i siti Jimdo: veloce e gratuito","description":"Incorpora un widget Menu ristorante ottimizzato per dispositivi mobili nella tua pagina web Jimdo. Prova la demo di Elfsight e modifica il tuo widget in pochi secondi","robots":{"index":"index","follow":"follow","max-snippet":"max-snippet:-1","max-image-preview":"max-image-preview:large","max-video-preview":"max-video-preview:-1"},"canonical":"https:\/\/elfsight.com\/it\/restaurant-menu-widget\/jimdo\/","og_locale":"it_IT","og_type":"article","og_title":"Menu ristorante per i siti Jimdo: veloce e gratuito","og_description":"Incorpora un widget Menu ristorante ottimizzato per dispositivi mobili nella tua pagina web Jimdo. Prova la demo di Elfsight e modifica il tuo widget in pochi secondi","og_url":"https:\/\/elfsight.com\/it\/restaurant-menu-widget\/jimdo\/","og_site_name":"Elfsight IT","article_modified_time":"2024-11-11T11:20:55+00:00","twitter_card":"summary_large_image","twitter_misc":{"Tempo di lettura stimato":"3 minuti"},"schema":{"@context":"https:\/\/schema.org","@graph":[{"@type":"WebPage","@id":"https:\/\/elfsight.com\/it\/restaurant-menu-widget\/jimdo\/","url":"https:\/\/elfsight.com\/it\/restaurant-menu-widget\/jimdo\/","name":"Menu ristorante per i siti Jimdo: veloce e gratuito","isPartOf":{"@id":"https:\/\/elfsight.com\/it\/#website"},"datePublished":"1970-01-01T00:00:00+00:00","dateModified":"2024-11-11T11:20:55+00:00","description":"Incorpora un widget Menu ristorante ottimizzato per dispositivi mobili nella tua pagina web Jimdo. Prova la demo di Elfsight e modifica il tuo widget in pochi secondi","breadcrumb":{"@id":"https:\/\/elfsight.com\/it\/restaurant-menu-widget\/jimdo\/#breadcrumb"},"inLanguage":"it-IT","potentialAction":[{"@type":"ReadAction","target":["https:\/\/elfsight.com\/it\/restaurant-menu-widget\/jimdo\/"]}]},{"@type":"BreadcrumbList","@id":"https:\/\/elfsight.com\/it\/restaurant-menu-widget\/jimdo\/#breadcrumb","itemListElement":[{"@type":"ListItem","position":1,"name":"Home","item":"https:\/\/elfsight.com\/it\/"},{"@type":"ListItem","position":2,"name":"Restaurant Menu","item":"https:\/\/elfsight.com\/it\/restaurant-menu-widget\/"},{"@type":"ListItem","position":3,"name":"Restaurant Menu &#8211; Jimdo"}]},{"@type":"WebSite","@id":"https:\/\/elfsight.com\/it\/#website","url":"https:\/\/elfsight.com\/it\/","name":"Elfsight IT","description":"Just another Elfsight Sites site","potentialAction":[{"@type":"SearchAction","target":{"@type":"EntryPoint","urlTemplate":"https:\/\/elfsight.com\/it\/?s={search_term_string}"},"query-input":{"@type":"PropertyValueSpecification","valueRequired":true,"valueName":"search_term_string"}}],"inLanguage":"it-IT"}]}},"meta_box":{"industry":"","seo_heading":"","heading":"","description":"","cta_heading":"","cta_description":"","application":"2833","h1":"Widget del menu del ristorante Jimdo","h1_caption":"Mostra il menu del tuo ristorante in un formato visivamente accattivante, facile da aggiornare e intuitivo nel tuo sito Jimdo.","application_category":[],"applications_title":"","applications_request_title":"","applications_request_button_text":"","hero_text":"","hero_video":"","hero_video_schema_markup":"","selling_points_title":"","selling_points_caption":"","selling_points":[],"selling_points_cta_text":"","features_title":"","features":"","ed_cta_examples_text":"","ed_cta_examples_hidden":"","ed_cta_demo_text":"","ed_cta_demo_hidden":"","why_caption":"","why_editor_title":"","why_editor_text":"","why_team_title":"","why_team_text":"","why_service_title":"","why_service_text":"","template_catalog_visible":"","template_catalog_title":"","template_catalog_text":"","template_catalog_categories_visible":"","demo_title":"Crea il tuo widget Menu del ristorante","demo_caption":"Configura il menu del tuo ristorante e aggiungilo gratuitamente al tuo sito Jimdo!","default_faq_hidden":"","app_template_category":[],"platform":"55","template_public_id":"","codecanyon_url":"","codecanyon_item_id":"","codecanyon_price":"","pricing_caption":"","pricing_elfsight_apps_hide_column":"","pricing_elfsight_apps_url":"","pricing_codecanyon_price_caption":"","integration_category":[],"integration_request_title":"","integration_request_cta":"","integration_platform":"","integrations":[],"platform_category":[],"video_schema_markup":"","price":"da $ 0 al mese","trial":"","benefits":[{"text":"Aiuto gratuito per l'installazione"},{"text":"Servizio clienti efficace"},{"text":"Garanzia di rimborso di 14 giorni"},{"text":"Aggiornamento costante"}],"button_url":"#demo","button_target_blank":"","button_nofollow":"","attributes":[{"name":"Installazioni"},{"name":"Reattivo","content":"S\u00cc"},{"name":"Browser compatibili","content":"Firefox, Safari, Opera, Chrome, Edge"}],"tags":[],"tags_disable_links":"","hide_more_platforms":"","video_object":"","demo_hide_cta":"","demo_hide_cloud_options":"","pricing_title":"","pricing":[{"pricing_icon":"platform","pricing_title":"Elfsight Apps","pricing_title_caption":"Software indipendente dalla piattaforma","pricing_price":"da $ 0 \/ mese","pricing_price_caption":"inizia con un piano gratuito","pricing_benefits":[{"text":"Domini illimitati"},{"text":"Supporto premium"},{"text":"Assistenza gratuita per l'installazione"},{"text":"Completamente personalizzabile"}],"pricing_button_text":"Aggiungi al sito web","pricing_button_url":"#demo"}],"related_apps_title":"","related_apps_hidden":"","author":"","image":[],"title":"","job":"","social_networks":[]},"_links":{"self":[{"href":"https:\/\/elfsight.com\/it\/wp-json\/wp\/v2\/pages\/5603","targetHints":{"allow":["GET"]}}],"collection":[{"href":"https:\/\/elfsight.com\/it\/wp-json\/wp\/v2\/pages"}],"about":[{"href":"https:\/\/elfsight.com\/it\/wp-json\/wp\/v2\/types\/page"}],"author":[{"embeddable":true,"href":"https:\/\/elfsight.com\/it\/wp-json\/wp\/v2\/users\/9"}],"replies":[{"embeddable":true,"href":"https:\/\/elfsight.com\/it\/wp-json\/wp\/v2\/comments?post=5603"}],"version-history":[{"count":1,"href":"https:\/\/elfsight.com\/it\/wp-json\/wp\/v2\/pages\/5603\/revisions"}],"predecessor-version":[{"id":5607,"href":"https:\/\/elfsight.com\/it\/wp-json\/wp\/v2\/pages\/5603\/revisions\/5607"}],"up":[{"embeddable":true,"href":"https:\/\/elfsight.com\/it\/wp-json\/wp\/v2\/pages\/2834"}],"wp:attachment":[{"href":"https:\/\/elfsight.com\/it\/wp-json\/wp\/v2\/media?parent=5603"}],"curies":[{"name":"wp","href":"https:\/\/api.w.org\/{rel}","templated":true}]}}