{"id":5597,"date":"1970-01-01T00:00:00","date_gmt":"1970-01-01T00:00:00","guid":{"rendered":"https:\/\/elfsight.com\/it\/?page_id=5597"},"modified":"2025-03-19T06:48:52","modified_gmt":"2025-03-19T06:48:52","slug":"bigcommerce","status":"publish","type":"page","link":"https:\/\/elfsight.com\/it\/radio-player-widget\/bigcommerce\/","title":{"rendered":"Radio Player &#8211; BigCommerce"},"content":{"rendered":"\n<div class=\"application-platform-content-item-description application-platform-content-item\" id=\"description\" data-nav-section=\"description\"> <h2>Descrizione<\/h2> <p>Elfsight Player \u00e8 una semplice app che ti consente di trasmettere in streaming le stazioni radio direttamente sulle pagine del tuo sito. Il widget \u00e8 estremamente regolabile: sei libero di alterarne il posizionamento, inserendolo in qualsiasi punto della pagina, alterarne le dimensioni, ridipingere lo sfondo e tutte le altre parti per combinarlo con il layout del tuo sito, applicare uno schema di colori scuri, visualizzare copertine e visualizzare o nascondi 3 elementi aggiuntivi del giocatore come intestazione, stato e altri. Includi tutte le stazioni che desideri per intrattenere i tuoi utenti, attiva la riproduzione automatica e non avere dubbi: i tuoi utenti non lasceranno la tua home page in fretta! <\/p> <p><b>Offri al tuo pubblico una nuova fonte di contenuti utili e divertenti tramite Elfsight Radio Player per BigCommerce.<\/b><\/p> <\/div> <div class=\"application-platform-content-item-features application-platform-content-item\" id=\"features\" data-nav-section=\"features\"> <h2>Queste sono solo alcune delle numerose funzionalit\u00e0 dell&#8217;app:<\/h2> <ul><li>Varie modifiche di colore.<\/li><li>Tema colore scuro\/chiaro.<\/li><li>Due layout pronto per l&#8217;uso.<\/li><li>Un&#8217;opzione per utilizzare l&#8217;immagine di sfondo.<\/li><li>Aggiungi un numero infinito di stazioni.<\/li><\/ul><p><a href=\"#demo\">Prova questa demo per vedere come funziona<\/a><\/p> <\/div> <div class=\"application-platform-content-item-installation application-platform-content-item\" id=\"installation\" data-nav-section=\"installation\"> <h2>Come aggiungere Radio Player alla mia pagina web BigCommerce?<\/h2><div class=\"video-container\"><iframe width=\"560\" height=\"315\" src=\"https:\/\/www.youtube.com\/embed\/FXlrphETgSE?si=iBnEUyUwGXrIQDlO\" frameborder=\"0\" allow=\"accelerometer; autoplay; clipboard-write; encrypted-media; gyroscope; picture-in-picture; web-share\" allowfullscreen><\/iframe><\/div><p>Basta applicare le istruzioni seguenti per incorporare l&#8217;app.<\/p> <ol><li><b>Utilizza la nostra demo gratuita e inizia a dare forma al tuo widget personalizzato. <\/b><br> Specifica il design e le caratteristiche preferite del widget e salva tutte le modifiche. <\/li> <li><b>Copia il tuo codice personale che viene visualizzato nell&#8217;apposito modulo su Elfsight Apps. <\/b><br> Una volta completata la generazione del tuo widget, copia il codice esclusivo dalla casella visualizzata e conservalo per un ulteriore utilizzo. <\/li> <li><b>Avvia l&#8217;applicazione del widget sul tuo sito BigCommerce. <\/b><br> Implementa il codice che hai copiato di recente nel tuo sito e salva le modifiche. <\/li> <li><b>La configurazione \u00e8 stata completata. <\/b><br> Apri la tua pagina web per osservare le prestazioni del widget. <\/li><\/ol><p>Se incontri qualche difficolt\u00e0, non aver paura di contattare il nostro team di assistenza clienti. Il nostro personale \u00e8 ansioso di risolvere tutte le difficolt\u00e0 che potresti avere con il widget.<\/p> <\/div>\n","protected":false},"excerpt":{"rendered":"","protected":false},"author":9,"featured_media":0,"parent":2813,"menu_order":0,"comment_status":"closed","ping_status":"closed","template":"templates\/template-application-platform.php","meta":{"publish_to_discourse":"","publish_post_category":"","wpdc_auto_publish_overridden":"","wpdc_topic_tags":"","wpdc_pin_topic":"","wpdc_pin_until":"","discourse_post_id":"","discourse_permalink":"","wpdc_publishing_response":"","wpdc_publishing_error":"","footnotes":""},"class_list":["post-5597","page","type-page","status-publish","hentry"],"yoast_head":"<!-- This site is optimized with the Yoast SEO plugin v25.3.1 - https:\/\/yoast.com\/wordpress\/plugins\/seo\/ -->\n<title>App Radio Player per il sito web BigCommerce (veloce e gratuita)<\/title>\n<meta name=\"description\" content=\"Incorpora un&#039;app Radio Player reattiva nel tuo sito web BigCommerce. Utilizza la nostra demo pratica e genera il tuo widget Radio senza sforzo!\" \/>\n<meta name=\"robots\" content=\"index, follow, max-snippet:-1, max-image-preview:large, max-video-preview:-1\" \/>\n<link rel=\"canonical\" href=\"https:\/\/elfsight.com\/it\/radio-player-widget\/bigcommerce\/\" \/>\n<meta property=\"og:locale\" content=\"it_IT\" \/>\n<meta property=\"og:type\" content=\"article\" \/>\n<meta property=\"og:title\" content=\"App Radio Player per il sito web BigCommerce (veloce e gratuita)\" \/>\n<meta property=\"og:description\" content=\"Incorpora un&#039;app Radio Player reattiva nel tuo sito web BigCommerce. Utilizza la nostra demo pratica e genera il tuo widget Radio senza sforzo!\" \/>\n<meta property=\"og:url\" content=\"https:\/\/elfsight.com\/it\/radio-player-widget\/bigcommerce\/\" \/>\n<meta property=\"og:site_name\" content=\"Elfsight IT\" \/>\n<meta property=\"article:modified_time\" content=\"2025-03-19T06:48:52+00:00\" \/>\n<meta name=\"twitter:card\" content=\"summary_large_image\" \/>\n<meta name=\"twitter:label1\" content=\"Tempo di lettura stimato\" \/>\n\t<meta name=\"twitter:data1\" content=\"2 minuti\" \/>\n<!-- \/ Yoast SEO plugin. -->","yoast_head_json":{"title":"App Radio Player per il sito web BigCommerce (veloce e gratuita)","description":"Incorpora un'app Radio Player reattiva nel tuo sito web BigCommerce. Utilizza la nostra demo pratica e genera il tuo widget Radio senza sforzo!","robots":{"index":"index","follow":"follow","max-snippet":"max-snippet:-1","max-image-preview":"max-image-preview:large","max-video-preview":"max-video-preview:-1"},"canonical":"https:\/\/elfsight.com\/it\/radio-player-widget\/bigcommerce\/","og_locale":"it_IT","og_type":"article","og_title":"App Radio Player per il sito web BigCommerce (veloce e gratuita)","og_description":"Incorpora un'app Radio Player reattiva nel tuo sito web BigCommerce. Utilizza la nostra demo pratica e genera il tuo widget Radio senza sforzo!","og_url":"https:\/\/elfsight.com\/it\/radio-player-widget\/bigcommerce\/","og_site_name":"Elfsight IT","article_modified_time":"2025-03-19T06:48:52+00:00","twitter_card":"summary_large_image","twitter_misc":{"Tempo di lettura stimato":"2 minuti"},"schema":{"@context":"https:\/\/schema.org","@graph":[{"@type":"WebPage","@id":"https:\/\/elfsight.com\/it\/radio-player-widget\/bigcommerce\/","url":"https:\/\/elfsight.com\/it\/radio-player-widget\/bigcommerce\/","name":"App Radio Player per il sito web BigCommerce (veloce e gratuita)","isPartOf":{"@id":"https:\/\/elfsight.com\/it\/#website"},"datePublished":"1970-01-01T00:00:00+00:00","dateModified":"2025-03-19T06:48:52+00:00","description":"Incorpora un'app Radio Player reattiva nel tuo sito web BigCommerce. Utilizza la nostra demo pratica e genera il tuo widget Radio senza sforzo!","breadcrumb":{"@id":"https:\/\/elfsight.com\/it\/radio-player-widget\/bigcommerce\/#breadcrumb"},"inLanguage":"it-IT","potentialAction":[{"@type":"ReadAction","target":["https:\/\/elfsight.com\/it\/radio-player-widget\/bigcommerce\/"]}]},{"@type":"BreadcrumbList","@id":"https:\/\/elfsight.com\/it\/radio-player-widget\/bigcommerce\/#breadcrumb","itemListElement":[{"@type":"ListItem","position":1,"name":"Home","item":"https:\/\/elfsight.com\/it\/"},{"@type":"ListItem","position":2,"name":"Radio Player","item":"https:\/\/elfsight.com\/it\/radio-player-widget\/"},{"@type":"ListItem","position":3,"name":"Radio Player &#8211; BigCommerce"}]},{"@type":"WebSite","@id":"https:\/\/elfsight.com\/it\/#website","url":"https:\/\/elfsight.com\/it\/","name":"Elfsight IT","description":"Just another Elfsight Sites site","potentialAction":[{"@type":"SearchAction","target":{"@type":"EntryPoint","urlTemplate":"https:\/\/elfsight.com\/it\/?s={search_term_string}"},"query-input":{"@type":"PropertyValueSpecification","valueRequired":true,"valueName":"search_term_string"}}],"inLanguage":"it-IT"}]}},"meta_box":{"industry":"","seo_heading":"","heading":"","description":"","cta_heading":"","cta_description":"","application":"2812","h1":"Applicazione BigCommerce Radio Player","h1_caption":"Aggiungi uno streaming radio in diretta al tuo sito Web con un player personalizzabile che adatta facilmente il tuo marchio al tuo sito Web Adobe Muse.","application_category":[],"applications_title":"","applications_request_title":"","applications_request_button_text":"","hero_text":"","hero_video":"","hero_video_schema_markup":"","selling_points_title":"","selling_points_caption":"","selling_points":[],"selling_points_cta_text":"","features_title":"","features":"","ed_cta_examples_text":"","ed_cta_examples_hidden":"","ed_cta_demo_text":"","ed_cta_demo_hidden":"","why_caption":"","why_editor_title":"","why_editor_text":"","why_team_title":"","why_team_text":"","why_service_title":"","why_service_text":"","template_catalog_visible":"0","template_catalog_title":"","template_catalog_text":"","template_catalog_categories_visible":"","demo_title":"Crea la tua app Radio Player","demo_caption":"Configura il tuo Radio Player e aggiungilo gratuitamente al tuo sito BigCommerce!","default_faq_hidden":"","app_template_category":[],"platform":"32","template_public_id":"","codecanyon_url":"","codecanyon_item_id":"","codecanyon_price":"","pricing_caption":"","pricing_elfsight_apps_hide_column":"","pricing_elfsight_apps_url":"","pricing_codecanyon_price_caption":"","integration_category":[],"integration_request_title":"","integration_request_cta":"","integration_platform":"","integrations":[],"platform_category":[],"video_schema_markup":"","price":"da $ 0 al mese","trial":"","benefits":[{"text":"Servizio di installazione gratuito"},{"text":"Servizio clienti competente"},{"text":"Garanzia di rimborso di 14 giorni"},{"text":"Futuri aggiornamenti gratuiti"}],"button_url":"#demo","button_target_blank":"0","button_nofollow":"0","attributes":[{"name":"Installazioni"},{"name":"Reattivo","content":"S\u00cc"},{"name":"Browser compatibili","content":"Firefox, Safari, Opera, Chrome, Edge"}],"tags":[],"tags_disable_links":"0","hide_more_platforms":"0","video_object":"","demo_hide_cta":"0","demo_hide_cloud_options":"0","pricing_title":"","pricing":[{"pricing_icon":"platform","pricing_title":"Elfsight Apps","pricing_title_caption":"Software indipendente dalla piattaforma adatto a qualsiasi sito","pricing_price":"da $ 0 \/ mese","pricing_price_caption":"inizia con un piano gratuito","pricing_benefits":[{"text":"Siti web illimitati"},{"text":"Assistenza clienti 24 ore su 24, 7 giorni su 7 e ben documentata"},{"text":"Assistenza per l'installazione gratuita"},{"text":"Progettazione flessibile"}],"pricing_button_text":"Aggiungi al sito web","pricing_button_url":"#demo"}],"related_apps_title":"","related_apps_hidden":"0","author":"","image":[],"title":"","job":"","social_networks":[]},"_links":{"self":[{"href":"https:\/\/elfsight.com\/it\/wp-json\/wp\/v2\/pages\/5597","targetHints":{"allow":["GET"]}}],"collection":[{"href":"https:\/\/elfsight.com\/it\/wp-json\/wp\/v2\/pages"}],"about":[{"href":"https:\/\/elfsight.com\/it\/wp-json\/wp\/v2\/types\/page"}],"author":[{"embeddable":true,"href":"https:\/\/elfsight.com\/it\/wp-json\/wp\/v2\/users\/9"}],"replies":[{"embeddable":true,"href":"https:\/\/elfsight.com\/it\/wp-json\/wp\/v2\/comments?post=5597"}],"version-history":[{"count":3,"href":"https:\/\/elfsight.com\/it\/wp-json\/wp\/v2\/pages\/5597\/revisions"}],"predecessor-version":[{"id":9213,"href":"https:\/\/elfsight.com\/it\/wp-json\/wp\/v2\/pages\/5597\/revisions\/9213"}],"up":[{"embeddable":true,"href":"https:\/\/elfsight.com\/it\/wp-json\/wp\/v2\/pages\/2813"}],"wp:attachment":[{"href":"https:\/\/elfsight.com\/it\/wp-json\/wp\/v2\/media?parent=5597"}],"curies":[{"name":"wp","href":"https:\/\/api.w.org\/{rel}","templated":true}]}}