{"id":5595,"date":"1970-01-01T00:00:00","date_gmt":"1970-01-01T00:00:00","guid":{"rendered":"https:\/\/elfsight.com\/it\/?page_id=5595"},"modified":"2025-03-19T06:52:06","modified_gmt":"2025-03-19T06:52:06","slug":"drupal","status":"publish","type":"page","link":"https:\/\/elfsight.com\/it\/radio-player-widget\/drupal\/","title":{"rendered":"Radio Player &#8211; Drupal"},"content":{"rendered":"\n<div class=\"application-platform-content-item-description application-platform-content-item\" id=\"description\" data-nav-section=\"description\"> <h2>Descrizione<\/h2> <p>Il modulo Elfsight Radio \u00e8 uno strumento semplice che ti d\u00e0 l&#8217;opportunit\u00e0 di riprodurre le stazioni radio direttamente sul tuo sito web. Il widget \u00e8 notevolmente regolabile: puoi cambiare la sua posizione, incorporarlo in qualsiasi punto della pagina, modificarne le dimensioni, ricolorare lo sfondo e tutti gli altri elementi per fonderlo con il design del tuo sito web, applicare un tema scuro, mostrare copertine e mostrare o nascondere altre tre parti del giocatore, ad esempio intestazione, stato e altro. Aggiungi tutte le stazioni che desideri per intrattenere i tuoi visitatori, attiva l&#8217;opzione di riproduzione automatica e non esitare: il tuo pubblico non abbandoner\u00e0 il tuo sito in fretta! <\/p> <p><b>Fornisci ai tuoi visitatori una fonte in pi\u00f9 di contenuti utili e divertenti utilizzando Radio Player per Drupal.<\/b><\/p> <\/div> <div class=\"application-platform-content-item-features application-platform-content-item\" id=\"features\" data-nav-section=\"features\"> <h2> Scopri l&#8217;elenco delle funzionalit\u00e0 pi\u00f9 utili: <\/h2> <ul><li>Numerose modifiche di colore. <\/li><li>Tema colore scuro\/chiaro. <\/li><li>2 layout disponibili. <\/li><li>Un&#8217;opportunit\u00e0 per aggiungere un&#8217;immagine di sfondo. <\/li><li>Aggiungi un numero illimitato di stazioni<\/li><\/ul><p><a href=\"#demo\">Basta controllare questa demo per vedere come funziona<\/a><\/p> <\/div> <div class=\"application-platform-content-item-installation application-platform-content-item\" id=\"installation\" data-nav-section=\"installation\"> <h2>Come aggiungere Radio Player sul mio sito Drupal?<\/h2><div class=\"video-container\"><iframe width=\"560\" height=\"315\" src=\"https:\/\/www.youtube.com\/embed\/PLMlzTHsVPM?si=mDyPZZkF64pqiBJO\" frameborder=\"0\" allow=\"accelerometer; autoplay; clipboard-write; encrypted-media; gyroscope; picture-in-picture; web-share\" allowfullscreen><\/iframe><\/div><p>Segui semplicemente le istruzioni seguenti per attivare il modulo.<\/p> <ol><li><b>Utilizza il nostro editor gratuito e inizia a lavorare con il tuo modulo personalizzato. <\/b><br> Scegli l&#8217;interfaccia personalizzata e le specifiche del modulo e applica tutte le correzioni. <\/li> <li><b>Copia il tuo codice personale che appare nel box su Elfsight Apps. <\/b><br> Subito dopo aver terminato la generazione del modulo, copia il codice dalla casella visualizzata e salvalo per un ulteriore utilizzo. <\/li> <li><b>Avviare l&#8217;utilizzo del modulo sul sito Drupal. <\/b><br> Incorpora il codice che hai salvato di recente nella tua pagina web e salva le modifiche. <\/li> <li><b>L&#8217;installazione \u00e8 terminata con successo. <\/b><br> Visita il tuo sito per esaminare le prestazioni del modulo. <\/li><\/ol><p>Se riscontri qualche difficolt\u00e0, rivolgiti al nostro personale del servizio clienti. I nostri consulenti saranno lieti di risolvere tutte le domande che potresti avere sul prodotto.<\/p> <\/div>\n","protected":false},"excerpt":{"rendered":"","protected":false},"author":9,"featured_media":0,"parent":2813,"menu_order":0,"comment_status":"closed","ping_status":"closed","template":"templates\/template-application-platform.php","meta":{"publish_to_discourse":"","publish_post_category":"","wpdc_auto_publish_overridden":"","wpdc_topic_tags":"","wpdc_pin_topic":"","wpdc_pin_until":"","discourse_post_id":"","discourse_permalink":"","wpdc_publishing_response":"","wpdc_publishing_error":"","footnotes":""},"class_list":["post-5595","page","type-page","status-publish","hentry"],"yoast_head":"<!-- This site is optimized with the Yoast SEO plugin v25.3.1 - https:\/\/yoast.com\/wordpress\/plugins\/seo\/ -->\n<title>Widget Streaming Radio Player per il sito Drupal (gratuito e semplice)<\/title>\n<meta name=\"description\" content=\"Incorpora un modulo Radio reattivo nel tuo sito Drupal. Utilizza la nostra demo pratica e genera il tuo widget Radio senza sforzo!\" \/>\n<meta name=\"robots\" content=\"index, follow, max-snippet:-1, max-image-preview:large, max-video-preview:-1\" \/>\n<link rel=\"canonical\" href=\"https:\/\/elfsight.com\/it\/radio-player-widget\/drupal\/\" \/>\n<meta property=\"og:locale\" content=\"it_IT\" \/>\n<meta property=\"og:type\" content=\"article\" \/>\n<meta property=\"og:title\" content=\"Widget Streaming Radio Player per il sito Drupal (gratuito e semplice)\" \/>\n<meta property=\"og:description\" content=\"Incorpora un modulo Radio reattivo nel tuo sito Drupal. Utilizza la nostra demo pratica e genera il tuo widget Radio senza sforzo!\" \/>\n<meta property=\"og:url\" content=\"https:\/\/elfsight.com\/it\/radio-player-widget\/drupal\/\" \/>\n<meta property=\"og:site_name\" content=\"Elfsight IT\" \/>\n<meta property=\"article:modified_time\" content=\"2025-03-19T06:52:06+00:00\" \/>\n<meta name=\"twitter:card\" content=\"summary_large_image\" \/>\n<meta name=\"twitter:label1\" content=\"Tempo di lettura stimato\" \/>\n\t<meta name=\"twitter:data1\" content=\"2 minuti\" \/>\n<!-- \/ Yoast SEO plugin. -->","yoast_head_json":{"title":"Widget Streaming Radio Player per il sito Drupal (gratuito e semplice)","description":"Incorpora un modulo Radio reattivo nel tuo sito Drupal. Utilizza la nostra demo pratica e genera il tuo widget Radio senza sforzo!","robots":{"index":"index","follow":"follow","max-snippet":"max-snippet:-1","max-image-preview":"max-image-preview:large","max-video-preview":"max-video-preview:-1"},"canonical":"https:\/\/elfsight.com\/it\/radio-player-widget\/drupal\/","og_locale":"it_IT","og_type":"article","og_title":"Widget Streaming Radio Player per il sito Drupal (gratuito e semplice)","og_description":"Incorpora un modulo Radio reattivo nel tuo sito Drupal. Utilizza la nostra demo pratica e genera il tuo widget Radio senza sforzo!","og_url":"https:\/\/elfsight.com\/it\/radio-player-widget\/drupal\/","og_site_name":"Elfsight IT","article_modified_time":"2025-03-19T06:52:06+00:00","twitter_card":"summary_large_image","twitter_misc":{"Tempo di lettura stimato":"2 minuti"},"schema":{"@context":"https:\/\/schema.org","@graph":[{"@type":"WebPage","@id":"https:\/\/elfsight.com\/it\/radio-player-widget\/drupal\/","url":"https:\/\/elfsight.com\/it\/radio-player-widget\/drupal\/","name":"Widget Streaming Radio Player per il sito Drupal (gratuito e semplice)","isPartOf":{"@id":"https:\/\/elfsight.com\/it\/#website"},"datePublished":"1970-01-01T00:00:00+00:00","dateModified":"2025-03-19T06:52:06+00:00","description":"Incorpora un modulo Radio reattivo nel tuo sito Drupal. Utilizza la nostra demo pratica e genera il tuo widget Radio senza sforzo!","breadcrumb":{"@id":"https:\/\/elfsight.com\/it\/radio-player-widget\/drupal\/#breadcrumb"},"inLanguage":"it-IT","potentialAction":[{"@type":"ReadAction","target":["https:\/\/elfsight.com\/it\/radio-player-widget\/drupal\/"]}]},{"@type":"BreadcrumbList","@id":"https:\/\/elfsight.com\/it\/radio-player-widget\/drupal\/#breadcrumb","itemListElement":[{"@type":"ListItem","position":1,"name":"Home","item":"https:\/\/elfsight.com\/it\/"},{"@type":"ListItem","position":2,"name":"Radio Player","item":"https:\/\/elfsight.com\/it\/radio-player-widget\/"},{"@type":"ListItem","position":3,"name":"Radio Player &#8211; Drupal"}]},{"@type":"WebSite","@id":"https:\/\/elfsight.com\/it\/#website","url":"https:\/\/elfsight.com\/it\/","name":"Elfsight IT","description":"Just another Elfsight Sites site","potentialAction":[{"@type":"SearchAction","target":{"@type":"EntryPoint","urlTemplate":"https:\/\/elfsight.com\/it\/?s={search_term_string}"},"query-input":{"@type":"PropertyValueSpecification","valueRequired":true,"valueName":"search_term_string"}}],"inLanguage":"it-IT"}]}},"meta_box":{"industry":"","seo_heading":"","heading":"","description":"","cta_heading":"","cta_description":"","application":"2812","h1":"Modulo Drupal Radio Player","h1_caption":"Aggiungi uno streaming radio in diretta al tuo sito web con un player personalizzabile che adatta facilmente il tuo marchio al tuo sito web Blogger.","application_category":[],"applications_title":"","applications_request_title":"","applications_request_button_text":"","hero_text":"","hero_video":"","hero_video_schema_markup":"","selling_points_title":"","selling_points_caption":"","selling_points":[],"selling_points_cta_text":"","features_title":"","features":"","ed_cta_examples_text":"","ed_cta_examples_hidden":"","ed_cta_demo_text":"","ed_cta_demo_hidden":"","why_caption":"","why_editor_title":"","why_editor_text":"","why_team_title":"","why_team_text":"","why_service_title":"","why_service_text":"","template_catalog_visible":"0","template_catalog_title":"","template_catalog_text":"","template_catalog_categories_visible":"","demo_title":"Crea il tuo modulo Radio Player","demo_caption":"Configura il tuo Radio Player e aggiungilo gratuitamente al tuo sito Drupal!","default_faq_hidden":"","app_template_category":[],"platform":"34","template_public_id":"","codecanyon_url":"","codecanyon_item_id":"","codecanyon_price":"","pricing_caption":"","pricing_elfsight_apps_hide_column":"","pricing_elfsight_apps_url":"","pricing_codecanyon_price_caption":"","integration_category":[],"integration_request_title":"","integration_request_cta":"","integration_platform":"","integrations":[],"platform_category":[],"video_schema_markup":"","price":"da $ 0 al mese","trial":"","benefits":[{"text":"Servizio di installazione gratuito"},{"text":"Supporto premium"},{"text":"Garanzia di rimborso di 14 giorni"},{"text":"Aggiornamento costante"}],"button_url":"#demo","button_target_blank":"0","button_nofollow":"0","attributes":[{"name":"Installazioni"},{"name":"Reattivo","content":"S\u00cc"},{"name":"Browser compatibili","content":"Firefox, Safari, Opera, Chrome, Edge"}],"tags":[],"tags_disable_links":"0","hide_more_platforms":"0","video_object":"","demo_hide_cta":"0","demo_hide_cloud_options":"0","pricing_title":"","pricing":[{"pricing_icon":"platform","pricing_title":"Elfsight Apps","pricing_title_caption":"Versione multipiattaforma adatta a qualsiasi sito web","pricing_price":"da $ 0 \/ mese","pricing_price_caption":"inizia con il piano gratuito","pricing_benefits":[{"text":"Siti web illimitati"},{"text":"Supporto professionale"},{"text":"Supporto per l'installazione senza costi"},{"text":"Prezzo speciale per pi\u00f9 app"}],"pricing_button_text":"Aggiungi al sito web","pricing_button_url":"#demo"}],"related_apps_title":"","related_apps_hidden":"0","author":"","image":[],"title":"","job":"","social_networks":[]},"_links":{"self":[{"href":"https:\/\/elfsight.com\/it\/wp-json\/wp\/v2\/pages\/5595","targetHints":{"allow":["GET"]}}],"collection":[{"href":"https:\/\/elfsight.com\/it\/wp-json\/wp\/v2\/pages"}],"about":[{"href":"https:\/\/elfsight.com\/it\/wp-json\/wp\/v2\/types\/page"}],"author":[{"embeddable":true,"href":"https:\/\/elfsight.com\/it\/wp-json\/wp\/v2\/users\/9"}],"replies":[{"embeddable":true,"href":"https:\/\/elfsight.com\/it\/wp-json\/wp\/v2\/comments?post=5595"}],"version-history":[{"count":3,"href":"https:\/\/elfsight.com\/it\/wp-json\/wp\/v2\/pages\/5595\/revisions"}],"predecessor-version":[{"id":9217,"href":"https:\/\/elfsight.com\/it\/wp-json\/wp\/v2\/pages\/5595\/revisions\/9217"}],"up":[{"embeddable":true,"href":"https:\/\/elfsight.com\/it\/wp-json\/wp\/v2\/pages\/2813"}],"wp:attachment":[{"href":"https:\/\/elfsight.com\/it\/wp-json\/wp\/v2\/media?parent=5595"}],"curies":[{"name":"wp","href":"https:\/\/api.w.org\/{rel}","templated":true}]}}