{"id":5589,"date":"1970-01-01T00:00:00","date_gmt":"1970-01-01T00:00:00","guid":{"rendered":"https:\/\/elfsight.com\/it\/?page_id=5589"},"modified":"2025-03-19T07:39:41","modified_gmt":"2025-03-19T07:39:41","slug":"elementor","status":"publish","type":"page","link":"https:\/\/elfsight.com\/it\/radio-player-widget\/elementor\/","title":{"rendered":"Radio Player &#8211; Elementor"},"content":{"rendered":"\n<div class=\"application-platform-content-item-description application-platform-content-item\" id=\"description\" data-nav-section=\"description\"> <h2>Incorpora Radio Player su Elementor con il widget Elfsight<\/h2> <p>Elfsight Player \u00e8 un widget semplice che ti d\u00e0 l&#8217;opportunit\u00e0 di riprodurre la radio stazioni direttamente sulle pagine del tuo sito. Il plugin \u00e8 altamente personalizzabile: sei libero di cambiarne la posizione, inserirlo in qualsiasi punto della pagina, modificarne le dimensioni, sovrapporlo allo sfondo e ad altre parti per integrarlo con lo stile del tuo sito web, utilizzare una combinazione di colori scuri, mostrare immagini e visualizzare o nascondere tre elementi aggiuntivi del giocatore come titolo, stato e altro. Carica tutte le stazioni di cui hai bisogno per deliziare i tuoi utenti, attiva l&#8217;opzione di riproduzione automatica e non avere dubbi: i tuoi visitatori non lasceranno immediatamente la tua pagina web! <\/p> <p><b>Fornisci ai tuoi utenti una nuova fonte di contenuti utili e interessanti utilizzando Elfsight Radio Player per Elementor.<\/b><\/p> <\/div> <div class=\"application-platform-content-item-features application-platform-content-item\" id=\"features\" data-nav-section=\"features\"> <h2> Visualizza l&#8217;elenco delle funzionalit\u00e0 pi\u00f9 utili: <\/h2> <ul><li>Variazioni di colore illimitate.<\/li><li>Combinazione colori scuro\/chiaro.<\/li><li>2 layout pronti per l&#8217;uso.<\/li><li>Un&#8217;opzione per aggiungere un&#8217;immagine di sfondo.<\/li><li>Aggiungi un numero illimitato di stazioni.<\/li><\/ul><p><a href=\"#demo\">Puoi scoprire funzionalit\u00e0 complete del widget nella demo <\/a><\/p> <\/div> <div class=\"application-platform-content-item-installation application-platform-content-item\" id=\"installation\" data-nav-section=\"installation\"> <h2>Come posso aggiungere Radio Player al mio sito Elementor?<\/h2><div class=\"video-container\"><iframe width=\"560\" height=\"315\" src=\"https:\/\/www.youtube.com\/embed\/jqhwmGwQQZU?si=eeky6tV4RJmXM7Yr\" frameborder=\"0\" allow=\"accelerometer; autoplay; clipboard-write; encrypted-media; gyroscope; picture-in-picture; web-share\" allowfullscreen><\/iframe><\/div><p>Basta eseguire diversi passaggi indicati di seguito per incorporare il widget.<\/p> <ol><li><b>Utilizza la nostra demo gratuita e inizia a creare il tuo widget.<\/b><br> Determina la forma personalizzata e gli aspetti del plugin e applica le modifiche.<\/li> <li><b>Copia il codice personale mostrato nella vedova sulle app Elfsight.<\/b><br> Quando imposti il \u200b\u200btuo codice personale il plugin \u00e8 terminato, copia il codice individuale dalla finestra visualizzata e salvalo per necessit\u00e0 successive.<\/li> <li><b>Inizia l&#8217;utilizzo del widget sul sito Elementor.<\/b><br> Implementa il codice del plugin copiato prima nella tua pagina e salva le correzioni.<\/li> <li><b>Fatto! L&#8217;integrazione \u00e8 stata eseguita con successo.<\/b><br> Vai al tuo sito web per verificare il funzionamento del plugin.<\/li><\/ol> <p>A condizione di affrontare domande o superare eventuali difficolt\u00e0, non esitare per rivolgersi al nostro team di supporto. I nostri consulenti saranno entusiasti di aiutarti con tutte le domande che potresti avere sul widget.<\/p> <div class=\"faq\" data-component=\"FAQ\"><div class=\"faq-item\">\r\n\t\t\t\t\t<div class=\"faq-item-question\">\r\n\t\t\t\t\t\t<h3 class=\"faq-item-question-text\">Come posso aggiungere un widget per il lettore radio sulla mia Elementor-Website senza conoscenze di programmazione?<\/h3>\r\n\r\n\t\t\t\t\t\t<div class=\"faq-item-question-icon\"><\/div>\r\n\t\t\t\t\t<\/div>\r\n\r\n\t\t\t\t\t<div class=\"faq-item-answer\">\r\n\t\t\t\t\t\t<div class=\"faq-item-answer-text\"><p>Con la soluzione basata su cloud di Elfsight, puoi facilmente creare un widget per il lettore radio senza necessitare di competenze tecniche. Ecco come funziona:<\/p>\n\n<li>Apri l&#8217;editor online per progettare la sezione del widget per il lettore radio che desideri integrare nel tuo sito Elementor.<\/li>\n\n<li>Scegli una delle nostre template predefinite e personalizza le impostazioni del widget \u2013 modifica layout, colori e aggiungi i tuoi contenuti, senza necessit\u00e0 di codifica.<\/li>\n\n<li>Salva le tue modifiche e ottieni il codice che puoi facilmente e gratuitamente inserire nella tua pagina Elementor.<\/li>\n\n<p>Grazie all&#8217;editor user-friendly, anche i principianti possono creare un widget per il lettore radio e integrarlo nel loro sito. Non sono necessarie n\u00e9 pagamenti n\u00e9 l&#8217;inserimento di dati della carta. Per domande o problemi, il nostro servizio clienti \u00e8 sempre a tua disposizione.<\/p><\/div>\r\n\t\t\t\t\t<\/div>\r\n\t\t\t\t<\/div><\/div>\n<\/div>\n","protected":false},"excerpt":{"rendered":"","protected":false},"author":9,"featured_media":0,"parent":2813,"menu_order":0,"comment_status":"closed","ping_status":"closed","template":"templates\/template-application-platform.php","meta":{"publish_to_discourse":"","publish_post_category":"","wpdc_auto_publish_overridden":"","wpdc_topic_tags":"","wpdc_pin_topic":"","wpdc_pin_until":"","discourse_post_id":"","discourse_permalink":"","wpdc_publishing_response":"","wpdc_publishing_error":"","footnotes":""},"class_list":["post-5589","page","type-page","status-publish","hentry"],"yoast_head":"<!-- This site is optimized with the Yoast SEO plugin v25.3.1 - https:\/\/yoast.com\/wordpress\/plugins\/seo\/ -->\n<title>Sito Web Elfsight Radio Player per Elementor (gratuito e veloce)<\/title>\n<meta name=\"description\" content=\"Aggiungi un widget Radio Player reattivo al tuo sito web. Utilizza la nostra comoda demo e modella il tuo strumento senza alcuno sforzo!\" \/>\n<meta name=\"robots\" content=\"index, follow, max-snippet:-1, max-image-preview:large, max-video-preview:-1\" \/>\n<link rel=\"canonical\" href=\"https:\/\/elfsight.com\/it\/radio-player-widget\/elementor\/\" \/>\n<meta property=\"og:locale\" content=\"it_IT\" \/>\n<meta property=\"og:type\" content=\"article\" \/>\n<meta property=\"og:title\" content=\"Sito Web Elfsight Radio Player per Elementor (gratuito e veloce)\" \/>\n<meta property=\"og:description\" content=\"Aggiungi un widget Radio Player reattivo al tuo sito web. Utilizza la nostra comoda demo e modella il tuo strumento senza alcuno sforzo!\" \/>\n<meta property=\"og:url\" content=\"https:\/\/elfsight.com\/it\/radio-player-widget\/elementor\/\" \/>\n<meta property=\"og:site_name\" content=\"Elfsight IT\" \/>\n<meta property=\"article:modified_time\" content=\"2025-03-19T07:39:41+00:00\" \/>\n<meta name=\"twitter:card\" content=\"summary_large_image\" \/>\n<meta name=\"twitter:label1\" content=\"Tempo di lettura stimato\" \/>\n\t<meta name=\"twitter:data1\" content=\"3 minuti\" \/>\n<!-- \/ Yoast SEO plugin. -->","yoast_head_json":{"title":"Sito Web Elfsight Radio Player per Elementor (gratuito e veloce)","description":"Aggiungi un widget Radio Player reattivo al tuo sito web. Utilizza la nostra comoda demo e modella il tuo strumento senza alcuno sforzo!","robots":{"index":"index","follow":"follow","max-snippet":"max-snippet:-1","max-image-preview":"max-image-preview:large","max-video-preview":"max-video-preview:-1"},"canonical":"https:\/\/elfsight.com\/it\/radio-player-widget\/elementor\/","og_locale":"it_IT","og_type":"article","og_title":"Sito Web Elfsight Radio Player per Elementor (gratuito e veloce)","og_description":"Aggiungi un widget Radio Player reattivo al tuo sito web. Utilizza la nostra comoda demo e modella il tuo strumento senza alcuno sforzo!","og_url":"https:\/\/elfsight.com\/it\/radio-player-widget\/elementor\/","og_site_name":"Elfsight IT","article_modified_time":"2025-03-19T07:39:41+00:00","twitter_card":"summary_large_image","twitter_misc":{"Tempo di lettura stimato":"3 minuti"},"schema":{"@context":"https:\/\/schema.org","@graph":[{"@type":"WebPage","@id":"https:\/\/elfsight.com\/it\/radio-player-widget\/elementor\/","url":"https:\/\/elfsight.com\/it\/radio-player-widget\/elementor\/","name":"Sito Web Elfsight Radio Player per Elementor (gratuito e veloce)","isPartOf":{"@id":"https:\/\/elfsight.com\/it\/#website"},"datePublished":"1970-01-01T00:00:00+00:00","dateModified":"2025-03-19T07:39:41+00:00","description":"Aggiungi un widget Radio Player reattivo al tuo sito web. Utilizza la nostra comoda demo e modella il tuo strumento senza alcuno sforzo!","breadcrumb":{"@id":"https:\/\/elfsight.com\/it\/radio-player-widget\/elementor\/#breadcrumb"},"inLanguage":"it-IT","potentialAction":[{"@type":"ReadAction","target":["https:\/\/elfsight.com\/it\/radio-player-widget\/elementor\/"]}]},{"@type":"BreadcrumbList","@id":"https:\/\/elfsight.com\/it\/radio-player-widget\/elementor\/#breadcrumb","itemListElement":[{"@type":"ListItem","position":1,"name":"Home","item":"https:\/\/elfsight.com\/it\/"},{"@type":"ListItem","position":2,"name":"Radio Player","item":"https:\/\/elfsight.com\/it\/radio-player-widget\/"},{"@type":"ListItem","position":3,"name":"Radio Player &#8211; Elementor"}]},{"@type":"WebSite","@id":"https:\/\/elfsight.com\/it\/#website","url":"https:\/\/elfsight.com\/it\/","name":"Elfsight IT","description":"Just another Elfsight Sites site","potentialAction":[{"@type":"SearchAction","target":{"@type":"EntryPoint","urlTemplate":"https:\/\/elfsight.com\/it\/?s={search_term_string}"},"query-input":{"@type":"PropertyValueSpecification","valueRequired":true,"valueName":"search_term_string"}}],"inLanguage":"it-IT"}]}},"meta_box":{"industry":"","seo_heading":"","heading":"","description":"","cta_heading":"","cta_description":"","application":"2812","h1":"Widget di Elementor Radio Player","h1_caption":"Aggiungi uno streaming radio in diretta al tuo sito web con un player personalizzabile che adatta facilmente il tuo marchio al tuo sito web Drupal.","application_category":[],"applications_title":"","applications_request_title":"","applications_request_button_text":"","hero_text":"","hero_video":"","hero_video_schema_markup":"","selling_points_title":"","selling_points_caption":"","selling_points":[],"selling_points_cta_text":"","features_title":"","features":"","ed_cta_examples_text":"","ed_cta_examples_hidden":"","ed_cta_demo_text":"","ed_cta_demo_hidden":"","why_caption":"","why_editor_title":"","why_editor_text":"","why_team_title":"","why_team_text":"","why_service_title":"","why_service_text":"","template_catalog_visible":"0","template_catalog_title":"","template_catalog_text":"","template_catalog_categories_visible":"","demo_title":"Crea il tuo widget Radio Player","demo_caption":"Configura il tuo lettore radio e aggiungilo gratuitamente al tuo sito Web Elementor!","default_faq_hidden":"","app_template_category":[],"platform":"68","template_public_id":"","codecanyon_url":"","codecanyon_item_id":"","codecanyon_price":"","pricing_caption":"","pricing_elfsight_apps_hide_column":"","pricing_elfsight_apps_url":"","pricing_codecanyon_price_caption":"","integration_category":[],"integration_request_title":"","integration_request_cta":"","integration_platform":"","integrations":[],"platform_category":[],"video_schema_markup":"","price":"da $ 0 al mese","trial":"","benefits":[{"text":"Assistenza gratuita per l'installazione"},{"text":"Supporto eccezionale"},{"text":"Garanzia di rimborso di 14 giorni"},{"text":"Miglioramenti continui"}],"button_url":"#demo","button_target_blank":"0","button_nofollow":"0","attributes":[{"name":"Installazioni"},{"name":"Reattivo","content":"S\u00cc"},{"name":"Browser compatibili","content":"Firefox, Safari, Opera, Chrome, Edge"}],"tags":[],"tags_disable_links":"0","hide_more_platforms":"0","video_object":"","demo_hide_cta":"0","demo_hide_cloud_options":"0","pricing_title":"","pricing":[{"pricing_icon":"platform","pricing_title":"Elfsight Apps","pricing_title_caption":"Software indipendente dalla piattaforma che funziona su qualsiasi sito web","pricing_price":"da $ 0 \/ mese","pricing_price_caption":"inizia con il piano gratuito","pricing_benefits":[{"text":"Siti web illimitati"},{"text":"Supporto 24 ore su 24, 7 giorni su 7"},{"text":"Assistenza gratuita per l'installazione"},{"text":"Ottimo affare per pi\u00f9 app"}],"pricing_button_text":"Aggiungi al sito web","pricing_button_url":"#demo"}],"related_apps_title":"","related_apps_hidden":"0","author":"","image":[],"title":"","job":"","social_networks":[]},"_links":{"self":[{"href":"https:\/\/elfsight.com\/it\/wp-json\/wp\/v2\/pages\/5589","targetHints":{"allow":["GET"]}}],"collection":[{"href":"https:\/\/elfsight.com\/it\/wp-json\/wp\/v2\/pages"}],"about":[{"href":"https:\/\/elfsight.com\/it\/wp-json\/wp\/v2\/types\/page"}],"author":[{"embeddable":true,"href":"https:\/\/elfsight.com\/it\/wp-json\/wp\/v2\/users\/9"}],"replies":[{"embeddable":true,"href":"https:\/\/elfsight.com\/it\/wp-json\/wp\/v2\/comments?post=5589"}],"version-history":[{"count":5,"href":"https:\/\/elfsight.com\/it\/wp-json\/wp\/v2\/pages\/5589\/revisions"}],"predecessor-version":[{"id":9221,"href":"https:\/\/elfsight.com\/it\/wp-json\/wp\/v2\/pages\/5589\/revisions\/9221"}],"up":[{"embeddable":true,"href":"https:\/\/elfsight.com\/it\/wp-json\/wp\/v2\/pages\/2813"}],"wp:attachment":[{"href":"https:\/\/elfsight.com\/it\/wp-json\/wp\/v2\/media?parent=5589"}],"curies":[{"name":"wp","href":"https:\/\/api.w.org\/{rel}","templated":true}]}}