{"id":5588,"date":"1970-01-01T00:00:00","date_gmt":"1970-01-01T00:00:00","guid":{"rendered":"https:\/\/elfsight.com\/it\/?page_id=5588"},"modified":"2025-03-19T07:41:24","modified_gmt":"2025-03-19T07:41:24","slug":"joomla","status":"publish","type":"page","link":"https:\/\/elfsight.com\/it\/radio-player-widget\/joomla\/","title":{"rendered":"Radio Player &#8211; Joomla"},"content":{"rendered":"\n<div class=\"application-platform-content-item-description application-platform-content-item\" id=\"description\" data-nav-section=\"description\"> <h2>Descrizione<\/h2> <p>Elfsight Radio Player \u00e8 un&#8217;estensione semplice che ti d\u00e0 l&#8217;opportunit\u00e0 di riprodurre stazioni radio sulle pagine del tuo sito web. Il modulo \u00e8 estremamente modificabile: sei libero di alterarne il posizionamento, impostandolo in qualsiasi punto della pagina, ridimensionarne le dimensioni, ridipingere lo sfondo e altri elementi per fonderlo con lo stile del tuo sito web, applicare un tema scuro, visualizzare copertine e mostrare o nascondere 3 dettagli aggiuntivi del giocatore come intestazione, stato e altro. Puoi caricare tutte le stazioni di cui hai bisogno per intrattenere il tuo pubblico, attiva la riproduzione automatica e non avere dubbi: il tuo pubblico non lascer\u00e0 il tuo sito in fretta!<\/p> <p><b>Concedi ai tuoi utenti una nuova fonte di contenuti utili e divertenti tramite il modulo Elfsight Radio Player per Joomla.<\/b><\/p> <\/div> <div class=\"faq\" data-component=\"FAQ\"><div class=\"faq-item\">\r\n\t\t\t\t\t<div class=\"faq-item-question\">\r\n\t\t\t\t\t\t<h3 class=\"faq-item-question-text\">Come posso incorporare un Radio Player in il mio sito web Joomla? <\/h3>\r\n\r\n\t\t\t\t\t\t<div class=\"faq-item-question-icon\"><\/div>\r\n\t\t\t\t\t<\/div>\r\n\r\n\t\t\t\t\t<div class=\"faq-item-answer\">\r\n\t\t\t\t\t\t<div class=\"faq-item-answer-text\"><p>La creazione del widget avviene sulle pagine di Elfsight e non \u00e8 necessario imparare a programmare. Apri la nostra demo online per creare il tuo widget, ottenere il codice e implementarlo sul tuo sito. <\/p><\/div>\r\n\t\t\t\t\t<\/div>\r\n\t\t\t\t<\/div><div class=\"faq-item\">\r\n\t\t\t\t\t<div class=\"faq-item-question\">\r\n\t\t\t\t\t\t<h3 class=\"faq-item-question-text\">I modi migliori per utilizzare l'integrazione di Radio Player online<\/h3>\r\n\r\n\t\t\t\t\t\t<div class=\"faq-item-question-icon\"><\/div>\r\n\t\t\t\t\t<\/div>\r\n\r\n\t\t\t\t\t<div class=\"faq-item-answer\">\r\n\t\t\t\t\t\t<div class=\"faq-item-answer-text\"><p>Ti forniremo tantissime opportunit\u00e0 di personalizzazione: widget a grandezza naturale da inserire l&#8217;area del contenuto, plugin mobili con opzioni di scorrimento, layout per pi\u00e8 di pagina, intestazione e tutti i tipi di opzioni verticali per barre laterali e menu. <\/p><\/div>\r\n\t\t\t\t\t<\/div>\r\n\t\t\t\t<\/div><div class=\"faq-item\">\r\n\t\t\t\t\t<div class=\"faq-item-question\">\r\n\t\t\t\t\t\t<h3 class=\"faq-item-question-text\">Come faccio a creare un riproduttore radiofonico di sfondo o di notizie tramite il tuo editor? <\/h3>\r\n\r\n\t\t\t\t\t\t<div class=\"faq-item-question-icon\"><\/div>\r\n\t\t\t\t\t<\/div>\r\n\r\n\t\t\t\t\t<div class=\"faq-item-answer\">\r\n\t\t\t\t\t\t<div class=\"faq-item-answer-text\"><p>Puoi modellare le modifiche di qualsiasi widget. Ci sono molti layout applicabili nell&#8217;editor e tutti possono essere facilmente personalizzati proprio come ti manca. <\/p><\/div>\r\n\t\t\t\t\t<\/div>\r\n\t\t\t\t<\/div><\/div><div class=\"application-platform-content-item-features application-platform-content-item\" id=\"features\" data-nav-section=\"features\"> <h2>L&#8217;estensione include funzionalit\u00e0 utili e facili, guardane alcune: <\/h2> <ul><li>Variazioni di colore illimitate. <\/li><li>Schema colori scuro\/chiaro. <\/li><li>Due layout pronti per l&#8217;uso. <\/li><li>Un&#8217;opportunit\u00e0 per aggiungere un&#8217;immagine di sfondo. <\/li><li>Aggiungi un numero illimitato di stazioni<\/li><\/ul><p><a href=\"#demo\">Prova tutte le impostazioni nella demo completa<\/a><\/p> <\/div> <div class=\"application-platform-content-item-installazione application-platform-content-item\" id=\"installazione\" data-nav-section=\"installazione\"> <h2>Come aggiungere l&#8217;estensione Radio Player sul mio sito Web Joomla? <\/h2><div class=\"video-container\"><iframe width=\"560\" height=\"315\" src=\"https:\/\/www.youtube.com\/embed\/QRYjLk3uGJU?si=Z0wYPQpKWn2CxR44\" frameborder=\"0\" allow=\"accelerometer; autoplay; clipboard-write; encrypted-media; gyroscope; picture-in-picture; web-share\" allowfullscreen><\/iframe><\/div><p>Basta seguire le linee guida riportate di seguito per aggiungere il modulo.<\/p> <ol><li><b>Gestisci il nostro configuratore gratuito e inizia a lavorare con la tua estensione unica. <\/b><br> Specifica il layout e le opzioni preferibili dell&#8217;estensione e applica tutte le modifiche. <\/li> <li><b>Copia il tuo codice personale mostrato nella finestra su Elfsight Apps. <\/b><br> Non appena la generazione della tua estensione personale \u00e8 terminata, copia il tuo codice nella casella visualizzata e salvalo per occasioni future. <\/li> <li><b>Inizia a utilizzare l&#8217;estensione sulla pagina web Joomla. <\/b><br> Inserisci il codice salvato di recente nella tua pagina e salva le modifiche. <\/li> <li><b>L&#8217;installazione \u00e8 stata eseguita con successo. <\/b><br> Apri il tuo sito web per vedere in azione come funziona l&#8217;estensione. <\/li><\/ol><p>Se incontri qualche difficolt\u00e0, non esitare a scrivere al nostro staff di supporto. I nostri specialisti saranno felici di risolvere tutti i problemi che potresti riscontrare con il prodotto.<\/p> <\/div>\n","protected":false},"excerpt":{"rendered":"","protected":false},"author":9,"featured_media":0,"parent":2813,"menu_order":0,"comment_status":"closed","ping_status":"closed","template":"templates\/template-application-platform.php","meta":{"publish_to_discourse":"","publish_post_category":"","wpdc_auto_publish_overridden":"","wpdc_topic_tags":"","wpdc_pin_topic":"","wpdc_pin_until":"","discourse_post_id":"","discourse_permalink":"","wpdc_publishing_response":"","wpdc_publishing_error":"","footnotes":""},"class_list":["post-5588","page","type-page","status-publish","hentry"],"yoast_head":"<!-- This site is optimized with the Yoast SEO plugin v25.3.1 - https:\/\/yoast.com\/wordpress\/plugins\/seo\/ -->\n<title>Widget Radio Player per il sito Joomla (gratuito e facile)<\/title>\n<meta name=\"description\" content=\"Incorpora un&#039;estensione plugin Radio reattiva nel tuo sito web Joomla. Utilizza la nostra demo gestibile e genera facilmente il tuo strumento!\" \/>\n<meta name=\"robots\" content=\"index, follow, max-snippet:-1, max-image-preview:large, max-video-preview:-1\" \/>\n<link rel=\"canonical\" href=\"https:\/\/elfsight.com\/it\/radio-player-widget\/joomla\/\" \/>\n<meta property=\"og:locale\" content=\"it_IT\" \/>\n<meta property=\"og:type\" content=\"article\" \/>\n<meta property=\"og:title\" content=\"Widget Radio Player per il sito Joomla (gratuito e facile)\" \/>\n<meta property=\"og:description\" content=\"Incorpora un&#039;estensione plugin Radio reattiva nel tuo sito web Joomla. Utilizza la nostra demo gestibile e genera facilmente il tuo strumento!\" \/>\n<meta property=\"og:url\" content=\"https:\/\/elfsight.com\/it\/radio-player-widget\/joomla\/\" \/>\n<meta property=\"og:site_name\" content=\"Elfsight IT\" \/>\n<meta property=\"article:modified_time\" content=\"2025-03-19T07:41:24+00:00\" \/>\n<meta name=\"twitter:card\" content=\"summary_large_image\" \/>\n<meta name=\"twitter:label1\" content=\"Tempo di lettura stimato\" \/>\n\t<meta name=\"twitter:data1\" content=\"3 minuti\" \/>\n<!-- \/ Yoast SEO plugin. -->","yoast_head_json":{"title":"Widget Radio Player per il sito Joomla (gratuito e facile)","description":"Incorpora un'estensione plugin Radio reattiva nel tuo sito web Joomla. Utilizza la nostra demo gestibile e genera facilmente il tuo strumento!","robots":{"index":"index","follow":"follow","max-snippet":"max-snippet:-1","max-image-preview":"max-image-preview:large","max-video-preview":"max-video-preview:-1"},"canonical":"https:\/\/elfsight.com\/it\/radio-player-widget\/joomla\/","og_locale":"it_IT","og_type":"article","og_title":"Widget Radio Player per il sito Joomla (gratuito e facile)","og_description":"Incorpora un'estensione plugin Radio reattiva nel tuo sito web Joomla. Utilizza la nostra demo gestibile e genera facilmente il tuo strumento!","og_url":"https:\/\/elfsight.com\/it\/radio-player-widget\/joomla\/","og_site_name":"Elfsight IT","article_modified_time":"2025-03-19T07:41:24+00:00","twitter_card":"summary_large_image","twitter_misc":{"Tempo di lettura stimato":"3 minuti"},"schema":{"@context":"https:\/\/schema.org","@graph":[{"@type":"WebPage","@id":"https:\/\/elfsight.com\/it\/radio-player-widget\/joomla\/","url":"https:\/\/elfsight.com\/it\/radio-player-widget\/joomla\/","name":"Widget Radio Player per il sito Joomla (gratuito e facile)","isPartOf":{"@id":"https:\/\/elfsight.com\/it\/#website"},"datePublished":"1970-01-01T00:00:00+00:00","dateModified":"2025-03-19T07:41:24+00:00","description":"Incorpora un'estensione plugin Radio reattiva nel tuo sito web Joomla. Utilizza la nostra demo gestibile e genera facilmente il tuo strumento!","breadcrumb":{"@id":"https:\/\/elfsight.com\/it\/radio-player-widget\/joomla\/#breadcrumb"},"inLanguage":"it-IT","potentialAction":[{"@type":"ReadAction","target":["https:\/\/elfsight.com\/it\/radio-player-widget\/joomla\/"]}]},{"@type":"BreadcrumbList","@id":"https:\/\/elfsight.com\/it\/radio-player-widget\/joomla\/#breadcrumb","itemListElement":[{"@type":"ListItem","position":1,"name":"Home","item":"https:\/\/elfsight.com\/it\/"},{"@type":"ListItem","position":2,"name":"Radio Player","item":"https:\/\/elfsight.com\/it\/radio-player-widget\/"},{"@type":"ListItem","position":3,"name":"Radio Player &#8211; Joomla"}]},{"@type":"WebSite","@id":"https:\/\/elfsight.com\/it\/#website","url":"https:\/\/elfsight.com\/it\/","name":"Elfsight IT","description":"Just another Elfsight Sites site","potentialAction":[{"@type":"SearchAction","target":{"@type":"EntryPoint","urlTemplate":"https:\/\/elfsight.com\/it\/?s={search_term_string}"},"query-input":{"@type":"PropertyValueSpecification","valueRequired":true,"valueName":"search_term_string"}}],"inLanguage":"it-IT"}]}},"meta_box":{"industry":"","seo_heading":"","heading":"","description":"","cta_heading":"","cta_description":"","application":"2812","h1":"Estensione del lettore radio Joomla","h1_caption":"Aggiungi uno streaming radio in diretta al tuo sito web con un player personalizzabile che adatta facilmente il tuo marchio al tuo sito Jimdo.","application_category":[],"applications_title":"","applications_request_title":"","applications_request_button_text":"","hero_text":"","hero_video":"","hero_video_schema_markup":"","selling_points_title":"","selling_points_caption":"","selling_points":[],"selling_points_cta_text":"","features_title":"","features":"","ed_cta_examples_text":"","ed_cta_examples_hidden":"","ed_cta_demo_text":"","ed_cta_demo_hidden":"","why_caption":"","why_editor_title":"","why_editor_text":"","why_team_title":"","why_team_text":"","why_service_title":"","why_service_text":"","template_catalog_visible":"0","template_catalog_title":"","template_catalog_text":"","template_catalog_categories_visible":"","demo_title":"Crea il tuo plugin Radio Player","demo_caption":"Configura il tuo Radio Player e aggiungilo gratuitamente al tuo sito Joomla!","default_faq_hidden":"","app_template_category":[],"platform":"36","template_public_id":"","codecanyon_url":"","codecanyon_item_id":"","codecanyon_price":"","pricing_caption":"","pricing_elfsight_apps_hide_column":"","pricing_elfsight_apps_url":"","pricing_codecanyon_price_caption":"","integration_category":[],"integration_request_title":"","integration_request_cta":"","integration_platform":"","integrations":[],"platform_category":[],"video_schema_markup":"","price":"da $ 0 al mese","trial":"","benefits":[{"text":"Servizio di installazione gratuito"},{"text":"Supporto eccezionale"},{"text":"Garanzia di rimborso di 14 giorni"},{"text":"Miglioramenti continui"}],"button_url":"#demo","button_target_blank":"0","button_nofollow":"0","attributes":[{"name":"Installazioni"},{"name":"Reattivo","content":"S\u00cc"},{"name":"Browser compatibili","content":"Firefox, Safari, Opera, Chrome, Edge"}],"tags":[],"tags_disable_links":"0","hide_more_platforms":"0","video_object":"","demo_hide_cta":"0","demo_hide_cloud_options":"0","pricing_title":"","pricing":[{"pricing_icon":"platform","pricing_title":"Elfsight Apps","pricing_title_caption":"Software indipendente dalla piattaforma che funziona su qualsiasi sito","pricing_price":"da $ 0 \/ mese","pricing_price_caption":"inizia con il piano gratuito","pricing_benefits":[{"text":"Siti web illimitati"},{"text":"Supporto aziendale professionale"},{"text":"Servizio di installazione gratuito"},{"text":"Prezzo speciale per pi\u00f9 app"}],"pricing_button_text":"Aggiungi al sito web","pricing_button_url":"#demo"}],"related_apps_title":"","related_apps_hidden":"0","author":"","image":[],"title":"","job":"","social_networks":[]},"_links":{"self":[{"href":"https:\/\/elfsight.com\/it\/wp-json\/wp\/v2\/pages\/5588","targetHints":{"allow":["GET"]}}],"collection":[{"href":"https:\/\/elfsight.com\/it\/wp-json\/wp\/v2\/pages"}],"about":[{"href":"https:\/\/elfsight.com\/it\/wp-json\/wp\/v2\/types\/page"}],"author":[{"embeddable":true,"href":"https:\/\/elfsight.com\/it\/wp-json\/wp\/v2\/users\/9"}],"replies":[{"embeddable":true,"href":"https:\/\/elfsight.com\/it\/wp-json\/wp\/v2\/comments?post=5588"}],"version-history":[{"count":3,"href":"https:\/\/elfsight.com\/it\/wp-json\/wp\/v2\/pages\/5588\/revisions"}],"predecessor-version":[{"id":9223,"href":"https:\/\/elfsight.com\/it\/wp-json\/wp\/v2\/pages\/5588\/revisions\/9223"}],"up":[{"embeddable":true,"href":"https:\/\/elfsight.com\/it\/wp-json\/wp\/v2\/pages\/2813"}],"wp:attachment":[{"href":"https:\/\/elfsight.com\/it\/wp-json\/wp\/v2\/media?parent=5588"}],"curies":[{"name":"wp","href":"https:\/\/api.w.org\/{rel}","templated":true}]}}