{"id":5587,"date":"1970-01-01T00:00:00","date_gmt":"1970-01-01T00:00:00","guid":{"rendered":"https:\/\/elfsight.com\/it\/?page_id=5587"},"modified":"2024-11-12T08:11:48","modified_gmt":"2024-11-12T08:11:48","slug":"jquery","status":"publish","type":"page","link":"https:\/\/elfsight.com\/it\/radio-player-widget\/jquery\/","title":{"rendered":"Radio Player &#8211; jQuery"},"content":{"rendered":"<div class=\"application-platform-content-item-description application-platform-content-item\" id=\"description\" data-nav-section=\"description\"> <h2>Descrizione<\/h2> <p>Elfsight Radio \u00e8 un semplice plugin che ti d\u00e0 l&#8217;opportunit\u00e0 di riprodurre stazioni radio direttamente sulle pagine del tuo sito web . Il widget \u00e8 totalmente modificabile: puoi cambiare la sua posizione, sistemandolo in qualsiasi punto della pagina, ridimensionarne le dimensioni, ridipingere lo sfondo e tutti gli altri elementi per integrarlo con il design del tuo sito, utilizzare combinazioni di colori scuri, mostrare copertine e visualizzare o nascondi altre tre parti del giocatore come titolo, stato e altre. Includi tutte le stazioni che desideri per deliziare i tuoi visitatori, attiva l&#8217;opzione di riproduzione automatica e stai sicuro: i tuoi visitatori non abbandoneranno il tuo sito in fretta! <\/p> <p><b>Fornisci al tuo pubblico una nuovissima fonte di contenuti utili e coinvolgenti tramite Elfsight Radio Player<\/b><\/p> <\/div> <div class=\"application-platform-content-item-features application-platform-content-item\" id=\"features\" data-nav-section=\"features\"> <h2>Visualizza l&#8217;elenco delle caratteristiche pi\u00f9 importanti: <\/h2> <ul><li>Varie varianti di colore.<\/li><li>Schema colori scuro\/chiaro.<\/li><li>Due layout applicabili.<\/li> <li>Possibilit\u00e0 di aggiungere un&#8217;immagine di sfondo.<\/li><li>Un numero infinito di stazioni.<\/li><\/ul><p><a href=\"#demo\">Puoi provare tutte le funzionalit\u00e0 del plugin nella demo in questa pagina<\/a><\/p> <\/div> <div class=\"application-platform-content-item-installation application-platform-content-item\" id=\"installation\" data-nav-section=\"installation\"> <h2>Come incorporare Radio Player nel mio sito web jQuery?<\/h2> <p>Basta eseguire il linee guida di seguito per incorporare il plug-in.<\/p> <ol><li><b>Apri il nostro editor gratuito e inizia a creare il tuo plug-in personalizzato.<\/b><br> Determina la forma preferita e i tratti funzionali del plug-in e salva le correzioni.<\/li> <li><b>Ricevi il codice univoco che appare nel box su Elfsight Apps.<\/b><br> Non appena terminata la personalizzazione del tuo widget personale, copia il codice individuale su la finestra emersa e conservala per un&#8217;occasione successiva.<\/li> <li><b>Inizia a utilizzare il widget Radio sulla home page di jQuery.<\/b><br> Integra il codice salvato di recente nella tua pagina web e applica le modifiche .<\/li> <li><b>Fatto! L&#8217;incorporamento \u00e8 stato completato.<\/b><br> Vai alla tua pagina per verificare il funzionamento del widget.<\/li><\/ol> <p>In caso di difficolt\u00e0, non esitare a rivolgerti al nostro personale di supporto. Il nostro personale sar\u00e0 lieto di risolvere tutti i problemi che potresti avere con il prodotto. <\/p> <\/div>","protected":false},"excerpt":{"rendered":"","protected":false},"author":9,"featured_media":0,"parent":2813,"menu_order":0,"comment_status":"closed","ping_status":"closed","template":"templates\/template-application-platform.php","meta":{"publish_to_discourse":"","publish_post_category":"","wpdc_auto_publish_overridden":"","wpdc_topic_tags":"","wpdc_pin_topic":"","wpdc_pin_until":"","discourse_post_id":"","discourse_permalink":"","wpdc_publishing_response":"","wpdc_publishing_error":"","footnotes":""},"class_list":["post-5587","page","type-page","status-publish","hentry"],"yoast_head":"<!-- This site is optimized with the Yoast SEO plugin v25.3.1 - https:\/\/yoast.com\/wordpress\/plugins\/seo\/ -->\n<title>Elfsight Radio Player per il sito web jQuery (veloce e gratuito)<\/title>\n<meta name=\"description\" content=\"Implementa un plug-in Radio Player reattivo sulla tua home page. Utilizza la nostra demo gestibile e crea facilmente il tuo plugin!\" \/>\n<meta name=\"robots\" content=\"index, follow, max-snippet:-1, max-image-preview:large, max-video-preview:-1\" \/>\n<link rel=\"canonical\" href=\"https:\/\/elfsight.com\/it\/radio-player-widget\/jquery\/\" \/>\n<meta property=\"og:locale\" content=\"it_IT\" \/>\n<meta property=\"og:type\" content=\"article\" \/>\n<meta property=\"og:title\" content=\"Elfsight Radio Player per il sito web jQuery (veloce e gratuito)\" \/>\n<meta property=\"og:description\" content=\"Implementa un plug-in Radio Player reattivo sulla tua home page. Utilizza la nostra demo gestibile e crea facilmente il tuo plugin!\" \/>\n<meta property=\"og:url\" content=\"https:\/\/elfsight.com\/it\/radio-player-widget\/jquery\/\" \/>\n<meta property=\"og:site_name\" content=\"Elfsight IT\" \/>\n<meta property=\"article:modified_time\" content=\"2024-11-12T08:11:48+00:00\" \/>\n<meta name=\"twitter:card\" content=\"summary_large_image\" \/>\n<meta name=\"twitter:label1\" content=\"Tempo di lettura stimato\" \/>\n\t<meta name=\"twitter:data1\" content=\"2 minuti\" \/>\n<!-- \/ Yoast SEO plugin. -->","yoast_head_json":{"title":"Elfsight Radio Player per il sito web jQuery (veloce e gratuito)","description":"Implementa un plug-in Radio Player reattivo sulla tua home page. Utilizza la nostra demo gestibile e crea facilmente il tuo plugin!","robots":{"index":"index","follow":"follow","max-snippet":"max-snippet:-1","max-image-preview":"max-image-preview:large","max-video-preview":"max-video-preview:-1"},"canonical":"https:\/\/elfsight.com\/it\/radio-player-widget\/jquery\/","og_locale":"it_IT","og_type":"article","og_title":"Elfsight Radio Player per il sito web jQuery (veloce e gratuito)","og_description":"Implementa un plug-in Radio Player reattivo sulla tua home page. Utilizza la nostra demo gestibile e crea facilmente il tuo plugin!","og_url":"https:\/\/elfsight.com\/it\/radio-player-widget\/jquery\/","og_site_name":"Elfsight IT","article_modified_time":"2024-11-12T08:11:48+00:00","twitter_card":"summary_large_image","twitter_misc":{"Tempo di lettura stimato":"2 minuti"},"schema":{"@context":"https:\/\/schema.org","@graph":[{"@type":"WebPage","@id":"https:\/\/elfsight.com\/it\/radio-player-widget\/jquery\/","url":"https:\/\/elfsight.com\/it\/radio-player-widget\/jquery\/","name":"Elfsight Radio Player per il sito web jQuery (veloce e gratuito)","isPartOf":{"@id":"https:\/\/elfsight.com\/it\/#website"},"datePublished":"1970-01-01T00:00:00+00:00","dateModified":"2024-11-12T08:11:48+00:00","description":"Implementa un plug-in Radio Player reattivo sulla tua home page. Utilizza la nostra demo gestibile e crea facilmente il tuo plugin!","breadcrumb":{"@id":"https:\/\/elfsight.com\/it\/radio-player-widget\/jquery\/#breadcrumb"},"inLanguage":"it-IT","potentialAction":[{"@type":"ReadAction","target":["https:\/\/elfsight.com\/it\/radio-player-widget\/jquery\/"]}]},{"@type":"BreadcrumbList","@id":"https:\/\/elfsight.com\/it\/radio-player-widget\/jquery\/#breadcrumb","itemListElement":[{"@type":"ListItem","position":1,"name":"Home","item":"https:\/\/elfsight.com\/it\/"},{"@type":"ListItem","position":2,"name":"Radio Player","item":"https:\/\/elfsight.com\/it\/radio-player-widget\/"},{"@type":"ListItem","position":3,"name":"Radio Player &#8211; jQuery"}]},{"@type":"WebSite","@id":"https:\/\/elfsight.com\/it\/#website","url":"https:\/\/elfsight.com\/it\/","name":"Elfsight IT","description":"Just another Elfsight Sites site","potentialAction":[{"@type":"SearchAction","target":{"@type":"EntryPoint","urlTemplate":"https:\/\/elfsight.com\/it\/?s={search_term_string}"},"query-input":{"@type":"PropertyValueSpecification","valueRequired":true,"valueName":"search_term_string"}}],"inLanguage":"it-IT"}]}},"meta_box":{"industry":"","seo_heading":"","heading":"","description":"","cta_heading":"","cta_description":"","application":"2812","h1":"Plug-in jQuery Radio Player","h1_caption":"Aggiungi uno streaming radio in diretta al tuo sito web con un player personalizzabile che adatta facilmente il tuo marchio al tuo sito web Joomla.","application_category":[],"applications_title":"","applications_request_title":"","applications_request_button_text":"","hero_text":"","hero_video":"","hero_video_schema_markup":"","selling_points_title":"","selling_points_caption":"","selling_points":[],"selling_points_cta_text":"","features_title":"","features":"","ed_cta_examples_text":"","ed_cta_examples_hidden":"","ed_cta_demo_text":"","ed_cta_demo_hidden":"","why_caption":"","why_editor_title":"","why_editor_text":"","why_team_title":"","why_team_text":"","why_service_title":"","why_service_text":"","template_catalog_visible":"","template_catalog_title":"","template_catalog_text":"","template_catalog_categories_visible":"","demo_title":"Crea il tuo plugin Radio Player","demo_caption":"Configura il tuo Radio Player e aggiungilo gratuitamente al tuo sito jQuery!","default_faq_hidden":"","app_template_category":[],"platform":"37","template_public_id":"","codecanyon_url":"","codecanyon_item_id":"","codecanyon_price":"","pricing_caption":"","pricing_elfsight_apps_hide_column":"","pricing_elfsight_apps_url":"","pricing_codecanyon_price_caption":"","integration_category":[],"integration_request_title":"","integration_request_cta":"","integration_platform":"","integrations":[],"platform_category":[],"video_schema_markup":"","price":"da $ 0 al mese","trial":"","benefits":[{"text":"Aiuto per l'installazione gratuito"},{"text":"Assistenza clienti con esperienza"},{"text":"Garanzia di rimborso di 14 giorni"},{"text":"Aggiornamento costante"}],"button_url":"#demo","button_target_blank":"","button_nofollow":"","attributes":[{"name":"Installazioni"},{"name":"Reattivo","content":"S\u00cc"},{"name":"Browser compatibili","content":"Firefox, Safari, Opera, Chrome, Edge"}],"tags":[],"tags_disable_links":"","hide_more_platforms":"","video_object":"","demo_hide_cta":"","demo_hide_cloud_options":"","pricing_title":"","pricing":[{"pricing_icon":"platform","pricing_title":"Elfsight Apps","pricing_title_caption":"Soluzione multipiattaforma","pricing_price":"da $ 0 \/ mese","pricing_price_caption":"inizia con un piano gratuito","pricing_benefits":[{"text":"Siti web illimitati"},{"text":"Assistenza clienti premium e ben documentata"},{"text":"Supporto gratuito per l'installazione"},{"text":"100% personalizzabile"}],"pricing_button_text":"Aggiungi al sito web","pricing_button_url":"#demo"}],"related_apps_title":"","related_apps_hidden":"","author":"","image":[],"title":"","job":"","social_networks":[]},"_links":{"self":[{"href":"https:\/\/elfsight.com\/it\/wp-json\/wp\/v2\/pages\/5587","targetHints":{"allow":["GET"]}}],"collection":[{"href":"https:\/\/elfsight.com\/it\/wp-json\/wp\/v2\/pages"}],"about":[{"href":"https:\/\/elfsight.com\/it\/wp-json\/wp\/v2\/types\/page"}],"author":[{"embeddable":true,"href":"https:\/\/elfsight.com\/it\/wp-json\/wp\/v2\/users\/9"}],"replies":[{"embeddable":true,"href":"https:\/\/elfsight.com\/it\/wp-json\/wp\/v2\/comments?post=5587"}],"version-history":[{"count":1,"href":"https:\/\/elfsight.com\/it\/wp-json\/wp\/v2\/pages\/5587\/revisions"}],"predecessor-version":[{"id":5591,"href":"https:\/\/elfsight.com\/it\/wp-json\/wp\/v2\/pages\/5587\/revisions\/5591"}],"up":[{"embeddable":true,"href":"https:\/\/elfsight.com\/it\/wp-json\/wp\/v2\/pages\/2813"}],"wp:attachment":[{"href":"https:\/\/elfsight.com\/it\/wp-json\/wp\/v2\/media?parent=5587"}],"curies":[{"name":"wp","href":"https:\/\/api.w.org\/{rel}","templated":true}]}}