{"id":5586,"date":"1970-01-01T00:00:00","date_gmt":"1970-01-01T00:00:00","guid":{"rendered":"https:\/\/elfsight.com\/it\/?page_id=5586"},"modified":"2025-03-19T07:43:39","modified_gmt":"2025-03-19T07:43:39","slug":"iframe","status":"publish","type":"page","link":"https:\/\/elfsight.com\/it\/radio-player-widget\/iframe\/","title":{"rendered":"Radio Player &#8211; iFrame"},"content":{"rendered":"\n<div class=\"application-platform-content-item-description application-platform-content-item\" id=\"description\" data-nav-section=\"description\"> <h2>Incorpora Radio Player su iFrame con il widget Elfsight<\/h2> <p>Elfsight Radio \u00e8 un widget semplice che ti consente di riprodurre direttamente le stazioni radio sul tuo sito web. Il plugin \u00e8 notevolmente modificabile: sei libero di alterare la sua posizione, metterlo in qualsiasi punto della pagina, cambiarne le dimensioni, sovrapporre lo sfondo e altri elementi per mescolarlo con il layout del tuo sito, applicare una combinazione di colori scuri, mostrare copertine e mostrare o nascondere tre dettagli aggiuntivi del giocatore, ad esempio titolo, stato e altro. Includi tutte le stazioni che desideri per intrattenere i tuoi visitatori, attiva la riproduzione automatica e stai sicuro: il tuo pubblico non abbandoner\u00e0 la tua home page in fretta!<\/p> <p><b>Concedi al tuo pubblico un&#8217;ulteriore fonte di utilit\u00e0 e contenuti coinvolgenti utilizzando Elfsight Radio Player.<\/b><\/p> <\/div> <div class=\"application-platform-content-item-features application-platform-content-item\" id=\"features\" data-nav-section=\"features\"> <h2>Il widget include funzionalit\u00e0 pratiche e veloci, visualizzane alcune:<\/h2> <ul><li>Varie varianti di colore.<\/li><li>Tema colore scuro\/chiaro.<\/li><li>Due layout applicabili.<\/li><li>Un&#8217;opzione per aggiungere un&#8217;immagine di sfondo.<\/li> <li>Una quantit\u00e0 infinita di stazioni.<\/li><\/ul><p><a href=\"#demo\">Prova questa demo per vedere quanto vale il plugin<\/a><\/p> <\/div> <div class=\"application-platform-content-item-installation application-platform-content-item\" id=\"installation\" data-nav-section=\"installation\"> <h2>Come faccio ad aggiungere il plugin Radio Player a iFrame?<\/h2> <p>Basta applicare le istruzioni seguenti per aggiungere il widget.<\/p> <ol><li> <b>Esegui il nostro configuratore gratuito e inizia a modellare il tuo strumento personalizzato.<\/b><br> Scegli la forma e i parametri adatti del widget e salva le modifiche.<\/li> <li><b>Ricevi il codice individuale rivelato nel riquadro su Elfsight Apps.<\/b><br> Una volta completata la creazione del tuo widget personale, copia il codice individuale dalla finestra visualizzata e salvalo per necessit\u00e0 future.<\/li> <li><b>Avvia utilizzo del plugin radio su iFrame.<\/b><br> Incolla il codice salvato in precedenza nel tuo sito web e salva i miglioramenti.<\/li> <li><b>L&#8217;installazione \u00e8 completamente eseguita.<\/b><br> Visita la tua pagina per vedere come funziona il widget.<\/li><\/ol> <p>Se dovessi gestire richieste o incontrare alcune difficolt\u00e0, chiedi assistenza al nostro team di assistenza clienti. I nostri specialisti saranno lieti di risolvere tutte le difficolt\u00e0 che potresti avere con il plugin.<\/p> <div class=\"faq\" data-component=\"FAQ\"><div class=\"faq-item\">\r\n\t\t\t\t\t<div class=\"faq-item-question\">\r\n\t\t\t\t\t\t<h3 class=\"faq-item-question-text\">Come posso incorporare un widget Radio Player nel mio sito web iFrame senza competenze di programmazione?<\/h3>\r\n\r\n\t\t\t\t\t\t<div class=\"faq-item-question-icon\"><\/div>\r\n\t\t\t\t\t<\/div>\r\n\r\n\t\t\t\t\t<div class=\"faq-item-answer\">\r\n\t\t\t\t\t\t<div class=\"faq-item-answer-text\"><p> Elfsight fornisce una soluzione basata su cloud che consente agli utenti di creare autonomamente un widget Radio Player. Scopri quanto \u00e8 semplice il processo:<\/p><ul><li>Accedi all&#8217;editor online per creare una sezione widget di Radio Player che desideri incorporare nel tuo sito iFrame.<\/li><li>Scegli uno dei i nostri modelli predefiniti e configura le impostazioni del widget Radio Player, regola il layout e la combinazione di colori e includi i tuoi contenuti senza la necessit\u00e0 di codifica.<\/li><li>Salva le impostazioni che hai personalizzato per il widget Radio Player e acquisisci il codice per l&#8217;incorporamento, che pu\u00f2 essere inserito facilmente e gratuitamente nel tuo sito iFrame.<\/li><\/ul><p>Utilizzando l&#8217;editor intuitivo, qualsiasi utente di Internet pu\u00f2 creare una sezione widget di Radio Player e aggiungere al loro sito web iFrame. Non \u00e8 richiesto alcun pagamento o la necessit\u00e0 di divulgare i dati della tua carta per accedere all&#8217;editor Elfsight. Se riscontri problemi in qualsiasi fase, non esitare a contattare il nostro supporto clienti per assistenza.<\/p><\/div>\r\n\t\t\t\t\t<\/div>\r\n\t\t\t\t<\/div><\/div><\/div>\n","protected":false},"excerpt":{"rendered":"","protected":false},"author":9,"featured_media":0,"parent":2813,"menu_order":0,"comment_status":"closed","ping_status":"closed","template":"templates\/template-application-platform.php","meta":{"publish_to_discourse":"","publish_post_category":"","wpdc_auto_publish_overridden":"","wpdc_topic_tags":"","wpdc_pin_topic":"","wpdc_pin_until":"","discourse_post_id":"","discourse_permalink":"","wpdc_publishing_response":"","wpdc_publishing_error":"","footnotes":""},"class_list":["post-5586","page","type-page","status-publish","hentry"],"yoast_head":"<!-- This site is optimized with the Yoast SEO plugin v25.3.1 - https:\/\/yoast.com\/wordpress\/plugins\/seo\/ -->\n<title>Widget Radio Player per il sito web iFrame (gratuito e facile)<\/title>\n<meta name=\"description\" content=\"Integra un pulsante Radio Player reattivo nella tua pagina web iFrame. Utilizza la nostra comoda demo e genera facilmente il tuo plugin!\" \/>\n<meta name=\"robots\" content=\"index, follow, max-snippet:-1, max-image-preview:large, max-video-preview:-1\" \/>\n<link rel=\"canonical\" href=\"https:\/\/elfsight.com\/it\/radio-player-widget\/iframe\/\" \/>\n<meta property=\"og:locale\" content=\"it_IT\" \/>\n<meta property=\"og:type\" content=\"article\" \/>\n<meta property=\"og:title\" content=\"Widget Radio Player per il sito web iFrame (gratuito e facile)\" \/>\n<meta property=\"og:description\" content=\"Integra un pulsante Radio Player reattivo nella tua pagina web iFrame. Utilizza la nostra comoda demo e genera facilmente il tuo plugin!\" \/>\n<meta property=\"og:url\" content=\"https:\/\/elfsight.com\/it\/radio-player-widget\/iframe\/\" \/>\n<meta property=\"og:site_name\" content=\"Elfsight IT\" \/>\n<meta property=\"article:modified_time\" content=\"2025-03-19T07:43:39+00:00\" \/>\n<meta name=\"twitter:card\" content=\"summary_large_image\" \/>\n<meta name=\"twitter:label1\" content=\"Tempo di lettura stimato\" \/>\n\t<meta name=\"twitter:data1\" content=\"3 minuti\" \/>\n<!-- \/ Yoast SEO plugin. -->","yoast_head_json":{"title":"Widget Radio Player per il sito web iFrame (gratuito e facile)","description":"Integra un pulsante Radio Player reattivo nella tua pagina web iFrame. Utilizza la nostra comoda demo e genera facilmente il tuo plugin!","robots":{"index":"index","follow":"follow","max-snippet":"max-snippet:-1","max-image-preview":"max-image-preview:large","max-video-preview":"max-video-preview:-1"},"canonical":"https:\/\/elfsight.com\/it\/radio-player-widget\/iframe\/","og_locale":"it_IT","og_type":"article","og_title":"Widget Radio Player per il sito web iFrame (gratuito e facile)","og_description":"Integra un pulsante Radio Player reattivo nella tua pagina web iFrame. Utilizza la nostra comoda demo e genera facilmente il tuo plugin!","og_url":"https:\/\/elfsight.com\/it\/radio-player-widget\/iframe\/","og_site_name":"Elfsight IT","article_modified_time":"2025-03-19T07:43:39+00:00","twitter_card":"summary_large_image","twitter_misc":{"Tempo di lettura stimato":"3 minuti"},"schema":{"@context":"https:\/\/schema.org","@graph":[{"@type":"WebPage","@id":"https:\/\/elfsight.com\/it\/radio-player-widget\/iframe\/","url":"https:\/\/elfsight.com\/it\/radio-player-widget\/iframe\/","name":"Widget Radio Player per il sito web iFrame (gratuito e facile)","isPartOf":{"@id":"https:\/\/elfsight.com\/it\/#website"},"datePublished":"1970-01-01T00:00:00+00:00","dateModified":"2025-03-19T07:43:39+00:00","description":"Integra un pulsante Radio Player reattivo nella tua pagina web iFrame. Utilizza la nostra comoda demo e genera facilmente il tuo plugin!","breadcrumb":{"@id":"https:\/\/elfsight.com\/it\/radio-player-widget\/iframe\/#breadcrumb"},"inLanguage":"it-IT","potentialAction":[{"@type":"ReadAction","target":["https:\/\/elfsight.com\/it\/radio-player-widget\/iframe\/"]}]},{"@type":"BreadcrumbList","@id":"https:\/\/elfsight.com\/it\/radio-player-widget\/iframe\/#breadcrumb","itemListElement":[{"@type":"ListItem","position":1,"name":"Home","item":"https:\/\/elfsight.com\/it\/"},{"@type":"ListItem","position":2,"name":"Radio Player","item":"https:\/\/elfsight.com\/it\/radio-player-widget\/"},{"@type":"ListItem","position":3,"name":"Radio Player &#8211; iFrame"}]},{"@type":"WebSite","@id":"https:\/\/elfsight.com\/it\/#website","url":"https:\/\/elfsight.com\/it\/","name":"Elfsight IT","description":"Just another Elfsight Sites site","potentialAction":[{"@type":"SearchAction","target":{"@type":"EntryPoint","urlTemplate":"https:\/\/elfsight.com\/it\/?s={search_term_string}"},"query-input":{"@type":"PropertyValueSpecification","valueRequired":true,"valueName":"search_term_string"}}],"inLanguage":"it-IT"}]}},"meta_box":{"industry":"","seo_heading":"","heading":"","description":"","cta_heading":"","cta_description":"","application":"2812","h1":"Widget iFrame Radio Player","h1_caption":"Aggiungi uno streaming radio in diretta al tuo sito web con un player personalizzabile che adatta facilmente il tuo marchio al tuo sito web HTML.","application_category":[],"applications_title":"","applications_request_title":"","applications_request_button_text":"","hero_text":"","hero_video":"","hero_video_schema_markup":"","selling_points_title":"","selling_points_caption":"","selling_points":[],"selling_points_cta_text":"","features_title":"","features":"","ed_cta_examples_text":"","ed_cta_examples_hidden":"","ed_cta_demo_text":"","ed_cta_demo_hidden":"","why_caption":"","why_editor_title":"","why_editor_text":"","why_team_title":"","why_team_text":"","why_service_title":"","why_service_text":"","template_catalog_visible":"0","template_catalog_title":"","template_catalog_text":"","template_catalog_categories_visible":"","demo_title":"Crea il tuo widget Radio Player","demo_caption":"Configura il tuo Radio Player e aggiungilo gratuitamente al tuo sito iFrame!","default_faq_hidden":"","app_template_category":[],"platform":"54","template_public_id":"","codecanyon_url":"","codecanyon_item_id":"","codecanyon_price":"","pricing_caption":"","pricing_elfsight_apps_hide_column":"","pricing_elfsight_apps_url":"","pricing_codecanyon_price_caption":"","integration_category":[],"integration_request_title":"","integration_request_cta":"","integration_platform":"","integrations":[],"platform_category":[],"video_schema_markup":"","price":"da $ 0 al mese","trial":"","benefits":[{"text":"Aiuto per l'installazione gratuito"},{"text":"Servizio clienti competente"},{"text":"Garanzia di rimborso di 14 giorni"},{"text":"Futuri aggiornamenti gratuiti"}],"button_url":"#demo","button_target_blank":"0","button_nofollow":"0","attributes":[{"name":"Installazioni"},{"name":"Reattivo","content":"S\u00cc"},{"name":"Browser compatibili","content":"Firefox, Safari, Opera, Chrome, Edge"}],"tags":[],"tags_disable_links":"0","hide_more_platforms":"0","video_object":"","demo_hide_cta":"0","demo_hide_cloud_options":"0","pricing_title":"","pricing":[{"pricing_icon":"platform","pricing_title":"Elfsight Apps","pricing_title_caption":"Software multipiattaforma adatto a qualsiasi sito web","pricing_price":"da $ 0 \/ mese","pricing_price_caption":"inizia con il piano gratuito","pricing_benefits":[{"text":"Siti web illimitati"},{"text":"Supporto premium"},{"text":"Servizio di installazione gratuito"},{"text":"Offerta speciale per pi\u00f9 app"}],"pricing_button_text":"Aggiungi al sito web","pricing_button_url":"#demo"}],"related_apps_title":"","related_apps_hidden":"0","author":"","image":[],"title":"","job":"","social_networks":[]},"_links":{"self":[{"href":"https:\/\/elfsight.com\/it\/wp-json\/wp\/v2\/pages\/5586","targetHints":{"allow":["GET"]}}],"collection":[{"href":"https:\/\/elfsight.com\/it\/wp-json\/wp\/v2\/pages"}],"about":[{"href":"https:\/\/elfsight.com\/it\/wp-json\/wp\/v2\/types\/page"}],"author":[{"embeddable":true,"href":"https:\/\/elfsight.com\/it\/wp-json\/wp\/v2\/users\/9"}],"replies":[{"embeddable":true,"href":"https:\/\/elfsight.com\/it\/wp-json\/wp\/v2\/comments?post=5586"}],"version-history":[{"count":2,"href":"https:\/\/elfsight.com\/it\/wp-json\/wp\/v2\/pages\/5586\/revisions"}],"predecessor-version":[{"id":9225,"href":"https:\/\/elfsight.com\/it\/wp-json\/wp\/v2\/pages\/5586\/revisions\/9225"}],"up":[{"embeddable":true,"href":"https:\/\/elfsight.com\/it\/wp-json\/wp\/v2\/pages\/2813"}],"wp:attachment":[{"href":"https:\/\/elfsight.com\/it\/wp-json\/wp\/v2\/media?parent=5586"}],"curies":[{"name":"wp","href":"https:\/\/api.w.org\/{rel}","templated":true}]}}