{"id":5573,"date":"1970-01-01T00:00:00","date_gmt":"1970-01-01T00:00:00","guid":{"rendered":"https:\/\/elfsight.com\/it\/?page_id=5573"},"modified":"2025-03-19T07:48:13","modified_gmt":"2025-03-19T07:48:13","slug":"shopify","status":"publish","type":"page","link":"https:\/\/elfsight.com\/it\/radio-player-widget\/shopify\/","title":{"rendered":"Radio Player &#8211; Shopify"},"content":{"rendered":"\n<div class=\"application-platform-content-item-description application-platform-content-item\" id=\"description\" data-nav-section=\"description\"> <h2>Incorpora Radio Player su Shopify con il widget Elfsight<\/h2> <p>Elfsight Radio \u00e8 una semplice app che ti consente di riprodurre in streaming le stazioni radio direttamente sul tuo sito web. L&#8217;app \u00e8 altamente personalizzabile: puoi modificarne il posizionamento, posizionandola in qualsiasi punto della pagina, modificarne le dimensioni, ricolorare lo sfondo e altri elementi per integrarla con il layout del tuo sito web, utilizzare combinazioni di colori scuri, visualizzare immagini e mostrare o nascondere altre tre parti del giocatore, ad esempio intestazione, stato e altro. Puoi caricare tutte le stazioni di cui hai bisogno per intrattenere i tuoi utenti, attivare la riproduzione automatica e stare sicuro: i tuoi visitatori non lasceranno immediatamente il tuo sito!<\/p> <p><b>Fornisci ai tuoi visitatori un&#8217;altra fonte di contenuti utili e coinvolgenti tramite Radio Player.<\/b><\/p> <\/div> <div class=\"application-platform-content-item-features application-platform-content-item\" id=\"features\" data-nav-section=\"features\"> <h2>Queste sono solo alcune delle varie funzionalit\u00e0 dell&#8217;app:<\/h2> <ul><li>Numerose varianti di colore.<\/li><li>Tema colore scuro\/chiaro.<\/li><li>Due layout applicabili.<\/li><li>Un&#8217;opportunit\u00e0 per utilizzare l&#8217;immagine di sfondo.<\/li><li>Aggiungi un numero infinito di stazioni.<\/li><\/ul><p><a href=\"#demo\">Puoi vedere quando l&#8217;app offre utilizzando la demo<\/a><\/p> <\/div> <div class=\"application-platform-content-item-installation application-platform-content-item\" id=\"installation\" data-nav-section=\"installation\"> <h2>Come incorporare Radio Player nel mio sito web Shopify?<\/h2><div class=\"video-container\"><iframe width=\"560\" height=\"315\" src=\"https:\/\/www.youtube.com\/embed\/XBI3KIu9iHI?si=umxh4dr3H7EVPHoU\" frameborder=\"0\" allow=\"accelerometer; autoplay; clipboard-write; encrypted-media; gyroscope; picture-in-picture; web-share\" allowfullscreen><\/iframe><\/div><p>Segui semplicemente le linee guida seguenti per inserire l&#8217;app.<\/p> <ol><li><b>Utilizza il nostro editor gratuito e inizia a creare la tua app personalizzata. <\/b><br> Scegli l&#8217;aspetto e i parametri preferiti dell&#8217;app e salva tutte le correzioni. <\/li> <li><b>Ricevi il tuo codice univoco rivelato nella finestra delle app Elfsight. <\/b><br> Subito dopo che la generazione della tua app \u00e8 terminata, copia il codice personale nella casella emersa e conservalo per necessit\u00e0 successive. <\/li> <li><b>Avvia l&#8217;utilizzo dell&#8217;app sul sito web Shopify. <\/b><br> Aggiungi il codice copiato in precedenza nella tua pagina e salva le modifiche. <\/li> <li><b>Il gioco \u00e8 fatto! L&#8217;incorporamento \u00e8 stato completato con successo. <\/b><br> Vai alla tua pagina web per vedere come funziona l&#8217;app. <\/li><\/ol><p>Se dovessi affrontare domande o affrontare alcune difficolt\u00e0, non aver paura di rivolgerti al nostro personale del servizio clienti. I nostri specialisti saranno felici di aiutarti con tutte le difficolt\u00e0 che potresti avere con il widget. <\/p> <div class=\"faq\" data-component=\"FAQ\"><div class=\"faq-item\">\r\n\t\t\t\t\t<div class=\"faq-item-question\">\r\n\t\t\t\t\t\t<h3 class=\"faq-item-question-text\">Come posso incorporare un Radio Player in Shopify senza competenze di codifica?<\/h3>\r\n\r\n\t\t\t\t\t\t<div class=\"faq-item-question-icon\"><\/div>\r\n\t\t\t\t\t<\/div>\r\n\r\n\t\t\t\t\t<div class=\"faq-item-answer\">\r\n\t\t\t\t\t\t<div class=\"faq-item-answer-text\"><p>Elfsight offre una soluzione basata su cloud che consente agli utenti di creare un Radio Player per Shopify da soli . Scopri quanto pu\u00f2 essere semplice il processo:<\/p><ul><li>Accedi all&#8217;editor online per generare una sezione Radio Player che desideri integrare nel tuo negozio Shopify.<\/li><li>Scegli uno dei i nostri modelli predefiniti e personalizza le impostazioni di Radio Player, regolando il layout e la combinazione di colori e includendo i tuoi contenuti senza alcuna necessit\u00e0 di codifica.<\/li><li>Salva le impostazioni che hai configurato per Radio Player e ottieni il codice per l&#8217;incorporamento, che pu\u00f2 essere facilmente aggiunto al tuo negozio Shopify senza alcun costo.<\/li><\/ul><p>Lavorando nell&#8217;editor intuitivo, qualsiasi utente di Internet pu\u00f2 creare una sezione Radio Player e incorporarla in il loro negozio Shopify. Non \u00e8 richiesto alcun pagamento o la necessit\u00e0 di divulgare i dati della tua carta per accedere all&#8217;editor Elfsight. Se riscontri difficolt\u00e0 in qualsiasi momento, non esitare a contattare la nostra assistenza clienti.<\/p><\/div>\r\n\t\t\t\t\t<\/div>\r\n\t\t\t\t<\/div><\/div><\/div>\n","protected":false},"excerpt":{"rendered":"","protected":false},"author":9,"featured_media":0,"parent":2813,"menu_order":0,"comment_status":"closed","ping_status":"closed","template":"templates\/template-application-platform.php","meta":{"publish_to_discourse":"","publish_post_category":"","wpdc_auto_publish_overridden":"","wpdc_topic_tags":"","wpdc_pin_topic":"","wpdc_pin_until":"","discourse_post_id":"","discourse_permalink":"","wpdc_publishing_response":"","wpdc_publishing_error":"","footnotes":""},"class_list":["post-5573","page","type-page","status-publish","hentry"],"yoast_head":"<!-- This site is optimized with the Yoast SEO plugin v25.3.1 - https:\/\/yoast.com\/wordpress\/plugins\/seo\/ -->\n<title>Elfsight Radio Player per i siti Web Shopify (gratuito e veloce)<\/title>\n<meta name=\"description\" content=\"Aggiungi un&#039;app Radio Player reattiva alla tua home page. Applica la nostra pratica demo e costruisci il tuo strumento in pochi clic!\" \/>\n<meta name=\"robots\" content=\"index, follow, max-snippet:-1, max-image-preview:large, max-video-preview:-1\" \/>\n<link rel=\"canonical\" href=\"https:\/\/elfsight.com\/it\/radio-player-widget\/shopify\/\" \/>\n<meta property=\"og:locale\" content=\"it_IT\" \/>\n<meta property=\"og:type\" content=\"article\" \/>\n<meta property=\"og:title\" content=\"Elfsight Radio Player per i siti Web Shopify (gratuito e veloce)\" \/>\n<meta property=\"og:description\" content=\"Aggiungi un&#039;app Radio Player reattiva alla tua home page. Applica la nostra pratica demo e costruisci il tuo strumento in pochi clic!\" \/>\n<meta property=\"og:url\" content=\"https:\/\/elfsight.com\/it\/radio-player-widget\/shopify\/\" \/>\n<meta property=\"og:site_name\" content=\"Elfsight IT\" \/>\n<meta property=\"article:modified_time\" content=\"2025-03-19T07:48:13+00:00\" \/>\n<meta name=\"twitter:card\" content=\"summary_large_image\" \/>\n<meta name=\"twitter:label1\" content=\"Tempo di lettura stimato\" \/>\n\t<meta name=\"twitter:data1\" content=\"3 minuti\" \/>\n<!-- \/ Yoast SEO plugin. -->","yoast_head_json":{"title":"Elfsight Radio Player per i siti Web Shopify (gratuito e veloce)","description":"Aggiungi un'app Radio Player reattiva alla tua home page. Applica la nostra pratica demo e costruisci il tuo strumento in pochi clic!","robots":{"index":"index","follow":"follow","max-snippet":"max-snippet:-1","max-image-preview":"max-image-preview:large","max-video-preview":"max-video-preview:-1"},"canonical":"https:\/\/elfsight.com\/it\/radio-player-widget\/shopify\/","og_locale":"it_IT","og_type":"article","og_title":"Elfsight Radio Player per i siti Web Shopify (gratuito e veloce)","og_description":"Aggiungi un'app Radio Player reattiva alla tua home page. Applica la nostra pratica demo e costruisci il tuo strumento in pochi clic!","og_url":"https:\/\/elfsight.com\/it\/radio-player-widget\/shopify\/","og_site_name":"Elfsight IT","article_modified_time":"2025-03-19T07:48:13+00:00","twitter_card":"summary_large_image","twitter_misc":{"Tempo di lettura stimato":"3 minuti"},"schema":{"@context":"https:\/\/schema.org","@graph":[{"@type":"WebPage","@id":"https:\/\/elfsight.com\/it\/radio-player-widget\/shopify\/","url":"https:\/\/elfsight.com\/it\/radio-player-widget\/shopify\/","name":"Elfsight Radio Player per i siti Web Shopify (gratuito e veloce)","isPartOf":{"@id":"https:\/\/elfsight.com\/it\/#website"},"datePublished":"1970-01-01T00:00:00+00:00","dateModified":"2025-03-19T07:48:13+00:00","description":"Aggiungi un'app Radio Player reattiva alla tua home page. Applica la nostra pratica demo e costruisci il tuo strumento in pochi clic!","breadcrumb":{"@id":"https:\/\/elfsight.com\/it\/radio-player-widget\/shopify\/#breadcrumb"},"inLanguage":"it-IT","potentialAction":[{"@type":"ReadAction","target":["https:\/\/elfsight.com\/it\/radio-player-widget\/shopify\/"]}]},{"@type":"BreadcrumbList","@id":"https:\/\/elfsight.com\/it\/radio-player-widget\/shopify\/#breadcrumb","itemListElement":[{"@type":"ListItem","position":1,"name":"Home","item":"https:\/\/elfsight.com\/it\/"},{"@type":"ListItem","position":2,"name":"Radio Player","item":"https:\/\/elfsight.com\/it\/radio-player-widget\/"},{"@type":"ListItem","position":3,"name":"Radio Player &#8211; Shopify"}]},{"@type":"WebSite","@id":"https:\/\/elfsight.com\/it\/#website","url":"https:\/\/elfsight.com\/it\/","name":"Elfsight IT","description":"Just another Elfsight Sites site","potentialAction":[{"@type":"SearchAction","target":{"@type":"EntryPoint","urlTemplate":"https:\/\/elfsight.com\/it\/?s={search_term_string}"},"query-input":{"@type":"PropertyValueSpecification","valueRequired":true,"valueName":"search_term_string"}}],"inLanguage":"it-IT"}]}},"meta_box":{"industry":"","seo_heading":"","heading":"","description":"","cta_heading":"","cta_description":"","application":"2812","h1":"Applicazione Shopify Radio Player","h1_caption":"Aggiungi uno streaming radio in diretta al tuo sito web con un player personalizzabile che adatta facilmente il tuo marchio al tuo sito web Prestashop.","application_category":[],"applications_title":"","applications_request_title":"","applications_request_button_text":"","hero_text":"","hero_video":"","hero_video_schema_markup":"","selling_points_title":"","selling_points_caption":"","selling_points":[],"selling_points_cta_text":"","features_title":"","features":"","ed_cta_examples_text":"","ed_cta_examples_hidden":"","ed_cta_demo_text":"","ed_cta_demo_hidden":"","why_caption":"","why_editor_title":"","why_editor_text":"","why_team_title":"","why_team_text":"","why_service_title":"","why_service_text":"","template_catalog_visible":"0","template_catalog_title":"","template_catalog_text":"","template_catalog_categories_visible":"","demo_title":"Crea la tua app Radio Player","demo_caption":"Configura il tuo Radio Player e aggiungilo gratuitamente al tuo sito Shopify!","default_faq_hidden":"","app_template_category":[],"platform":"42","template_public_id":"","codecanyon_url":"","codecanyon_item_id":"","codecanyon_price":"","pricing_caption":"","pricing_elfsight_apps_hide_column":"","pricing_elfsight_apps_url":"","pricing_codecanyon_price_caption":"","integration_category":[],"integration_request_title":"","integration_request_cta":"","integration_platform":"","integrations":[],"platform_category":[],"video_schema_markup":"","price":"da $ 0 al mese","trial":"","benefits":[{"text":"Servizio di installazione gratuito"},{"text":"Supporto premium"},{"text":"Garanzia di rimborso di 14 giorni"},{"text":"Aggiornamenti gratuiti continui"}],"button_url":"#demo","button_target_blank":"0","button_nofollow":"0","attributes":[{"name":"Installazioni"},{"name":"Reattivo","content":"S\u00cc"},{"name":"Browser compatibili","content":"Firefox, Safari, Opera, Chrome, Edge"}],"tags":[],"tags_disable_links":"0","hide_more_platforms":"0","video_object":"","demo_hide_cta":"0","demo_hide_cloud_options":"0","pricing_title":"","pricing":[{"pricing_icon":"cloud","pricing_title":"Elfsight Apps","pricing_title_caption":"Versione multipiattaforma che funziona su qualsiasi sito web","pricing_price":"da $ 0 \/ mese","pricing_price_caption":"inizia con il piano gratuito","pricing_benefits":[{"text":"Siti web illimitati"},{"text":"Supporto premium"},{"text":"Servizio di installazione gratuito"},{"text":"Offerta speciale per pi\u00f9 app"}],"pricing_button_text":"Aggiungi al sito web","pricing_button_url":"#demo"}],"related_apps_title":"","related_apps_hidden":"0","author":"","image":[],"title":"","job":"","social_networks":[]},"_links":{"self":[{"href":"https:\/\/elfsight.com\/it\/wp-json\/wp\/v2\/pages\/5573","targetHints":{"allow":["GET"]}}],"collection":[{"href":"https:\/\/elfsight.com\/it\/wp-json\/wp\/v2\/pages"}],"about":[{"href":"https:\/\/elfsight.com\/it\/wp-json\/wp\/v2\/types\/page"}],"author":[{"embeddable":true,"href":"https:\/\/elfsight.com\/it\/wp-json\/wp\/v2\/users\/9"}],"replies":[{"embeddable":true,"href":"https:\/\/elfsight.com\/it\/wp-json\/wp\/v2\/comments?post=5573"}],"version-history":[{"count":3,"href":"https:\/\/elfsight.com\/it\/wp-json\/wp\/v2\/pages\/5573\/revisions"}],"predecessor-version":[{"id":9227,"href":"https:\/\/elfsight.com\/it\/wp-json\/wp\/v2\/pages\/5573\/revisions\/9227"}],"up":[{"embeddable":true,"href":"https:\/\/elfsight.com\/it\/wp-json\/wp\/v2\/pages\/2813"}],"wp:attachment":[{"href":"https:\/\/elfsight.com\/it\/wp-json\/wp\/v2\/media?parent=5573"}],"curies":[{"name":"wp","href":"https:\/\/api.w.org\/{rel}","templated":true}]}}