{"id":5547,"date":"1970-01-01T00:00:00","date_gmt":"1970-01-01T00:00:00","guid":{"rendered":"https:\/\/elfsight.com\/it\/?page_id=5547"},"modified":"2025-03-23T20:08:08","modified_gmt":"2025-03-23T20:08:08","slug":"bigcommerce","status":"publish","type":"page","link":"https:\/\/elfsight.com\/it\/qr-code-widget\/bigcommerce\/","title":{"rendered":"QR Code &#8211; BigCommerce"},"content":{"rendered":"\n<div class=\"application-platform-content-item-description application-platform-content-item\" id=\"description\" data-nav-section=\"description\"> <h2>Descrizione<\/h2> <p>Il generatore di codici QR Elfsight \u00e8 un&#8217;opzione straordinaria per BigCommerce che ti consente di reindirizzare istantaneamente i tuoi visitatori a qualsiasi sito, condividere un collegamento, la tua posizione, un&#8217;e-mail, qualsiasi file e molto altro. Il plugin \u00e8 straordinariamente regolabile: sei libero di aggiungere un titolo, una didascalia, scegliere l&#8217;icona e il logo dalla nostra libreria o caricarne uno tuo, ridipingere il testo, lo sfondo, la cornice e modificare le dimensioni nel modo desiderato. Tutto quello che devi fare \u00e8 iniziare a creare la funzionalit\u00e0: l&#8217;installazione non \u00e8 sofisticata e non richiede competenze di codifica. <\/p> <p><b>Inserisci il generatore di codici QR Elfsight nel tuo sito web e porta i visitatori direttamente dove vuoi e ottimizza l&#8217;utilizzo dei contenuti<\/b><\/p> <\/div> <div class=\"application-platform-content-item- features application-platform-content-item\" id=\" features\" data-nav-section=\" features\"> <h2>Le funzionalit\u00e0 pi\u00f9 importanti dell&#8217;app includono<\/h2> <ul><li>Accesso immediato ai contenuti che hai caricato<\/li><li>Aggiungi qualsiasi testo<\/li><li>Otto loghi scambiabili <\/li><li>Quindici icone scambiabili tra cui scegliere<\/li><li>Ricolora tutti gli elementi<\/li><\/ul><p><a href=\"#demo\">Esplora tutte le funzionalit\u00e0 di personalizzazione nella demo completamente funzionante<\/a><\/p> <\/div> <div class=\"application-platform-content-item-installation application-platform-content-item\" id=\"installation\" data-nav-section=\"installation\"> <h2>Come incorporo il codice QR nella mia pagina web BigCommerce? <\/h2> <p>Segui semplicemente i passaggi descritti di seguito per aggiungere l&#8217;app. <\/p> <ol><li><b>Apri la nostra demo gratuita e inizia a creare il tuo widget personalizzato. <\/b><br> Trova il layout e le prestazioni desiderati del widget e applica tutte le modifiche. <\/li> <li><b>Ricevi il tuo codice univoco rivelato nell&#8217;apposito modulo su Elfsight Apps. <\/b><br> Subito dopo aver terminato la configurazione del tuo widget, copia il codice nel popup visualizzato e conservalo per occasioni future. <\/li> <li><b>Inizia a utilizzare il widget sulla tua pagina web BigCommerce. <\/b><br> Integra il codice che hai copiato di recente nella tua pagina web e applica le correzioni. <\/li> <li><b>L&#8217;installazione \u00e8 completamente terminata. <\/b><br> Apri il tuo sito per osservare le prestazioni del widget. <\/li><\/ol> <p>Se hai qualche difficolt\u00e0, non aver paura di metterti in contatto con il nostro servizio clienti. I nostri specialisti sono ansiosi di risolvere tutte le domande che potresti avere sul prodotto. <\/p> <div class=\"faq\" data-component=\"FAQ\"><div class=\"faq-item\">\r\n\t\t\t\t\t<div class=\"faq-item-question\">\r\n\t\t\t\t\t\t<h3 class=\"faq-item-question-text\">Esiste un metodo per incorporare un QR Code nel mio sito Web BigCommerce senza competenze di codifica?<\/h3>\r\n\r\n\t\t\t\t\t\t<div class=\"faq-item-question-icon\"><\/div>\r\n\t\t\t\t\t<\/div>\r\n\r\n\t\t\t\t\t<div class=\"faq-item-answer\">\r\n\t\t\t\t\t\t<div class=\"faq-item-answer-text\"> <p>La societ\u00e0 Elfsight offre una soluzione SaaS che ti consente di creare tu stesso un plug-in Codice QR, scopri le semplici istruzioni: Inizia a lavorare direttamente nella Demo live per creare un&#8217;app QR Code che vorresti vedere su BigCommerce. Scegli uno dei nostri modelli predefiniti e modifica le impostazioni del QR Code, aggiungi i tuoi contenuti, modifica il layout e la combinazione di colori senza alcuna conoscenza di codifica. Salva il codice QR e ottieni il codice di installazione del widget, che puoi incorporare nella tua home page di BigCommerce all&#8217;interno di un piano gratuito. Con l&#8217;intuitivo Configuratore ogni utente di Internet pu\u00f2 creare un widget QR Code online e aggiungerlo facilmente a qualsiasi home page di BigCommerce. Non \u00e8 necessario pagare o inserire le credenziali della carta per accedere al nostro Editor. Se riscontri problemi in qualsiasi momento, non esitare a contattare il nostro staff di supporto tecnico.<\/p> <\/div>\r\n\t\t\t\t\t<\/div>\r\n\t\t\t\t<\/div> <\/div><\/div>\n","protected":false},"excerpt":{"rendered":"","protected":false},"author":9,"featured_media":0,"parent":2541,"menu_order":0,"comment_status":"closed","ping_status":"closed","template":"templates\/template-application-platform.php","meta":{"publish_to_discourse":"","publish_post_category":"","wpdc_auto_publish_overridden":"","wpdc_topic_tags":"","wpdc_pin_topic":"","wpdc_pin_until":"","discourse_post_id":"","discourse_permalink":"","wpdc_publishing_response":"","wpdc_publishing_error":"","footnotes":""},"class_list":["post-5547","page","type-page","status-publish","hentry"],"yoast_head":"<!-- This site is optimized with the Yoast SEO plugin v25.3.1 - https:\/\/yoast.com\/wordpress\/plugins\/seo\/ -->\n<title>Generatore di codici QR: aggiungi il widget del codice QR a BigCommerce [2025]<\/title>\n<meta name=\"description\" content=\"Forma rapidamente il tuo codice QR univoco per il sito web BigCommerce. Utilizza la nostra demo e la tua app sar\u00e0 pronta in meno di un minuto.\" \/>\n<meta name=\"robots\" content=\"index, follow, max-snippet:-1, max-image-preview:large, max-video-preview:-1\" \/>\n<link rel=\"canonical\" href=\"https:\/\/elfsight.com\/it\/qr-code-widget\/bigcommerce\/\" \/>\n<meta property=\"og:locale\" content=\"it_IT\" \/>\n<meta property=\"og:type\" content=\"article\" \/>\n<meta property=\"og:title\" content=\"Generatore di codici QR: aggiungi il widget del codice QR a BigCommerce [2025]\" \/>\n<meta property=\"og:description\" content=\"Forma rapidamente il tuo codice QR univoco per il sito web BigCommerce. Utilizza la nostra demo e la tua app sar\u00e0 pronta in meno di un minuto.\" \/>\n<meta property=\"og:url\" content=\"https:\/\/elfsight.com\/it\/qr-code-widget\/bigcommerce\/\" \/>\n<meta property=\"og:site_name\" content=\"Elfsight IT\" \/>\n<meta property=\"article:modified_time\" content=\"2025-03-23T20:08:08+00:00\" \/>\n<meta name=\"twitter:card\" content=\"summary_large_image\" \/>\n<meta name=\"twitter:label1\" content=\"Tempo di lettura stimato\" \/>\n\t<meta name=\"twitter:data1\" content=\"3 minuti\" \/>\n<!-- \/ Yoast SEO plugin. -->","yoast_head_json":{"title":"Generatore di codici QR: aggiungi il widget del codice QR a BigCommerce [2025]","description":"Forma rapidamente il tuo codice QR univoco per il sito web BigCommerce. Utilizza la nostra demo e la tua app sar\u00e0 pronta in meno di un minuto.","robots":{"index":"index","follow":"follow","max-snippet":"max-snippet:-1","max-image-preview":"max-image-preview:large","max-video-preview":"max-video-preview:-1"},"canonical":"https:\/\/elfsight.com\/it\/qr-code-widget\/bigcommerce\/","og_locale":"it_IT","og_type":"article","og_title":"Generatore di codici QR: aggiungi il widget del codice QR a BigCommerce [2025]","og_description":"Forma rapidamente il tuo codice QR univoco per il sito web BigCommerce. Utilizza la nostra demo e la tua app sar\u00e0 pronta in meno di un minuto.","og_url":"https:\/\/elfsight.com\/it\/qr-code-widget\/bigcommerce\/","og_site_name":"Elfsight IT","article_modified_time":"2025-03-23T20:08:08+00:00","twitter_card":"summary_large_image","twitter_misc":{"Tempo di lettura stimato":"3 minuti"},"schema":{"@context":"https:\/\/schema.org","@graph":[{"@type":"WebPage","@id":"https:\/\/elfsight.com\/it\/qr-code-widget\/bigcommerce\/","url":"https:\/\/elfsight.com\/it\/qr-code-widget\/bigcommerce\/","name":"Generatore di codici QR: aggiungi il widget del codice QR a BigCommerce [2025]","isPartOf":{"@id":"https:\/\/elfsight.com\/it\/#website"},"datePublished":"1970-01-01T00:00:00+00:00","dateModified":"2025-03-23T20:08:08+00:00","description":"Forma rapidamente il tuo codice QR univoco per il sito web BigCommerce. Utilizza la nostra demo e la tua app sar\u00e0 pronta in meno di un minuto.","breadcrumb":{"@id":"https:\/\/elfsight.com\/it\/qr-code-widget\/bigcommerce\/#breadcrumb"},"inLanguage":"it-IT","potentialAction":[{"@type":"ReadAction","target":["https:\/\/elfsight.com\/it\/qr-code-widget\/bigcommerce\/"]}]},{"@type":"BreadcrumbList","@id":"https:\/\/elfsight.com\/it\/qr-code-widget\/bigcommerce\/#breadcrumb","itemListElement":[{"@type":"ListItem","position":1,"name":"Home","item":"https:\/\/elfsight.com\/it\/"},{"@type":"ListItem","position":2,"name":"QR Code","item":"https:\/\/elfsight.com\/it\/qr-code-widget\/"},{"@type":"ListItem","position":3,"name":"QR Code &#8211; BigCommerce"}]},{"@type":"WebSite","@id":"https:\/\/elfsight.com\/it\/#website","url":"https:\/\/elfsight.com\/it\/","name":"Elfsight IT","description":"Just another Elfsight Sites site","potentialAction":[{"@type":"SearchAction","target":{"@type":"EntryPoint","urlTemplate":"https:\/\/elfsight.com\/it\/?s={search_term_string}"},"query-input":{"@type":"PropertyValueSpecification","valueRequired":true,"valueName":"search_term_string"}}],"inLanguage":"it-IT"}]}},"meta_box":{"industry":"","seo_heading":"","heading":"","description":"","cta_heading":"","cta_description":"","application":"2539","h1":"Applicazione codice QR BigCommerce","h1_caption":"Genera e visualizza un codice QR per accedere facilmente a URL, Wi-Fi, biglietti da visita e altro nel tuo sito Web BigCommerce senza sforzo.","application_category":[],"applications_title":"","applications_request_title":"","applications_request_button_text":"","hero_text":"","hero_video":"","hero_video_schema_markup":"","selling_points_title":"","selling_points_caption":"","selling_points":[],"selling_points_cta_text":"","features_title":"","features":"","ed_cta_examples_text":"","ed_cta_examples_hidden":"","ed_cta_demo_text":"","ed_cta_demo_hidden":"","why_caption":"","why_editor_title":"","why_editor_text":"","why_team_title":"","why_team_text":"","why_service_title":"","why_service_text":"","template_catalog_visible":"0","template_catalog_title":"","template_catalog_text":"","template_catalog_categories_visible":"","demo_title":"Crea la tua app per codici QR","demo_caption":"Configura il tuo codice QR e aggiungilo gratuitamente al tuo sito BigCommerce!","default_faq_hidden":"","app_template_category":[],"platform":"32","template_public_id":"","codecanyon_url":"","codecanyon_item_id":"","codecanyon_price":"","pricing_caption":"","pricing_elfsight_apps_hide_column":"","pricing_elfsight_apps_url":"","pricing_codecanyon_price_caption":"","integration_category":[],"integration_request_title":"","integration_request_cta":"","integration_platform":"","integrations":[],"platform_category":[],"video_schema_markup":"","price":"da $ 0 al mese","trial":"","benefits":[{"text":"Servizio di installazione gratuito"},{"text":"Assistenza clienti con esperienza"},{"text":"Garanzia di rimborso di 14 giorni"},{"text":"Sviluppo continuo"}],"button_url":"#demo","button_target_blank":"0","button_nofollow":"0","attributes":[{"name":"Installazioni"},{"name":"Reattivo","content":"S\u00cc"},{"name":"Browser compatibili","content":"Chrome, Edge, Opera, Firefox, Safari"}],"tags":[],"tags_disable_links":"0","hide_more_platforms":"0","video_object":"","demo_hide_cta":"0","demo_hide_cloud_options":"0","pricing_title":"","pricing":[{"pricing_icon":"platform","pricing_title":"Elfsight Apps","pricing_title_caption":"Versione multipiattaforma adatta a qualsiasi sito web","pricing_price":"da $ 0 \/ mese","pricing_price_caption":"inizia con un piano gratuito","pricing_benefits":[{"text":"Domini illimitati"},{"text":"Assistenza clienti veloce e ben documentata"},{"text":"Supporto gratuito per l'installazione"},{"text":"100% personalizzabile"}],"pricing_button_text":"Aggiungi al sito web","pricing_button_url":"#demo"}],"related_apps_title":"","related_apps_hidden":"0","author":"","image":[],"title":"","job":"","social_networks":[]},"_links":{"self":[{"href":"https:\/\/elfsight.com\/it\/wp-json\/wp\/v2\/pages\/5547","targetHints":{"allow":["GET"]}}],"collection":[{"href":"https:\/\/elfsight.com\/it\/wp-json\/wp\/v2\/pages"}],"about":[{"href":"https:\/\/elfsight.com\/it\/wp-json\/wp\/v2\/types\/page"}],"author":[{"embeddable":true,"href":"https:\/\/elfsight.com\/it\/wp-json\/wp\/v2\/users\/9"}],"replies":[{"embeddable":true,"href":"https:\/\/elfsight.com\/it\/wp-json\/wp\/v2\/comments?post=5547"}],"version-history":[{"count":2,"href":"https:\/\/elfsight.com\/it\/wp-json\/wp\/v2\/pages\/5547\/revisions"}],"predecessor-version":[{"id":9821,"href":"https:\/\/elfsight.com\/it\/wp-json\/wp\/v2\/pages\/5547\/revisions\/9821"}],"up":[{"embeddable":true,"href":"https:\/\/elfsight.com\/it\/wp-json\/wp\/v2\/pages\/2541"}],"wp:attachment":[{"href":"https:\/\/elfsight.com\/it\/wp-json\/wp\/v2\/media?parent=5547"}],"curies":[{"name":"wp","href":"https:\/\/api.w.org\/{rel}","templated":true}]}}