{"id":5546,"date":"1970-01-01T00:00:00","date_gmt":"1970-01-01T00:00:00","guid":{"rendered":"https:\/\/elfsight.com\/it\/?page_id=5546"},"modified":"2025-03-23T20:10:01","modified_gmt":"2025-03-23T20:10:01","slug":"blogger","status":"publish","type":"page","link":"https:\/\/elfsight.com\/it\/qr-code-widget\/blogger\/","title":{"rendered":"QR Code &#8211; Blogger"},"content":{"rendered":"\n<div class=\"application-platform-content-item-description application-platform-content-item\" id=\"description\" data-nav-section=\"description\"> <h2>Descrizione<\/h2> <p>Il generatore di codici QR \u00e8 una potente opzione per i siti Web di Blogger che consente di reindirizzare immediatamente gli utenti a qualsiasi pagina Web, condividi un URL, la tua posizione, un&#8217;e-mail, un file e molto altro. Il plugin \u00e8 altamente regolabile: sei libero di aggiungere un titolo, una didascalia, selezionare l&#8217;icona e il logo dalla nostra libreria o prenderne uno tuo, ridipingere il testo, lo sfondo, la cornice e regolare le dimensioni del widget nel modo in cui si adatta al tuo sito web. Tutto quello che devi fare \u00e8 iniziare a creare la funzionalit\u00e0: l&#8217;installazione \u00e8 semplicissima e non richiede competenze di codifica. <\/p> <p><b>Incorpora il generatore di codici QR di Blogger nella tua pagina web e reindirizza i visitatori direttamente dove ne hai bisogno e semplifica l&#8217;utilizzo dei contenuti<\/b><\/p> <\/div> <div class=\"application-platform-content-item-features application-platform-content-item\" id=\"features\" data-nav-section=\"features\"> <h2>Le funzionalit\u00e0 pi\u00f9 preziose del widget includono<\/h2> <ul><li>Accesso immediato ai contenuti che hai caricato<\/li><li>Aggiungi qualsiasi testo<\/li><li>Otto loghi scambiabili<\/li><li>15 icone scambiabili disponibili<\/li><li>Ridipingi tutti gli elementi del widget<\/li><\/ul><p><a href=\"#demo\">Basta controllare questa demo per guarda come funziona<\/a><\/p> <\/div> <div class=\"application-platform-content-item-installation application-platform-content-item\" id=\"installation\" data-nav-section=\"installation\"> <h2>Come posso incorporare il codice QR nel mio sito Blogger?<\/h2> <p>Basta applicare le istruzioni seguenti per integrare il widget. <\/p> <ol><li><b>Esegui la nostra demo gratuita e inizia a dare forma al tuo plugin. <\/b><br> Trova il design personalizzato e i parametri del plugin e applica le modifiche. <\/li> <li><b>Ricevi il tuo codice personale che appare nell&#8217;apposito modulo su Elfsight Apps. <\/b><br> Una volta completata la creazione del tuo widget personale, copia il codice personale dalla finestra visualizzata e salvalo per necessit\u00e0 successive. <\/li> <li><b>Inizia a utilizzare il widget sulla home page di Blogger. <\/b><br> Incolla il codice che hai copiato in precedenza nella tua pagina e applica i miglioramenti. <\/li> <li><b>Il gioco \u00e8 fatto! L&#8217;installazione \u00e8 terminata con successo. <\/b><br> Visita la tua pagina web per vedere come funziona lo strumento. <\/li><\/ol> <p>A condizione di affrontare domande o incontrare ostacoli, sentiti libero di chiedere assistenza al nostro team di assistenza clienti. I nostri specialisti sono ansiosi di risolvere tutte le difficolt\u00e0 che potresti riscontrare con il prodotto. <\/p> <div class=\"faq\" data-component=\"FAQ\"><div class=\"faq-item\">\r\n\t\t\t\t\t<div class=\"faq-item-question\">\r\n\t\t\t\t\t\t<h3 class=\"faq-item-question-text\">In che modo posso aggiungere QR Code al mio sito Blogger senza conoscenze di programmazione?<\/h3>\r\n\r\n\t\t\t\t\t\t<div class=\"faq-item-question-icon\"><\/div>\r\n\t\t\t\t\t<\/div>\r\n\r\n\t\t\t\t\t<div class=\"faq-item-answer\">\r\n\t\t\t\t\t\t<div class=\"faq-item-answer-text\"> <p>La societ\u00e0 Elfsight offre una soluzione che ti consente di creare tu stesso un plug-in QR Code, scopri quanto \u00e8 semplice \u00e8: vai all&#8217;editor live per creare un plug-in QR Code che desideri vedere su Blogger. Scegli uno dei modelli gi\u00e0 pronti e modifica le impostazioni del codice QR, aggiorna i tuoi contenuti, trasforma il layout e i colori senza codifica. Salva le impostazioni che hai effettuato in QR Code e ottieni il codice di installazione, che puoi semplicemente incollare in qualsiasi home page di Blogger utilizzando un piano gratuito. Con l&#8217;editor intuitivo qualsiasi utente web pu\u00f2 creare un QR Code online e incorporarlo facilmente nella home page di qualsiasi Blogger. Non \u00e8 necessario sottoscrivere un abbonamento a pagamento o rivelare le credenziali della propria carta per accedere al servizio Elfsight. Se riscontri problemi in qualsiasi momento, non esitare a parlare con il nostro staff di supporto.<\/p> <\/div>\r\n\t\t\t\t\t<\/div>\r\n\t\t\t\t<\/div> <\/div><\/div>\n","protected":false},"excerpt":{"rendered":"","protected":false},"author":9,"featured_media":0,"parent":2541,"menu_order":0,"comment_status":"closed","ping_status":"closed","template":"templates\/template-application-platform.php","meta":{"publish_to_discourse":"","publish_post_category":"","wpdc_auto_publish_overridden":"","wpdc_topic_tags":"","wpdc_pin_topic":"","wpdc_pin_until":"","discourse_post_id":"","discourse_permalink":"","wpdc_publishing_response":"","wpdc_publishing_error":"","footnotes":""},"class_list":["post-5546","page","type-page","status-publish","hentry"],"yoast_head":"<!-- This site is optimized with the Yoast SEO plugin v25.3.1 - https:\/\/yoast.com\/wordpress\/plugins\/seo\/ -->\n<title>Generatore di codici QR: aggiungi widget di codici QR a Blogger (gratuito e veloce)<\/title>\n<meta name=\"description\" content=\"Crea rapidamente il tuo generatore di codici QR personalizzato per la pagina web di Blogger. Usa semplicemente la nostra demo attiva e il tuo widget verr\u00e0 creato in meno di due minuti.\" \/>\n<meta name=\"robots\" content=\"index, follow, max-snippet:-1, max-image-preview:large, max-video-preview:-1\" \/>\n<link rel=\"canonical\" href=\"https:\/\/elfsight.com\/it\/qr-code-widget\/blogger\/\" \/>\n<meta property=\"og:locale\" content=\"it_IT\" \/>\n<meta property=\"og:type\" content=\"article\" \/>\n<meta property=\"og:title\" content=\"Generatore di codici QR: aggiungi widget di codici QR a Blogger (gratuito e veloce)\" \/>\n<meta property=\"og:description\" content=\"Crea rapidamente il tuo generatore di codici QR personalizzato per la pagina web di Blogger. Usa semplicemente la nostra demo attiva e il tuo widget verr\u00e0 creato in meno di due minuti.\" \/>\n<meta property=\"og:url\" content=\"https:\/\/elfsight.com\/it\/qr-code-widget\/blogger\/\" \/>\n<meta property=\"og:site_name\" content=\"Elfsight IT\" \/>\n<meta property=\"article:modified_time\" content=\"2025-03-23T20:10:01+00:00\" \/>\n<meta name=\"twitter:card\" content=\"summary_large_image\" \/>\n<meta name=\"twitter:label1\" content=\"Tempo di lettura stimato\" \/>\n\t<meta name=\"twitter:data1\" content=\"3 minuti\" \/>\n<!-- \/ Yoast SEO plugin. -->","yoast_head_json":{"title":"Generatore di codici QR: aggiungi widget di codici QR a Blogger (gratuito e veloce)","description":"Crea rapidamente il tuo generatore di codici QR personalizzato per la pagina web di Blogger. Usa semplicemente la nostra demo attiva e il tuo widget verr\u00e0 creato in meno di due minuti.","robots":{"index":"index","follow":"follow","max-snippet":"max-snippet:-1","max-image-preview":"max-image-preview:large","max-video-preview":"max-video-preview:-1"},"canonical":"https:\/\/elfsight.com\/it\/qr-code-widget\/blogger\/","og_locale":"it_IT","og_type":"article","og_title":"Generatore di codici QR: aggiungi widget di codici QR a Blogger (gratuito e veloce)","og_description":"Crea rapidamente il tuo generatore di codici QR personalizzato per la pagina web di Blogger. Usa semplicemente la nostra demo attiva e il tuo widget verr\u00e0 creato in meno di due minuti.","og_url":"https:\/\/elfsight.com\/it\/qr-code-widget\/blogger\/","og_site_name":"Elfsight IT","article_modified_time":"2025-03-23T20:10:01+00:00","twitter_card":"summary_large_image","twitter_misc":{"Tempo di lettura stimato":"3 minuti"},"schema":{"@context":"https:\/\/schema.org","@graph":[{"@type":"WebPage","@id":"https:\/\/elfsight.com\/it\/qr-code-widget\/blogger\/","url":"https:\/\/elfsight.com\/it\/qr-code-widget\/blogger\/","name":"Generatore di codici QR: aggiungi widget di codici QR a Blogger (gratuito e veloce)","isPartOf":{"@id":"https:\/\/elfsight.com\/it\/#website"},"datePublished":"1970-01-01T00:00:00+00:00","dateModified":"2025-03-23T20:10:01+00:00","description":"Crea rapidamente il tuo generatore di codici QR personalizzato per la pagina web di Blogger. Usa semplicemente la nostra demo attiva e il tuo widget verr\u00e0 creato in meno di due minuti.","breadcrumb":{"@id":"https:\/\/elfsight.com\/it\/qr-code-widget\/blogger\/#breadcrumb"},"inLanguage":"it-IT","potentialAction":[{"@type":"ReadAction","target":["https:\/\/elfsight.com\/it\/qr-code-widget\/blogger\/"]}]},{"@type":"BreadcrumbList","@id":"https:\/\/elfsight.com\/it\/qr-code-widget\/blogger\/#breadcrumb","itemListElement":[{"@type":"ListItem","position":1,"name":"Home","item":"https:\/\/elfsight.com\/it\/"},{"@type":"ListItem","position":2,"name":"QR Code","item":"https:\/\/elfsight.com\/it\/qr-code-widget\/"},{"@type":"ListItem","position":3,"name":"QR Code &#8211; Blogger"}]},{"@type":"WebSite","@id":"https:\/\/elfsight.com\/it\/#website","url":"https:\/\/elfsight.com\/it\/","name":"Elfsight IT","description":"Just another Elfsight Sites site","potentialAction":[{"@type":"SearchAction","target":{"@type":"EntryPoint","urlTemplate":"https:\/\/elfsight.com\/it\/?s={search_term_string}"},"query-input":{"@type":"PropertyValueSpecification","valueRequired":true,"valueName":"search_term_string"}}],"inLanguage":"it-IT"}]}},"meta_box":{"industry":"","seo_heading":"","heading":"","description":"","cta_heading":"","cta_description":"","application":"2539","h1":"Widget Codice QR di Blogger","h1_caption":"Genera e visualizza un codice QR per accedere facilmente a URL, Wi-Fi, biglietti da visita e altro nel tuo sito Web Blogger senza sforzo.","application_category":[],"applications_title":"","applications_request_title":"","applications_request_button_text":"","hero_text":"","hero_video":"","hero_video_schema_markup":"","selling_points_title":"","selling_points_caption":"","selling_points":[],"selling_points_cta_text":"","features_title":"","features":"","ed_cta_examples_text":"","ed_cta_examples_hidden":"","ed_cta_demo_text":"","ed_cta_demo_hidden":"","why_caption":"","why_editor_title":"","why_editor_text":"","why_team_title":"","why_team_text":"","why_service_title":"","why_service_text":"","template_catalog_visible":"0","template_catalog_title":"","template_catalog_text":"","template_catalog_categories_visible":"","demo_title":"Crea il tuo widget Codice QR","demo_caption":"Configura il tuo codice QR e aggiungilo gratuitamente al tuo sito Blogger!","default_faq_hidden":"","app_template_category":[],"platform":"33","template_public_id":"","codecanyon_url":"","codecanyon_item_id":"","codecanyon_price":"","pricing_caption":"","pricing_elfsight_apps_hide_column":"","pricing_elfsight_apps_url":"","pricing_codecanyon_price_caption":"","integration_category":[],"integration_request_title":"","integration_request_cta":"","integration_platform":"","integrations":[],"platform_category":[],"video_schema_markup":"","price":"da $ 0 al mese","trial":"","benefits":[{"text":"Aiuto per l'installazione gratuito"},{"text":"Assistenza clienti con esperienza"},{"text":"Garanzia di rimborso di 14 giorni"},{"text":"Aggiornamenti continui"}],"button_url":"#demo","button_target_blank":"0","button_nofollow":"0","attributes":[{"name":"Installazioni"},{"name":"Reattivo","content":"S\u00cc"},{"name":"Browser compatibili","content":"Firefox, Safari, Opera, Chrome, Edge"}],"tags":[],"tags_disable_links":"0","hide_more_platforms":"0","video_object":"","demo_hide_cta":"0","demo_hide_cloud_options":"0","pricing_title":"","pricing":[{"pricing_icon":"platform","pricing_title":"Elfsight Apps","pricing_title_caption":"Software multipiattaforma adatto a qualsiasi sito","pricing_price":"da $ 0 \/ mese","pricing_price_caption":"inizia con il piano gratuito","pricing_benefits":[{"text":"Software multipiattaforma adatto a qualsiasi sito"},{"text":"Supporto aziendale veloce"},{"text":"Assistenza gratuita per l'installazione"},{"text":"100% personalizzabile"}],"pricing_button_text":"Aggiungi al sito web","pricing_button_url":"#demo"}],"related_apps_title":"","related_apps_hidden":"0","author":"","image":[],"title":"","job":"","social_networks":[]},"_links":{"self":[{"href":"https:\/\/elfsight.com\/it\/wp-json\/wp\/v2\/pages\/5546","targetHints":{"allow":["GET"]}}],"collection":[{"href":"https:\/\/elfsight.com\/it\/wp-json\/wp\/v2\/pages"}],"about":[{"href":"https:\/\/elfsight.com\/it\/wp-json\/wp\/v2\/types\/page"}],"author":[{"embeddable":true,"href":"https:\/\/elfsight.com\/it\/wp-json\/wp\/v2\/users\/9"}],"replies":[{"embeddable":true,"href":"https:\/\/elfsight.com\/it\/wp-json\/wp\/v2\/comments?post=5546"}],"version-history":[{"count":2,"href":"https:\/\/elfsight.com\/it\/wp-json\/wp\/v2\/pages\/5546\/revisions"}],"predecessor-version":[{"id":9823,"href":"https:\/\/elfsight.com\/it\/wp-json\/wp\/v2\/pages\/5546\/revisions\/9823"}],"up":[{"embeddable":true,"href":"https:\/\/elfsight.com\/it\/wp-json\/wp\/v2\/pages\/2541"}],"wp:attachment":[{"href":"https:\/\/elfsight.com\/it\/wp-json\/wp\/v2\/media?parent=5546"}],"curies":[{"name":"wp","href":"https:\/\/api.w.org\/{rel}","templated":true}]}}