{"id":5540,"date":"1970-01-01T00:00:00","date_gmt":"1970-01-01T00:00:00","guid":{"rendered":"https:\/\/elfsight.com\/it\/?page_id=5540"},"modified":"2024-09-16T13:06:38","modified_gmt":"2024-09-16T13:06:38","slug":"facebook","status":"publish","type":"page","link":"https:\/\/elfsight.com\/it\/qr-code-widget\/facebook\/","title":{"rendered":"QR Code &#8211; Facebook"},"content":{"rendered":"<div class=\"application-platform-content-item-description application-platform-content-item\" id=\"description\" data-nav-section=\"description\"> <h2>Descrizione<\/h2> <p>Il codice QR \u00e8 un potente strumento per la pagina Facebook che ti consente di reindirizzare rapidamente i tuoi visitatori a qualsiasi sito, condividere un URL, la tua posizione, un&#8217;e-mail, qualsiasi file e molto altro. Lo strumento \u00e8 estremamente personalizzabile: puoi aggiungere un titolo, una didascalia esplicativa, scegliere l&#8217;icona e il logo utilizzando la nostra libreria o caricarne uno tuo, ridipingere il testo, lo sfondo, la cornice e modificare le dimensioni del widget nel modo desiderato. Tutto ci\u00f2 che resta da fare \u00e8 iniziare a creare il tuo widget personalizzato: l&#8217;installazione \u00e8 semplicissima e non richieder\u00e0 competenze di codifica da parte tua. <\/p> <p><b>Crea il generatore di codici QR Elfsight per la tua pagina aziendale di Facebook e porta gli utenti direttamente dove vuoi che siano e semplifica la fruizione dei contenuti<\/b><\/p> <\/div> <div class=\"application-platform-content-item-features application-platform-content-item\" id=\"features\" data-nav-section=\"features\"> <h2>Le funzionalit\u00e0 widget pi\u00f9 preziose offerte<\/h2> <ul><li>Accesso immediato ai tuoi contenuti<\/li><li>Aggiungi qualsiasi testo<\/li><li>Otto loghi commutabili<\/li><li>15 icone scambiabili disponibili<\/li><li>Ridipingi tutte le parti del widget<\/li><\/ul><p><a href=\"#demo\">Puoi controllare come funziona il widget utilizzando la demo<\/a><\/p> <\/div> <div class=\"application-platform-content-item-installation application-platform-content-item\" id=\"installation\" data-nav-section=\"installation\"> <h2>Come faccio ad aggiungere il codice QR sulla mia pagina Facebook?<\/h2> <p>Segui semplicemente le linee guida seguenti per inserirlo il widget.<\/p> <ol><li><b>Applicando il nostro editor gratuito, inizia a creare il tuo widget personalizzato.<\/b><br> Determina il design e le opzioni adatti dello strumento e applica le modifiche.<\/p> li&gt; <li><b>Ottieni il codice personale mostrato nella vedova su Elfsight Apps.<\/b><br> Subito dopo aver terminato la creazione del tuo widget personale, copia il codice individuale dal popup apparso e conservalo per ulteriore occasione.<\/li> <li><b>Aggiungi il widget alla pagina Facebook<\/b><br> Crea la tua Tab Facebook personalizzata. Inserisci nella scheda il codice che hai ricevuto su elfsight apps. In caso di problemi, consulta la nostra guida su <a href=\"https:\/\/elfsight.com\/blog\/how-to-add-custom-tab-to-facebook-page\/\" target=\"_blank\" rel=\"noopener noreferrer\">creazione di una scheda Facebook personalizzata<\/a><\/li> <li><b>Fatto! L&#8217;integrazione \u00e8 stata completata con successo.<\/b><br> Vai al tuo sito per osservare come funziona il plugin.<\/li><\/ol> <p>A condizione di affrontare domande o affrontare qualsiasi difficolt\u00e0, non esitare a fare domanda per il nostro team di assistenza clienti. I nostri consulenti non vedono l&#8217;ora di risolvere tutte le difficolt\u00e0 che potresti avere con il widget.<\/p> <\/div><div class=\"faq\" data-component=\"FAQ\"><div class=\"faq-item\">\r\n\t\t\t\t\t<div class=\"faq-item-question\">\r\n\t\t\t\t\t\t<h3 class=\"faq-item-question-text\">Come posso incorporare un codice QR nel il mio sito web Facebook? <\/h3>\r\n\r\n\t\t\t\t\t\t<div class=\"faq-item-question-icon\"><\/div>\r\n\t\t\t\t\t<\/div>\r\n\r\n\t\t\t\t\t<div class=\"faq-item-answer\">\r\n\t\t\t\t\t\t<div class=\"faq-item-answer-text\"><p>La creazione del widget viene eseguita all&#8217;interno del sito Elfsight e non \u00e8 necessaria alcuna codifica. Utilizza la demo online per creare la tua app, ottenere il codice e implementarlo nel tuo sito. <\/p><\/div>\r\n\t\t\t\t\t<\/div>\r\n\t\t\t\t<\/div><div class=\"faq-item\">\r\n\t\t\t\t\t<div class=\"faq-item-question\">\r\n\t\t\t\t\t\t<h3 class=\"faq-item-question-text\">I migliori esempi di utilizzo dell'integrazione del generatore di codici QR<\/h3>\r\n\r\n\t\t\t\t\t\t<div class=\"faq-item-question-icon\"><\/div>\r\n\t\t\t\t\t<\/div>\r\n\r\n\t\t\t\t\t<div class=\"faq-item-answer\">\r\n\t\t\t\t\t\t<div class=\"faq-item-answer-text\"><p>Offriamo numerose possibilit\u00e0 di regolazione: widget a grandezza naturale da incorporare nella zona dei contenuti , widget mobili con funzionalit\u00e0 di scorrimento, layout per pi\u00e8 di pagina, intestazione e tutti i tipi di opportunit\u00e0 verticali per barre laterali e menu. <\/p><\/div>\r\n\t\t\t\t\t<\/div>\r\n\t\t\t\t<\/div><div class=\"faq-item\">\r\n\t\t\t\t\t<div class=\"faq-item-question\">\r\n\t\t\t\t\t\t<h3 class=\"faq-item-question-text\">Posso creare un codice QR Scan and Pay tramite l'agenzia del tuo editore? <\/h3>\r\n\r\n\t\t\t\t\t\t<div class=\"faq-item-question-icon\"><\/div>\r\n\t\t\t\t\t<\/div>\r\n\r\n\t\t\t\t\t<div class=\"faq-item-answer\">\r\n\t\t\t\t\t\t<div class=\"faq-item-answer-text\"><p>Sei libero di creare eventuali varianti del widget. Ci sono tantissimi layout disponibili nell&#8217;editor e tutti possono essere facilmente modificati proprio come ti manca. <\/p><\/div>\r\n\t\t\t\t\t<\/div>\r\n\t\t\t\t<\/div><\/div>","protected":false},"excerpt":{"rendered":"","protected":false},"author":9,"featured_media":0,"parent":2541,"menu_order":0,"comment_status":"closed","ping_status":"closed","template":"templates\/template-application-platform.php","meta":{"publish_to_discourse":"","publish_post_category":"","wpdc_auto_publish_overridden":"","wpdc_topic_tags":"","wpdc_pin_topic":"","wpdc_pin_until":"","discourse_post_id":"","discourse_permalink":"","wpdc_publishing_response":"","wpdc_publishing_error":"","footnotes":""},"class_list":["post-5540","page","type-page","status-publish","hentry"],"yoast_head":"<!-- This site is optimized with the Yoast SEO plugin v25.3.1 - https:\/\/yoast.com\/wordpress\/plugins\/seo\/ -->\n<title>Generatore di codici QR per Facebook | Aggiungi il codice QR a Facebook (gratuito e veloce)<\/title>\n<meta name=\"description\" content=\"Crea rapidamente il codice QR per la pagina Facebook. Basta applicare la nostra demo attiva e il tuo strumento verr\u00e0 creato in meno di un minuto.\" \/>\n<meta name=\"robots\" content=\"index, follow, max-snippet:-1, max-image-preview:large, max-video-preview:-1\" \/>\n<link rel=\"canonical\" href=\"https:\/\/elfsight.com\/it\/qr-code-widget\/facebook\/\" \/>\n<meta property=\"og:locale\" content=\"it_IT\" \/>\n<meta property=\"og:type\" content=\"article\" \/>\n<meta property=\"og:title\" content=\"Generatore di codici QR per Facebook | Aggiungi il codice QR a Facebook (gratuito e veloce)\" \/>\n<meta property=\"og:description\" content=\"Crea rapidamente il codice QR per la pagina Facebook. Basta applicare la nostra demo attiva e il tuo strumento verr\u00e0 creato in meno di un minuto.\" \/>\n<meta property=\"og:url\" content=\"https:\/\/elfsight.com\/it\/qr-code-widget\/facebook\/\" \/>\n<meta property=\"og:site_name\" content=\"Elfsight IT\" \/>\n<meta property=\"article:modified_time\" content=\"2024-09-16T13:06:38+00:00\" \/>\n<meta name=\"twitter:card\" content=\"summary_large_image\" \/>\n<meta name=\"twitter:label1\" content=\"Tempo di lettura stimato\" \/>\n\t<meta name=\"twitter:data1\" content=\"3 minuti\" \/>\n<!-- \/ Yoast SEO plugin. -->","yoast_head_json":{"title":"Generatore di codici QR per Facebook | Aggiungi il codice QR a Facebook (gratuito e veloce)","description":"Crea rapidamente il codice QR per la pagina Facebook. Basta applicare la nostra demo attiva e il tuo strumento verr\u00e0 creato in meno di un minuto.","robots":{"index":"index","follow":"follow","max-snippet":"max-snippet:-1","max-image-preview":"max-image-preview:large","max-video-preview":"max-video-preview:-1"},"canonical":"https:\/\/elfsight.com\/it\/qr-code-widget\/facebook\/","og_locale":"it_IT","og_type":"article","og_title":"Generatore di codici QR per Facebook | Aggiungi il codice QR a Facebook (gratuito e veloce)","og_description":"Crea rapidamente il codice QR per la pagina Facebook. Basta applicare la nostra demo attiva e il tuo strumento verr\u00e0 creato in meno di un minuto.","og_url":"https:\/\/elfsight.com\/it\/qr-code-widget\/facebook\/","og_site_name":"Elfsight IT","article_modified_time":"2024-09-16T13:06:38+00:00","twitter_card":"summary_large_image","twitter_misc":{"Tempo di lettura stimato":"3 minuti"},"schema":{"@context":"https:\/\/schema.org","@graph":[{"@type":"WebPage","@id":"https:\/\/elfsight.com\/it\/qr-code-widget\/facebook\/","url":"https:\/\/elfsight.com\/it\/qr-code-widget\/facebook\/","name":"Generatore di codici QR per Facebook | Aggiungi il codice QR a Facebook (gratuito e veloce)","isPartOf":{"@id":"https:\/\/elfsight.com\/it\/#website"},"datePublished":"1970-01-01T00:00:00+00:00","dateModified":"2024-09-16T13:06:38+00:00","description":"Crea rapidamente il codice QR per la pagina Facebook. Basta applicare la nostra demo attiva e il tuo strumento verr\u00e0 creato in meno di un minuto.","breadcrumb":{"@id":"https:\/\/elfsight.com\/it\/qr-code-widget\/facebook\/#breadcrumb"},"inLanguage":"it-IT","potentialAction":[{"@type":"ReadAction","target":["https:\/\/elfsight.com\/it\/qr-code-widget\/facebook\/"]}]},{"@type":"BreadcrumbList","@id":"https:\/\/elfsight.com\/it\/qr-code-widget\/facebook\/#breadcrumb","itemListElement":[{"@type":"ListItem","position":1,"name":"Home","item":"https:\/\/elfsight.com\/it\/"},{"@type":"ListItem","position":2,"name":"QR Code","item":"https:\/\/elfsight.com\/it\/qr-code-widget\/"},{"@type":"ListItem","position":3,"name":"QR Code &#8211; Facebook"}]},{"@type":"WebSite","@id":"https:\/\/elfsight.com\/it\/#website","url":"https:\/\/elfsight.com\/it\/","name":"Elfsight IT","description":"Just another Elfsight Sites site","potentialAction":[{"@type":"SearchAction","target":{"@type":"EntryPoint","urlTemplate":"https:\/\/elfsight.com\/it\/?s={search_term_string}"},"query-input":{"@type":"PropertyValueSpecification","valueRequired":true,"valueName":"search_term_string"}}],"inLanguage":"it-IT"}]}},"meta_box":{"industry":"","seo_heading":"","heading":"","description":"","cta_heading":"","cta_description":"","application":"2539","h1":"Generatore di codici QR di Facebook","h1_caption":"Inoltra gli utenti a qualsiasi sito Web, condividi file istantaneamente e migliora la UX","application_category":[],"applications_title":"","applications_request_title":"","applications_request_button_text":"","hero_text":"","hero_video":"","hero_video_schema_markup":"","selling_points_title":"","selling_points_caption":"","selling_points":[],"selling_points_cta_text":"","features_title":"","features":"","ed_cta_examples_text":"","ed_cta_examples_hidden":"","ed_cta_demo_text":"","ed_cta_demo_hidden":"","why_caption":"","why_editor_title":"","why_editor_text":"","why_team_title":"","why_team_text":"","why_service_title":"","why_service_text":"","template_catalog_visible":"","template_catalog_title":"","template_catalog_text":"","template_catalog_categories_visible":"","demo_title":"Affrettati a comporre QR Code personalizzato per la pagina Facebook!","demo_caption":"Modificalo e integra il widget sulla tua pagina utilizzando la demo live","default_faq_hidden":"","app_template_category":[],"platform":"77","template_public_id":"","codecanyon_url":"","codecanyon_item_id":"","codecanyon_price":"","pricing_caption":"","pricing_elfsight_apps_hide_column":"","pricing_elfsight_apps_url":"","pricing_codecanyon_price_caption":"","integration_category":[],"integration_request_title":"","integration_request_cta":"","integration_platform":"","integrations":[],"platform_category":[],"video_schema_markup":"","price":"da $ 0 al mese","trial":"","benefits":[{"text":"Assistenza gratuita per l'installazione"},{"text":"Assistenza clienti con esperienza"},{"text":"Garanzia di rimborso di 14 giorni"},{"text":"Ottimizzato per dispositivi mobili"}],"button_url":"#demo","button_target_blank":"","button_nofollow":"","attributes":[{"name":"Installazioni"},{"name":"Reattivit\u00e0","content":"S\u00cc"},{"name":"Browser compatibili","content":"Safari, Chrome, Firefox, Opera, Edge"}],"tags":[],"tags_disable_links":"","hide_more_platforms":"","video_object":"","demo_hide_cta":"","demo_hide_cloud_options":"","pricing_title":"","pricing":[{"pricing_icon":"platform","pricing_title":"Elfsight Apps","pricing_title_caption":"Soluzione digitale multipiattaforma","pricing_price":"da $ 0 \/ mese","pricing_price_caption":"inizia con il piano gratuito","pricing_benefits":[{"text":"Domini illimitati"},{"text":"Assistenza clienti professionale"},{"text":"Servizio di installazione gratuito"},{"text":"Completamente personalizzabile"}],"pricing_button_text":"Aggiungi al sito web","pricing_button_url":"#demo"}],"related_apps_title":"","related_apps_hidden":"","author":"","image":[],"title":"","job":"","social_networks":[]},"_links":{"self":[{"href":"https:\/\/elfsight.com\/it\/wp-json\/wp\/v2\/pages\/5540","targetHints":{"allow":["GET"]}}],"collection":[{"href":"https:\/\/elfsight.com\/it\/wp-json\/wp\/v2\/pages"}],"about":[{"href":"https:\/\/elfsight.com\/it\/wp-json\/wp\/v2\/types\/page"}],"author":[{"embeddable":true,"href":"https:\/\/elfsight.com\/it\/wp-json\/wp\/v2\/users\/9"}],"replies":[{"embeddable":true,"href":"https:\/\/elfsight.com\/it\/wp-json\/wp\/v2\/comments?post=5540"}],"version-history":[{"count":1,"href":"https:\/\/elfsight.com\/it\/wp-json\/wp\/v2\/pages\/5540\/revisions"}],"predecessor-version":[{"id":5544,"href":"https:\/\/elfsight.com\/it\/wp-json\/wp\/v2\/pages\/5540\/revisions\/5544"}],"up":[{"embeddable":true,"href":"https:\/\/elfsight.com\/it\/wp-json\/wp\/v2\/pages\/2541"}],"wp:attachment":[{"href":"https:\/\/elfsight.com\/it\/wp-json\/wp\/v2\/media?parent=5540"}],"curies":[{"name":"wp","href":"https:\/\/api.w.org\/{rel}","templated":true}]}}