{"id":5538,"date":"1970-01-01T00:00:00","date_gmt":"1970-01-01T00:00:00","guid":{"rendered":"https:\/\/elfsight.com\/it\/?page_id=5538"},"modified":"2025-03-23T20:12:28","modified_gmt":"2025-03-23T20:12:28","slug":"joomla","status":"publish","type":"page","link":"https:\/\/elfsight.com\/it\/qr-code-widget\/joomla\/","title":{"rendered":"QR Code &#8211; Joomla"},"content":{"rendered":"\n<div class=\"application-platform-content-item-description application-platform-content-item\" id=\"description\" data-nav-section=\"description\"> <h2>Descrizione<\/h2> <p>Il generatore di codici QR \u00e8 un&#8217;opzione straordinaria per i siti Web Joomla che ti consente di reindirizzare rapidamente i tuoi visitatori a qualsiasi sito, condividi un collegamento, la tua posizione, un&#8217;e-mail, un file e molto altro. Il plugin \u00e8 estremamente regolabile: puoi allegare un titolo, una didascalia, scegliere l&#8217;icona e il tipo di logo pi\u00f9 adatti utilizzando la nostra libreria o crearne uno tuo, ricolorare il testo, lo sfondo, la cornice e modificare le dimensioni nel modo desiderato. Tutto ci\u00f2 che resta da fare \u00e8 semplicemente iniziare a creare la funzionalit\u00e0: l&#8217;installazione \u00e8 un gioco da ragazzi e non richieder\u00e0 competenze di codifica da parte tua. <\/p> <p><b>Inserisci l&#8217;estensione Joomla con il codice QR sul tuo sito web e porta i visitatori direttamente dove ti servono e ottimizza l&#8217;utilizzo dei contenuti.<\/b><\/p> <\/div> <div class=\"application-platform-content-item-features  application-platform-content-item\" id=\"features \" data-nav-section=\"features \"> <h2>L&#8217;estensione offre funzionalit\u00e0 pratiche e semplici, controllane alcune: <\/h2> <ul><li>Accesso immediato ai tuoi contenuti<\/li><li>Aggiungi qualsiasi testo<\/li><li> Otto loghi intercambiabili<\/li><li>Quindici icone intercambiabili tra cui scegliere<\/li><li>Ricolora tutte le parti del widget<\/li><\/ul><p><a href=\"#demo\">Esplora tutte le funzionalit\u00e0 di personalizzazione nella demo completa<\/a><\/p> <\/div> <div class=\"application-platform-content-item-installation application-platform-content-item\" id=\"installation\" data-nav-section=\"installation\"> <h2>Come faccio ad aggiungere l&#8217;estensione QR Code sul mio Joomla?<\/h2> <p> Basta seguire i seguenti passaggi presentati di seguito per inserire l&#8217;estensione. <\/p> <ol><li><b>Utilizza il nostro editor gratuito e inizia a dare forma alla tua estensione personalizzata. <\/b><br> Determina la forma e i parametri preferiti del widget e salva tutte le modifiche.<\/li> <li><b>Ricevi il codice personale che viene mostrato nel modulo speciale su Elfsight Apps.<\/b><br> Subito dopo aver terminato la configurazione del tuo widget, copia il codice esclusivo nella casella emersa e salvalo per necessit\u00e0 future.<\/li> <li><b>Inizia a utilizzare l&#8217;estensione sulla pagina web Joomla.<\/b><br> Aggiungi il codice che hai copiato di recente nella tua pagina e applica i miglioramenti.<\/li> <li><b>Il gioco \u00e8 fatto! L&#8217;incorporamento \u00e8 completamente terminato.<\/b><br> Vai al tuo sito per verificare il funzionamento dell&#8217;estensione.<\/li><\/ol><p>Se riscontri domande o incontri qualche problema, non esitare per contattare il nostro team di assistenza clienti. Il nostro personale \u00e8 ansioso di risolvere tutte le difficolt\u00e0 che potresti avere con lo strumento. <\/p> <div class=\"faq\" data-component=\"FAQ\"><div class=\"faq-item\">\r\n\t\t\t\t\t<div class=\"faq-item-question\">\r\n\t\t\t\t\t\t<h3 class=\"faq-item-question-text\">Esiste un modo per incorporare il codice QR nel mio sito Web Joomla senza conoscenze di codifica?<\/h3>\r\n\r\n\t\t\t\t\t\t<div class=\"faq-item-question-icon\"><\/div>\r\n\t\t\t\t\t<\/div>\r\n\r\n\t\t\t\t\t<div class=\"faq-item-answer\">\r\n\t\t\t\t\t\t<div class=\"faq-item-answer-text\"> <p>Elfsight introduce una soluzione SaaS che consente agli utenti di generare da soli una sezione di codice QR, vedere le semplici istruzioni: vai all&#8217;editor live per generare un widget del codice QR che desideri includere nel sito Web Joomla. Scegli uno dei tanti modelli gi\u00e0 pronti e adatta le impostazioni del QR Code, includi i tuoi contenuti, trasforma il layout e il colore degli elementi senza esperienza di codifica. Fai clic per salvare il codice QR e ottenere il codice per l&#8217;incorporamento, che puoi facilmente includere in qualsiasi sito Web Joomla utilizzando un piano gratuito. Con l&#8217;aiuto del nostro editor facile da usare, ogni utente di Internet pu\u00f2 creare un&#8217;app QR Code online e incollarla semplicemente nella pagina Web Joomla. Non \u00e8 necessario sottoscrivere un piano a pagamento o inserire i dati della tua carta per accedere a Elfsight Editor. Se incontri ostacoli in qualsiasi momento, vai avanti e contatta il nostro team di supporto.<\/p> <\/div>\r\n\t\t\t\t\t<\/div>\r\n\t\t\t\t<\/div> <\/div><\/div>\n","protected":false},"excerpt":{"rendered":"","protected":false},"author":9,"featured_media":0,"parent":2541,"menu_order":0,"comment_status":"closed","ping_status":"closed","template":"templates\/template-application-platform.php","meta":{"publish_to_discourse":"","publish_post_category":"","wpdc_auto_publish_overridden":"","wpdc_topic_tags":"","wpdc_pin_topic":"","wpdc_pin_until":"","discourse_post_id":"","discourse_permalink":"","wpdc_publishing_response":"","wpdc_publishing_error":"","footnotes":""},"class_list":["post-5538","page","type-page","status-publish","hentry"],"yoast_head":"<!-- This site is optimized with the Yoast SEO plugin v25.3.1 - https:\/\/yoast.com\/wordpress\/plugins\/seo\/ -->\n<title>Generatore di codici QR: aggiungi l&#039;estensione del codice QR a Joomla [2025]<\/title>\n<meta name=\"description\" content=\"Crea rapidamente il tuo generatore di codici QR univoco per il sito Web Joomla. Utilizza la nostra demo attiva e la tua estensione sar\u00e0 pronta in meno di due minuti.\" \/>\n<meta name=\"robots\" content=\"index, follow, max-snippet:-1, max-image-preview:large, max-video-preview:-1\" \/>\n<link rel=\"canonical\" href=\"https:\/\/elfsight.com\/it\/qr-code-widget\/joomla\/\" \/>\n<meta property=\"og:locale\" content=\"it_IT\" \/>\n<meta property=\"og:type\" content=\"article\" \/>\n<meta property=\"og:title\" content=\"Generatore di codici QR: aggiungi l&#039;estensione del codice QR a Joomla [2025]\" \/>\n<meta property=\"og:description\" content=\"Crea rapidamente il tuo generatore di codici QR univoco per il sito Web Joomla. Utilizza la nostra demo attiva e la tua estensione sar\u00e0 pronta in meno di due minuti.\" \/>\n<meta property=\"og:url\" content=\"https:\/\/elfsight.com\/it\/qr-code-widget\/joomla\/\" \/>\n<meta property=\"og:site_name\" content=\"Elfsight IT\" \/>\n<meta property=\"article:modified_time\" content=\"2025-03-23T20:12:28+00:00\" \/>\n<meta name=\"twitter:card\" content=\"summary_large_image\" \/>\n<meta name=\"twitter:label1\" content=\"Tempo di lettura stimato\" \/>\n\t<meta name=\"twitter:data1\" content=\"3 minuti\" \/>\n<!-- \/ Yoast SEO plugin. -->","yoast_head_json":{"title":"Generatore di codici QR: aggiungi l'estensione del codice QR a Joomla [2025]","description":"Crea rapidamente il tuo generatore di codici QR univoco per il sito Web Joomla. Utilizza la nostra demo attiva e la tua estensione sar\u00e0 pronta in meno di due minuti.","robots":{"index":"index","follow":"follow","max-snippet":"max-snippet:-1","max-image-preview":"max-image-preview:large","max-video-preview":"max-video-preview:-1"},"canonical":"https:\/\/elfsight.com\/it\/qr-code-widget\/joomla\/","og_locale":"it_IT","og_type":"article","og_title":"Generatore di codici QR: aggiungi l'estensione del codice QR a Joomla [2025]","og_description":"Crea rapidamente il tuo generatore di codici QR univoco per il sito Web Joomla. Utilizza la nostra demo attiva e la tua estensione sar\u00e0 pronta in meno di due minuti.","og_url":"https:\/\/elfsight.com\/it\/qr-code-widget\/joomla\/","og_site_name":"Elfsight IT","article_modified_time":"2025-03-23T20:12:28+00:00","twitter_card":"summary_large_image","twitter_misc":{"Tempo di lettura stimato":"3 minuti"},"schema":{"@context":"https:\/\/schema.org","@graph":[{"@type":"WebPage","@id":"https:\/\/elfsight.com\/it\/qr-code-widget\/joomla\/","url":"https:\/\/elfsight.com\/it\/qr-code-widget\/joomla\/","name":"Generatore di codici QR: aggiungi l'estensione del codice QR a Joomla [2025]","isPartOf":{"@id":"https:\/\/elfsight.com\/it\/#website"},"datePublished":"1970-01-01T00:00:00+00:00","dateModified":"2025-03-23T20:12:28+00:00","description":"Crea rapidamente il tuo generatore di codici QR univoco per il sito Web Joomla. Utilizza la nostra demo attiva e la tua estensione sar\u00e0 pronta in meno di due minuti.","breadcrumb":{"@id":"https:\/\/elfsight.com\/it\/qr-code-widget\/joomla\/#breadcrumb"},"inLanguage":"it-IT","potentialAction":[{"@type":"ReadAction","target":["https:\/\/elfsight.com\/it\/qr-code-widget\/joomla\/"]}]},{"@type":"BreadcrumbList","@id":"https:\/\/elfsight.com\/it\/qr-code-widget\/joomla\/#breadcrumb","itemListElement":[{"@type":"ListItem","position":1,"name":"Home","item":"https:\/\/elfsight.com\/it\/"},{"@type":"ListItem","position":2,"name":"QR Code","item":"https:\/\/elfsight.com\/it\/qr-code-widget\/"},{"@type":"ListItem","position":3,"name":"QR Code &#8211; Joomla"}]},{"@type":"WebSite","@id":"https:\/\/elfsight.com\/it\/#website","url":"https:\/\/elfsight.com\/it\/","name":"Elfsight IT","description":"Just another Elfsight Sites site","potentialAction":[{"@type":"SearchAction","target":{"@type":"EntryPoint","urlTemplate":"https:\/\/elfsight.com\/it\/?s={search_term_string}"},"query-input":{"@type":"PropertyValueSpecification","valueRequired":true,"valueName":"search_term_string"}}],"inLanguage":"it-IT"}]}},"meta_box":{"industry":"","seo_heading":"","heading":"","description":"","cta_heading":"","cta_description":"","application":"2539","h1":"Estensione del codice QR di Joomla","h1_caption":"Genera e visualizza un codice QR per accedere facilmente a URL, Wi-Fi, biglietti da visita e altro nel tuo sito Web Joomla senza sforzo.","application_category":[],"applications_title":"","applications_request_title":"","applications_request_button_text":"","hero_text":"","hero_video":"","hero_video_schema_markup":"","selling_points_title":"","selling_points_caption":"","selling_points":[],"selling_points_cta_text":"","features_title":"","features":"","ed_cta_examples_text":"","ed_cta_examples_hidden":"","ed_cta_demo_text":"","ed_cta_demo_hidden":"","why_caption":"","why_editor_title":"","why_editor_text":"","why_team_title":"","why_team_text":"","why_service_title":"","why_service_text":"","template_catalog_visible":"0","template_catalog_title":"","template_catalog_text":"","template_catalog_categories_visible":"","demo_title":"Crea il tuo plugin per codice QR","demo_caption":"Configura il tuo codice QR e aggiungilo gratuitamente al tuo sito Joomla!","default_faq_hidden":"","app_template_category":[],"platform":"36","template_public_id":"","codecanyon_url":"","codecanyon_item_id":"","codecanyon_price":"","pricing_caption":"","pricing_elfsight_apps_hide_column":"","pricing_elfsight_apps_url":"","pricing_codecanyon_price_caption":"","integration_category":[],"integration_request_title":"","integration_request_cta":"","integration_platform":"","integrations":[],"platform_category":[],"video_schema_markup":"","price":"da $ 0 al mese","trial":"","benefits":[{"text":"Assistenza gratuita per l'installazione"},{"text":"Servizio clienti professionale"},{"text":"Garanzia di rimborso di 14 giorni"},{"text":"Miglioramenti gratuiti continui"}],"button_url":"#demo","button_target_blank":"0","button_nofollow":"0","attributes":[{"name":"Installazioni"},{"name":"Reattivo","content":"S\u00cc"},{"name":"Browser compatibili","content":"Firefox, Safari, Opera, Chrome, Edge"}],"tags":[],"tags_disable_links":"0","hide_more_platforms":"0","video_object":"","demo_hide_cta":"0","demo_hide_cloud_options":"0","pricing_title":"","pricing":[{"pricing_icon":"platform","pricing_title":"Elfsight Apps","pricing_title_caption":"Soluzione multipiattaforma adatta a qualsiasi sito","pricing_price":"da $ 0 \/ mese","pricing_price_caption":"inizia con il piano gratuito","pricing_benefits":[{"text":"Siti web illimitati"},{"text":"Assistenza clienti premium"},{"text":"Servizio di installazione gratuito"},{"text":"Offerta a tempo limitato per pi\u00f9 app"}],"pricing_button_text":"Aggiungi al sito web","pricing_button_url":"#demo"}],"related_apps_title":"","related_apps_hidden":"0","author":"","image":[],"title":"","job":"","social_networks":[]},"_links":{"self":[{"href":"https:\/\/elfsight.com\/it\/wp-json\/wp\/v2\/pages\/5538","targetHints":{"allow":["GET"]}}],"collection":[{"href":"https:\/\/elfsight.com\/it\/wp-json\/wp\/v2\/pages"}],"about":[{"href":"https:\/\/elfsight.com\/it\/wp-json\/wp\/v2\/types\/page"}],"author":[{"embeddable":true,"href":"https:\/\/elfsight.com\/it\/wp-json\/wp\/v2\/users\/9"}],"replies":[{"embeddable":true,"href":"https:\/\/elfsight.com\/it\/wp-json\/wp\/v2\/comments?post=5538"}],"version-history":[{"count":2,"href":"https:\/\/elfsight.com\/it\/wp-json\/wp\/v2\/pages\/5538\/revisions"}],"predecessor-version":[{"id":9824,"href":"https:\/\/elfsight.com\/it\/wp-json\/wp\/v2\/pages\/5538\/revisions\/9824"}],"up":[{"embeddable":true,"href":"https:\/\/elfsight.com\/it\/wp-json\/wp\/v2\/pages\/2541"}],"wp:attachment":[{"href":"https:\/\/elfsight.com\/it\/wp-json\/wp\/v2\/media?parent=5538"}],"curies":[{"name":"wp","href":"https:\/\/api.w.org\/{rel}","templated":true}]}}