{"id":5523,"date":"1970-01-01T00:00:00","date_gmt":"1970-01-01T00:00:00","guid":{"rendered":"https:\/\/elfsight.com\/it\/?page_id=5523"},"modified":"2025-03-23T20:17:19","modified_gmt":"2025-03-23T20:17:19","slug":"opencart","status":"publish","type":"page","link":"https:\/\/elfsight.com\/it\/qr-code-widget\/opencart\/","title":{"rendered":"QR Code &#8211; OpenCart"},"content":{"rendered":"\n<div class=\"application-platform-content-item-description application-platform-content-item\" id=\"description\" data-nav-section=\"description\"> <h2>Descrizione<\/h2> <p>Il generatore di codici QR Elfsight \u00e8 uno strumento straordinario per OpenCart che ti consente di reindirizzare immediatamente gli utenti a qualsiasi pagina web, condividere un collegamento, una posizione, un&#8217;e-mail, un file e altro ancora. Lo strumento \u00e8 straordinariamente personalizzabile: puoi aggiungere un titolo, una didascalia, selezionare l&#8217;icona e il logo dalla nostra libreria o prenderne uno tuo, ridipingere il testo, lo sfondo, la cornice e regolare le dimensioni nel modo desiderato. Tutto quello che resta da fare \u00e8 iniziare a creare il tuo widget personalizzato: l&#8217;installazione non \u00e8 sofisticata e non richieder\u00e0 alcuna abilit\u00e0 di codifica da parte tua.<\/p> <p><b>Integra il generatore di codici QR nella tua pagina web e porta i visitatori direttamente dove ne hai bisogno e semplifica il consumo dei contenuti<\/b><\/p> <\/div> <div class=\"application-platform-content-item-features application-platform-content-item\" id=\"features\" data-nav-section=\"features\"> <h2>L&#8217;estensione ha funzionalit\u00e0 utili e semplici, guardane alcune: <\/h2> <ul><li>Accesso immediato ai contenuti che hai caricato<\/li><li>Allega qualsiasi testo<\/li><li>8 loghi scambiabili<\/li><li>Quindici icone scambiabili tra cui scegliere<\/li><li>Ricolora tutti gli elementi<\/li><\/ul><p><a href=\"#demo\">Prova questa demo per vedere quanto vale l&#8217;estensione<\/a><\/p> <\/div> <div class=\"application-platform-content-item-installation application-platform-content-item\" id=\"installation\" data-nav-section=\"installation\"> <h2>Come aggiungere il generatore di codici QR al mio sito Web OpenCart? <\/h2> <p>Basta seguire le linee guida riportate di seguito per iniziare a utilizzare lo strumento. <\/p> <ol><li><b>Apri la nostra demo gratuita e inizia a creare la tua estensione. <\/b><br> Scegli l&#8217;interfaccia e le funzionalit\u00e0 selezionate dell&#8217;estensione e salva tutte le modifiche. <\/li> <li><b>Copia il codice univoco mostrato nella finestra su Elfsight Apps. <\/b><br> Una volta completata la personalizzazione della tua estensione, copia il codice esclusivo dal riquadro visualizzato e conservalo per ulteriori occasioni. <\/li> <li><b>Accedi all&#8217;utilizzo dell&#8217;estensione sul sito OpenCart. <\/b><br> Incolla il codice salvato di recente nel tuo sito web e applica le correzioni. <\/li> <li><b>L&#8217;installazione \u00e8 completamente eseguita. <\/b><br> Visita il tuo sito per dare un&#8217;occhiata al funzionamento dell&#8217;estensione. <\/li><\/ol><p>Se hai qualche difficolt\u00e0, non esitare a rivolgerti al nostro team di supporto. I nostri specialisti saranno entusiasti di risolvere tutte le difficolt\u00e0 che potresti avere con il prodotto. <\/p> <div class=\"faq\" data-component=\"FAQ\"><div class=\"faq-item\">\r\n\t\t\t\t\t<div class=\"faq-item-question\">\r\n\t\t\t\t\t\t<h3 class=\"faq-item-question-text\">In che modo \u00e8 possibile incorporare il codice QR nella mia pagina Web OpenCart senza competenze di codifica?<\/h3>\r\n\r\n\t\t\t\t\t\t<div class=\"faq-item-question-icon\"><\/div>\r\n\t\t\t\t\t<\/div>\r\n\r\n\t\t\t\t\t<div class=\"faq-item-answer\">\r\n\t\t\t\t\t\t<div class=\"faq-item-answer-text\"> <p>Elfsight offre una soluzione SaaS che consente a un vasto pubblico di creare un codice QR sezione tu stesso, impara i semplici passaggi: inizia a lavorare direttamente nell&#8217;editor online per creare un widget QR Code che desideri aggiungere su OpenCart. Fai clic su uno dei nostri modelli predefiniti e regola le impostazioni del codice QR, trasforma il layout e i colori e aggiungi i tuoi contenuti, senza alcuna conoscenza di programmazione. Salva il codice QR e ottieni il codice di installazione del plugin, che pu\u00f2 essere facilmente incorporato nella pagina web OpenCart senza la necessit\u00e0 di acquistare un abbonamento a pagamento. Con l&#8217;editor intuitivo ogni utente web pu\u00f2 generare il codice QR online e incorporarlo semplicemente nella home page di OpenCart. Non \u00e8 necessario sottoscrivere un abbonamento a pagamento o inserire le credenziali della carta per accedere al servizio. Se riscontri problemi di qualsiasi tipo, vai avanti e rivolgiti al nostro personale di supporto.<\/p> <\/div>\r\n\t\t\t\t\t<\/div>\r\n\t\t\t\t<\/div> <\/div><\/div>\n","protected":false},"excerpt":{"rendered":"","protected":false},"author":9,"featured_media":0,"parent":2541,"menu_order":0,"comment_status":"closed","ping_status":"closed","template":"templates\/template-application-platform.php","meta":{"publish_to_discourse":"","publish_post_category":"","wpdc_auto_publish_overridden":"","wpdc_topic_tags":"","wpdc_pin_topic":"","wpdc_pin_until":"","discourse_post_id":"","discourse_permalink":"","wpdc_publishing_response":"","wpdc_publishing_error":"","footnotes":""},"class_list":["post-5523","page","type-page","status-publish","hentry"],"yoast_head":"<!-- This site is optimized with the Yoast SEO plugin v25.3.1 - https:\/\/yoast.com\/wordpress\/plugins\/seo\/ -->\n<title>Codice QR: aggiungi il generatore di codici QR a OpenCart (gratuito e veloce)<\/title>\n<meta name=\"description\" content=\"Crea facilmente la tua estensione unica del codice QR per la pagina Web OpenCart. Utilizza semplicemente la nostra pratica demo e la tua estensione sar\u00e0 pronta in meno di due minuti.\" \/>\n<meta name=\"robots\" content=\"index, follow, max-snippet:-1, max-image-preview:large, max-video-preview:-1\" \/>\n<link rel=\"canonical\" href=\"https:\/\/elfsight.com\/it\/qr-code-widget\/opencart\/\" \/>\n<meta property=\"og:locale\" content=\"it_IT\" \/>\n<meta property=\"og:type\" content=\"article\" \/>\n<meta property=\"og:title\" content=\"Codice QR: aggiungi il generatore di codici QR a OpenCart (gratuito e veloce)\" \/>\n<meta property=\"og:description\" content=\"Crea facilmente la tua estensione unica del codice QR per la pagina Web OpenCart. Utilizza semplicemente la nostra pratica demo e la tua estensione sar\u00e0 pronta in meno di due minuti.\" \/>\n<meta property=\"og:url\" content=\"https:\/\/elfsight.com\/it\/qr-code-widget\/opencart\/\" \/>\n<meta property=\"og:site_name\" content=\"Elfsight IT\" \/>\n<meta property=\"article:modified_time\" content=\"2025-03-23T20:17:19+00:00\" \/>\n<meta name=\"twitter:card\" content=\"summary_large_image\" \/>\n<meta name=\"twitter:label1\" content=\"Tempo di lettura stimato\" \/>\n\t<meta name=\"twitter:data1\" content=\"3 minuti\" \/>\n<!-- \/ Yoast SEO plugin. -->","yoast_head_json":{"title":"Codice QR: aggiungi il generatore di codici QR a OpenCart (gratuito e veloce)","description":"Crea facilmente la tua estensione unica del codice QR per la pagina Web OpenCart. Utilizza semplicemente la nostra pratica demo e la tua estensione sar\u00e0 pronta in meno di due minuti.","robots":{"index":"index","follow":"follow","max-snippet":"max-snippet:-1","max-image-preview":"max-image-preview:large","max-video-preview":"max-video-preview:-1"},"canonical":"https:\/\/elfsight.com\/it\/qr-code-widget\/opencart\/","og_locale":"it_IT","og_type":"article","og_title":"Codice QR: aggiungi il generatore di codici QR a OpenCart (gratuito e veloce)","og_description":"Crea facilmente la tua estensione unica del codice QR per la pagina Web OpenCart. Utilizza semplicemente la nostra pratica demo e la tua estensione sar\u00e0 pronta in meno di due minuti.","og_url":"https:\/\/elfsight.com\/it\/qr-code-widget\/opencart\/","og_site_name":"Elfsight IT","article_modified_time":"2025-03-23T20:17:19+00:00","twitter_card":"summary_large_image","twitter_misc":{"Tempo di lettura stimato":"3 minuti"},"schema":{"@context":"https:\/\/schema.org","@graph":[{"@type":"WebPage","@id":"https:\/\/elfsight.com\/it\/qr-code-widget\/opencart\/","url":"https:\/\/elfsight.com\/it\/qr-code-widget\/opencart\/","name":"Codice QR: aggiungi il generatore di codici QR a OpenCart (gratuito e veloce)","isPartOf":{"@id":"https:\/\/elfsight.com\/it\/#website"},"datePublished":"1970-01-01T00:00:00+00:00","dateModified":"2025-03-23T20:17:19+00:00","description":"Crea facilmente la tua estensione unica del codice QR per la pagina Web OpenCart. Utilizza semplicemente la nostra pratica demo e la tua estensione sar\u00e0 pronta in meno di due minuti.","breadcrumb":{"@id":"https:\/\/elfsight.com\/it\/qr-code-widget\/opencart\/#breadcrumb"},"inLanguage":"it-IT","potentialAction":[{"@type":"ReadAction","target":["https:\/\/elfsight.com\/it\/qr-code-widget\/opencart\/"]}]},{"@type":"BreadcrumbList","@id":"https:\/\/elfsight.com\/it\/qr-code-widget\/opencart\/#breadcrumb","itemListElement":[{"@type":"ListItem","position":1,"name":"Home","item":"https:\/\/elfsight.com\/it\/"},{"@type":"ListItem","position":2,"name":"QR Code","item":"https:\/\/elfsight.com\/it\/qr-code-widget\/"},{"@type":"ListItem","position":3,"name":"QR Code &#8211; OpenCart"}]},{"@type":"WebSite","@id":"https:\/\/elfsight.com\/it\/#website","url":"https:\/\/elfsight.com\/it\/","name":"Elfsight IT","description":"Just another Elfsight Sites site","potentialAction":[{"@type":"SearchAction","target":{"@type":"EntryPoint","urlTemplate":"https:\/\/elfsight.com\/it\/?s={search_term_string}"},"query-input":{"@type":"PropertyValueSpecification","valueRequired":true,"valueName":"search_term_string"}}],"inLanguage":"it-IT"}]}},"meta_box":{"industry":"","seo_heading":"","heading":"","description":"","cta_heading":"","cta_description":"","application":"2539","h1":"Estensione del codice QR OpenCart","h1_caption":"Genera e visualizza un codice QR per un facile accesso a URL, Wi-Fi, biglietti da visita e altro nel tuo sito Web Opencart senza sforzo.","application_category":[],"applications_title":"","applications_request_title":"","applications_request_button_text":"","hero_text":"","hero_video":"","hero_video_schema_markup":"","selling_points_title":"","selling_points_caption":"","selling_points":[],"selling_points_cta_text":"","features_title":"","features":"","ed_cta_examples_text":"","ed_cta_examples_hidden":"","ed_cta_demo_text":"","ed_cta_demo_hidden":"","why_caption":"","why_editor_title":"","why_editor_text":"","why_team_title":"","why_team_text":"","why_service_title":"","why_service_text":"","template_catalog_visible":"0","template_catalog_title":"","template_catalog_text":"","template_catalog_categories_visible":"","demo_title":"Crea la tua estensione del codice QR","demo_caption":"Configura il tuo codice QR e aggiungilo gratuitamente al tuo sito OpenCart!","default_faq_hidden":"","app_template_category":[],"platform":"41","template_public_id":"","codecanyon_url":"","codecanyon_item_id":"","codecanyon_price":"","pricing_caption":"","pricing_elfsight_apps_hide_column":"","pricing_elfsight_apps_url":"","pricing_codecanyon_price_caption":"","integration_category":[],"integration_request_title":"","integration_request_cta":"","integration_platform":"","integrations":[],"platform_category":[],"video_schema_markup":"","price":"da $ 0 al mese","trial":"","benefits":[{"text":"Servizio di installazione gratuito"},{"text":"Supporto eccezionale"},{"text":"Garanzia di rimborso di 14 giorni"},{"text":"Miglioramenti a vita"}],"button_url":"#demo","button_target_blank":"0","button_nofollow":"0","attributes":[{"name":"Installazioni"},{"name":"Reattivo","content":"S\u00cc"},{"name":"Browser compatibili","content":"Firefox, Safari, Opera, Chrome, Edge"}],"tags":[],"tags_disable_links":"0","hide_more_platforms":"0","video_object":"","demo_hide_cta":"0","demo_hide_cloud_options":"0","pricing_title":"","pricing":[{"pricing_icon":"platform","pricing_title":"Elfsight Apps","pricing_title_caption":"Soluzione digitale multipiattaforma","pricing_price":"da $ 0 \/ mese","pricing_price_caption":"inizia con il piano gratuito","pricing_benefits":[{"text":"Siti web illimitati"},{"text":"Supporto rapido e puntuale"},{"text":"Servizio di installazione gratuito"},{"text":"100% personalizzabile"}],"pricing_button_text":"Aggiungi al sito web","pricing_button_url":"#demo"}],"related_apps_title":"","related_apps_hidden":"0","author":"","image":[],"title":"","job":"","social_networks":[]},"_links":{"self":[{"href":"https:\/\/elfsight.com\/it\/wp-json\/wp\/v2\/pages\/5523","targetHints":{"allow":["GET"]}}],"collection":[{"href":"https:\/\/elfsight.com\/it\/wp-json\/wp\/v2\/pages"}],"about":[{"href":"https:\/\/elfsight.com\/it\/wp-json\/wp\/v2\/types\/page"}],"author":[{"embeddable":true,"href":"https:\/\/elfsight.com\/it\/wp-json\/wp\/v2\/users\/9"}],"replies":[{"embeddable":true,"href":"https:\/\/elfsight.com\/it\/wp-json\/wp\/v2\/comments?post=5523"}],"version-history":[{"count":2,"href":"https:\/\/elfsight.com\/it\/wp-json\/wp\/v2\/pages\/5523\/revisions"}],"predecessor-version":[{"id":9827,"href":"https:\/\/elfsight.com\/it\/wp-json\/wp\/v2\/pages\/5523\/revisions\/9827"}],"up":[{"embeddable":true,"href":"https:\/\/elfsight.com\/it\/wp-json\/wp\/v2\/pages\/2541"}],"wp:attachment":[{"href":"https:\/\/elfsight.com\/it\/wp-json\/wp\/v2\/media?parent=5523"}],"curies":[{"name":"wp","href":"https:\/\/api.w.org\/{rel}","templated":true}]}}