{"id":5522,"date":"1970-01-01T00:00:00","date_gmt":"1970-01-01T00:00:00","guid":{"rendered":"https:\/\/elfsight.com\/it\/?page_id=5522"},"modified":"2024-11-12T08:07:35","modified_gmt":"2024-11-12T08:07:35","slug":"shopify","status":"publish","type":"page","link":"https:\/\/elfsight.com\/it\/qr-code-widget\/shopify\/","title":{"rendered":"QR Code &#8211; Shopify"},"content":{"rendered":"<div class=\"application-platform-content-item-description application-platform-content-item\" id=\"description\" data-nav-section=\"description\"> <h2>Incorpora il codice QR su Shopify con il widget Elfsight<\/h2> <p>L&#8217;app Elfsight QR Code \u00e8 un&#8217;opzione straordinaria per Shopify che ti consente immediatamente reindirizza i tuoi visitatori a qualsiasi sito, condividi un collegamento, una posizione, un&#8217;e-mail, un file e altro ancora. Il widget \u00e8 estremamente personalizzabile: puoi aggiungere un titolo, una didascalia esplicativa, scegliere l&#8217;icona e il logo dalla nostra libreria o prenderne uno tuo, ridipingere il testo, lo sfondo, la cornice e modificare le dimensioni del widget nel modo che preferisci. Tutto quello che devi fare \u00e8 iniziare a creare la tua funzionalit\u00e0 personalizzata: l&#8217;installazione \u00e8 semplicissima e non richiede competenze di codifica.<\/p> <p><b>Inserisci il generatore di codici QR Elfsight nel tuo sito web Shopify e porta gli utenti direttamente dove ti trovi desideri che siano e semplificare l&#8217;utilizzo dei contenuti<\/b><\/p> <\/div> <div class=\"application-platform-content-item-features application-platform-content-item\" id=\"features\" data-nav-section=\"features\"> <h2>Il widget offre funzionalit\u00e0 potenti e veloci, guardane alcune:<\/h2> <ul><li>Accesso immediato ai contenuti che hai caricato<\/li><li>Aggiungi qualsiasi testo<\/li><li>8 loghi scambiabili<\/li><li>Quindici icone scambiabili disponibili<\/li><li>Ridipingi tutte le parti<\/li><\/ul><p><a href=\"#demo\">Puoi testare la piena funzionalit\u00e0 del widget nella demo qui sotto<\/a><\/p> <\/div> <div class=\"application-platform-content-item-installation application-platform-content-item\" id=\"installation\" data-nav-section=\"installation\"> <h2>Come posso aggiungere il codice QR sul mio sito Web Shopify?<\/h2> <p>Segui semplicemente un paio di passaggi presentati di seguito per attivare l&#8217;app.<\/p> <ol><li><b>Apri il nostro editor gratuito e inizia a creare la tua app personalizzata.<\/b><br> Specifica la forma e le specifiche preferibili del widget e salva tutte le modifiche.<\/li> <li><b> Ricevi il codice personale mostrato nell&#8217;apposito form su Elfsight Apps.<\/b><br> Una volta terminata la configurazione del tuo widget personale, copia il tuo codice nel popup che appare e salvalo per occasioni future.<\/li> <li><b>Accedi a utilizzare l&#8217;app sul tuo sito Shopify.<\/b><br> Incolla il codice copiato di recente nel tuo sito web e applica le modifiche. <\/li> <li><b>Fatto! L&#8217;incorporamento \u00e8 completo.<\/b><br> Apri il tuo sito web per dare un&#8217;occhiata al funzionamento dell&#8217;app.<\/li><\/ol><p>A condizione di affrontare domande o affrontare alcune difficolt\u00e0, non farlo abbiate paura di scrivere al nostro servizio clienti. I nostri consulenti saranno felici di risolvere tutti i problemi che potresti avere con il widget.<\/p> <div class=\"faq\" data-component=\"FAQ\"><div class=\"faq-item\">\r\n\t\t\t\t\t<div class=\"faq-item-question\">\r\n\t\t\t\t\t\t<h3 class=\"faq-item-question-text\">Come posso incorporare il codice QR nel mio Shopify senza esperienza di codifica?<\/h3>\r\n\r\n\t\t\t\t\t\t<div class=\"faq-item-question-icon\"><\/div>\r\n\t\t\t\t\t<\/div>\r\n\r\n\t\t\t\t\t<div class=\"faq-item-answer\">\r\n\t\t\t\t\t\t<div class=\"faq-item-answer-text\"> <p>La societ\u00e0 Elfsight consegna una soluzione Cloud che consente a un vasto pubblico di generare tu stesso un widget QR Code, scopri quanto \u00e8 semplice il processo: vai alla Demo online per generare una sezione del codice QR che desideri venga visualizzata sul tuo Shopify. Scegli uno dei tanti modelli predefiniti e regola le impostazioni del codice QR, includi i tuoi contenuti, cambia il layout e il colore degli elementi senza alcuna conoscenza di codifica. Salva le impostazioni che hai effettuato sul QR Code e ottieni il suo codice per l&#8217;installazione, che pu\u00f2 essere facilmente aggiunto in qualsiasi pagina web di Shopify senza la necessit\u00e0 di acquistare una versione a pagamento. Con il nostro configuratore intuitivo qualsiasi utente web pu\u00f2 creare un codice QR e incollarlo sul sito web Shopify. Non \u00e8 necessario pagare o rivelare i dati della tua carta per accedere a Elfsight Editor. Se riscontri problemi in qualsiasi momento, non esitare a contattare il nostro supporto tecnico clienti.<\/p> <\/div>\r\n\t\t\t\t\t<\/div>\r\n\t\t\t\t<\/div> <\/div><\/div>","protected":false},"excerpt":{"rendered":"","protected":false},"author":9,"featured_media":0,"parent":2541,"menu_order":0,"comment_status":"closed","ping_status":"closed","template":"templates\/template-application-platform.php","meta":{"publish_to_discourse":"","publish_post_category":"","wpdc_auto_publish_overridden":"","wpdc_topic_tags":"","wpdc_pin_topic":"","wpdc_pin_until":"","discourse_post_id":"","discourse_permalink":"","wpdc_publishing_response":"","wpdc_publishing_error":"","footnotes":""},"class_list":["post-5522","page","type-page","status-publish","hentry"],"yoast_head":"<!-- This site is optimized with the Yoast SEO plugin v25.3.1 - https:\/\/yoast.com\/wordpress\/plugins\/seo\/ -->\n<title>Codice QR: aggiungi il generatore di codici QR a Shopify (gratuito e veloce)<\/title>\n<meta name=\"description\" content=\"Crea facilmente il tuo generatore di codici QR univoco per la pagina Web Shopify. Usa la nostra demo e il tuo strumento verr\u00e0 creato in meno di un minuto.\" \/>\n<meta name=\"robots\" content=\"index, follow, max-snippet:-1, max-image-preview:large, max-video-preview:-1\" \/>\n<link rel=\"canonical\" href=\"https:\/\/elfsight.com\/it\/qr-code-widget\/shopify\/\" \/>\n<meta property=\"og:locale\" content=\"it_IT\" \/>\n<meta property=\"og:type\" content=\"article\" \/>\n<meta property=\"og:title\" content=\"Codice QR: aggiungi il generatore di codici QR a Shopify (gratuito e veloce)\" \/>\n<meta property=\"og:description\" content=\"Crea facilmente il tuo generatore di codici QR univoco per la pagina Web Shopify. Usa la nostra demo e il tuo strumento verr\u00e0 creato in meno di un minuto.\" \/>\n<meta property=\"og:url\" content=\"https:\/\/elfsight.com\/it\/qr-code-widget\/shopify\/\" \/>\n<meta property=\"og:site_name\" content=\"Elfsight IT\" \/>\n<meta property=\"article:modified_time\" content=\"2024-11-12T08:07:35+00:00\" \/>\n<meta name=\"twitter:card\" content=\"summary_large_image\" \/>\n<meta name=\"twitter:label1\" content=\"Tempo di lettura stimato\" \/>\n\t<meta name=\"twitter:data1\" content=\"3 minuti\" \/>\n<!-- \/ Yoast SEO plugin. -->","yoast_head_json":{"title":"Codice QR: aggiungi il generatore di codici QR a Shopify (gratuito e veloce)","description":"Crea facilmente il tuo generatore di codici QR univoco per la pagina Web Shopify. Usa la nostra demo e il tuo strumento verr\u00e0 creato in meno di un minuto.","robots":{"index":"index","follow":"follow","max-snippet":"max-snippet:-1","max-image-preview":"max-image-preview:large","max-video-preview":"max-video-preview:-1"},"canonical":"https:\/\/elfsight.com\/it\/qr-code-widget\/shopify\/","og_locale":"it_IT","og_type":"article","og_title":"Codice QR: aggiungi il generatore di codici QR a Shopify (gratuito e veloce)","og_description":"Crea facilmente il tuo generatore di codici QR univoco per la pagina Web Shopify. Usa la nostra demo e il tuo strumento verr\u00e0 creato in meno di un minuto.","og_url":"https:\/\/elfsight.com\/it\/qr-code-widget\/shopify\/","og_site_name":"Elfsight IT","article_modified_time":"2024-11-12T08:07:35+00:00","twitter_card":"summary_large_image","twitter_misc":{"Tempo di lettura stimato":"3 minuti"},"schema":{"@context":"https:\/\/schema.org","@graph":[{"@type":"WebPage","@id":"https:\/\/elfsight.com\/it\/qr-code-widget\/shopify\/","url":"https:\/\/elfsight.com\/it\/qr-code-widget\/shopify\/","name":"Codice QR: aggiungi il generatore di codici QR a Shopify (gratuito e veloce)","isPartOf":{"@id":"https:\/\/elfsight.com\/it\/#website"},"datePublished":"1970-01-01T00:00:00+00:00","dateModified":"2024-11-12T08:07:35+00:00","description":"Crea facilmente il tuo generatore di codici QR univoco per la pagina Web Shopify. Usa la nostra demo e il tuo strumento verr\u00e0 creato in meno di un minuto.","breadcrumb":{"@id":"https:\/\/elfsight.com\/it\/qr-code-widget\/shopify\/#breadcrumb"},"inLanguage":"it-IT","potentialAction":[{"@type":"ReadAction","target":["https:\/\/elfsight.com\/it\/qr-code-widget\/shopify\/"]}]},{"@type":"BreadcrumbList","@id":"https:\/\/elfsight.com\/it\/qr-code-widget\/shopify\/#breadcrumb","itemListElement":[{"@type":"ListItem","position":1,"name":"Home","item":"https:\/\/elfsight.com\/it\/"},{"@type":"ListItem","position":2,"name":"QR Code","item":"https:\/\/elfsight.com\/it\/qr-code-widget\/"},{"@type":"ListItem","position":3,"name":"QR Code &#8211; Shopify"}]},{"@type":"WebSite","@id":"https:\/\/elfsight.com\/it\/#website","url":"https:\/\/elfsight.com\/it\/","name":"Elfsight IT","description":"Just another Elfsight Sites site","potentialAction":[{"@type":"SearchAction","target":{"@type":"EntryPoint","urlTemplate":"https:\/\/elfsight.com\/it\/?s={search_term_string}"},"query-input":{"@type":"PropertyValueSpecification","valueRequired":true,"valueName":"search_term_string"}}],"inLanguage":"it-IT"}]}},"meta_box":{"industry":"","seo_heading":"","heading":"","description":"","cta_heading":"","cta_description":"","application":"2539","h1":"Generatore di codici QR di Shopify","h1_caption":"Genera e visualizza un codice QR per accedere facilmente a URL, Wi-Fi, biglietti da visita e altro nel tuo sito Web Shopify senza sforzo.","application_category":[],"applications_title":"","applications_request_title":"","applications_request_button_text":"","hero_text":"","hero_video":"","hero_video_schema_markup":"","selling_points_title":"","selling_points_caption":"","selling_points":[],"selling_points_cta_text":"","features_title":"","features":"","ed_cta_examples_text":"","ed_cta_examples_hidden":"","ed_cta_demo_text":"","ed_cta_demo_hidden":"","why_caption":"","why_editor_title":"","why_editor_text":"","why_team_title":"","why_team_text":"","why_service_title":"","why_service_text":"","template_catalog_visible":"","template_catalog_title":"","template_catalog_text":"","template_catalog_categories_visible":"","demo_title":"Crea la tua app per codici QR","demo_caption":"Configura il tuo codice QR e aggiungilo gratuitamente al tuo sito Shopify!","default_faq_hidden":"","app_template_category":[],"platform":"42","template_public_id":"","codecanyon_url":"","codecanyon_item_id":"","codecanyon_price":"","pricing_caption":"","pricing_elfsight_apps_hide_column":"","pricing_elfsight_apps_url":"","pricing_codecanyon_price_caption":"","integration_category":[],"integration_request_title":"","integration_request_cta":"","integration_platform":"","integrations":[],"platform_category":[],"video_schema_markup":"","price":"da $ 0 al mese","trial":"","benefits":[{"text":"Servizio di installazione gratuito"},{"text":"Supporto premium"},{"text":"Garanzia di rimborso di 14 giorni"},{"text":"Aggiornamenti gratuiti continui"}],"button_url":"#demo","button_target_blank":"","button_nofollow":"","attributes":[{"name":"Installazioni"},{"name":"Reattivo","content":"S\u00cc"},{"name":"Browser compatibili","content":"Firefox, Safari, Opera, Chrome, Edge"}],"tags":[],"tags_disable_links":"","hide_more_platforms":"","video_object":"","demo_hide_cta":"","demo_hide_cloud_options":"","pricing_title":"","pricing":[{"pricing_icon":"cloud","pricing_title":"Elfsight Apps","pricing_title_caption":"Versione multipiattaforma che funziona su qualsiasi sito web","pricing_price":"da $ 0 \/ mese","pricing_price_caption":"inizia con il piano gratuito","pricing_benefits":[{"text":"Siti web illimitati"},{"text":"Supporto premium"},{"text":"Servizio di installazione gratuito"},{"text":"Offerta speciale per pi\u00f9 app"}],"pricing_button_text":"Aggiungi al sito web","pricing_button_url":"#demo"}],"related_apps_title":"","related_apps_hidden":"","author":"","image":[],"title":"","job":"","social_networks":[]},"_links":{"self":[{"href":"https:\/\/elfsight.com\/it\/wp-json\/wp\/v2\/pages\/5522","targetHints":{"allow":["GET"]}}],"collection":[{"href":"https:\/\/elfsight.com\/it\/wp-json\/wp\/v2\/pages"}],"about":[{"href":"https:\/\/elfsight.com\/it\/wp-json\/wp\/v2\/types\/page"}],"author":[{"embeddable":true,"href":"https:\/\/elfsight.com\/it\/wp-json\/wp\/v2\/users\/9"}],"replies":[{"embeddable":true,"href":"https:\/\/elfsight.com\/it\/wp-json\/wp\/v2\/comments?post=5522"}],"version-history":[{"count":1,"href":"https:\/\/elfsight.com\/it\/wp-json\/wp\/v2\/pages\/5522\/revisions"}],"predecessor-version":[{"id":5526,"href":"https:\/\/elfsight.com\/it\/wp-json\/wp\/v2\/pages\/5522\/revisions\/5526"}],"up":[{"embeddable":true,"href":"https:\/\/elfsight.com\/it\/wp-json\/wp\/v2\/pages\/2541"}],"wp:attachment":[{"href":"https:\/\/elfsight.com\/it\/wp-json\/wp\/v2\/media?parent=5522"}],"curies":[{"name":"wp","href":"https:\/\/api.w.org\/{rel}","templated":true}]}}